{"id":5404,"date":"2025-08-11T18:02:10","date_gmt":"2025-08-11T10:02:10","guid":{"rendered":"https:\/\/theperfumebottles.com\/?post_type=product&#038;p=5404"},"modified":"2026-04-01T14:48:59","modified_gmt":"2026-04-01T06:48:59","slug":"custom-frosted-empty-lotion-bottle-with-pump-and-gold-lid","status":"publish","type":"product","link":"https:\/\/theperfumebottles.com\/hu\/termek\/custom-frosted-empty-lotion-bottle-with-pump-and-gold-lid\/","title":{"rendered":"Egyedi 30 ml-es matt \u00fcres test\u00e1pol\u00f3 flakon pump\u00e1val \u00e9s arany fed\u00e9llel"},"content":{"rendered":"<p>A luxus, \u00fcres, pump\u00e1s test\u00e1pol\u00f3 flakon egyenes oldal\u00fa test\u00e9t matt, tejfeh\u00e9r \u00fcvegb\u0151l \u00e9p\u00edtett\u00e9k a tervez\u0151k. Az eleg\u00e1ns arany pump\u00e1s kupak a luxus kifinomults\u00e1g\u00e1t kelti.<\/p>\n<h2>F\u0151bb specifik\u00e1ci\u00f3k<\/h2>\n<table style=\"border-collapse: collapse; margin-left: auto; margin-right: auto; width: 80%;\" border=\"0\" width=\"445\" cellspacing=\"0\" cellpadding=\"0\">\n<tbody>\n<tr style=\"height: 13.50pt;\">\n<td style=\"height: 13.50pt; width: 136.50pt;\" width=\"182\" height=\"18\">Jellemz\u0151<\/td>\n<td style=\"width: 197.25pt;\" width=\"263\">R\u00e9szlet<\/td>\n<\/tr>\n<tr style=\"height: 13.50pt;\">\n<td style=\"height: 13.50pt;\" height=\"18\">Kapacit\u00e1s<\/td>\n<td>30 ml<\/td>\n<\/tr>\n<tr style=\"height: 13.50pt;\">\n<td style=\"height: 13.50pt;\" height=\"18\">Anyag<\/td>\n<td>Pr\u00e9mium \u00fcveg<\/td>\n<\/tr>\n<tr style=\"height: 13.50pt;\">\n<td style=\"height: 13.50pt;\" height=\"18\">Befejez\u00e9s<\/td>\n<td>Matt feh\u00e9r (matt)<\/td>\n<\/tr>\n<tr style=\"height: 13.50pt;\">\n<td style=\"height: 13.50pt;\" height=\"18\">Szivatty\u00fa sz\u00edne<\/td>\n<td>Arany (testreszabhat\u00f3)<\/td>\n<\/tr>\n<tr style=\"height: 13.50pt;\">\n<td style=\"height: 13.50pt;\" height=\"18\">Alak<\/td>\n<td>Hengeres<\/td>\n<\/tr>\n<tr style=\"height: 13.50pt;\">\n<td style=\"height: 13.50pt;\" height=\"18\">Bez\u00e1r\u00e1s<\/td>\n<td>Csavaros pumpatet\u0151<\/td>\n<\/tr>\n<tr style=\"height: 13.50pt;\">\n<td style=\"height: 13.50pt;\" height=\"18\">Csomagol\u00e1s egys\u00e9genk\u00e9nt<\/td>\n<td>20 * 20 * 20 cm-es doboz<\/td>\n<\/tr>\n<tr style=\"height: 13.50pt;\">\n<td style=\"height: 13.50pt;\" height=\"18\">Legjobb<\/td>\n<td>Test\u00e1pol\u00f3k, sz\u00e9rumok, test\u00e1pol\u00e1s<\/td>\n<\/tr>\n<\/tbody>\n<\/table>\n<h2>Sikert\u00f6rt\u00e9net: Egyedi megrendel\u00e9s egy eur\u00f3pai luxus test\u00e1pol\u00e1si m\u00e1rk\u00e1t\u00f3l<\/h2>\n<p>Egy fels\u0151kateg\u00f3ri\u00e1s francia test\u00e1pol\u00e1si m\u00e1rka a 200 ml-es pump\u00e1s test\u00e1pol\u00f3 flakonunkat v\u00e1lasztotta, \u00e9s egyedi diz\u00e1jnt alkotott hozz\u00e1, amely 18 kar\u00e1tos arannyal bevont matt kupakot \u00e9s speci\u00e1lis v\u00e1kuumpumpa-fejet tartalmazott. Az egyedi flakon nagy sikert aratott, mivel puha matt fel\u00fclete a m\u00e1rka f\u0151 diz\u00e1jnelem\u00e9v\u00e9 v\u00e1lt, aminek k\u00f6sz\u00f6nhet\u0151en a fogyaszt\u00f3k 50%-kal gyeng\u00e9debbnek \u00e9s luxusabbnak l\u00e1tt\u00e1k a term\u00e9ket. A v\u00e1kuumpumpa-fej lehet\u0151v\u00e9 tette, hogy a term\u00e9k 40%-kal tov\u00e1bb meg\u0151rizze az ill\u00f3olaj min\u0151s\u00e9g\u00e9t, mik\u00f6zben cs\u00f6kkentette a k\u00f6rnyezeti hullad\u00e9kot. A m\u00e1rka tov\u00e1bbi 300 000 flakont rendelt, hogy t\u00e1mogassa a k\u00f6zelg\u0151 illatos\u00edtott sz\u00e1raz ill\u00f3olaj-kollekci\u00f3j\u00e1t \u00e9s a limit\u00e1lt kiad\u00e1s\u00fa \u00fcnnepi kollekci\u00f3j\u00e1t.<\/p>\n<h2>Szeretn\u00e9d a saj\u00e1todd\u00e1 tenni? \u00cdgy szabhatod testre<\/h2>\n<p>A m\u00e1rk\u00e1d nem \u00e1ltal\u00e1nos. A palackodnak sem kellene annak lennie.<\/p>\n<ul>\n<li>Megv\u00e1ltoztattad a pumpa sz\u00edn\u00e9t \u2013 fekete, ez\u00fcst, roz\u00e9arany? K\u00e9sz.<\/li>\n<li>\u00c1ll\u00edtsd be a nyak magass\u00e1g\u00e1t \u2013 m\u00f3dos\u00edthatjuk a c\u00edmke jobb illeszked\u00e9se \u00e9rdek\u00e9ben.<\/li>\n<li>Gyermekbiztos vagy z\u00e1rhat\u00f3 pump\u00e1kat is v\u00e1laszthat \u2013 nagyszer\u0171 a babaterm\u00e9kekhez.<\/li>\n<li>M\u00e1s m\u00e9ret\u0171, \u00fcres, pump\u00e1s test\u00e1pol\u00f3 flakonra van sz\u00fcks\u00e9ge? 15 ml-es, 50 ml-es \u00e9s 100 ml-es kiszerel\u00e9sben is k\u00edn\u00e1lunk.<\/li>\n<\/ul>\n<p>\u00c9s ha agg\u00f3dik a sz\u00e1ll\u00edt\u00e1s vagy a nagy t\u00e9telben t\u00f6rt\u00e9n\u0151 t\u00e1rol\u00e1s miatt \u2013 ne agg\u00f3djon. \u00dcres test\u00e1pol\u00f3 pump\u00e1s csomagol\u00e1si megold\u00e1sainkat \u00fagy tervezz\u00fck, hogy egym\u00e1sra rakhat\u00f3k, biztons\u00e1gosak \u00e9s k\u00f6nnyen kezelhet\u0151k legyenek nagy mennyis\u00e9gben. Meg\u00e9rtj\u00fck, hogy az \u00fcres test\u00e1pol\u00f3 pump\u00e1s ig\u00e9nyei nem csak az \u00fcvegr\u0151l sz\u00f3lnak. A sebess\u00e9gr\u0151l, az \u00e1lland\u00f3s\u00e1gr\u00f3l \u00e9s arr\u00f3l sz\u00f3lnak, hogy m\u00e1r az els\u0151 napt\u00f3l kezdve j\u00f3l n\u00e9zzen ki.<\/p>","protected":false},"excerpt":{"rendered":"<p>Pr\u00e9mium min\u0151s\u00e9g\u0171, \u00fcres test\u00e1pol\u00f3 flakon pump\u00e1val, matt \u00fcveggel \u00e9s luxus arany kupakkal. Test\u00e1pol\u00f3 flakon pump\u00e1val b\u0151r\u00e1pol\u00e1si m\u00e1rk\u00e1khoz. Gyors sz\u00e1ll\u00edt\u00e1s vil\u00e1gszerte.<\/p>","protected":false},"featured_media":5418,"comment_status":"open","ping_status":"closed","template":"","meta":{"_acf_changed":false,"site-sidebar-layout":"default","site-content-layout":"","ast-site-content-layout":"default","site-content-style":"default","site-sidebar-style":"default","ast-global-header-display":"","ast-banner-title-visibility":"","ast-main-header-display":"","ast-hfb-above-header-display":"","ast-hfb-below-header-display":"","ast-hfb-mobile-header-display":"","site-post-title":"","ast-breadcrumbs-content":"","ast-featured-img":"","footer-sml-layout":"","ast-disable-related-posts":"","theme-transparent-header-meta":"default","adv-header-id-meta":"","stick-header-meta":"","header-above-stick-meta":"","header-main-stick-meta":"","header-below-stick-meta":"","astra-migrate-meta-layouts":"set","ast-page-background-enabled":"default","ast-page-background-meta":{"desktop":{"background-color":"var(--ast-global-color-5)","background-image":"","background-repeat":"repeat","background-position":"center center","background-size":"auto","background-attachment":"scroll","background-type":"","background-media":"","overlay-type":"","overlay-color":"","overlay-opacity":"","overlay-gradient":""},"tablet":{"background-color":"","background-image":"","background-repeat":"repeat","background-position":"center center","background-size":"auto","background-attachment":"scroll","background-type":"","background-media":"","overlay-type":"","overlay-color":"","overlay-opacity":"","overlay-gradient":""},"mobile":{"background-color":"","background-image":"","background-repeat":"repeat","background-position":"center center","background-size":"auto","background-attachment":"scroll","background-type":"","background-media":"","overlay-type":"","overlay-color":"","overlay-opacity":"","overlay-gradient":""}},"ast-content-background-meta":{"desktop":{"background-color":"var(--ast-global-color-4)","background-image":"","background-repeat":"repeat","background-position":"center center","background-size":"auto","background-attachment":"scroll","background-type":"","background-media":"","overlay-type":"","overlay-color":"","overlay-opacity":"","overlay-gradient":""},"tablet":{"background-color":"var(--ast-global-color-4)","background-image":"","background-repeat":"repeat","background-position":"center center","background-size":"auto","background-attachment":"scroll","background-type":"","background-media":"","overlay-type":"","overlay-color":"","overlay-opacity":"","overlay-gradient":""},"mobile":{"background-color":"var(--ast-global-color-4)","background-image":"","background-repeat":"repeat","background-position":"center center","background-size":"auto","background-attachment":"scroll","background-type":"","background-media":"","overlay-type":"","overlay-color":"","overlay-opacity":"","overlay-gradient":""}}},"product_brand":[],"product_cat":[71,72,62],"product_tag":[190,204],"class_list":{"0":"post-5404","1":"product","2":"type-product","3":"status-publish","4":"has-post-thumbnail","6":"product_cat-glass-lotion-bottles","7":"product_cat-cosmetic-packaging","8":"product_cat-cosmetic-containers","9":"product_tag-cosmetic-pots-with-lids","10":"product_tag-frosted-cosmetic-jars","11":"desktop-align-left","12":"tablet-align-left","13":"mobile-align-left","15":"first","16":"instock","17":"shipping-taxable","18":"product-type-simple"},"acf":[],"jetpack_sharing_enabled":true,"_links":{"self":[{"href":"https:\/\/theperfumebottles.com\/hu\/wp-json\/wp\/v2\/product\/5404","targetHints":{"allow":["GET"]}}],"collection":[{"href":"https:\/\/theperfumebottles.com\/hu\/wp-json\/wp\/v2\/product"}],"about":[{"href":"https:\/\/theperfumebottles.com\/hu\/wp-json\/wp\/v2\/types\/product"}],"replies":[{"embeddable":true,"href":"https:\/\/theperfumebottles.com\/hu\/wp-json\/wp\/v2\/comments?post=5404"}],"wp:featuredmedia":[{"embeddable":true,"href":"https:\/\/theperfumebottles.com\/hu\/wp-json\/wp\/v2\/media\/5418"}],"wp:attachment":[{"href":"https:\/\/theperfumebottles.com\/hu\/wp-json\/wp\/v2\/media?parent=5404"}],"wp:term":[{"taxonomy":"product_brand","embeddable":true,"href":"https:\/\/theperfumebottles.com\/hu\/wp-json\/wp\/v2\/product_brand?post=5404"},{"taxonomy":"product_cat","embeddable":true,"href":"https:\/\/theperfumebottles.com\/hu\/wp-json\/wp\/v2\/product_cat?post=5404"},{"taxonomy":"product_tag","embeddable":true,"href":"https:\/\/theperfumebottles.com\/hu\/wp-json\/wp\/v2\/product_tag?post=5404"}],"curies":[{"name":"wp","href":"https:\/\/api.w.org\/{rel}","templated":true}]}}