{"id":5405,"date":"2025-08-11T17:27:27","date_gmt":"2025-08-11T09:27:27","guid":{"rendered":"https:\/\/theperfumebottles.com\/?post_type=product&#038;p=5405"},"modified":"2026-03-30T15:26:17","modified_gmt":"2026-03-30T07:26:17","slug":"essential-oil-roll-on-bottles-in-bulk","status":"publish","type":"product","link":"https:\/\/theperfumebottles.com\/hu\/termek\/essential-oil-roll-on-bottles-in-bulk\/","title":{"rendered":"3ml-30ml ill\u00f3olaj roll-on \u00fcvegek \u00f6mlesztett kiszerel\u00e9sben"},"content":{"rendered":"<p>Sz\u00fcks\u00e9ge van olyan ill\u00f3olajos roll-on palackokra, amelyek vonzz\u00e1k a tekinteteket \u00e9s kiv\u00e1l\u00f3 teljes\u00edtm\u00e9nyt ny\u00fajtanak? \u00dcveg roll-on palackjainkat olyan m\u00e1rk\u00e1k sz\u00e1m\u00e1ra tervezt\u00fck, amelyek olyan ill\u00f3olajos palackokat szeretn\u00e9nek, amelyek a luxust a praktikummal \u00f6tv\u00f6zik.<\/p>\n<h2>F\u0151bb specifik\u00e1ci\u00f3k<\/h2>\n<table style=\"border-collapse: collapse; width: 80%; margin-left: auto; margin-right: auto;\" border=\"0\" width=\"227\" cellspacing=\"0\" cellpadding=\"0\">\n<tbody>\n<tr style=\"height: 13.50pt;\">\n<td style=\"height: 13.5pt; width: 116.25pt; text-align: center;\" width=\"155\" height=\"18\">Jellemz\u0151<\/td>\n<td style=\"width: 54pt; text-align: center;\" width=\"72\">R\u00e9szletek<\/td>\n<\/tr>\n<tr style=\"height: 13.50pt;\">\n<td style=\"height: 13.5pt; text-align: center;\" height=\"18\">Kapacit\u00e1s<\/td>\n<td style=\"text-align: center;\">3 ml, 5 ml, 10 ml, 15 ml, 20 ml, 30 ml<\/td>\n<\/tr>\n<tr style=\"height: 13.50pt;\">\n<td style=\"height: 13.5pt; text-align: center;\" height=\"18\">Anyag<\/td>\n<td style=\"text-align: center;\">\u00dcveg<\/td>\n<\/tr>\n<tr style=\"height: 13.50pt;\">\n<td style=\"height: 13.5pt; text-align: center;\" height=\"18\">T\u00f6m\u00edt\u0151mechanizmus<\/td>\n<td style=\"text-align: center;\">Csavaros kupak g\u00f6rg\u0151vel<\/td>\n<\/tr>\n<tr style=\"height: 13.50pt;\">\n<td style=\"height: 13.5pt; text-align: center;\" height=\"18\">Alak<\/td>\n<td style=\"text-align: center;\">Kerek<\/td>\n<\/tr>\n<tr style=\"height: 13.50pt;\">\n<td style=\"height: 13.5pt; text-align: center;\" height=\"18\">Sz\u00edn<\/td>\n<td style=\"text-align: center;\">\u00c1tl\u00e1that\u00f3, testreszabhat\u00f3<\/td>\n<\/tr>\n<tr style=\"height: 13.50pt;\">\n<td style=\"height: 13.5pt; text-align: center;\" height=\"18\">Fel\u00fcleti nyomtat\u00e1s<\/td>\n<td style=\"text-align: center;\">Testreszabhat\u00f3<\/td>\n<\/tr>\n<\/tbody>\n<\/table>\n<h2>Esettanulm\u00e1ny<\/h2>\n<p>Egy b\u0151r\u00e1pol\u00e1si v\u00e1llalkoz\u00e1s, amely bev\u00e9teln\u00f6vel\u00e9si lehet\u0151s\u00e9get keresett, elhat\u00e1rozta, hogy meg\u00faj\u00edtja ill\u00f3olaj-term\u00e9kcsal\u00e1dj\u00e1t, \u00e9s csomagol\u00e1sk\u00e9nt a rozsdamentes ac\u00e9l g\u00f6rg\u0151s, arany kupakkal ell\u00e1tott 28 g-os roll-on flakonjainkat v\u00e1lasztotta. Nagykereskedelmi megrendel\u00e9ssel \u00e9s az ill\u00f3olajos roll-on flakonok log\u00f3sz\u00ednekhez igaz\u00edt\u00e1s\u00e1val jelent\u0151sen cs\u00f6kkentett\u00e9k a csomagol\u00e1si k\u00f6lts\u00e9geket, \u00e9s 65%-kal n\u00f6velt\u00e9k a visszat\u00e9r\u0151 v\u00e1s\u00e1rl\u00f3k sz\u00e1m\u00e1t.<\/p>\n<h2>Testreszab\u00e1si ellen\u0151rz\u0151lista<\/h2>\n<ul>\n<li><strong>\u00fcveg test<\/strong>Boroszilik\u00e1t \u00fcveg \/ Barna (el\u0151ny\u00f6s) vagy m\u00e1s f\u00e9ny\u00e1ll\u00f3 sz\u00edn \/ Hat\u00e1rozza meg a t\u00e9rfogatot (pl. 10 ml)<\/li>\n<li><strong>G\u00f6rg\u0151goly\u00f3<\/strong>Rozsdamentes ac\u00e9l (el\u0151ny\u00f6sebb) \/ Hat\u00e1rozza meg a goly\u00f3 m\u00e9ret\u00e9t (pl. 5 mm)<\/li>\n<li><strong>Sapka<\/strong>: Biztos\u00edtson j\u00f3 t\u00f6m\u00edt\u00e9st \/ V\u00e1lasszon sz\u00ednt \u00e9s fel\u00fcletet (pl. f\u00e9nyes feh\u00e9r kupak)<\/li>\n<li><strong>Nyomtat\u00e1s<\/strong>: Hat\u00e1rozza meg a log\u00f3 \u00e9s a sz\u00f6veg nyomtat\u00e1s\u00e1t (pl. arany szitanyom\u00e1s)<\/li>\n<li><strong>Mintav\u00e9teles tesztel\u00e9s<\/strong>Mindenk\u00e9ppen k\u00e9rjen \u00fcres mint\u00e1t a t\u00f6m\u00edt\u00e9s \u00e9s a g\u00f6rg\u0151 simas\u00e1g\u00e1nak ellen\u0151rz\u00e9s\u00e9hez.<\/li>\n<li><strong>Sz\u00e1ll\u00edt\u00f3<\/strong>: Besz\u00e9lj\u00e9tek meg a MOQ-ot, az \u00e1rat, a mintav\u00e9teli id\u0151t \u00e9s a gy\u00e1rt\u00e1si ciklust.<\/li>\n<\/ul>","protected":false},"excerpt":{"rendered":"<p>Pr\u00e9mium min\u0151s\u00e9g\u0171 ill\u00f3olaj roll-on flakonokat \u00e9s 28 g-os roll-on flakonokat tal\u00e1lhat m\u00e1rk\u00e1ja sz\u00e1m\u00e1ra. Ide\u00e1lis v\u00e1laszt\u00e1s olyan v\u00e1llalkoz\u00e1sok sz\u00e1m\u00e1ra, amelyek kiv\u00e1l\u00f3 min\u0151s\u00e9g\u0171, egyedi csomagol\u00e1st keresnek nagy t\u00e9telben t\u00f6rt\u00e9n\u0151 megrendel\u00e9sekhez.<\/p>","protected":false},"featured_media":6631,"comment_status":"closed","ping_status":"closed","template":"","meta":{"_acf_changed":false,"site-sidebar-layout":"default","site-content-layout":"","ast-site-content-layout":"default","site-content-style":"default","site-sidebar-style":"default","ast-global-header-display":"","ast-banner-title-visibility":"","ast-main-header-display":"","ast-hfb-above-header-display":"","ast-hfb-below-header-display":"","ast-hfb-mobile-header-display":"","site-post-title":"","ast-breadcrumbs-content":"","ast-featured-img":"","footer-sml-layout":"","ast-disable-related-posts":"","theme-transparent-header-meta":"default","adv-header-id-meta":"","stick-header-meta":"","header-above-stick-meta":"","header-main-stick-meta":"","header-below-stick-meta":"","astra-migrate-meta-layouts":"set","ast-page-background-enabled":"default","ast-page-background-meta":{"desktop":{"background-color":"var(--ast-global-color-5)","background-image":"","background-repeat":"repeat","background-position":"center center","background-size":"auto","background-attachment":"scroll","background-type":"","background-media":"","overlay-type":"","overlay-color":"","overlay-opacity":"","overlay-gradient":""},"tablet":{"background-color":"","background-image":"","background-repeat":"repeat","background-position":"center center","background-size":"auto","background-attachment":"scroll","background-type":"","background-media":"","overlay-type":"","overlay-color":"","overlay-opacity":"","overlay-gradient":""},"mobile":{"background-color":"","background-image":"","background-repeat":"repeat","background-position":"center center","background-size":"auto","background-attachment":"scroll","background-type":"","background-media":"","overlay-type":"","overlay-color":"","overlay-opacity":"","overlay-gradient":""}},"ast-content-background-meta":{"desktop":{"background-color":"var(--ast-global-color-4)","background-image":"","background-repeat":"repeat","background-position":"center center","background-size":"auto","background-attachment":"scroll","background-type":"","background-media":"","overlay-type":"","overlay-color":"","overlay-opacity":"","overlay-gradient":""},"tablet":{"background-color":"var(--ast-global-color-4)","background-image":"","background-repeat":"repeat","background-position":"center center","background-size":"auto","background-attachment":"scroll","background-type":"","background-media":"","overlay-type":"","overlay-color":"","overlay-opacity":"","overlay-gradient":""},"mobile":{"background-color":"var(--ast-global-color-4)","background-image":"","background-repeat":"repeat","background-position":"center center","background-size":"auto","background-attachment":"scroll","background-type":"","background-media":"","overlay-type":"","overlay-color":"","overlay-opacity":"","overlay-gradient":""}}},"product_brand":[],"product_cat":[60,62,72,57],"product_tag":[223,222],"class_list":{"0":"post-5405","1":"product","2":"type-product","3":"status-publish","4":"has-post-thumbnail","6":"product_cat-roller-bottles","7":"product_cat-cosmetic-containers","8":"product_cat-cosmetic-packaging","9":"product_cat-essential-oil-bottles","10":"product_tag-essential-oil-roll-on-bottles","11":"product_tag-perfume-roller-bottles","12":"desktop-align-left","13":"tablet-align-left","14":"mobile-align-left","16":"first","17":"instock","18":"shipping-taxable","19":"product-type-simple"},"acf":[],"jetpack_sharing_enabled":true,"_links":{"self":[{"href":"https:\/\/theperfumebottles.com\/hu\/wp-json\/wp\/v2\/product\/5405","targetHints":{"allow":["GET"]}}],"collection":[{"href":"https:\/\/theperfumebottles.com\/hu\/wp-json\/wp\/v2\/product"}],"about":[{"href":"https:\/\/theperfumebottles.com\/hu\/wp-json\/wp\/v2\/types\/product"}],"replies":[{"embeddable":true,"href":"https:\/\/theperfumebottles.com\/hu\/wp-json\/wp\/v2\/comments?post=5405"}],"wp:featuredmedia":[{"embeddable":true,"href":"https:\/\/theperfumebottles.com\/hu\/wp-json\/wp\/v2\/media\/6631"}],"wp:attachment":[{"href":"https:\/\/theperfumebottles.com\/hu\/wp-json\/wp\/v2\/media?parent=5405"}],"wp:term":[{"taxonomy":"product_brand","embeddable":true,"href":"https:\/\/theperfumebottles.com\/hu\/wp-json\/wp\/v2\/product_brand?post=5405"},{"taxonomy":"product_cat","embeddable":true,"href":"https:\/\/theperfumebottles.com\/hu\/wp-json\/wp\/v2\/product_cat?post=5405"},{"taxonomy":"product_tag","embeddable":true,"href":"https:\/\/theperfumebottles.com\/hu\/wp-json\/wp\/v2\/product_tag?post=5405"}],"curies":[{"name":"wp","href":"https:\/\/api.w.org\/{rel}","templated":true}]}}