{"id":5419,"date":"2025-08-11T18:31:04","date_gmt":"2025-08-11T10:31:04","guid":{"rendered":"https:\/\/theperfumebottles.com\/?post_type=product&#038;p=5419"},"modified":"2026-04-01T14:32:45","modified_gmt":"2026-04-01T06:32:45","slug":"bulk-lotion-bottle-pump-with-glass-cosmetic-bottles","status":"publish","type":"product","link":"https:\/\/theperfumebottles.com\/hu\/termek\/bulk-lotion-bottle-pump-with-glass-cosmetic-bottles\/","title":{"rendered":"T\u00f6meges 40ml 60ml 80ml test\u00e1pol\u00f3 palackpumpa \u00fcveg kozmetikai palackokkal"},"content":{"rendered":"<p>A test\u00e1pol\u00f3s flakonok pump\u00e1ja \u00fcvegtart\u00e1lyon kereszt\u00fcl m\u0171k\u00f6dik, amely hengeres alak\u00fa, \u00e9s egy sz\u00e9les, stabilit\u00e1st biztos\u00edt\u00f3 aljjal kezd\u0151dik. A tart\u00e1lyban l\u00e9v\u0151 term\u00e9k az \u00e1tl\u00e1tsz\u00f3 testen kereszt\u00fcl l\u00e1that\u00f3v\u00e1 v\u00e1lik, amely a fels\u0151 r\u00e9szig ny\u00falik, ahol egy feh\u00e9r m\u0171anyag pumpa tal\u00e1lhat\u00f3 egy \u00e1tl\u00e1tsz\u00f3 \u00fcvegpajzs alatt.<\/p>\n<h2>F\u0151bb specifik\u00e1ci\u00f3k<\/h2>\n<table style=\"border-collapse: collapse; margin-left: auto; margin-right: auto; width: 80%;\" border=\"0\" width=\"424\" cellspacing=\"0\" cellpadding=\"0\">\n<tbody>\n<tr style=\"height: 13.50pt;\">\n<td style=\"height: 13.50pt; width: 91.50pt;\" width=\"122\" height=\"18\">Jellemz\u0151<\/td>\n<td style=\"width: 226.50pt;\" width=\"302\">R\u00e9szlet<\/td>\n<\/tr>\n<tr style=\"height: 13.50pt;\">\n<td style=\"height: 13.50pt;\" height=\"18\">Kapacit\u00e1sok<\/td>\n<td>40 ml, 60 ml, 80 ml<\/td>\n<\/tr>\n<tr style=\"height: 13.50pt;\">\n<td style=\"height: 13.50pt;\" height=\"18\">Anyag<\/td>\n<td>Kiv\u00e1l\u00f3 min\u0151s\u00e9g\u0171 \u00e1tl\u00e1tsz\u00f3 \u00fcveg<\/td>\n<\/tr>\n<tr style=\"height: 13.50pt;\">\n<td style=\"height: 13.50pt;\" height=\"18\">Alak<\/td>\n<td>hengeres (Testreszabhat\u00f3)<\/td>\n<\/tr>\n<tr style=\"height: 13.50pt;\">\n<td style=\"height: 13.50pt;\" height=\"18\">Szivatty\u00fa sz\u00edne<\/td>\n<td>Feh\u00e9r<\/td>\n<\/tr>\n<tr style=\"height: 13.50pt;\">\n<td style=\"height: 13.50pt;\" height=\"18\">Bez\u00e1r\u00e1s<\/td>\n<td>Pr\u00e9spumpa \u00e1tl\u00e1tsz\u00f3 v\u00e9d\u0151fed\u00e9llel<\/td>\n<\/tr>\n<tr style=\"height: 13.50pt;\">\n<td style=\"height: 13.50pt;\" height=\"18\">Ide\u00e1lis<\/td>\n<td>Sz\u00e9rumok, test\u00e1pol\u00f3k, tonikok, test\u00e1pol\u00e1s<\/td>\n<\/tr>\n<\/tbody>\n<\/table>\n<h2>Sikert\u00f6rt\u00e9net: Egy koreai b\u0151r\u00e1pol\u00e1si m\u00e1rka legkelend\u0151bb sz\u00e9rumja<\/h2>\n<p>Egy ismert koreai b\u0151r\u00e1pol\u00e1si m\u00e1rka a mi 30 ml-es \u00fcveg kozmetikai flakonjainkat v\u00e1lasztotta, \u00e9s testre szabta a matt \u00fcveg hat\u00e1st az flakon als\u00f3 fel\u00e9n \u00e9s az aranyozott pump\u00e1s fejen. A pump\u00e1s adagol\u00f3 prec\u00edz adagol\u00e1st biztos\u00edt, haszn\u00e1latonk\u00e9nt mind\u00f6ssze 1-2 cseppel, \u00edgy 20%-kal cs\u00f6kkenti az \u00e1tlagos havi felhaszn\u00e1l\u00e1st \u00e9s meghosszabb\u00edtja a term\u00e9k \u00e9lettartam\u00e1t. Az \u00e1tl\u00e1tsz\u00f3 \u00fcveg flakon a term\u00e9ket eleg\u00e1ns megjelen\u00e9ssel mutatja be, ami a term\u00e9kvide\u00f3k online konverzi\u00f3s ar\u00e1ny\u00e1nak 40%-os n\u00f6veked\u00e9s\u00e9t eredm\u00e9nyezi. A m\u00e1rka hatalmas sikert \u00e9rt el, \u00e9s ezt k\u00f6vet\u0151en tov\u00e1bbi 750 000 flakon megrendel\u00e9st adott le a teljes sz\u00e9rum- \u00e9s k\u00f6nny\u0171 test\u00e1pol\u00f3 term\u00e9kcsal\u00e1dj\u00e1ra.<\/p>\n<h2>Testreszabni szeretn\u00e9d? Itt van, hol kezdheted<\/h2>\n<p>Nem kell ragaszkodnod a feh\u00e9rhez. Vagy a hagyom\u00e1nyos kupakhoz. Ez az \u00fcveg kozmetikai palacktart\u00f3 alkalmazkod\u00f3k\u00e9pes.<\/p>\n<ul>\n<li>V\u00e1ltsd meg a pumpa sz\u00edn\u00e9t \u2013 v\u00e1lassz feket\u00e9t, ez\u00fcst\u00f6t vagy mattot a modern csavar\u00e9rt.<\/li>\n<li>Cser\u00e9ld le a kupakot \u2013 cser\u00e9ld le az \u00e1tl\u00e1tsz\u00f3 fedelet egy m\u00e1rk\u00e1sra. Apr\u00f3 r\u00e9szlet, nagy hat\u00e1s.<\/li>\n<li>Egyedi m\u00e9ret\u0171 pump\u00e1s test\u00e1pol\u00f3 flakonra van sz\u00fcks\u00e9ge? K\u00fcl\u00f6nb\u00f6z\u0151 m\u00e9reteket k\u00edn\u00e1lunk \u2013 csak k\u00e9rdezzen.<\/li>\n<li>K\u00f6rnyezetbar\u00e1t csomagol\u00e1si lehet\u0151s\u00e9gek? Igen. \u00dajrahasznos\u00edthat\u00f3 bet\u00e9teket \u00e9s \u00f6mlesztett kartonokat k\u00edn\u00e1lunk.<\/li>\n<\/ul>\n<p>Seg\u00edt\u00fcnk ide\u00e1lis kozmetikai \u00fcvegpalack-csomagol\u00e1s l\u00e9trehoz\u00e1s\u00e1ban \u2013 nem csak eladunk egy \u00fcveget.<\/p>","protected":false},"excerpt":{"rendered":"<p>\u00c1tl\u00e1tsz\u00f3 \u00fcvegb\u0151l k\u00e9sz\u00fclt, pump\u00e1s test\u00e1pol\u00f3 flakon, letisztult kialak\u00edt\u00e1ssal \u00e9s sima adagol\u00e1ssal. \u00dcveg kozmetikai flakonok, ide\u00e1lisak sz\u00e9rumokhoz \u00e9s test\u00e1pol\u00f3khoz. Ingyenes mint\u00e1k kaphat\u00f3k m\u00e9g ma.<\/p>","protected":false},"featured_media":5420,"comment_status":"open","ping_status":"closed","template":"","meta":{"_acf_changed":false,"site-sidebar-layout":"default","site-content-layout":"","ast-site-content-layout":"default","site-content-style":"default","site-sidebar-style":"default","ast-global-header-display":"","ast-banner-title-visibility":"","ast-main-header-display":"","ast-hfb-above-header-display":"","ast-hfb-below-header-display":"","ast-hfb-mobile-header-display":"","site-post-title":"","ast-breadcrumbs-content":"","ast-featured-img":"","footer-sml-layout":"","ast-disable-related-posts":"","theme-transparent-header-meta":"default","adv-header-id-meta":"","stick-header-meta":"","header-above-stick-meta":"","header-main-stick-meta":"","header-below-stick-meta":"","astra-migrate-meta-layouts":"set","ast-page-background-enabled":"default","ast-page-background-meta":{"desktop":{"background-color":"var(--ast-global-color-5)","background-image":"","background-repeat":"repeat","background-position":"center center","background-size":"auto","background-attachment":"scroll","background-type":"","background-media":"","overlay-type":"","overlay-color":"","overlay-opacity":"","overlay-gradient":""},"tablet":{"background-color":"","background-image":"","background-repeat":"repeat","background-position":"center center","background-size":"auto","background-attachment":"scroll","background-type":"","background-media":"","overlay-type":"","overlay-color":"","overlay-opacity":"","overlay-gradient":""},"mobile":{"background-color":"","background-image":"","background-repeat":"repeat","background-position":"center center","background-size":"auto","background-attachment":"scroll","background-type":"","background-media":"","overlay-type":"","overlay-color":"","overlay-opacity":"","overlay-gradient":""}},"ast-content-background-meta":{"desktop":{"background-color":"var(--ast-global-color-4)","background-image":"","background-repeat":"repeat","background-position":"center center","background-size":"auto","background-attachment":"scroll","background-type":"","background-media":"","overlay-type":"","overlay-color":"","overlay-opacity":"","overlay-gradient":""},"tablet":{"background-color":"var(--ast-global-color-4)","background-image":"","background-repeat":"repeat","background-position":"center center","background-size":"auto","background-attachment":"scroll","background-type":"","background-media":"","overlay-type":"","overlay-color":"","overlay-opacity":"","overlay-gradient":""},"mobile":{"background-color":"var(--ast-global-color-4)","background-image":"","background-repeat":"repeat","background-position":"center center","background-size":"auto","background-attachment":"scroll","background-type":"","background-media":"","overlay-type":"","overlay-color":"","overlay-opacity":"","overlay-gradient":""}}},"product_brand":[],"product_cat":[71,72,62],"product_tag":[190,204],"class_list":{"0":"post-5419","1":"product","2":"type-product","3":"status-publish","4":"has-post-thumbnail","6":"product_cat-glass-lotion-bottles","7":"product_cat-cosmetic-packaging","8":"product_cat-cosmetic-containers","9":"product_tag-cosmetic-pots-with-lids","10":"product_tag-frosted-cosmetic-jars","11":"desktop-align-left","12":"tablet-align-left","13":"mobile-align-left","15":"first","16":"instock","17":"shipping-taxable","18":"product-type-simple"},"acf":[],"jetpack_sharing_enabled":true,"_links":{"self":[{"href":"https:\/\/theperfumebottles.com\/hu\/wp-json\/wp\/v2\/product\/5419","targetHints":{"allow":["GET"]}}],"collection":[{"href":"https:\/\/theperfumebottles.com\/hu\/wp-json\/wp\/v2\/product"}],"about":[{"href":"https:\/\/theperfumebottles.com\/hu\/wp-json\/wp\/v2\/types\/product"}],"replies":[{"embeddable":true,"href":"https:\/\/theperfumebottles.com\/hu\/wp-json\/wp\/v2\/comments?post=5419"}],"wp:featuredmedia":[{"embeddable":true,"href":"https:\/\/theperfumebottles.com\/hu\/wp-json\/wp\/v2\/media\/5420"}],"wp:attachment":[{"href":"https:\/\/theperfumebottles.com\/hu\/wp-json\/wp\/v2\/media?parent=5419"}],"wp:term":[{"taxonomy":"product_brand","embeddable":true,"href":"https:\/\/theperfumebottles.com\/hu\/wp-json\/wp\/v2\/product_brand?post=5419"},{"taxonomy":"product_cat","embeddable":true,"href":"https:\/\/theperfumebottles.com\/hu\/wp-json\/wp\/v2\/product_cat?post=5419"},{"taxonomy":"product_tag","embeddable":true,"href":"https:\/\/theperfumebottles.com\/hu\/wp-json\/wp\/v2\/product_tag?post=5419"}],"curies":[{"name":"wp","href":"https:\/\/api.w.org\/{rel}","templated":true}]}}