{"id":5424,"date":"2025-08-11T18:00:42","date_gmt":"2025-08-11T10:00:42","guid":{"rendered":"https:\/\/theperfumebottles.com\/?post_type=product&#038;p=5424"},"modified":"2026-03-26T16:36:21","modified_gmt":"2026-03-26T08:36:21","slug":"clear-glass-roller-bottles-for-cosmetic-packaging-wholesale","status":"publish","type":"product","link":"https:\/\/theperfumebottles.com\/hu\/termek\/clear-glass-roller-bottles-for-cosmetic-packaging-wholesale\/","title":{"rendered":"10 ml-es \u00e1tl\u00e1tsz\u00f3 \u00fcveg g\u00f6rg\u0151s palackok kozmetikai csomagol\u00e1shoz nagykereskedelemben"},"content":{"rendered":"<p>\u00dcveg roll-on flakonokra van sz\u00fcks\u00e9ge, amelyek \u00f6tv\u00f6zik a k\u00f6rnyezetbar\u00e1ts\u00e1got a luxussal? \u00c1tl\u00e1tsz\u00f3 \u00fcveg roll-on flakonjainkat olyan m\u00e1rk\u00e1knak tervezt\u00fck, akik \u00f6r\u00f6met sug\u00e1rz\u00f3 \u00e9s bolyg\u00f3t v\u00e9d\u0151 kozmetikai tart\u00e1lyokat szeretn\u00e9nek.<\/p>\n<h2>F\u0151bb specifik\u00e1ci\u00f3k<\/h2>\n<table style=\"border-collapse: collapse; width: 80%; margin-left: auto; margin-right: auto;\" border=\"0\" width=\"144\" cellspacing=\"0\" cellpadding=\"0\">\n<tbody>\n<tr style=\"height: 13.50pt;\">\n<td style=\"height: 13.50pt; width: 54.00pt;\" width=\"72\" height=\"18\">Jellemz\u0151<\/td>\n<td style=\"width: 54.00pt;\" width=\"72\">R\u00e9szletek<\/td>\n<\/tr>\n<tr style=\"height: 13.50pt;\">\n<td style=\"height: 13.50pt;\" height=\"18\">Kapacit\u00e1s<\/td>\n<td>10 ml<\/td>\n<\/tr>\n<tr style=\"height: 13.50pt;\">\n<td style=\"height: 13.50pt;\" height=\"18\">Sapka<\/td>\n<td>Fa vagy testreszabott<\/td>\n<\/tr>\n<tr style=\"height: 13.50pt;\">\n<td style=\"height: 13.50pt;\" height=\"18\">Alak<\/td>\n<td>Henger<\/td>\n<\/tr>\n<tr style=\"height: 13.50pt;\">\n<td style=\"height: 13.50pt;\" height=\"18\">Fel\u00fcleti nyomtat\u00e1s<\/td>\n<td>Szitanyom\u00e1s<\/td>\n<\/tr>\n<tr style=\"height: 13.50pt;\">\n<td style=\"height: 13.50pt;\" height=\"18\">Sz\u00edn<\/td>\n<td>Vil\u00e1gos<\/td>\n<\/tr>\n<\/tbody>\n<\/table>\n<h2>Sikeres eset<\/h2>\n<p><span aria-haspopup=\"dialog\" aria-expanded=\"false\" aria-controls=\"radix-_r_16_\" data-state=\"closed\" data-slot=\"popover-trigger\">Egy amerikai ill\u00f3olaj-gy\u00e1rt\u00f3 c\u00e9g a mi \u00e1tl\u00e1tsz\u00f3 \u00fcvegb\u0151l k\u00e9sz\u00fclt, tekercses krist\u00e1lypalackjainkat haszn\u00e1lta fel \u00faj krist\u00e1ly ill\u00f3olaj kollekci\u00f3j\u00e1nak bemutat\u00e1s\u00e1ra.<\/span> <span aria-haspopup=\"dialog\" aria-expanded=\"false\" aria-controls=\"radix-_r_17_\" data-state=\"closed\" data-slot=\"popover-trigger\">El\u0151sz\u00f6r is, term\u00e9szetes bambusz sapk\u00e1kat v\u00e1lasztottunk, \u00f6sszhangban a k\u00f6rnyezetbar\u00e1t m\u00e1rkaim\u00e1zsukkal.<\/span> <span aria-haspopup=\"dialog\" aria-expanded=\"false\" aria-controls=\"radix-_r_18_\" data-state=\"closed\" data-slot=\"popover-trigger\">A roll-ont is szem\u00e9lyre szabtuk, ahol sima rozsdamentes ac\u00e9lt haszn\u00e1ltunk az ill\u00f3olajok diszperzi\u00f3j\u00e1nak fokoz\u00e1s\u00e1ra.<\/span> <span aria-haspopup=\"dialog\" aria-expanded=\"false\" aria-controls=\"radix-_r_19_\" data-state=\"closed\" data-slot=\"popover-trigger\">Ezenk\u00edv\u00fcl log\u00f3nyomtat\u00e1si szolg\u00e1ltat\u00e1sokat is k\u00edn\u00e1ltunk az \u00fcvegpalackokhoz, \u00e9s seg\u00edtett\u00fcnk a csomagol\u00e1s diz\u00e1jnj\u00e1nak korszer\u0171s\u00edt\u00e9s\u00e9ben a term\u00e9k eltarthat\u00f3s\u00e1g\u00e1nak n\u00f6vel\u00e9se \u00e9rdek\u00e9ben.<\/span> <span aria-haspopup=\"dialog\" aria-expanded=\"false\" aria-controls=\"radix-_r_1a_\" data-state=\"closed\" data-slot=\"popover-trigger\">A szem\u00e9lyre szabott term\u00e9k megjelen\u00e9s\u00e9t k\u00f6vet\u0151en az \u00fcgyf\u00e9l azt \u00e1ll\u00edtotta, hogy az online \u00e9s offline elad\u00e1sok jelent\u0151sen megn\u0151ttek, f\u0151k\u00e9nt a term\u00e9k szokatlan eszt\u00e9tikai kialak\u00edt\u00e1sa \u00e9s a tov\u00e1bbfejlesztett felhaszn\u00e1l\u00f3i \u00e9lm\u00e9ny miatt.<\/span> <span aria-haspopup=\"dialog\" aria-expanded=\"false\" aria-controls=\"radix-_r_1b_\" data-state=\"closed\" data-slot=\"popover-trigger\">H\u00e1rom h\u00f3napon bel\u00fcl tov\u00e1bbi megrendel\u00e9seket adtak le, ami nagyobb mennyis\u00e9g\u0171 term\u00e9kkel \u00e9s illattal b\u0151v\u00edtette a k\u00edn\u00e1latot, ami tov\u00e1bb er\u0151s\u00edtette m\u00e1rk\u00e1juk piaci r\u00e9szesed\u00e9s\u00e9t.<\/span><\/p>\n<h2>\u00datmutat\u00f3 a testreszab\u00e1shoz<\/h2>\n<ul>\n<li><span aria-haspopup=\"dialog\" aria-expanded=\"false\" aria-controls=\"radix-_r_1c_\" data-state=\"closed\" data-slot=\"popover-trigger\"><strong>Kupak anyaga \u00e9s fel\u00fclete:<\/strong> V\u00e1lasszon term\u00e9szetes bambusz, m\u0171anyag vagy alum\u00ednium kupakot matt, f\u00e9nyes vagy elox\u00e1lt fel\u00fclettel, hogy illeszkedjen a k\u00fcl\u00f6nb\u00f6z\u0151 m\u00e1rkast\u00edlusokhoz.<\/span><\/li>\n<li><span aria-haspopup=\"dialog\" aria-expanded=\"false\" aria-controls=\"radix-_r_1d_\" data-state=\"closed\" data-slot=\"popover-trigger\"><strong>G\u00f6rg\u0151s labda:<\/strong> V\u00e1lasszon rozsdamentes ac\u00e9l, \u00fcveg vagy dr\u00e1gak\u0151 (pl. r\u00f3zsakvarc, obszidi\u00e1n) g\u00f6rg\u0151s goly\u00f3kat a funkcionalit\u00e1s testreszab\u00e1s\u00e1hoz vagy jav\u00edt\u00e1s\u00e1hoz, illetve egy luxus, wellness-orient\u00e1lt megjelen\u00e9s hozz\u00e1ad\u00e1s\u00e1hoz.<\/span><\/li>\n<li><span aria-haspopup=\"dialog\" aria-expanded=\"false\" aria-controls=\"radix-_r_1e_\" data-state=\"closed\" data-slot=\"popover-trigger\"><strong>\u00dcveg sz\u00edne \u00e9s bevonata:<\/strong> V\u00e1lasszon \u00e1tl\u00e1tsz\u00f3, matt, borosty\u00e1nsz\u00edn\u0171 vagy egyedi fest\u00e9ksz\u00f3r\u00f3val bevont sz\u00ednt a f\u00e9ny\u00e9rz\u00e9keny olajok tart\u00f3s\u00edt\u00e1s\u00e1hoz vagy egyedi megjelen\u00e9s el\u00e9r\u00e9s\u00e9hez.<\/span><\/li>\n<\/ul>","protected":false},"excerpt":{"rendered":"<p>Emeld ki a sz\u00e9ps\u00e9g\u00e1pol\u00e1si csomagol\u00e1st \u00e1tl\u00e1tsz\u00f3 \u00fcveg gurul\u00f3s flakonokkal. Ide\u00e1lis b\u0151r\u00e1pol\u00e1shoz, finom permet\u0171 parf\u00fcm\u00f6kh\u00f6z \u00e9s kozmetikai csomagol\u00f3anyagokhoz. Gyors sz\u00e1ll\u00edt\u00e1s.<\/p>","protected":false},"featured_media":5430,"comment_status":"open","ping_status":"closed","template":"","meta":{"_acf_changed":false,"site-sidebar-layout":"default","site-content-layout":"","ast-site-content-layout":"default","site-content-style":"default","site-sidebar-style":"default","ast-global-header-display":"","ast-banner-title-visibility":"","ast-main-header-display":"","ast-hfb-above-header-display":"","ast-hfb-below-header-display":"","ast-hfb-mobile-header-display":"","site-post-title":"","ast-breadcrumbs-content":"","ast-featured-img":"","footer-sml-layout":"","ast-disable-related-posts":"","theme-transparent-header-meta":"default","adv-header-id-meta":"","stick-header-meta":"","header-above-stick-meta":"","header-main-stick-meta":"","header-below-stick-meta":"","astra-migrate-meta-layouts":"set","ast-page-background-enabled":"default","ast-page-background-meta":{"desktop":{"background-color":"var(--ast-global-color-5)","background-image":"","background-repeat":"repeat","background-position":"center center","background-size":"auto","background-attachment":"scroll","background-type":"","background-media":"","overlay-type":"","overlay-color":"","overlay-opacity":"","overlay-gradient":""},"tablet":{"background-color":"","background-image":"","background-repeat":"repeat","background-position":"center center","background-size":"auto","background-attachment":"scroll","background-type":"","background-media":"","overlay-type":"","overlay-color":"","overlay-opacity":"","overlay-gradient":""},"mobile":{"background-color":"","background-image":"","background-repeat":"repeat","background-position":"center center","background-size":"auto","background-attachment":"scroll","background-type":"","background-media":"","overlay-type":"","overlay-color":"","overlay-opacity":"","overlay-gradient":""}},"ast-content-background-meta":{"desktop":{"background-color":"var(--ast-global-color-4)","background-image":"","background-repeat":"repeat","background-position":"center center","background-size":"auto","background-attachment":"scroll","background-type":"","background-media":"","overlay-type":"","overlay-color":"","overlay-opacity":"","overlay-gradient":""},"tablet":{"background-color":"var(--ast-global-color-4)","background-image":"","background-repeat":"repeat","background-position":"center center","background-size":"auto","background-attachment":"scroll","background-type":"","background-media":"","overlay-type":"","overlay-color":"","overlay-opacity":"","overlay-gradient":""},"mobile":{"background-color":"var(--ast-global-color-4)","background-image":"","background-repeat":"repeat","background-position":"center center","background-size":"auto","background-attachment":"scroll","background-type":"","background-media":"","overlay-type":"","overlay-color":"","overlay-opacity":"","overlay-gradient":""}}},"product_brand":[],"product_cat":[60,62,72,57],"product_tag":[226,220],"class_list":{"0":"post-5424","1":"product","2":"type-product","3":"status-publish","4":"has-post-thumbnail","6":"product_cat-roller-bottles","7":"product_cat-cosmetic-containers","8":"product_cat-cosmetic-packaging","9":"product_cat-essential-oil-bottles","10":"product_tag-clear-glass-roller-bottles","11":"product_tag-glass-roll-on-bottles","12":"desktop-align-left","13":"tablet-align-left","14":"mobile-align-left","16":"first","17":"instock","18":"shipping-taxable","19":"product-type-simple"},"acf":[],"jetpack_sharing_enabled":true,"_links":{"self":[{"href":"https:\/\/theperfumebottles.com\/hu\/wp-json\/wp\/v2\/product\/5424","targetHints":{"allow":["GET"]}}],"collection":[{"href":"https:\/\/theperfumebottles.com\/hu\/wp-json\/wp\/v2\/product"}],"about":[{"href":"https:\/\/theperfumebottles.com\/hu\/wp-json\/wp\/v2\/types\/product"}],"replies":[{"embeddable":true,"href":"https:\/\/theperfumebottles.com\/hu\/wp-json\/wp\/v2\/comments?post=5424"}],"wp:featuredmedia":[{"embeddable":true,"href":"https:\/\/theperfumebottles.com\/hu\/wp-json\/wp\/v2\/media\/5430"}],"wp:attachment":[{"href":"https:\/\/theperfumebottles.com\/hu\/wp-json\/wp\/v2\/media?parent=5424"}],"wp:term":[{"taxonomy":"product_brand","embeddable":true,"href":"https:\/\/theperfumebottles.com\/hu\/wp-json\/wp\/v2\/product_brand?post=5424"},{"taxonomy":"product_cat","embeddable":true,"href":"https:\/\/theperfumebottles.com\/hu\/wp-json\/wp\/v2\/product_cat?post=5424"},{"taxonomy":"product_tag","embeddable":true,"href":"https:\/\/theperfumebottles.com\/hu\/wp-json\/wp\/v2\/product_tag?post=5424"}],"curies":[{"name":"wp","href":"https:\/\/api.w.org\/{rel}","templated":true}]}}