{"id":5472,"date":"2025-08-13T17:42:20","date_gmt":"2025-08-13T09:42:20","guid":{"rendered":"https:\/\/theperfumebottles.com\/?post_type=product&#038;p=5472"},"modified":"2025-08-14T18:34:52","modified_gmt":"2025-08-14T10:34:52","slug":"glass-perfume-roller-bottles-for-luxury-cosmetic-packaging-wholesale","status":"publish","type":"product","link":"https:\/\/theperfumebottles.com\/hu\/termek\/glass-perfume-roller-bottles-for-luxury-cosmetic-packaging-wholesale\/","title":{"rendered":"3ml 6ml 10ml 12ml \u00fcveg parf\u00fcm\u00f6s g\u00f6rg\u0151s palackok luxus kozmetikai csomagol\u00e1shoz nagykereskedelemben"},"content":{"rendered":"<p>Luxust sug\u00e1rz\u00f3, roll-on \u00fcvegpalackokat keresel? \u00dcveg parf\u00fcm\u00f6s roll-on \u00fcvegeink mer\u00e9sz diz\u00e1jnt \u00f6tv\u00f6znek a precizit\u00e1ssal \u2013 gondolj a nyolcsz\u00f6glet\u0171 form\u00e1kra, az arany kupakokra \u00e9s a piros d\u00edsz\u00edt\u00e9sekre.<\/p>\n<h2><strong data-spm-anchor-id=\"5176.28103460.0.i7.29ab1db8wkbRsE\">F\u0151bb specifik\u00e1ci\u00f3k<\/strong><\/h2>\n<table style=\"border-collapse: collapse;width: 80%;margin-right: auto;margin-left: auto\" border=\"0\" width=\"144\" cellspacing=\"0\" cellpadding=\"0\">\n<tbody>\n<tr style=\"height: 13.50pt\">\n<td style=\"height: 13.50pt;width: 54.00pt\" width=\"72\" height=\"18\">Jellemz\u0151<\/td>\n<td style=\"width: 54.00pt\" width=\"72\">R\u00e9szletek<\/td>\n<\/tr>\n<tr style=\"height: 13.50pt\">\n<td style=\"height: 13.50pt\" height=\"18\">Kapacit\u00e1s<\/td>\n<td>3 ml \/ 6 ml \/ 10 ml \/ 12 ml<\/td>\n<\/tr>\n<tr style=\"height: 13.50pt\">\n<td style=\"height: 13.50pt\" height=\"18\">Alak<\/td>\n<td>Nyolcsz\u00f6g<\/td>\n<\/tr>\n<tr style=\"height: 13.50pt\">\n<td style=\"height: 13.50pt\" height=\"18\">T\u00f6m\u00edt\u0151mechanizmus<\/td>\n<td>Arany csavaros kupak + f\u00e9m g\u00f6rg\u0151s tet\u0151<\/td>\n<\/tr>\n<tr style=\"height: 13.50pt\">\n<td style=\"height: 13.50pt\" height=\"18\">Befejez\u00e9s<\/td>\n<td>\u00c1tl\u00e1tsz\u00f3 \u00fcveg piros d\u00edsz\u00edt\u00e9ssel (egyedi sz\u00ednekben is el\u00e9rhet\u0151)<\/td>\n<\/tr>\n<tr style=\"height: 13.50pt\">\n<td style=\"height: 13.50pt\" height=\"18\">Fel\u00fcleti nyomtat\u00e1s<\/td>\n<td>Szitanyom\u00e1s<\/td>\n<\/tr>\n<tr style=\"height: 13.50pt\">\n<td style=\"height: 13.50pt\" height=\"18\">Haszn\u00e1lat<\/td>\n<td>Ill\u00f3olaj, parf\u00fcmolaj csomagol\u00e1shoz<\/td>\n<\/tr>\n<\/tbody>\n<\/table>\n<h2>Testreszab\u00e1si tippek<\/h2>\n<ul>\n<li><strong>K\u00f6rnyezetbar\u00e1t \u00e9l:<\/strong>V\u00e1lasszon nagy kiszerel\u00e9s\u0171, \u00fajrahasznos\u00edtott \u00fcvegb\u0151l k\u00e9sz\u00fclt csomagol\u00e1st. A v\u00e1s\u00e1rl\u00f3k im\u00e1dj\u00e1k a fenntarthat\u00f3s\u00e1gi c\u00e9lokat szolg\u00e1l\u00f3 sz\u00e9ps\u00e9g\u00e1pol\u00e1si csomagol\u00e1sokat.<\/li>\n<li><strong>M\u00e1rka-sz\u00edn egyez\u00e9s:<\/strong>Szitanyom\u00e1ssal vigye fel log\u00f3ja jellegzetes sz\u00edn\u00e9t az \u00fcveg illatcsavar\u00f3kra \u2013 p\u00e9ld\u00e1ul egy lila kupakot a mer\u00e9szs\u00e9g\u00e9rt vagy egy k\u00e9ket a nyugalom\u00e9rt. \u00cdgy a sz\u00e9ps\u00e9g\u00e1pol\u00e1si csomagol\u00e1sa azonnal felismerhet\u0151 lesz.<\/li>\n<\/ul>\n<p>&nbsp;<\/p>","protected":false},"excerpt":{"rendered":"<p>Dobd fel sz\u00e9ps\u00e9g\u00e1pol\u00e1si csomagol\u00e1sodat \u00fcveg parf\u00fcm\u00f6s roll-on flakonokkal. T\u00f6k\u00e9letes b\u0151r\u00e1pol\u00e1shoz, finom permet\u0171 parf\u00fcm\u00f6kh\u00f6z \u00e9s kozmetikai csomagol\u00f3anyagokhoz.<\/p>","protected":false},"featured_media":5473,"comment_status":"closed","ping_status":"closed","template":"","meta":{"_acf_changed":false,"site-sidebar-layout":"default","site-content-layout":"","ast-site-content-layout":"default","site-content-style":"default","site-sidebar-style":"default","ast-global-header-display":"","ast-banner-title-visibility":"","ast-main-header-display":"","ast-hfb-above-header-display":"","ast-hfb-below-header-display":"","ast-hfb-mobile-header-display":"","site-post-title":"","ast-breadcrumbs-content":"","ast-featured-img":"","footer-sml-layout":"","ast-disable-related-posts":"","theme-transparent-header-meta":"default","adv-header-id-meta":"","stick-header-meta":"","header-above-stick-meta":"","header-main-stick-meta":"","header-below-stick-meta":"","astra-migrate-meta-layouts":"set","ast-page-background-enabled":"default","ast-page-background-meta":{"desktop":{"background-color":"var(--ast-global-color-5)","background-image":"","background-repeat":"repeat","background-position":"center center","background-size":"auto","background-attachment":"scroll","background-type":"","background-media":"","overlay-type":"","overlay-color":"","overlay-opacity":"","overlay-gradient":""},"tablet":{"background-color":"","background-image":"","background-repeat":"repeat","background-position":"center center","background-size":"auto","background-attachment":"scroll","background-type":"","background-media":"","overlay-type":"","overlay-color":"","overlay-opacity":"","overlay-gradient":""},"mobile":{"background-color":"","background-image":"","background-repeat":"repeat","background-position":"center center","background-size":"auto","background-attachment":"scroll","background-type":"","background-media":"","overlay-type":"","overlay-color":"","overlay-opacity":"","overlay-gradient":""}},"ast-content-background-meta":{"desktop":{"background-color":"var(--ast-global-color-4)","background-image":"","background-repeat":"repeat","background-position":"center center","background-size":"auto","background-attachment":"scroll","background-type":"","background-media":"","overlay-type":"","overlay-color":"","overlay-opacity":"","overlay-gradient":""},"tablet":{"background-color":"var(--ast-global-color-4)","background-image":"","background-repeat":"repeat","background-position":"center center","background-size":"auto","background-attachment":"scroll","background-type":"","background-media":"","overlay-type":"","overlay-color":"","overlay-opacity":"","overlay-gradient":""},"mobile":{"background-color":"var(--ast-global-color-4)","background-image":"","background-repeat":"repeat","background-position":"center center","background-size":"auto","background-attachment":"scroll","background-type":"","background-media":"","overlay-type":"","overlay-color":"","overlay-opacity":"","overlay-gradient":""}}},"product_brand":[],"product_cat":[72,62,57,60],"product_tag":[219,227],"class_list":{"0":"post-5472","1":"product","2":"type-product","3":"status-publish","4":"has-post-thumbnail","6":"product_cat-cosmetic-packaging","7":"product_cat-cosmetic-containers","8":"product_cat-essential-oil-bottles","9":"product_cat-roller-bottles","10":"product_tag-glass-perfume-roller-bottles","11":"product_tag-roll-on-glass-bottle","12":"desktop-align-left","13":"tablet-align-left","14":"mobile-align-left","16":"first","17":"instock","18":"shipping-taxable","19":"product-type-simple"},"acf":[],"jetpack_sharing_enabled":true,"_links":{"self":[{"href":"https:\/\/theperfumebottles.com\/hu\/wp-json\/wp\/v2\/product\/5472","targetHints":{"allow":["GET"]}}],"collection":[{"href":"https:\/\/theperfumebottles.com\/hu\/wp-json\/wp\/v2\/product"}],"about":[{"href":"https:\/\/theperfumebottles.com\/hu\/wp-json\/wp\/v2\/types\/product"}],"replies":[{"embeddable":true,"href":"https:\/\/theperfumebottles.com\/hu\/wp-json\/wp\/v2\/comments?post=5472"}],"wp:featuredmedia":[{"embeddable":true,"href":"https:\/\/theperfumebottles.com\/hu\/wp-json\/wp\/v2\/media\/5473"}],"wp:attachment":[{"href":"https:\/\/theperfumebottles.com\/hu\/wp-json\/wp\/v2\/media?parent=5472"}],"wp:term":[{"taxonomy":"product_brand","embeddable":true,"href":"https:\/\/theperfumebottles.com\/hu\/wp-json\/wp\/v2\/product_brand?post=5472"},{"taxonomy":"product_cat","embeddable":true,"href":"https:\/\/theperfumebottles.com\/hu\/wp-json\/wp\/v2\/product_cat?post=5472"},{"taxonomy":"product_tag","embeddable":true,"href":"https:\/\/theperfumebottles.com\/hu\/wp-json\/wp\/v2\/product_tag?post=5472"}],"curies":[{"name":"wp","href":"https:\/\/api.w.org\/{rel}","templated":true}]}}