{"id":5483,"date":"2025-08-12T18:19:29","date_gmt":"2025-08-12T10:19:29","guid":{"rendered":"https:\/\/theperfumebottles.com\/?post_type=product&#038;p=5483"},"modified":"2025-08-12T18:19:31","modified_gmt":"2025-08-12T10:19:31","slug":"10ml-glass-roll-on-perfume-bottles-with-caps-wholesale","status":"publish","type":"product","link":"https:\/\/theperfumebottles.com\/hu\/termek\/10ml-glass-roll-on-perfume-bottles-with-caps-wholesale\/","title":{"rendered":"10 ml-es \u00fcveg roll-on parf\u00fcm\u00f6s palackok kupakkal nagykereskedelemben"},"content":{"rendered":"<p>Olyan roll-on parf\u00fcm\u00f6s \u00fcvegcs\u00e9kre van sz\u00fcks\u00e9ged, amelyek \u00f6tv\u00f6zik a funkcionalit\u00e1st \u00e9s a st\u00edlust? 10 ml-es \u00fcveg roll-on kupakjainkat olyan m\u00e1rk\u00e1knak tervezt\u00fck, akik olyan kozmetikai tart\u00e1lyokat szeretn\u00e9nek, amelyek minden cseppj\u00fckben egy spa-ritu\u00e1l\u00e9 \u00e9rzet\u00e9t keltik.<\/p>\n<h2><strong data-spm-anchor-id=\"5176.28103460.0.i22.29ab1db8wkbRsE\">F\u0151bb specifik\u00e1ci\u00f3k<\/strong><\/h2>\n<table style=\"border-collapse: collapse; width: 80%; margin-left: auto; margin-right: auto;\" border=\"0\" width=\"144\" cellspacing=\"0\" cellpadding=\"0\">\n<tbody>\n<tr style=\"height: 13.50pt;\">\n<td style=\"height: 13.50pt; width: 54.00pt;\" width=\"72\" height=\"18\">Jellemz\u0151<\/td>\n<td style=\"width: 54.00pt;\" width=\"72\">R\u00e9szletek<\/td>\n<\/tr>\n<tr style=\"height: 13.50pt;\">\n<td style=\"height: 13.50pt;\" height=\"18\">Kapacit\u00e1s<\/td>\n<td>10 ml<\/td>\n<\/tr>\n<tr style=\"height: 13.50pt;\">\n<td style=\"height: 13.50pt;\" height=\"18\">Anyag<\/td>\n<td>Edzett k\u00e9k \u00fcveg + fekete csavaros kupak<\/td>\n<\/tr>\n<tr style=\"height: 13.50pt;\">\n<td style=\"height: 13.50pt;\" height=\"18\">Alak<\/td>\n<td>Kerek<\/td>\n<\/tr>\n<tr style=\"height: 13.50pt;\">\n<td style=\"height: 13.50pt;\" height=\"18\">Sapka<\/td>\n<td>Rozsdamentes ac\u00e9l goly\u00f3 kupakkal<\/td>\n<\/tr>\n<tr style=\"height: 13.50pt;\">\n<td style=\"height: 13.50pt;\" height=\"18\">Haszn\u00e1lat<\/td>\n<td>Kozmetikai<\/td>\n<\/tr>\n<\/tbody>\n<\/table>\n<h2>Sikert\u00f6rt\u00e9net: Hogyan n\u00f6velte egy b\u0151r\u00e1pol\u00e1si gy\u00e1rt\u00f3 a kozmetikai csomagol\u00e1sok \u00e9rt\u00e9kes\u00edt\u00e9s\u00e9t az \u00e1talakul\u00e1si id\u0151szak alatt<\/h2>\n<p>Egy b\u0151r\u00e1pol\u00e1si term\u00e9kcsal\u00e1dj\u00e1t \u00fajranevezni k\u00edv\u00e1n\u00f3 b\u0151r\u00e1pol\u00e1si gy\u00e1rt\u00f3 10 ml-es, kupakkal ell\u00e1tott \u00fcvegpalackokat v\u00e1lasztott. A nagykereskedelmi megrendel\u00e9ssel \u00e9s a matt, t\u00e9gelyszer\u0171 talppal ell\u00e1tott \u00fcvegek testreszab\u00e1s\u00e1val 25%-kal cs\u00f6kkentett\u00e9k a csomagol\u00e1si k\u00f6lts\u00e9geket, \u00e9s 120%-kal n\u00f6velt\u00e9k a k\u00f6z\u00f6ss\u00e9gi m\u00e9di\u00e1ban val\u00f3 aktivit\u00e1st. \u201eA gurul\u00f3s flakon kincsvad\u00e1szatra alkalmas a v\u00e1s\u00e1rl\u00f3k sz\u00e1m\u00e1ra\u201d \u2013 mondta marketingigazgat\u00f3juk.<\/p>\n<h2>Testreszab\u00e1si tippek<\/h2>\n<ul>\n<li><strong>Sz\u00ednpszichol\u00f3gia:<\/strong> Haszn\u00e1lj k\u00e9k \u00fcveget a nyugtat\u00f3 hat\u00e1s\u00fa sz\u00e9ps\u00e9g\u00e1pol\u00e1si csomagol\u00e1sokhoz, vagy v\u00e1lts z\u00f6ldre a term\u00e9szet ihlette sz\u00e9ps\u00e9g\u00e1pol\u00e1si vonal\u00e9rt.<\/li>\n<li><strong>Anyagkever\u00e9k:<\/strong> Minimalista m\u00e1rk\u00e1khoz matt kupakokat, pr\u00e9mium kozmetikai csomagol\u00e1sokhoz pedig f\u00e9nyes fel\u00fcleteket v\u00e1lassz.<\/li>\n<\/ul>\n<p>&nbsp;<\/p>\n<p>&nbsp;<\/p>","protected":false},"excerpt":{"rendered":"<p>Dobd fel a sz\u00e9ps\u00e9g\u00e1pol\u00e1si csomagol\u00e1sodat 10 ml-es, kupakkal ell\u00e1tott, \u00fcveg roll-on parf\u00fcm\u00f6s \u00fcvegekkel. Ide\u00e1lis b\u0151r\u00e1pol\u00e1shoz, finom permet\u0171 parf\u00fcm\u00f6kh\u00f6z \u00e9s kozmetikai csomagol\u00f3anyagokhoz.<\/p>","protected":false},"featured_media":5491,"comment_status":"open","ping_status":"closed","template":"","meta":{"_acf_changed":false,"site-sidebar-layout":"default","site-content-layout":"","ast-site-content-layout":"default","site-content-style":"default","site-sidebar-style":"default","ast-global-header-display":"","ast-banner-title-visibility":"","ast-main-header-display":"","ast-hfb-above-header-display":"","ast-hfb-below-header-display":"","ast-hfb-mobile-header-display":"","site-post-title":"","ast-breadcrumbs-content":"","ast-featured-img":"","footer-sml-layout":"","ast-disable-related-posts":"","theme-transparent-header-meta":"default","adv-header-id-meta":"","stick-header-meta":"","header-above-stick-meta":"","header-main-stick-meta":"","header-below-stick-meta":"","astra-migrate-meta-layouts":"set","ast-page-background-enabled":"default","ast-page-background-meta":{"desktop":{"background-color":"var(--ast-global-color-5)","background-image":"","background-repeat":"repeat","background-position":"center center","background-size":"auto","background-attachment":"scroll","background-type":"","background-media":"","overlay-type":"","overlay-color":"","overlay-opacity":"","overlay-gradient":""},"tablet":{"background-color":"","background-image":"","background-repeat":"repeat","background-position":"center center","background-size":"auto","background-attachment":"scroll","background-type":"","background-media":"","overlay-type":"","overlay-color":"","overlay-opacity":"","overlay-gradient":""},"mobile":{"background-color":"","background-image":"","background-repeat":"repeat","background-position":"center center","background-size":"auto","background-attachment":"scroll","background-type":"","background-media":"","overlay-type":"","overlay-color":"","overlay-opacity":"","overlay-gradient":""}},"ast-content-background-meta":{"desktop":{"background-color":"var(--ast-global-color-4)","background-image":"","background-repeat":"repeat","background-position":"center center","background-size":"auto","background-attachment":"scroll","background-type":"","background-media":"","overlay-type":"","overlay-color":"","overlay-opacity":"","overlay-gradient":""},"tablet":{"background-color":"var(--ast-global-color-4)","background-image":"","background-repeat":"repeat","background-position":"center center","background-size":"auto","background-attachment":"scroll","background-type":"","background-media":"","overlay-type":"","overlay-color":"","overlay-opacity":"","overlay-gradient":""},"mobile":{"background-color":"var(--ast-global-color-4)","background-image":"","background-repeat":"repeat","background-position":"center center","background-size":"auto","background-attachment":"scroll","background-type":"","background-media":"","overlay-type":"","overlay-color":"","overlay-opacity":"","overlay-gradient":""}}},"product_brand":[],"product_cat":[72,62,57,60],"product_tag":[229,228],"class_list":{"0":"post-5483","1":"product","2":"type-product","3":"status-publish","4":"has-post-thumbnail","6":"product_cat-cosmetic-packaging","7":"product_cat-cosmetic-containers","8":"product_cat-essential-oil-bottles","9":"product_cat-roller-bottles","10":"product_tag-10ml-glass-roll-on-bottles-with-caps","11":"product_tag-roll-on-perfume-bottles","12":"desktop-align-left","13":"tablet-align-left","14":"mobile-align-left","16":"first","17":"instock","18":"shipping-taxable","19":"product-type-simple"},"acf":[],"jetpack_sharing_enabled":true,"_links":{"self":[{"href":"https:\/\/theperfumebottles.com\/hu\/wp-json\/wp\/v2\/product\/5483","targetHints":{"allow":["GET"]}}],"collection":[{"href":"https:\/\/theperfumebottles.com\/hu\/wp-json\/wp\/v2\/product"}],"about":[{"href":"https:\/\/theperfumebottles.com\/hu\/wp-json\/wp\/v2\/types\/product"}],"replies":[{"embeddable":true,"href":"https:\/\/theperfumebottles.com\/hu\/wp-json\/wp\/v2\/comments?post=5483"}],"wp:featuredmedia":[{"embeddable":true,"href":"https:\/\/theperfumebottles.com\/hu\/wp-json\/wp\/v2\/media\/5491"}],"wp:attachment":[{"href":"https:\/\/theperfumebottles.com\/hu\/wp-json\/wp\/v2\/media?parent=5483"}],"wp:term":[{"taxonomy":"product_brand","embeddable":true,"href":"https:\/\/theperfumebottles.com\/hu\/wp-json\/wp\/v2\/product_brand?post=5483"},{"taxonomy":"product_cat","embeddable":true,"href":"https:\/\/theperfumebottles.com\/hu\/wp-json\/wp\/v2\/product_cat?post=5483"},{"taxonomy":"product_tag","embeddable":true,"href":"https:\/\/theperfumebottles.com\/hu\/wp-json\/wp\/v2\/product_tag?post=5483"}],"curies":[{"name":"wp","href":"https:\/\/api.w.org\/{rel}","templated":true}]}}