{"id":5502,"date":"2025-08-12T18:03:13","date_gmt":"2025-08-12T10:03:13","guid":{"rendered":"https:\/\/theperfumebottles.com\/?post_type=product&#038;p=5502"},"modified":"2026-03-26T18:01:33","modified_gmt":"2026-03-26T10:01:33","slug":"matte-black-dropper-bottle-premium-essential-oil-glass-bottle","status":"publish","type":"product","link":"https:\/\/theperfumebottles.com\/hu\/termek\/matte-black-dropper-bottle-premium-essential-oil-glass-bottle\/","title":{"rendered":"Matt fekete cseppent\u0151 \u00fcveg | Pr\u00e9mium ill\u00f3olaj \u00fcveg"},"content":{"rendered":"<p>Ez a matt fekete cseppent\u0151s flakon egy 30 ml-es ill\u00f3olajat tartalmaz, puha \u00e9s letisztult szerkezettel, lapos v\u00e1llal, t\u00e9glalap alak\u00fa, lekerek\u00edtett \u00e9lekkel. A flakon puha tapint\u00e1s\u00fa matt fekete bevonattal rendelkezik, amely vizu\u00e1lisan puha tapint\u00e1s\u00fa, \u00e9s tov\u00e1bbi f\u00e9nyv\u00e9delmet biztos\u00edt az \u00e9rz\u00e9keny formul\u00e1knak.<\/p>\n<p>Egy feh\u00e9r gumig\u00f6mb\u00f6t \u00e9s egy \u00fcvegpipett\u00e1t tartalmaz\u00f3 cseppent\u0151egys\u00e9ggel egy\u00fctt haszn\u00e1lj\u00e1k, amely a pontos \u00e9s ellen\u0151rz\u00f6tt adagol\u00e1st teszi lehet\u0151v\u00e9. A gall\u00e9r f\u00e9mes fel\u00fclettel, p\u00e9ld\u00e1ul arany vagy ez\u00fcst sz\u00ednben kaphat\u00f3, ami eleg\u00e1ns kontrasztot ad a matt fel\u00fcletnek. Stabilit\u00e1s\u00e1t a sz\u00e9les talp \u00e9s a lapos panelek biztos\u00edtj\u00e1k, valamint rengeteg helyet biztos\u00edtanak a c\u00edmk\u00e9k \u00edr\u00e1s\u00e1hoz, ez\u00e9rt min\u0151s\u00e9gi b\u0151r\u00e1pol\u00e1si \u00e9s aromater\u00e1pi\u00e1s term\u00e9kek csomagol\u00e1s\u00e1ra is haszn\u00e1lhat\u00f3.<\/p>\n<h2>F\u0151bb specifik\u00e1ci\u00f3k<\/h2>\n<table style=\"border-collapse: collapse; margin-left: auto; margin-right: auto; width: 80%;\" border=\"0\" width=\"407\" cellspacing=\"0\" cellpadding=\"0\">\n<tbody>\n<tr style=\"height: 13.50pt;\">\n<td style=\"height: 13.50pt; width: 108.75pt;\" width=\"145\" height=\"18\">Jellemz\u0151<\/td>\n<td style=\"width: 196.50pt;\" width=\"262\">R\u00e9szlet<\/td>\n<\/tr>\n<tr style=\"height: 13.50pt;\">\n<td style=\"height: 13.50pt;\" height=\"18\">Kapacit\u00e1s<\/td>\n<td>30 ml<\/td>\n<\/tr>\n<tr style=\"height: 13.50pt;\">\n<td style=\"height: 13.50pt;\" height=\"18\">Anyag<\/td>\n<td>Kiv\u00e1l\u00f3 min\u0151s\u00e9g\u0171 \u00fcveg<\/td>\n<\/tr>\n<tr style=\"height: 13.50pt;\">\n<td style=\"height: 13.50pt;\" height=\"18\">Alak<\/td>\n<td>N\u00e9gyzet<\/td>\n<\/tr>\n<tr style=\"height: 13.50pt;\">\n<td style=\"height: 13.50pt;\" height=\"18\">Sz\u00edn<\/td>\n<td>Fekete (test), ez\u00fcst\/arany (fed\u00e9l)<\/td>\n<\/tr>\n<tr style=\"height: 13.50pt;\">\n<td style=\"height: 13.50pt;\" height=\"18\">Testreszab\u00e1s<\/td>\n<td>Log\u00f3, Fed\u00e9l sz\u00edne, Csomagol\u00e1s<\/td>\n<\/tr>\n<tr style=\"height: 13.50pt;\">\n<td style=\"height: 13.50pt;\" height=\"18\">Csomagol\u00e1s m\u00e9rete<\/td>\n<td>26 \u00d7 50 \u00d7 50 mm<\/td>\n<\/tr>\n<tr style=\"height: 13.50pt;\">\n<td style=\"height: 13.50pt;\" height=\"18\">Ide\u00e1lis<\/td>\n<td>Sz\u00e9rumok, test\u00e1pol\u00f3k, tinkt\u00far\u00e1k<\/td>\n<\/tr>\n<\/tbody>\n<\/table>\n<h2>Egy igazi siker<\/h2>\n<p>Egy francia b\u0151r\u00e1pol\u00e1si m\u00e1rka egy luxus arcolajat szeretett volna piacra dobni, de nem volt sz\u00fcks\u00e9g\u00fck \u00e1tl\u00e1tsz\u00f3 \u00fcvegcs\u00e9kben l\u00e9v\u0151 mint\u00e1kra. Valami mer\u00e9szt akartak, ami m\u00e1r a doboz kinyit\u00e1sa el\u0151tt luxus\u00e9rzetet ad a v\u00e1s\u00e1rl\u00f3knak. Egy 30 ml-es fekete t\u00e9glalap alak\u00fa \u00fcvegpalackot v\u00e1lasztottunk cseppent\u0151vel \u2013 arany kupakkal \u00e9s l\u00e9zergrav\u00edrozott log\u00f3val. A kontraszt m\u00e9gis helyt\u00e1ll\u00f3v\u00e1 v\u00e1lt: a fekete \u00fcvegben volt az olaj, a t\u00e9glalap alak\u00fa forma pedig kiemelkedett az Instagramon. 50 000 \u00fcveget rendeltek, \u00e9s az els\u0151 t\u00e9tel 3 h\u00e9ten bel\u00fcl elfogyott. Nem kell egy felt\u0171n\u0151 log\u00f3 ahhoz, hogy felhajt\u00e1st keltsen. Csak v\u00e1lassza ki a megfelel\u0151 nagykereskedelmi cseppent\u0151s \u00fcveg csomagol\u00e1st.<\/p>\n<h2>Szeretn\u00e9d testreszabni a term\u00e9kedet? Kezdd itt<\/h2>\n<ul>\n<li>Gondoljon a c\u00e9lk\u00f6z\u00f6ns\u00e9g\u00e9re. A tiszta sz\u00e9ps\u00e9get r\u00e9szes\u00edtik el\u0151nyben? V\u00e1lasszon ez\u00fcst sapk\u00e1t \u2013 egyszer\u0171t \u00e9s modernet. A luxust r\u00e9szes\u00edti el\u0151nyben? Az arany a \u201ek\u00e9nyeztet\u00e9st\u201d jelk\u00e9pezi. Egyik sem tetszik? Semmi gond. Csak tudassa vel\u00fcnk a k\u00edv\u00e1nt sz\u00ednt, \u00e9s mi figyelembe vessz\u00fck az \u00d6n preferenci\u00e1it.<\/li>\n<li>Szeretn\u00e9d, hogy a log\u00f3d el\u00f6l \u00e9s k\u00f6z\u00e9pen legyen? Marat\u00e1ssal, nyomtat\u00e1ssal vagy dombornyom\u00e1ssal k\u00f6zvetlen\u00fcl a palackra is r\u00e1nyomtathatjuk a log\u00f3dat. Nincs sz\u00fcks\u00e9g matric\u00e1kra. Nem kell leh\u00fazni.<\/li>\n<li>Ha a 30 ml-es \u0171rtartalom nem t\u00f6k\u00e9letes, az \u00fcvegpalackot a cseppent\u0151 m\u00e9ret\u00e9hez tudjuk igaz\u00edtani. Magasabbra vagy sz\u00e9lesebbre van sz\u00fcks\u00e9ge? Ig\u00e9ny\u00e9t is kiel\u00e9g\u00edtj\u00fck.<\/li>\n<\/ul>","protected":false},"excerpt":{"rendered":"<p>30 ml-es matt fekete cseppent\u0151s flakon UV-v\u00e9delemmel \u00e9s f\u00e9mgall\u00e9rral. Ide\u00e1lis ill\u00f3olajok, sz\u00e9rumok \u00e9s pr\u00e9mium b\u0151r\u00e1pol\u00e1si term\u00e9kek csomagol\u00e1s\u00e1hoz.<\/p>","protected":false},"featured_media":7479,"comment_status":"closed","ping_status":"closed","template":"","meta":{"_acf_changed":false,"site-sidebar-layout":"default","site-content-layout":"","ast-site-content-layout":"default","site-content-style":"default","site-sidebar-style":"default","ast-global-header-display":"","ast-banner-title-visibility":"","ast-main-header-display":"","ast-hfb-above-header-display":"","ast-hfb-below-header-display":"","ast-hfb-mobile-header-display":"","site-post-title":"","ast-breadcrumbs-content":"","ast-featured-img":"","footer-sml-layout":"","ast-disable-related-posts":"","theme-transparent-header-meta":"default","adv-header-id-meta":"","stick-header-meta":"","header-above-stick-meta":"","header-main-stick-meta":"","header-below-stick-meta":"","astra-migrate-meta-layouts":"set","ast-page-background-enabled":"default","ast-page-background-meta":{"desktop":{"background-color":"var(--ast-global-color-5)","background-image":"","background-repeat":"repeat","background-position":"center center","background-size":"auto","background-attachment":"scroll","background-type":"","background-media":"","overlay-type":"","overlay-color":"","overlay-opacity":"","overlay-gradient":""},"tablet":{"background-color":"","background-image":"","background-repeat":"repeat","background-position":"center center","background-size":"auto","background-attachment":"scroll","background-type":"","background-media":"","overlay-type":"","overlay-color":"","overlay-opacity":"","overlay-gradient":""},"mobile":{"background-color":"","background-image":"","background-repeat":"repeat","background-position":"center center","background-size":"auto","background-attachment":"scroll","background-type":"","background-media":"","overlay-type":"","overlay-color":"","overlay-opacity":"","overlay-gradient":""}},"ast-content-background-meta":{"desktop":{"background-color":"var(--ast-global-color-4)","background-image":"","background-repeat":"repeat","background-position":"center center","background-size":"auto","background-attachment":"scroll","background-type":"","background-media":"","overlay-type":"","overlay-color":"","overlay-opacity":"","overlay-gradient":""},"tablet":{"background-color":"var(--ast-global-color-4)","background-image":"","background-repeat":"repeat","background-position":"center center","background-size":"auto","background-attachment":"scroll","background-type":"","background-media":"","overlay-type":"","overlay-color":"","overlay-opacity":"","overlay-gradient":""},"mobile":{"background-color":"var(--ast-global-color-4)","background-image":"","background-repeat":"repeat","background-position":"center center","background-size":"auto","background-attachment":"scroll","background-type":"","background-media":"","overlay-type":"","overlay-color":"","overlay-opacity":"","overlay-gradient":""}}},"product_brand":[],"product_cat":[59,62,72,57],"product_tag":[190,204],"class_list":{"0":"post-5502","1":"product","2":"type-product","3":"status-publish","4":"has-post-thumbnail","6":"product_cat-glass-dropper-bottles","7":"product_cat-cosmetic-containers","8":"product_cat-cosmetic-packaging","9":"product_cat-essential-oil-bottles","10":"product_tag-cosmetic-pots-with-lids","11":"product_tag-frosted-cosmetic-jars","12":"desktop-align-left","13":"tablet-align-left","14":"mobile-align-left","16":"first","17":"instock","18":"shipping-taxable","19":"product-type-simple"},"acf":[],"jetpack_sharing_enabled":true,"_links":{"self":[{"href":"https:\/\/theperfumebottles.com\/hu\/wp-json\/wp\/v2\/product\/5502","targetHints":{"allow":["GET"]}}],"collection":[{"href":"https:\/\/theperfumebottles.com\/hu\/wp-json\/wp\/v2\/product"}],"about":[{"href":"https:\/\/theperfumebottles.com\/hu\/wp-json\/wp\/v2\/types\/product"}],"replies":[{"embeddable":true,"href":"https:\/\/theperfumebottles.com\/hu\/wp-json\/wp\/v2\/comments?post=5502"}],"wp:featuredmedia":[{"embeddable":true,"href":"https:\/\/theperfumebottles.com\/hu\/wp-json\/wp\/v2\/media\/7479"}],"wp:attachment":[{"href":"https:\/\/theperfumebottles.com\/hu\/wp-json\/wp\/v2\/media?parent=5502"}],"wp:term":[{"taxonomy":"product_brand","embeddable":true,"href":"https:\/\/theperfumebottles.com\/hu\/wp-json\/wp\/v2\/product_brand?post=5502"},{"taxonomy":"product_cat","embeddable":true,"href":"https:\/\/theperfumebottles.com\/hu\/wp-json\/wp\/v2\/product_cat?post=5502"},{"taxonomy":"product_tag","embeddable":true,"href":"https:\/\/theperfumebottles.com\/hu\/wp-json\/wp\/v2\/product_tag?post=5502"}],"curies":[{"name":"wp","href":"https:\/\/api.w.org\/{rel}","templated":true}]}}