{"id":5541,"date":"2025-08-12T18:21:41","date_gmt":"2025-08-12T10:21:41","guid":{"rendered":"https:\/\/theperfumebottles.com\/?post_type=product&#038;p=5541"},"modified":"2025-08-12T18:21:43","modified_gmt":"2025-08-12T10:21:43","slug":"gradient-glass-roller-ball-perfume-bottle-for-10ml-cosmetic-packaging","status":"publish","type":"product","link":"https:\/\/theperfumebottles.com\/hu\/termek\/gradient-glass-roller-ball-perfume-bottle-for-10ml-cosmetic-packaging\/","title":{"rendered":"Sz\u00edn\u00e1tmenetes \u00fcveg g\u00f6rg\u0151s goly\u00f3s parf\u00fcm\u00f6s \u00fcveg 10 ml-es kozmetikai csomagol\u00e1shoz"},"content":{"rendered":"<p>G\u00f6rg\u0151s goly\u00f3s parf\u00fcm\u00f6s \u00fcvegekre van sz\u00fcks\u00e9ged, amelyek felkeltik a tekinteteket? \u00dcres \u00fcveg roll-on \u00fcvegeink az \u00e9l\u00e9nk sz\u00edn\u00e1tmeneteket eleg\u00e1ns diz\u00e1jnnal \u00f6tv\u00f6zik \u2013 t\u00f6k\u00e9letesek a luxus\u00e9lm\u00e9nyt ny\u00fajt\u00f3 kozmetikai tart\u00e1lyokhoz.<\/p>\n<h2><strong data-spm-anchor-id=\"5176.28103460.0.i10.29ab1db8eyWSuz\">F\u0151bb specifik\u00e1ci\u00f3k<\/strong><\/h2>\n<p>&nbsp;<\/p>\n<table style=\"border-collapse: collapse; width: 80%; margin-left: auto; margin-right: auto;\" border=\"0\" width=\"144\" cellspacing=\"0\" cellpadding=\"0\">\n<tbody>\n<tr style=\"height: 13.50pt;\">\n<td style=\"height: 13.50pt; width: 54.00pt;\" width=\"72\" height=\"18\">Jellemz\u0151<\/td>\n<td style=\"width: 54.00pt;\" width=\"72\">R\u00e9szletek<\/td>\n<\/tr>\n<tr style=\"height: 13.50pt;\">\n<td style=\"height: 13.50pt;\" height=\"18\">Kapacit\u00e1s<\/td>\n<td>10 ml<\/td>\n<\/tr>\n<tr style=\"height: 13.50pt;\">\n<td style=\"height: 13.50pt;\" height=\"18\">Alak<\/td>\n<td>Kerek<\/td>\n<\/tr>\n<tr style=\"height: 13.50pt;\">\n<td style=\"height: 13.50pt;\" height=\"18\">Sz\u00edn<\/td>\n<td>Sziv\u00e1rv\u00e1ny sz\u00edn\u00e1tmenet<\/td>\n<\/tr>\n<tr style=\"height: 13.50pt;\">\n<td style=\"height: 13.50pt;\" height=\"18\">Fel\u00fcleti nyomtat\u00e1s<\/td>\n<td>Szitanyom\u00e1s (log\u00f3\/sz\u00f6veg)<\/td>\n<\/tr>\n<\/tbody>\n<\/table>\n<h2>M\u00e1rka\u00e9p\u00edt\u00e9si \u00f6tletek<\/h2>\n<ul>\n<li><strong>Sz\u00ednpszichol\u00f3gia:<\/strong> \u00c9l\u00e9nk pomp\u00e1j\u00fa csomagol\u00e1shoz haszn\u00e1lj lila-s\u00e1rga sz\u00edn\u00e1tmeneteket, vagy ig\u00e9nyes kozmetikai vonalakhoz k\u00e9k-lil\u00e1t.<\/li>\n<li><strong>Technikai csavar:<\/strong> Interakt\u00edv sz\u00e9ps\u00e9g\u00e1pol\u00e1si csomagol\u00e1shoz grav\u00edrozott log\u00f3kat vagy QR-k\u00f3dokat helyezhet a kupakra \u2013 a v\u00e1s\u00e1rl\u00f3k tesztelhetik a term\u00e9keket bemutat\u00f3 vide\u00f3kat.<\/li>\n<\/ul>","protected":false},"excerpt":{"rendered":"<p>Dobd fel sz\u00e9ps\u00e9g\u00e1pol\u00e1si csomagol\u00e1sodat ezzel a roll-on goly\u00f3s parf\u00fcm\u00f6s flakonnal. Ide\u00e1lis b\u0151r\u00e1pol\u00e1shoz, finom permet\u0171 parf\u00fcm\u00f6kh\u00f6z \u00e9s kozmetikai csomagol\u00f3anyagokhoz.<\/p>","protected":false},"featured_media":5546,"comment_status":"open","ping_status":"closed","template":"","meta":{"_acf_changed":false,"site-sidebar-layout":"default","site-content-layout":"","ast-site-content-layout":"default","site-content-style":"default","site-sidebar-style":"default","ast-global-header-display":"","ast-banner-title-visibility":"","ast-main-header-display":"","ast-hfb-above-header-display":"","ast-hfb-below-header-display":"","ast-hfb-mobile-header-display":"","site-post-title":"","ast-breadcrumbs-content":"","ast-featured-img":"","footer-sml-layout":"","ast-disable-related-posts":"","theme-transparent-header-meta":"default","adv-header-id-meta":"","stick-header-meta":"","header-above-stick-meta":"","header-main-stick-meta":"","header-below-stick-meta":"","astra-migrate-meta-layouts":"set","ast-page-background-enabled":"default","ast-page-background-meta":{"desktop":{"background-color":"var(--ast-global-color-5)","background-image":"","background-repeat":"repeat","background-position":"center center","background-size":"auto","background-attachment":"scroll","background-type":"","background-media":"","overlay-type":"","overlay-color":"","overlay-opacity":"","overlay-gradient":""},"tablet":{"background-color":"","background-image":"","background-repeat":"repeat","background-position":"center center","background-size":"auto","background-attachment":"scroll","background-type":"","background-media":"","overlay-type":"","overlay-color":"","overlay-opacity":"","overlay-gradient":""},"mobile":{"background-color":"","background-image":"","background-repeat":"repeat","background-position":"center center","background-size":"auto","background-attachment":"scroll","background-type":"","background-media":"","overlay-type":"","overlay-color":"","overlay-opacity":"","overlay-gradient":""}},"ast-content-background-meta":{"desktop":{"background-color":"var(--ast-global-color-4)","background-image":"","background-repeat":"repeat","background-position":"center center","background-size":"auto","background-attachment":"scroll","background-type":"","background-media":"","overlay-type":"","overlay-color":"","overlay-opacity":"","overlay-gradient":""},"tablet":{"background-color":"var(--ast-global-color-4)","background-image":"","background-repeat":"repeat","background-position":"center center","background-size":"auto","background-attachment":"scroll","background-type":"","background-media":"","overlay-type":"","overlay-color":"","overlay-opacity":"","overlay-gradient":""},"mobile":{"background-color":"var(--ast-global-color-4)","background-image":"","background-repeat":"repeat","background-position":"center center","background-size":"auto","background-attachment":"scroll","background-type":"","background-media":"","overlay-type":"","overlay-color":"","overlay-opacity":"","overlay-gradient":""}}},"product_brand":[],"product_cat":[72,62,57,60],"product_tag":[233,232],"class_list":{"0":"post-5541","1":"product","2":"type-product","3":"status-publish","4":"has-post-thumbnail","6":"product_cat-cosmetic-packaging","7":"product_cat-cosmetic-containers","8":"product_cat-essential-oil-bottles","9":"product_cat-roller-bottles","10":"product_tag-empty-glass-roll-on-bottles","11":"product_tag-roller-ball-perfume-bottle","12":"desktop-align-left","13":"tablet-align-left","14":"mobile-align-left","16":"first","17":"instock","18":"shipping-taxable","19":"product-type-simple"},"acf":[],"jetpack_sharing_enabled":true,"_links":{"self":[{"href":"https:\/\/theperfumebottles.com\/hu\/wp-json\/wp\/v2\/product\/5541","targetHints":{"allow":["GET"]}}],"collection":[{"href":"https:\/\/theperfumebottles.com\/hu\/wp-json\/wp\/v2\/product"}],"about":[{"href":"https:\/\/theperfumebottles.com\/hu\/wp-json\/wp\/v2\/types\/product"}],"replies":[{"embeddable":true,"href":"https:\/\/theperfumebottles.com\/hu\/wp-json\/wp\/v2\/comments?post=5541"}],"wp:featuredmedia":[{"embeddable":true,"href":"https:\/\/theperfumebottles.com\/hu\/wp-json\/wp\/v2\/media\/5546"}],"wp:attachment":[{"href":"https:\/\/theperfumebottles.com\/hu\/wp-json\/wp\/v2\/media?parent=5541"}],"wp:term":[{"taxonomy":"product_brand","embeddable":true,"href":"https:\/\/theperfumebottles.com\/hu\/wp-json\/wp\/v2\/product_brand?post=5541"},{"taxonomy":"product_cat","embeddable":true,"href":"https:\/\/theperfumebottles.com\/hu\/wp-json\/wp\/v2\/product_cat?post=5541"},{"taxonomy":"product_tag","embeddable":true,"href":"https:\/\/theperfumebottles.com\/hu\/wp-json\/wp\/v2\/product_tag?post=5541"}],"curies":[{"name":"wp","href":"https:\/\/api.w.org\/{rel}","templated":true}]}}