{"id":5550,"date":"2025-08-12T18:02:21","date_gmt":"2025-08-12T10:02:21","guid":{"rendered":"https:\/\/theperfumebottles.com\/?post_type=product&#038;p=5550"},"modified":"2026-03-30T17:01:35","modified_gmt":"2026-03-30T09:01:35","slug":"bamboo-dropper-bottles-wholesale-dropper-glass-bottles","status":"publish","type":"product","link":"https:\/\/theperfumebottles.com\/hu\/termek\/bamboo-dropper-bottles-wholesale-dropper-glass-bottles\/","title":{"rendered":"Bambusz cseppent\u0151s \u00fcvegek nagykereskedelme \u2013 cseppent\u0151s \u00fcvegpalackok 10ml\u201350ml"},"content":{"rendered":"<p>Ez a bambusz cseppent\u0151s flakonsorozat term\u00e9szetes bambusz k\u00fcls\u0151 h\u00e9jjal \u00e9s bels\u0151 cseppent\u0151s \u00fcvegpalackkal rendelkezik, amely v\u00e9delmet \u00e9s pr\u00e9mium eszt\u00e9tik\u00e1t biztos\u00edt. A homlokzatot egy eleg\u00e1ns, hengeres \u00e9s szabadon \u00e1ll\u00f3 bambusz szerkezet jellemzi, amely kellemes, organikus \u00e9rzetet k\u00f6lcs\u00f6n\u00f6z, \u00e9s \u00f6sszhangban van a k\u00f6rnyezetbar\u00e1t m\u00e1rkajelz\u00e9ssel. Minden flakonhoz prec\u00edzi\u00f3s \u00fcvegpipetta csatlakoztathat\u00f3 (csavaros kupakos cseppent\u0151, k\u00fcl\u00f6nb\u00f6z\u0151 kivitelben, fekete vagy feh\u00e9r gumib\u00far\u00e1val). 10 ml-t\u0151l 50 ml-ig terjed\u0151 t\u00e9rfogattal rendelkezik, hasonl\u00f3 kialak\u00edt\u00e1s\u00fa, hogy k\u00fcl\u00f6nb\u00f6z\u0151 m\u00e9retekhez illeszkedjen, \u00edgy a kiskereskedelmi displayeken is kompatibilis term\u00e9kcsal\u00e1dot alkot.<\/p>\n<h2>F\u0151bb specifik\u00e1ci\u00f3k<\/h2>\n<table style=\"border-collapse: collapse; margin-left: auto; margin-right: auto; width: 80%;\" border=\"0\" width=\"411\" cellspacing=\"0\" cellpadding=\"0\">\n<tbody>\n<tr style=\"height: 13.50pt;\">\n<td style=\"height: 13.50pt; width: 107.25pt;\" width=\"143\" height=\"18\">Jellemz\u0151<\/td>\n<td style=\"width: 201.00pt;\" width=\"268\">R\u00e9szlet<\/td>\n<\/tr>\n<tr style=\"height: 13.50pt;\">\n<td style=\"height: 13.50pt;\" height=\"18\">Kapacit\u00e1s<\/td>\n<td>10 ml, 15 ml, 20 ml, 30 ml, 50 ml, 100 ml<\/td>\n<\/tr>\n<tr style=\"height: 13.50pt;\">\n<td style=\"height: 13.50pt;\" height=\"18\">Anyag<\/td>\n<td>Barna sz\u00f3da-m\u00e9sz \u00fcveg<\/td>\n<\/tr>\n<tr style=\"height: 13.50pt;\">\n<td style=\"height: 13.50pt;\" height=\"18\">Gy\u00e1rt\u00e1si folyamat<\/td>\n<td>G\u00e9pi f\u00fav\u00e1ssal<\/td>\n<\/tr>\n<tr style=\"height: 13.50pt;\">\n<td style=\"height: 13.50pt;\" height=\"18\">Alak<\/td>\n<td>Hengeres<\/td>\n<\/tr>\n<tr style=\"height: 13.50pt;\">\n<td style=\"height: 13.50pt;\" height=\"18\">Fel\u00fcletkezel\u00e9si lehet\u0151s\u00e9gek<\/td>\n<td>L\u00e9zergrav\u00edroz\u00e1s<\/td>\n<\/tr>\n<tr style=\"height: 13.50pt;\">\n<td style=\"height: 13.50pt;\" height=\"18\">Cseppent\u0151 hegy<\/td>\n<td>bambusz cseppent\u0151 fekete\/feh\u00e9r sz\u00ednben<\/td>\n<\/tr>\n<tr style=\"height: 13.50pt;\">\n<td style=\"height: 13.50pt;\" height=\"18\">Legjobb felhaszn\u00e1l\u00e1si eset<\/td>\n<td>B\u0151r\u00e1pol\u00e1s, Wellness<\/td>\n<\/tr>\n<\/tbody>\n<\/table>\n<h2>Alkalmaz\u00e1sok<\/h2>\n<p>Ezeket a cseppent\u0151s \u00fcvegpalackokat sz\u00e9les k\u00f6rben haszn\u00e1lj\u00e1k ill\u00f3olajok, sz\u00e9rumok, CBD olajok, gy\u00f3gyn\u00f6v\u00e9nykivonatok \u00e9s m\u00e1s, szab\u00e1lyozott adagol\u00e1st ig\u00e9nyl\u0151 foly\u00e9kony k\u00e9sz\u00edtm\u00e9nyek adagol\u00e1s\u00e1hoz. A bels\u0151 \u00fcvegtart\u00e1ly biztos\u00edtja a k\u00e9miai stabilit\u00e1st \u00e9s a k\u00e9nyes k\u00e9sz\u00edtm\u00e9nyekkel val\u00f3 kompatibilit\u00e1st, a bambusz k\u00fcls\u0151 pedig nagyobb term\u00e9kdifferenci\u00e1l\u00e1st tesz lehet\u0151v\u00e9 a pr\u00e9mium \u00e9s term\u00e9szetes term\u00e9kek piac\u00e1n.<\/p>\n<h2>Val\u00f3di siker: Az \u00f6tlett\u0151l a polcig 6 h\u00e9t alatt<\/h2>\n<p>Egy eur\u00f3pai b\u0151r\u00e1pol\u00e1si c\u00e9gnek nagykereskedelmi \u00e1ron kellett \u00fcres cseppent\u0151s flakonokra p\u00e1ly\u00e1znia a bio arcsz\u00e9rum term\u00e9kcsal\u00e1dj\u00e1hoz. Valami k\u00f6rnyezetbar\u00e1t, m\u00e9gis luxusterm\u00e9ket szerettek volna. Mi a bambuszbor\u00edt\u00e1s\u00fa, 30 ml-es cseppent\u0151s \u00fcveg flakonjainkat javasoltuk matt fekete kupakkal. A kupak cseppent\u0151 \u00e1raml\u00e1s\u00e1t finomabb szab\u00e1lyoz\u00e1s \u00e9rdek\u00e9ben \u00e1ll\u00edtottuk be \u2013 ide\u00e1lis a sz\u00e9rumok sz\u00e1m\u00e1ra. Kevesebb mint k\u00e9t h\u00f3nap alatt 10 000 darabbal dobt\u00e1k piacra a term\u00e9ket. V\u00e1s\u00e1rl\u00f3ik \u00e1radoztak a \u201espa-szer\u0171 kicsomagol\u00e1sr\u00f3l\u201d.<\/p>\n<h2>Szeretn\u00e9d testre szabni a saj\u00e1todat? \u00cdgy kezdheted el<\/h2>\n<ul>\n<li>El\u0151sz\u00f6r is gondold \u00e1t a folyad\u00e9kot. S\u0171r\u0171 olajr\u00f3l vagy k\u00f6nny\u0171 tinkt\u00far\u00e1r\u00f3l van sz\u00f3? Olajokhoz sz\u00e9lesebb cseppent\u0151 hegyet v\u00e1lassz. Prec\u00edzi\u00f3s sz\u00e9rumokhoz a v\u00e9konyabb hegy jobban m\u0171k\u00f6dik.<\/li>\n<li>Ezut\u00e1n v\u00e1laszd ki a mennyis\u00e9get. A legt\u00f6bb m\u00e1rka 30 ml-rel vagy 50 ml-rel kezdi \u2013 el\u00e9g nagy ahhoz, hogy b\u0151s\u00e9gesnek t\u0171nj\u00f6n, de el\u00e9g kicsi ahhoz, hogy friss maradjon.<\/li>\n<li>Szeretn\u00e9d, hogy a m\u00e1rk\u00e1d kit\u0171nj\u00f6n? L\u00e9zergrav\u00edrozzuk a log\u00f3dat a bambuszra, vagy egyedi sz\u00edn\u0171 kupakokat is hozz\u00e1adhatunk. M\u00e9g a doboz is hordozhatja a t\u00f6rt\u00e9netedet.<\/li>\n<\/ul>\n<p>\u00c9s igen \u2013 mindent mi int\u00e9z\u00fcnk. A cseppent\u0151s \u00fcvegpalackok m\u00e9ret\u00e9nek kiv\u00e1laszt\u00e1s\u00e1t\u00f3l kezdve az ide\u00e1lis cseppent\u0151s \u00fcvegpalackok csomagol\u00e1s\u00e1ig, mi seg\u00edt\u00fcnk.<\/p>","protected":false},"excerpt":{"rendered":"<p>Pr\u00e9mium min\u0151s\u00e9g\u0171 bambusz cseppent\u0151s \u00fcveg bels\u0151 \u00fcveggel. Ide\u00e1lis cseppent\u0151s \u00fcvegpalackok b\u0151r\u00e1pol\u00e1shoz \u00e9s olajokhoz. Nagykereskedelmi cseppent\u0151s \u00fcvegek kaphat\u00f3k egyedi m\u00e1rkajelz\u00e9ssel.<\/p>","protected":false},"featured_media":7505,"comment_status":"closed","ping_status":"closed","template":"","meta":{"_acf_changed":false,"site-sidebar-layout":"default","site-content-layout":"","ast-site-content-layout":"default","site-content-style":"default","site-sidebar-style":"default","ast-global-header-display":"","ast-banner-title-visibility":"","ast-main-header-display":"","ast-hfb-above-header-display":"","ast-hfb-below-header-display":"","ast-hfb-mobile-header-display":"","site-post-title":"","ast-breadcrumbs-content":"","ast-featured-img":"","footer-sml-layout":"","ast-disable-related-posts":"","theme-transparent-header-meta":"default","adv-header-id-meta":"","stick-header-meta":"","header-above-stick-meta":"","header-main-stick-meta":"","header-below-stick-meta":"","astra-migrate-meta-layouts":"set","ast-page-background-enabled":"default","ast-page-background-meta":{"desktop":{"background-color":"var(--ast-global-color-5)","background-image":"","background-repeat":"repeat","background-position":"center center","background-size":"auto","background-attachment":"scroll","background-type":"","background-media":"","overlay-type":"","overlay-color":"","overlay-opacity":"","overlay-gradient":""},"tablet":{"background-color":"","background-image":"","background-repeat":"repeat","background-position":"center center","background-size":"auto","background-attachment":"scroll","background-type":"","background-media":"","overlay-type":"","overlay-color":"","overlay-opacity":"","overlay-gradient":""},"mobile":{"background-color":"","background-image":"","background-repeat":"repeat","background-position":"center center","background-size":"auto","background-attachment":"scroll","background-type":"","background-media":"","overlay-type":"","overlay-color":"","overlay-opacity":"","overlay-gradient":""}},"ast-content-background-meta":{"desktop":{"background-color":"var(--ast-global-color-4)","background-image":"","background-repeat":"repeat","background-position":"center center","background-size":"auto","background-attachment":"scroll","background-type":"","background-media":"","overlay-type":"","overlay-color":"","overlay-opacity":"","overlay-gradient":""},"tablet":{"background-color":"var(--ast-global-color-4)","background-image":"","background-repeat":"repeat","background-position":"center center","background-size":"auto","background-attachment":"scroll","background-type":"","background-media":"","overlay-type":"","overlay-color":"","overlay-opacity":"","overlay-gradient":""},"mobile":{"background-color":"var(--ast-global-color-4)","background-image":"","background-repeat":"repeat","background-position":"center center","background-size":"auto","background-attachment":"scroll","background-type":"","background-media":"","overlay-type":"","overlay-color":"","overlay-opacity":"","overlay-gradient":""}}},"product_brand":[],"product_cat":[59,62,72,57],"product_tag":[190,204],"class_list":{"0":"post-5550","1":"product","2":"type-product","3":"status-publish","4":"has-post-thumbnail","6":"product_cat-glass-dropper-bottles","7":"product_cat-cosmetic-containers","8":"product_cat-cosmetic-packaging","9":"product_cat-essential-oil-bottles","10":"product_tag-cosmetic-pots-with-lids","11":"product_tag-frosted-cosmetic-jars","12":"desktop-align-left","13":"tablet-align-left","14":"mobile-align-left","16":"first","17":"instock","18":"shipping-taxable","19":"product-type-simple"},"acf":[],"jetpack_sharing_enabled":true,"_links":{"self":[{"href":"https:\/\/theperfumebottles.com\/hu\/wp-json\/wp\/v2\/product\/5550","targetHints":{"allow":["GET"]}}],"collection":[{"href":"https:\/\/theperfumebottles.com\/hu\/wp-json\/wp\/v2\/product"}],"about":[{"href":"https:\/\/theperfumebottles.com\/hu\/wp-json\/wp\/v2\/types\/product"}],"replies":[{"embeddable":true,"href":"https:\/\/theperfumebottles.com\/hu\/wp-json\/wp\/v2\/comments?post=5550"}],"wp:featuredmedia":[{"embeddable":true,"href":"https:\/\/theperfumebottles.com\/hu\/wp-json\/wp\/v2\/media\/7505"}],"wp:attachment":[{"href":"https:\/\/theperfumebottles.com\/hu\/wp-json\/wp\/v2\/media?parent=5550"}],"wp:term":[{"taxonomy":"product_brand","embeddable":true,"href":"https:\/\/theperfumebottles.com\/hu\/wp-json\/wp\/v2\/product_brand?post=5550"},{"taxonomy":"product_cat","embeddable":true,"href":"https:\/\/theperfumebottles.com\/hu\/wp-json\/wp\/v2\/product_cat?post=5550"},{"taxonomy":"product_tag","embeddable":true,"href":"https:\/\/theperfumebottles.com\/hu\/wp-json\/wp\/v2\/product_tag?post=5550"}],"curies":[{"name":"wp","href":"https:\/\/api.w.org\/{rel}","templated":true}]}}