{"id":5606,"date":"2025-08-13T18:02:24","date_gmt":"2025-08-13T10:02:24","guid":{"rendered":"https:\/\/theperfumebottles.com\/?post_type=product&#038;p=5606"},"modified":"2026-03-26T17:26:36","modified_gmt":"2026-03-26T09:26:36","slug":"custom-glass-serum-bottles-clear-bottle-with-glass-dropper","status":"publish","type":"product","link":"https:\/\/theperfumebottles.com\/hu\/termek\/custom-glass-serum-bottles-clear-bottle-with-glass-dropper\/","title":{"rendered":"Egyedi \u00fcveg sz\u00e9rumpalackok | \u00c1tl\u00e1tsz\u00f3 \u00fcveg \u00fcveg cseppent\u0151vel 15ml 30ml"},"content":{"rendered":"<p>Ezek az \u00fcveg sz\u00e9rumpalackok ill\u00f3olajos palackokban kaphat\u00f3k, \u00e1tl\u00e1tsz\u00f3, lekerek\u00edtett \u00fcveg testtel, kupola alak\u00faak \u00e9s vastag, stabil talppal. A benn\u00fck l\u00e9v\u0151 folyad\u00e9kot kiemeli a tiszta, sima fel\u00fclet, ez\u00e9rt alkalmas a kiv\u00e1l\u00f3 min\u0151s\u00e9g\u0171 k\u00e9sz\u00edtm\u00e9nyekhez. A palack tetej\u00e9n egy cseppent\u0151 tal\u00e1lhat\u00f3, amely puha feh\u00e9r gumib\u00f3l \u00e9s egyenes \u00fcvegpipett\u00e1b\u00f3l k\u00e9sz\u00fclt, amely pontosan adagolja a tartalmat. A gy\u0171r\u0171 f\u00e9mes fel\u00fclettel, p\u00e9ld\u00e1ul arany \u00e9s ez\u00fcst sz\u00ednben kaphat\u00f3, \u00e9s textur\u00e1lt r\u00e9szletekkel rendelkezik, amelyek eleg\u00e1ns kontrasztot biztos\u00edtanak a k\u00e9pnek. Mind a 15 ml-es, mind a 30 ml-es m\u00e9ret kis m\u00e9rete \u00fagy lett kialak\u00edtva, hogy kiegyens\u00falyozott \u00e9s eleg\u00e1ns megjelen\u00e9st biztos\u00edtson, ugyanakkor hordozhat\u00f3 is legyen.<\/p>\n<h2>F\u0151bb specifik\u00e1ci\u00f3k<\/h2>\n<table style=\"border-collapse: collapse; margin-left: auto; margin-right: auto; width: 80%;\" border=\"0\" width=\"812\" cellspacing=\"0\" cellpadding=\"0\">\n<tbody>\n<tr style=\"height: 13.50pt;\">\n<td style=\"height: 13.50pt; width: 136.50pt;\" width=\"182\" height=\"18\">Jellemz\u0151<\/td>\n<td style=\"width: 472.50pt;\" width=\"630\">R\u00e9szletek<\/td>\n<\/tr>\n<tr style=\"height: 13.50pt;\">\n<td style=\"height: 13.50pt;\" height=\"18\">El\u00e9rhet\u0151 kapacit\u00e1sok<\/td>\n<td>15 ml, 30 ml<\/td>\n<\/tr>\n<tr style=\"height: 13.50pt;\">\n<td style=\"height: 13.50pt;\" height=\"18\">Anyag<\/td>\n<td>Kiv\u00e1l\u00f3 min\u0151s\u00e9g\u0171 \u00fcveg (\u00e1tl\u00e1tsz\u00f3, pr\u00e9mium \u00e1tl\u00e1tsz\u00f3s\u00e1g)<\/td>\n<\/tr>\n<tr style=\"height: 13.50pt;\">\n<td style=\"height: 13.50pt;\" height=\"18\">Sz\u00ednbe\u00e1ll\u00edt\u00e1sok<\/td>\n<td>Standard \u00e1tl\u00e1tsz\u00f3; testreszabhat\u00f3 (pl. matt, sz\u00ednezett)<\/td>\n<\/tr>\n<tr style=\"height: 13.50pt;\">\n<td style=\"height: 13.50pt;\" height=\"18\">Palack alakja<\/td>\n<td>Sz\u00e9les talp\u00fa, r\u00f6vid nyak\u00fa, lekerek\u00edtett kialak\u00edt\u00e1s \u2013 stabilit\u00e1st \u00e9s eleg\u00e1ns profilt k\u00edn\u00e1l<\/td>\n<\/tr>\n<tr style=\"height: 13.50pt;\">\n<td style=\"height: 13.50pt;\" height=\"18\">Ide\u00e1lis<\/td>\n<td>Gy\u00f3gyn\u00f6v\u00e9ny tinkt\u00far\u00e1k Ill\u00f3olajok, arcsz\u00e9rumok \u00e9s b\u0151r\u00e1pol\u00e1s<\/td>\n<\/tr>\n<\/tbody>\n<\/table>\n<h2>Sikert\u00f6rt\u00e9net<\/h2>\n<p>Egy gy\u00f3gyn\u00f6v\u00e9nykivonatokat forgalmaz\u00f3 c\u00e9g az elm\u00falt \u00e9vben erre az \u00fcvegcseppentet\u0151vel ell\u00e1tott \u00fcvegre v\u00e1ltott nagykereskedelmi term\u00e9kcsal\u00e1dj\u00e1ban. Im\u00e1dt\u00e1k a letisztult kialak\u00edt\u00e1st, amely nemcsak a term\u00e9k gy\u00f3gyn\u00f6v\u00e9nyes sz\u00edn\u00e9t emeli ki, hanem a sziv\u00e1rg\u00e1smentes pecs\u00e9tet is, amely garant\u00e1lja a term\u00e9k \u00e9ps\u00e9g\u00e9t. H\u00e1rom h\u00f3napon bel\u00fcl 20%-os n\u00f6veked\u00e9st tapasztaltak az ism\u00e9telt v\u00e1s\u00e1rl\u00e1sok sz\u00e1m\u00e1ban, \u00e9s \u00fcgyfeleiknek is tetszett a jobb min\u0151s\u00e9g.<\/p>\n<h2>Testreszab\u00e1si tippek<\/h2>\n<p>Szeretn\u00e9d a legt\u00f6bbet kihozni az \u00fcveged\u00e9nyeidb\u0151l \u00fcvegcsepp-rendel\u00e9sekkel? Pr\u00f3b\u00e1ld ki ezeket a tippeket:<\/p>\n<ul>\n<li>F\u00e9ny\u00e9rz\u00e9keny formul\u00e1khoz matt \u00fcvegpalackokat haszn\u00e1lj. V\u00e9delmet ny\u00fajt, \u00e9s l\u00e1gy, eleg\u00e1ns megjelen\u00e9st k\u00f6lcs\u00f6n\u00f6z.<\/li>\n<li>Cser\u00e9ld le a textur\u00e1lt f\u00e9mkupakodat matt vagy sz\u00e1lcsiszolt fel\u00fcletre, hogy kieg\u00e9sz\u00edtsd luxus b\u0151r\u00e1pol\u00e1si term\u00e9kcsal\u00e1dodat.<\/li>\n<li>Tov\u00e1bbi fel\u00fcletkezel\u00e9sekhez melegnyom\u00e1st, szitanyom\u00e1st, bevonatol\u00e1st \u00e9s egyebeket k\u00edn\u00e1lunk.<\/li>\n<\/ul>\n<p>K\u00e9szen \u00e1ll arra, hogy megb\u00edzhat\u00f3 \u00fcvegpalackokat tal\u00e1ljon sz\u00e9les sz\u00ednv\u00e1laszt\u00e9kkal \u00e9s gyors sz\u00e1ll\u00edt\u00e1ssal? L\u00e9pjen kapcsolatba vel\u00fcnk. Seg\u00edt\u00fcnk a B2B v\u00e1s\u00e1rl\u00f3knak er\u0151s, k\u00f6vetkezetes term\u00e9kcsal\u00e1dok ki\u00e9p\u00edt\u00e9s\u00e9ben \u2013 minden alkalommal.<\/p>","protected":false},"excerpt":{"rendered":"<p>\u00c1tl\u00e1tsz\u00f3 15 ml-es \u00e9s 30 ml-es ill\u00f3olaj cseppent\u0151 flakonok \u00fcveg pipett\u00e1val \u00e9s f\u00e9m gall\u00e9rral. Ide\u00e1lis \u00fcveg sz\u00e9rum flakonok b\u0151r\u00e1pol\u00e1si \u00e9s aromater\u00e1pi\u00e1s m\u00e1rk\u00e1khoz.<\/p>","protected":false},"featured_media":5607,"comment_status":"closed","ping_status":"closed","template":"","meta":{"_acf_changed":false,"site-sidebar-layout":"default","site-content-layout":"","ast-site-content-layout":"default","site-content-style":"default","site-sidebar-style":"default","ast-global-header-display":"","ast-banner-title-visibility":"","ast-main-header-display":"","ast-hfb-above-header-display":"","ast-hfb-below-header-display":"","ast-hfb-mobile-header-display":"","site-post-title":"","ast-breadcrumbs-content":"","ast-featured-img":"","footer-sml-layout":"","ast-disable-related-posts":"","theme-transparent-header-meta":"default","adv-header-id-meta":"","stick-header-meta":"","header-above-stick-meta":"","header-main-stick-meta":"","header-below-stick-meta":"","astra-migrate-meta-layouts":"set","ast-page-background-enabled":"default","ast-page-background-meta":{"desktop":{"background-color":"var(--ast-global-color-5)","background-image":"","background-repeat":"repeat","background-position":"center center","background-size":"auto","background-attachment":"scroll","background-type":"","background-media":"","overlay-type":"","overlay-color":"","overlay-opacity":"","overlay-gradient":""},"tablet":{"background-color":"","background-image":"","background-repeat":"repeat","background-position":"center center","background-size":"auto","background-attachment":"scroll","background-type":"","background-media":"","overlay-type":"","overlay-color":"","overlay-opacity":"","overlay-gradient":""},"mobile":{"background-color":"","background-image":"","background-repeat":"repeat","background-position":"center center","background-size":"auto","background-attachment":"scroll","background-type":"","background-media":"","overlay-type":"","overlay-color":"","overlay-opacity":"","overlay-gradient":""}},"ast-content-background-meta":{"desktop":{"background-color":"var(--ast-global-color-4)","background-image":"","background-repeat":"repeat","background-position":"center center","background-size":"auto","background-attachment":"scroll","background-type":"","background-media":"","overlay-type":"","overlay-color":"","overlay-opacity":"","overlay-gradient":""},"tablet":{"background-color":"var(--ast-global-color-4)","background-image":"","background-repeat":"repeat","background-position":"center center","background-size":"auto","background-attachment":"scroll","background-type":"","background-media":"","overlay-type":"","overlay-color":"","overlay-opacity":"","overlay-gradient":""},"mobile":{"background-color":"var(--ast-global-color-4)","background-image":"","background-repeat":"repeat","background-position":"center center","background-size":"auto","background-attachment":"scroll","background-type":"","background-media":"","overlay-type":"","overlay-color":"","overlay-opacity":"","overlay-gradient":""}}},"product_brand":[],"product_cat":[59,62,72,57],"product_tag":[190,204],"class_list":{"0":"post-5606","1":"product","2":"type-product","3":"status-publish","4":"has-post-thumbnail","6":"product_cat-glass-dropper-bottles","7":"product_cat-cosmetic-containers","8":"product_cat-cosmetic-packaging","9":"product_cat-essential-oil-bottles","10":"product_tag-cosmetic-pots-with-lids","11":"product_tag-frosted-cosmetic-jars","12":"desktop-align-left","13":"tablet-align-left","14":"mobile-align-left","16":"first","17":"instock","18":"shipping-taxable","19":"product-type-simple"},"acf":[],"jetpack_sharing_enabled":true,"_links":{"self":[{"href":"https:\/\/theperfumebottles.com\/hu\/wp-json\/wp\/v2\/product\/5606","targetHints":{"allow":["GET"]}}],"collection":[{"href":"https:\/\/theperfumebottles.com\/hu\/wp-json\/wp\/v2\/product"}],"about":[{"href":"https:\/\/theperfumebottles.com\/hu\/wp-json\/wp\/v2\/types\/product"}],"replies":[{"embeddable":true,"href":"https:\/\/theperfumebottles.com\/hu\/wp-json\/wp\/v2\/comments?post=5606"}],"wp:featuredmedia":[{"embeddable":true,"href":"https:\/\/theperfumebottles.com\/hu\/wp-json\/wp\/v2\/media\/5607"}],"wp:attachment":[{"href":"https:\/\/theperfumebottles.com\/hu\/wp-json\/wp\/v2\/media?parent=5606"}],"wp:term":[{"taxonomy":"product_brand","embeddable":true,"href":"https:\/\/theperfumebottles.com\/hu\/wp-json\/wp\/v2\/product_brand?post=5606"},{"taxonomy":"product_cat","embeddable":true,"href":"https:\/\/theperfumebottles.com\/hu\/wp-json\/wp\/v2\/product_cat?post=5606"},{"taxonomy":"product_tag","embeddable":true,"href":"https:\/\/theperfumebottles.com\/hu\/wp-json\/wp\/v2\/product_tag?post=5606"}],"curies":[{"name":"wp","href":"https:\/\/api.w.org\/{rel}","templated":true}]}}