{"id":5616,"date":"2025-08-13T18:02:54","date_gmt":"2025-08-13T10:02:54","guid":{"rendered":"https:\/\/theperfumebottles.com\/?post_type=product&#038;p=5616"},"modified":"2026-04-01T12:39:23","modified_gmt":"2026-04-01T04:39:23","slug":"wholesale-15ml-dropper-bottles-for-cosmetic-packaging","status":"publish","type":"product","link":"https:\/\/theperfumebottles.com\/hu\/termek\/wholesale-15ml-dropper-bottles-for-cosmetic-packaging\/","title":{"rendered":"Nagykereskedelmi 15 ml-es cseppent\u0151 palackok kozmetikai csomagol\u00e1shoz"},"content":{"rendered":"<p>Legyen sz\u00f3 \u00faj term\u00e9kl\u00ednsz\u0171 ind\u00edt\u00e1s\u00e1r\u00f3l vagy gy\u00e1ros term\u00e9kl\u00ednsz\u0171 b\u0151v\u00edt\u00e9s\u00e9r\u0151l, ez a 15 ml-es sz\u00f3r\u00f3flakon eleg\u00e1ns hengeres kialak\u00edt\u00e1ssal egyszer\u0171s\u00e9get, eleganci\u00e1t \u00e9s k\u00f6nny\u0171 c\u00edmk\u00e9z\u00e9st k\u00edn\u00e1l. Hasznos, de nem t\u00falz\u00f3.<\/p>\n<h2>F\u0151bb specifik\u00e1ci\u00f3k<\/h2>\n<table style=\"border-collapse: collapse; margin-left: auto; margin-right: auto; width: 80%;\" border=\"0\" width=\"632\" cellspacing=\"0\" cellpadding=\"0\">\n<tbody>\n<tr style=\"height: 13.50pt;\">\n<td style=\"height: 13.50pt; width: 120.75pt;\" width=\"161\" height=\"18\">Jellemz\u0151<\/td>\n<td style=\"width: 353.25pt;\" width=\"471\">R\u00e9szletek<\/td>\n<\/tr>\n<tr style=\"height: 13.50pt;\">\n<td style=\"height: 13.50pt;\" height=\"18\">Kapacit\u00e1s<\/td>\n<td>15 ml<\/td>\n<\/tr>\n<tr style=\"height: 13.50pt;\">\n<td style=\"height: 13.50pt;\" height=\"18\">Palack alakja<\/td>\n<td>Hengeres<\/td>\n<\/tr>\n<tr style=\"height: 13.50pt;\">\n<td style=\"height: 13.50pt;\" height=\"18\">Anyag<\/td>\n<td>Kiv\u00e1l\u00f3 min\u0151s\u00e9g\u0171 \u00fcveg<\/td>\n<\/tr>\n<tr style=\"height: 13.50pt;\">\n<td style=\"height: 13.50pt;\" height=\"18\">Test Finishing Options<\/td>\n<td>Frosted (f\u00e9ltranszparens) vagy Szil\u00e1rd Feh\u00e9r, Testreszabhat\u00f3<\/td>\n<\/tr>\n<tr style=\"height: 13.50pt;\">\n<td style=\"height: 13.50pt;\" height=\"18\">Sz\u00ednbe\u00e1ll\u00edt\u00e1sok<\/td>\n<td>Testreszabhat\u00f3 fed\u00e9l sz\u00ednei \u00e9s c\u00edmk\u00e9z\u00e9s<\/td>\n<\/tr>\n<tr style=\"height: 13.50pt;\">\n<td style=\"height: 13.50pt;\" height=\"18\">Csomagol\u00e1s m\u00e9rete<\/td>\n<td>20 \u00d7 20 \u00d7 20 cm minden sz\u00e1ll\u00edt\u00e1si egys\u00e9ghez<\/td>\n<\/tr>\n<tr style=\"height: 13.50pt;\">\n<td style=\"height: 13.50pt;\" height=\"18\">V\u00edztart\u00e1ss\u00e1g<\/td>\n<td>Biztons\u00e1gos sz\u00f3r\u00f3fed\u00e9l cs\u00f6kkenti a sz\u00e1ll\u00edt\u00e1s sor\u00e1n val\u00f3 lefoly\u00e1s kock\u00e1zat\u00e1t<\/td>\n<\/tr>\n<\/tbody>\n<\/table>\n<h2>Val\u00f3s esettanulm\u00e1ny: Egy Eg\u00e9szs\u00e9gtudom\u00e1nyi Kezd\u0151 Term\u00e9kcsomagol\u00e1si Megold\u00e1sa<\/h2>\n<p>Egy kis eg\u00e9szs\u00e9g\u00fcgyi m\u00e1rka kor\u00e1bban \u00fcvegfalakkal haszn\u00e1lt tinct\u00far\u00e1i sorozat\u00e1hoz. Term\u00e9keik hat\u00e9konyak voltak, de a megjelen\u00e9s ink\u00e1bb \u00e1tlagos volt. V\u00e1lasztott\u00e1k, hogy testreszabjuk a mi 15 ml-es sz\u00f3r\u00f3flakunkat a log\u00f3jukkal \u00e9s a sz\u00f3r\u00f3felel\u00fckkel enyhe z\u00f6lddel. A v\u00e1s\u00e1rl\u00f3k im\u00e1dt\u00e1k a pr\u00e9mium megjelen\u00e9st, \u00e9s a tinct\u00fara elad\u00e1sa 30%! K\u00e9s\u0151bb egy tiszta feh\u00e9r v\u00e1ltozatot adtak hozz\u00e1 egy m\u00e1sik term\u00e9kl\u00ednh\u00f6z. Most m\u00e1r az eg\u00e9sz term\u00e9kl\u00ednsz\u0171 haszn\u00e1lja mindk\u00e9t anyagot a vizu\u00e1lis hierarchia l\u00e9trehoz\u00e1s\u00e1ra.<\/p>\n<h2>Testreszab\u00e1si tippek<\/h2>\n<p>Szeretn\u00e9d kiemelkedni, an\u00e9lk\u00fcl, hogy t\u00fal bonyol\u00edtan\u00e1d a term\u00e9ket? Pr\u00f3b\u00e1ld ezeket a tippeket:<\/p>\n<ul>\n<li>Haszn\u00e1lja a f\u00e9ltranszparens v\u00e1ltozatot a pr\u00e9mium formul\u00e1khoz, \u00e9s a feh\u00e9r v\u00e1ltozatot az \u00e1tlagos haszn\u00e1latra. Ez tiszt\u00e1n \u00e1tadja a term\u00e9ke t\u00f6rt\u00e9net\u00e9t.<\/li>\n<li>Kombin\u00e1lja a 15 ml-es sz\u00f3r\u00f3flakot egy sz\u00ednfejjel, mint egy l\u00e1gy r\u00f3zsasz\u00edn vagy f\u00e9mes fekete, hogy kiemelkedjen a zs\u00fafolt polcr\u00f3l.<\/li>\n<li>Ez a sz\u00f3r\u00f3flak k\u00fcl\u00f6nb\u00f6z\u0151 befejez\u00e9seken el\u00e9rhet\u0151, bele\u00e9rtve a h\u0151nyomtat\u00e1st, nyomtat\u00e1st, bevon\u00e1st, f\u00e9ltranszparens kialak\u00edt\u00e1st \u00e9s dec\u00e1lokat.<\/li>\n<\/ul>\n<p>T\u00f6bb \u00fcvegfalat sz\u00e1ll\u00edtani egy aj\u00e1nd\u00e9kcsomagba t\u00f6meges \u00e9s retail partnerek sz\u00e1m\u00e1ra. Ez a sz\u00f3r\u00f3flak t\u00f6bb, mint csak egy tart\u00e1ly; ez egy gyakorlati eszk\u00f6z.<\/p>","protected":false},"excerpt":{"rendered":"<p>Gy\u00e1ros sz\u00f3r\u00f3flakon esszenci\u00e1lis olajokhoz, ser\u00famokhoz \u00e9s kozmetikumokhoz. Stabil, testreszabhat\u00f3, t\u00f6meges rendel\u00e9sekhez ide\u00e1lis.<\/p>","protected":false},"featured_media":5620,"comment_status":"closed","ping_status":"closed","template":"","meta":{"_acf_changed":false,"site-sidebar-layout":"default","site-content-layout":"","ast-site-content-layout":"default","site-content-style":"default","site-sidebar-style":"default","ast-global-header-display":"","ast-banner-title-visibility":"","ast-main-header-display":"","ast-hfb-above-header-display":"","ast-hfb-below-header-display":"","ast-hfb-mobile-header-display":"","site-post-title":"","ast-breadcrumbs-content":"","ast-featured-img":"","footer-sml-layout":"","ast-disable-related-posts":"","theme-transparent-header-meta":"default","adv-header-id-meta":"","stick-header-meta":"","header-above-stick-meta":"","header-main-stick-meta":"","header-below-stick-meta":"","astra-migrate-meta-layouts":"set","ast-page-background-enabled":"default","ast-page-background-meta":{"desktop":{"background-color":"var(--ast-global-color-5)","background-image":"","background-repeat":"repeat","background-position":"center center","background-size":"auto","background-attachment":"scroll","background-type":"","background-media":"","overlay-type":"","overlay-color":"","overlay-opacity":"","overlay-gradient":""},"tablet":{"background-color":"","background-image":"","background-repeat":"repeat","background-position":"center center","background-size":"auto","background-attachment":"scroll","background-type":"","background-media":"","overlay-type":"","overlay-color":"","overlay-opacity":"","overlay-gradient":""},"mobile":{"background-color":"","background-image":"","background-repeat":"repeat","background-position":"center center","background-size":"auto","background-attachment":"scroll","background-type":"","background-media":"","overlay-type":"","overlay-color":"","overlay-opacity":"","overlay-gradient":""}},"ast-content-background-meta":{"desktop":{"background-color":"var(--ast-global-color-4)","background-image":"","background-repeat":"repeat","background-position":"center center","background-size":"auto","background-attachment":"scroll","background-type":"","background-media":"","overlay-type":"","overlay-color":"","overlay-opacity":"","overlay-gradient":""},"tablet":{"background-color":"var(--ast-global-color-4)","background-image":"","background-repeat":"repeat","background-position":"center center","background-size":"auto","background-attachment":"scroll","background-type":"","background-media":"","overlay-type":"","overlay-color":"","overlay-opacity":"","overlay-gradient":""},"mobile":{"background-color":"var(--ast-global-color-4)","background-image":"","background-repeat":"repeat","background-position":"center center","background-size":"auto","background-attachment":"scroll","background-type":"","background-media":"","overlay-type":"","overlay-color":"","overlay-opacity":"","overlay-gradient":""}}},"product_brand":[],"product_cat":[59,72,62,57],"product_tag":[190,204],"class_list":{"0":"post-5616","1":"product","2":"type-product","3":"status-publish","4":"has-post-thumbnail","6":"product_cat-glass-dropper-bottles","7":"product_cat-cosmetic-packaging","8":"product_cat-cosmetic-containers","9":"product_cat-essential-oil-bottles","10":"product_tag-cosmetic-pots-with-lids","11":"product_tag-frosted-cosmetic-jars","12":"desktop-align-left","13":"tablet-align-left","14":"mobile-align-left","16":"first","17":"instock","18":"shipping-taxable","19":"product-type-simple"},"acf":[],"jetpack_sharing_enabled":true,"_links":{"self":[{"href":"https:\/\/theperfumebottles.com\/hu\/wp-json\/wp\/v2\/product\/5616","targetHints":{"allow":["GET"]}}],"collection":[{"href":"https:\/\/theperfumebottles.com\/hu\/wp-json\/wp\/v2\/product"}],"about":[{"href":"https:\/\/theperfumebottles.com\/hu\/wp-json\/wp\/v2\/types\/product"}],"replies":[{"embeddable":true,"href":"https:\/\/theperfumebottles.com\/hu\/wp-json\/wp\/v2\/comments?post=5616"}],"wp:featuredmedia":[{"embeddable":true,"href":"https:\/\/theperfumebottles.com\/hu\/wp-json\/wp\/v2\/media\/5620"}],"wp:attachment":[{"href":"https:\/\/theperfumebottles.com\/hu\/wp-json\/wp\/v2\/media?parent=5616"}],"wp:term":[{"taxonomy":"product_brand","embeddable":true,"href":"https:\/\/theperfumebottles.com\/hu\/wp-json\/wp\/v2\/product_brand?post=5616"},{"taxonomy":"product_cat","embeddable":true,"href":"https:\/\/theperfumebottles.com\/hu\/wp-json\/wp\/v2\/product_cat?post=5616"},{"taxonomy":"product_tag","embeddable":true,"href":"https:\/\/theperfumebottles.com\/hu\/wp-json\/wp\/v2\/product_tag?post=5616"}],"curies":[{"name":"wp","href":"https:\/\/api.w.org\/{rel}","templated":true}]}}