{"id":5624,"date":"2025-08-14T18:02:47","date_gmt":"2025-08-14T10:02:47","guid":{"rendered":"https:\/\/theperfumebottles.com\/?post_type=product&#038;p=5624"},"modified":"2026-04-01T12:43:26","modified_gmt":"2026-04-01T04:43:26","slug":"wholesale-glass-1-oz-dropper-bottles-with-gold-lid","status":"publish","type":"product","link":"https:\/\/theperfumebottles.com\/hu\/termek\/wholesale-glass-1-oz-dropper-bottles-with-gold-lid\/","title":{"rendered":"Nagykereskedelmi \u00fcveg 1 oz-os cseppent\u0151 palackok arany fed\u00e9llel"},"content":{"rendered":"<p>Egy cseppent\u0151vel ell\u00e1tott \u00fcvegpalackot szeretne, amely pr\u00e9mium megjelen\u00e9s\u0171, megb\u00edzhat\u00f3an m\u0171k\u00f6dik, \u00e9s a v\u00e1llalkoz\u00e1s\u00e1val egy\u00fctt m\u00e9retezhet\u0151? Ezek a 28 grammos cseppent\u0151s \u00fcvegcs\u00e9k pont j\u00f3 \u00e1rc\u00e9dul\u00e1t jelentenek. Letisztult, lekerek\u00edtett talppal \u00e9s r\u00f6vid nyakkal a palack kompakt \u00e9s st\u00edlusos. Ide\u00e1lis kis kezeknek, zs\u00fafolt szekr\u00e9nyek fel\u00faj\u00edt\u00e1s\u00e1hoz, vagy ak\u00e1r egy wellness-k\u00e9szletbe is. Az arany f\u00e9nyes kupak egy csipetnyi luxust k\u00f6lcs\u00f6n\u00f6z. \u00c9s az a v\u00e9kony narancss\u00e1rga gy\u0171r\u0171? Egy apr\u00f3 r\u00e9szlet, ami kiemeli a log\u00f3j\u00e1t.<\/p>\n<h2>F\u0151bb specifik\u00e1ci\u00f3k<\/h2>\n<table style=\"border-collapse: collapse; margin-left: auto; margin-right: auto; width: 80%;\" border=\"0\" width=\"520\" cellspacing=\"0\" cellpadding=\"0\">\n<tbody>\n<tr style=\"height: 13.50pt;\">\n<td style=\"height: 13.50pt; width: 103.50pt;\" width=\"138\" height=\"18\">Specifik\u00e1ci\u00f3<\/td>\n<td style=\"width: 286.50pt;\" width=\"382\">R\u00e9szletek<\/td>\n<\/tr>\n<tr style=\"height: 13.50pt;\">\n<td style=\"height: 13.50pt;\" height=\"18\">Kapacit\u00e1s<\/td>\n<td>30 ml<\/td>\n<\/tr>\n<tr style=\"height: 17.25pt;\">\n<td style=\"height: 17.25pt;\" height=\"23\">M\u00e9ret<\/td>\n<td>37 * 65 mm<\/td>\n<\/tr>\n<tr style=\"height: 13.50pt;\">\n<td style=\"height: 13.50pt;\" height=\"18\">Anyag<\/td>\n<td>Kiv\u00e1l\u00f3 min\u0151s\u00e9g\u0171 \u00fcveg<\/td>\n<\/tr>\n<tr style=\"height: 13.50pt;\">\n<td style=\"height: 13.50pt;\" height=\"18\">Palack sz\u00edne<\/td>\n<td>F\u00e9nyes arany f\u00e9mes csillog\u00e1ssal (testreszabhat\u00f3)<\/td>\n<\/tr>\n<tr style=\"height: 13.50pt;\">\n<td style=\"height: 13.50pt;\" height=\"18\">Fed\u00e9l sz\u00edne<\/td>\n<td>Ez\u00fcst (testreszabhat\u00f3)<\/td>\n<\/tr>\n<\/tbody>\n<\/table>\n<h2>Hogyan fejlesztette tov\u00e1bb egy m\u00e1rka a csomagol\u00e1si m\u00f3dszereit<\/h2>\n<p>Egy term\u00e9szetes wellness startup alapvet\u0151 \u00e1tl\u00e1tsz\u00f3 cseppent\u0151s flakonokat haszn\u00e1lt. A term\u00e9k\u00fck \u2013 egy er\u0151s tinkt\u00fara \u2013 n\u00e9h\u00e1ny h\u00e9t ut\u00e1n vesz\u00edteni kezdett a hat\u00e9konys\u00e1g\u00e1b\u00f3l. \u00c1t\u00e1lltak a matt, fagyos fel\u00fclet\u0171, 28 grammos cseppent\u0151s flakonjainkra. Ugyanaz az eleg\u00e1ns arany fed\u00e9l. Ugyanaz a prec\u00edz cseppent\u0151. De most beindult az UV-v\u00e9delem. A term\u00e9k friss maradt. A megjelen\u00e9se pr\u00e9miumnak \u00e9rz\u0151d\u00f6tt. K\u00e9t h\u00f3napon bel\u00fcl az ism\u00e9telt rendel\u00e9sek sz\u00e1ma 35%-kal n\u0151tt. \u00dcgyfeleik im\u00e1dt\u00e1k a letisztult megjelen\u00e9st \u00e9s a megb\u00edzhat\u00f3 teljes\u00edtm\u00e9nyt. \u00c9s mivel nagykereskedelmi \u00fcveg cseppent\u0151s flakonokat rendeltek nagy t\u00e9telben, az egys\u00e9g\u00e1ruk cs\u00f6kkent \u2013 \u200b\u200bami n\u00f6velte a haszonkulcsot.<\/p>\n<h2>Szeretn\u00e9d testreszabni a saj\u00e1todat? Itt van, hol kezdheted<\/h2>\n<ul>\n<li>Egyedi megjelen\u00e9sen gondolkodsz? Kezdd a r\u00e9szletekkel. Cser\u00e9ld le az arany tet\u0151t feket\u00e9re. Adj hozz\u00e1 matt bevonatot egy spa-szer\u0171 hat\u00e1s\u00e9rt. Vagy maradj klasszikus, \u00e9s csak m\u00e1rk\u00e1zd a dobozt.<\/li>\n<li>Ak\u00e1r teljesen egyedi megrendel\u00e9sre is v\u00e1laszthat \u2013 saj\u00e1t m\u00e1rk\u00e1s term\u00e9keket, egyedi sz\u00ednv\u00e1laszt\u00e9kot vagy speci\u00e1lis csomagol\u00e1si konfigur\u00e1ci\u00f3kat a kollekci\u00f3j\u00e1hoz. Seg\u00edt\u00fcnk kis t\u00e9telek tesztel\u00e9s\u00e9ben, miel\u0151tt mindent beleadna.<\/li>\n<\/ul>\n<p>Ezek nem csak \u00fcres ill\u00f3olajos \u00fcvegek. R\u00e9szei a m\u00e1rk\u00e1d t\u00f6rt\u00e9net\u00e9nek.<\/p>","protected":false},"excerpt":{"rendered":"<p>Nagykereskedelmi, kiv\u00e1l\u00f3 min\u0151s\u00e9g\u0171, 25 ml-es cseppent\u0151s \u00fcvegcs\u00e9k kerek, r\u00f6vid nyak\u00fa kialak\u00edt\u00e1ssal, arany tet\u0151vel \u00e9s feh\u00e9r gumibet\u00e9ttel. T\u00f6k\u00e9letes B2B kozmetikai \u00e9s b\u0151r\u00e1pol\u00e1si csomagol\u00e1shoz.<\/p>","protected":false},"featured_media":5645,"comment_status":"closed","ping_status":"closed","template":"","meta":{"_acf_changed":false,"site-sidebar-layout":"default","site-content-layout":"","ast-site-content-layout":"default","site-content-style":"default","site-sidebar-style":"default","ast-global-header-display":"","ast-banner-title-visibility":"","ast-main-header-display":"","ast-hfb-above-header-display":"","ast-hfb-below-header-display":"","ast-hfb-mobile-header-display":"","site-post-title":"","ast-breadcrumbs-content":"","ast-featured-img":"","footer-sml-layout":"","ast-disable-related-posts":"","theme-transparent-header-meta":"default","adv-header-id-meta":"","stick-header-meta":"","header-above-stick-meta":"","header-main-stick-meta":"","header-below-stick-meta":"","astra-migrate-meta-layouts":"set","ast-page-background-enabled":"default","ast-page-background-meta":{"desktop":{"background-color":"var(--ast-global-color-5)","background-image":"","background-repeat":"repeat","background-position":"center center","background-size":"auto","background-attachment":"scroll","background-type":"","background-media":"","overlay-type":"","overlay-color":"","overlay-opacity":"","overlay-gradient":""},"tablet":{"background-color":"","background-image":"","background-repeat":"repeat","background-position":"center center","background-size":"auto","background-attachment":"scroll","background-type":"","background-media":"","overlay-type":"","overlay-color":"","overlay-opacity":"","overlay-gradient":""},"mobile":{"background-color":"","background-image":"","background-repeat":"repeat","background-position":"center center","background-size":"auto","background-attachment":"scroll","background-type":"","background-media":"","overlay-type":"","overlay-color":"","overlay-opacity":"","overlay-gradient":""}},"ast-content-background-meta":{"desktop":{"background-color":"var(--ast-global-color-4)","background-image":"","background-repeat":"repeat","background-position":"center center","background-size":"auto","background-attachment":"scroll","background-type":"","background-media":"","overlay-type":"","overlay-color":"","overlay-opacity":"","overlay-gradient":""},"tablet":{"background-color":"var(--ast-global-color-4)","background-image":"","background-repeat":"repeat","background-position":"center center","background-size":"auto","background-attachment":"scroll","background-type":"","background-media":"","overlay-type":"","overlay-color":"","overlay-opacity":"","overlay-gradient":""},"mobile":{"background-color":"var(--ast-global-color-4)","background-image":"","background-repeat":"repeat","background-position":"center center","background-size":"auto","background-attachment":"scroll","background-type":"","background-media":"","overlay-type":"","overlay-color":"","overlay-opacity":"","overlay-gradient":""}}},"product_brand":[],"product_cat":[59,72,62,57],"product_tag":[190,204],"class_list":{"0":"post-5624","1":"product","2":"type-product","3":"status-publish","4":"has-post-thumbnail","6":"product_cat-glass-dropper-bottles","7":"product_cat-cosmetic-packaging","8":"product_cat-cosmetic-containers","9":"product_cat-essential-oil-bottles","10":"product_tag-cosmetic-pots-with-lids","11":"product_tag-frosted-cosmetic-jars","12":"desktop-align-left","13":"tablet-align-left","14":"mobile-align-left","16":"first","17":"instock","18":"shipping-taxable","19":"product-type-simple"},"acf":[],"jetpack_sharing_enabled":true,"_links":{"self":[{"href":"https:\/\/theperfumebottles.com\/hu\/wp-json\/wp\/v2\/product\/5624","targetHints":{"allow":["GET"]}}],"collection":[{"href":"https:\/\/theperfumebottles.com\/hu\/wp-json\/wp\/v2\/product"}],"about":[{"href":"https:\/\/theperfumebottles.com\/hu\/wp-json\/wp\/v2\/types\/product"}],"replies":[{"embeddable":true,"href":"https:\/\/theperfumebottles.com\/hu\/wp-json\/wp\/v2\/comments?post=5624"}],"wp:featuredmedia":[{"embeddable":true,"href":"https:\/\/theperfumebottles.com\/hu\/wp-json\/wp\/v2\/media\/5645"}],"wp:attachment":[{"href":"https:\/\/theperfumebottles.com\/hu\/wp-json\/wp\/v2\/media?parent=5624"}],"wp:term":[{"taxonomy":"product_brand","embeddable":true,"href":"https:\/\/theperfumebottles.com\/hu\/wp-json\/wp\/v2\/product_brand?post=5624"},{"taxonomy":"product_cat","embeddable":true,"href":"https:\/\/theperfumebottles.com\/hu\/wp-json\/wp\/v2\/product_cat?post=5624"},{"taxonomy":"product_tag","embeddable":true,"href":"https:\/\/theperfumebottles.com\/hu\/wp-json\/wp\/v2\/product_tag?post=5624"}],"curies":[{"name":"wp","href":"https:\/\/api.w.org\/{rel}","templated":true}]}}