{"id":5625,"date":"2025-08-14T18:00:02","date_gmt":"2025-08-14T10:00:02","guid":{"rendered":"https:\/\/theperfumebottles.com\/?post_type=product&#038;p=5625"},"modified":"2025-08-25T17:58:23","modified_gmt":"2025-08-25T09:58:23","slug":"wholesale-flat-square-amber-bottles-with-dropper","status":"publish","type":"product","link":"https:\/\/theperfumebottles.com\/hu\/termek\/wholesale-flat-square-amber-bottles-with-dropper\/","title":{"rendered":"Nagykereskedelmi 30 ml-es lapos, n\u00e9gyzet alak\u00fa borosty\u00e1nsz\u00edn\u0171 palackok cseppent\u0151vel"},"content":{"rendered":"<p><span class=\"diff-highlight\">Van<\/span> <span class=\"diff-highlight\">te<\/span> <span class=\"diff-highlight\">keresve<\/span> egy <span class=\"diff-highlight\">divatos \u00e9s<\/span> hasznos <span class=\"diff-highlight\">sz\u00e9rum<\/span>m\u00f3dszert <span class=\"diff-highlight\">for<\/span> <span class=\"diff-highlight\">te<\/span><span class=\"diff-highlight\">!<\/span> <span class=\"diff-highlight\">alapanyagok<\/span> min\u0151s\u00e9g\u0171 <span class=\"diff-highlight\">\u00fcveg<\/span> <span class=\"diff-highlight\">\u00fcveg<\/span> <span class=\"diff-highlight\">palackok<\/span> <span class=\"diff-highlight\">megel\u0151zik<\/span> <span class=\"diff-highlight\">the<\/span> <span class=\"diff-highlight\">sziv\u00e1rg\u00e1st<\/span> <span class=\"diff-highlight\">of<\/span> <span class=\"diff-highlight\">k\u00e1ros<\/span> <span class=\"diff-highlight\">UV<\/span> <span class=\"diff-highlight\">sug\u00e1rz\u00e1st<\/span><span class=\"diff-highlight\">.<\/span> <span class=\"diff-highlight\">Tov\u00e1bb\u00e1<\/span>, <span class=\"diff-highlight\">with<\/span> <span class=\"diff-highlight\">the<\/span> <span class=\"diff-highlight\">hengeres<\/span><span class=\"diff-highlight\">,<\/span> <span class=\"diff-highlight\">te<\/span> <span class=\"diff-highlight\">permetez\u0151vel<\/span> <span class=\"diff-highlight\">adagolhatja<\/span> the <span class=\"diff-highlight\">perfect<\/span> megfelel\u0151<\/p>\n<h2>F\u0151bb specifik\u00e1ci\u00f3k<\/h2>\n<table style=\"border-collapse: collapse;margin-left: auto;margin-right: auto;width: 80%\" border=\"0\" width=\"537\" cellspacing=\"0\" cellpadding=\"0\">\n<tbody>\n<tr style=\"height: 13.50pt\">\n<td style=\"height: 13.50pt;width: 111.00pt\" width=\"148\" height=\"18\">Jellemz\u0151<\/td>\n<td style=\"width: 291.75pt\" width=\"389\">R\u00e9szletek<\/td>\n<\/tr>\n<tr style=\"height: 13.50pt\">\n<td style=\"height: 13.50pt\" height=\"18\">El\u00e9rhet\u0151 m\u00e9retek<\/td>\n<td>30 ml<\/td>\n<\/tr>\n<tr style=\"height: 13.50pt\">\n<td style=\"height: 13.50pt\" height=\"18\">Anyag<\/td>\n<td>Kiv\u00e1l\u00f3 min\u0151s\u00e9g\u0171 \u00fcveg<\/td>\n<\/tr>\n<tr style=\"height: 13.50pt\">\n<td style=\"height: 13.50pt\" height=\"18\">Sz\u00edn<\/td>\n<td>3. Szabv\u00e1nyos \u00e1tl\u00e1tsz\u00f3, sz\u00fcrkegy\u00f6ngy, r\u00f3zsasz\u00edn (custom sz\u00ednek el\u00e9rhet\u0151k)<\/td>\n<\/tr>\n<tr style=\"height: 13.50pt\">\n<td style=\"height: 13.50pt\" height=\"18\">Befejez\u00e9s<\/td>\n<td>4. \u00c1tl\u00e1tsz\u00f3 vagy fagyasztott (k\u00e9r\u00e9sre)<\/td>\n<\/tr>\n<tr style=\"height: 13.50pt\">\n<td style=\"height: 13.50pt\" height=\"18\">Haszn\u00e1lati eset<\/td>\n<td>5. Tinkt\u00far\u00e1k, szerves olajok, sz\u00e9rumok<\/td>\n<\/tr>\n<\/tbody>\n<\/table>\n<h2>6. Val\u00f3s vil\u00e1gbeli siker: Sz\u0151rmek\u00f6ves m\u00e1rka tiszt\u00e1z\u00e1sa<\/h2>\n<p>7. Egy term\u00e9szetes m\u00e1rka \u00e1tt\u00e9rt \u00e1tl\u00e1tsz\u00f3 \u00fcvegbott\u00f3l 30 ml sz\u00fcrkegy\u00f6ngy cseppbott\u00e1ra a gy\u00f3gyn\u00f6v\u00e9ny tinkt\u00far\u00e1ikhoz. A sz\u00fcrkegy\u00f6ngy \u00fcveg megoldotta a f\u00e9ny expoz\u00edci\u00f3s probl\u00e9m\u00e1kat, \u00edgy a formula hosszabb ideig friss maradt. Ezenk\u00edv\u00fcl a v\u00e1s\u00e1rl\u00f3k a sz\u00fcrkegy\u00f6ngy cseppbott\u00e1kat megb\u00edzhat\u00f3bbnak tal\u00e1lt\u00e1k, a gold k\u00f6r hozz\u00e1adott pr\u00e9mium \u00e9rzetet, m\u00edg a s\u00edk oldalak jav\u00edtott\u00e1k a fog\u00e1st \u00e9s a c\u00edmk\u00e9z\u00e9si k\u00e9nyelmet.<\/p>\n<h2>15. SMART testreszab\u00e1si tippek a rendel\u00e9sedhez<\/h2>\n<p>8. Szeretn\u00e9d, hogy m\u00e1rkaed kiemelkedjen? Pr\u00f3b\u00e1ld meg ezeket az \u00f6tleteket:<\/p>\n<ul>\n<li>9. Haszn\u00e1lja a fagyasztott bevonatot a sz\u00fcrkegy\u00f6ngy \u00fcvegre egy l\u00e1gyabb, organikus n\u00e9zethez \u2013 remek a tiszt\u00e1 sz\u00e9ps\u00e9g vagy k\u00f6rnyezetbar\u00e1t term\u00e9kekhez.<\/li>\n<li>10. Cser\u00e9lje le a gold k\u00f6rmatte feket\u00e9re vagy bronz\u00edtott aranyra, hogy megegyezzen a m\u00e1rka hangulat\u00e1val.<\/li>\n<li>11. T\u00f6bb sz\u00fcrkegy\u00f6ngy cseppbott\u00e1t csomagoljon m\u00e1rka csomagba. Remek\u6279\u53d1\u96f6\u552e\u5408\u4f5c\u4f19\u4f34 vagy aj\u00e1nd\u00e9kcsomagokhoz.<\/li>\n<\/ul>\n<p>12. Nagykereskedelmi indul\u00f3kt\u00f3l nagy sz\u00e1ll\u00edt\u00f3kig ezek a sz\u00fcrkegy\u00f6ngy \u00fcvegbott\u00e1k n\u00f6vekszenek veled. Kiszolg\u00e1lj\u00e1k a kis teszt futamokat \u00e9s \u00f3ri\u00e1si t\u00f6meges rendel\u00e9seket \u2013 an\u00e9lk\u00fcl, hogy kompromisszumot k\u00f6ten\u00e9nek a magas min\u0151s\u00e9gi sztenderdekn\u00e9l.<\/p>","protected":false},"excerpt":{"rendered":"<p>1. Nagykereskedelmi sz\u00fcrkegy\u00f6ngybottles a cseppel a szerves olajokhoz, sz\u00e9rumokhoz \u00e9s kozmetik\u00e1khoz. Robosztus \u00fcveg, testreszabhat\u00f3, t\u00f6k\u00e9letes t\u00f6meges rendel\u00e9sekhez.<\/p>","protected":false},"featured_media":5641,"comment_status":"closed","ping_status":"closed","template":"","meta":{"_acf_changed":false,"site-sidebar-layout":"default","site-content-layout":"","ast-site-content-layout":"default","site-content-style":"default","site-sidebar-style":"default","ast-global-header-display":"","ast-banner-title-visibility":"","ast-main-header-display":"","ast-hfb-above-header-display":"","ast-hfb-below-header-display":"","ast-hfb-mobile-header-display":"","site-post-title":"","ast-breadcrumbs-content":"","ast-featured-img":"","footer-sml-layout":"","ast-disable-related-posts":"","theme-transparent-header-meta":"default","adv-header-id-meta":"","stick-header-meta":"","header-above-stick-meta":"","header-main-stick-meta":"","header-below-stick-meta":"","astra-migrate-meta-layouts":"set","ast-page-background-enabled":"default","ast-page-background-meta":{"desktop":{"background-color":"var(--ast-global-color-5)","background-image":"","background-repeat":"repeat","background-position":"center center","background-size":"auto","background-attachment":"scroll","background-type":"","background-media":"","overlay-type":"","overlay-color":"","overlay-opacity":"","overlay-gradient":""},"tablet":{"background-color":"","background-image":"","background-repeat":"repeat","background-position":"center center","background-size":"auto","background-attachment":"scroll","background-type":"","background-media":"","overlay-type":"","overlay-color":"","overlay-opacity":"","overlay-gradient":""},"mobile":{"background-color":"","background-image":"","background-repeat":"repeat","background-position":"center center","background-size":"auto","background-attachment":"scroll","background-type":"","background-media":"","overlay-type":"","overlay-color":"","overlay-opacity":"","overlay-gradient":""}},"ast-content-background-meta":{"desktop":{"background-color":"var(--ast-global-color-4)","background-image":"","background-repeat":"repeat","background-position":"center center","background-size":"auto","background-attachment":"scroll","background-type":"","background-media":"","overlay-type":"","overlay-color":"","overlay-opacity":"","overlay-gradient":""},"tablet":{"background-color":"var(--ast-global-color-4)","background-image":"","background-repeat":"repeat","background-position":"center center","background-size":"auto","background-attachment":"scroll","background-type":"","background-media":"","overlay-type":"","overlay-color":"","overlay-opacity":"","overlay-gradient":""},"mobile":{"background-color":"var(--ast-global-color-4)","background-image":"","background-repeat":"repeat","background-position":"center center","background-size":"auto","background-attachment":"scroll","background-type":"","background-media":"","overlay-type":"","overlay-color":"","overlay-opacity":"","overlay-gradient":""}}},"product_brand":[],"product_cat":[62,72,57,59],"product_tag":[190,204],"class_list":{"0":"post-5625","1":"product","2":"type-product","3":"status-publish","4":"has-post-thumbnail","6":"product_cat-cosmetic-containers","7":"product_cat-cosmetic-packaging","8":"product_cat-essential-oil-bottles","9":"product_cat-glass-dropper-bottles","10":"product_tag-cosmetic-pots-with-lids","11":"product_tag-frosted-cosmetic-jars","12":"desktop-align-left","13":"tablet-align-left","14":"mobile-align-left","16":"first","17":"instock","18":"shipping-taxable","19":"product-type-simple"},"acf":[],"jetpack_sharing_enabled":true,"_links":{"self":[{"href":"https:\/\/theperfumebottles.com\/hu\/wp-json\/wp\/v2\/product\/5625","targetHints":{"allow":["GET"]}}],"collection":[{"href":"https:\/\/theperfumebottles.com\/hu\/wp-json\/wp\/v2\/product"}],"about":[{"href":"https:\/\/theperfumebottles.com\/hu\/wp-json\/wp\/v2\/types\/product"}],"replies":[{"embeddable":true,"href":"https:\/\/theperfumebottles.com\/hu\/wp-json\/wp\/v2\/comments?post=5625"}],"wp:featuredmedia":[{"embeddable":true,"href":"https:\/\/theperfumebottles.com\/hu\/wp-json\/wp\/v2\/media\/5641"}],"wp:attachment":[{"href":"https:\/\/theperfumebottles.com\/hu\/wp-json\/wp\/v2\/media?parent=5625"}],"wp:term":[{"taxonomy":"product_brand","embeddable":true,"href":"https:\/\/theperfumebottles.com\/hu\/wp-json\/wp\/v2\/product_brand?post=5625"},{"taxonomy":"product_cat","embeddable":true,"href":"https:\/\/theperfumebottles.com\/hu\/wp-json\/wp\/v2\/product_cat?post=5625"},{"taxonomy":"product_tag","embeddable":true,"href":"https:\/\/theperfumebottles.com\/hu\/wp-json\/wp\/v2\/product_tag?post=5625"}],"curies":[{"name":"wp","href":"https:\/\/api.w.org\/{rel}","templated":true}]}}