{"id":5658,"date":"2025-08-14T18:02:35","date_gmt":"2025-08-14T10:02:35","guid":{"rendered":"https:\/\/theperfumebottles.com\/?post_type=product&#038;p=5658"},"modified":"2026-04-01T12:43:42","modified_gmt":"2026-04-01T04:43:42","slug":"wholesale-luxury-round-glass-bottle-dropper","status":"publish","type":"product","link":"https:\/\/theperfumebottles.com\/hu\/termek\/wholesale-luxury-round-glass-bottle-dropper\/","title":{"rendered":"Nagykereskedelmi 15ml 30ml 75ml luxus kerek \u00fcvegcsepp"},"content":{"rendered":"<p>8. A mi \u00fcvegfalunk cseppfogyaszt\u00f3val puha, kerek t\u00f6rzset, term\u00e9szetes f\u00e1b\u00f3l k\u00e9sz\u00fclt fed\u00e9llel \u00e9s fekete cseppfogyaszt\u00f3 sz\u00e9llel. M\u0171anyagb\u00f3l k\u00e9sz\u00fclt, ide\u00e1lis esszenci\u00e1lis olajokra, tinkt\u00far\u00e1kra vagy sz\u00e9rumokra.<\/p>\n<h2>F\u0151bb specifik\u00e1ci\u00f3k<\/h2>\n<table style=\"border-collapse: collapse; margin-left: auto; margin-right: auto; width: 80%;\" border=\"0\" width=\"500\" cellspacing=\"0\" cellpadding=\"0\">\n<tbody>\n<tr style=\"height: 13.50pt;\">\n<td style=\"height: 13.50pt; width: 104.25pt;\" width=\"139\" height=\"18\">Jellemz\u0151<\/td>\n<td style=\"width: 270.75pt;\" width=\"361\">R\u00e9szletek<\/td>\n<\/tr>\n<tr style=\"height: 13.50pt;\">\n<td style=\"height: 13.50pt;\" height=\"18\">El\u00e9rhet\u0151 m\u00e9retek<\/td>\n<td>9. 15ml, 30ml, 75ml<\/td>\n<\/tr>\n<tr style=\"height: 13.50pt;\">\n<td style=\"height: 13.50pt;\" height=\"18\">Alak<\/td>\n<td>10. Kerek (sferikus)<\/td>\n<\/tr>\n<tr style=\"height: 13.50pt;\">\n<td style=\"height: 13.50pt;\" height=\"18\">Anyag<\/td>\n<td>Kiv\u00e1l\u00f3 min\u0151s\u00e9g\u0171 \u00fcveg<\/td>\n<\/tr>\n<tr style=\"height: 13.50pt;\">\n<td style=\"height: 13.50pt;\" height=\"18\">Fed\u00e9l<\/td>\n<td>11. Fafar\u00e1s vagy alum\u00ednium fekete cseppfogyaszt\u00f3 sz\u00e9llel<\/td>\n<\/tr>\n<tr style=\"height: 13.50pt;\">\n<td style=\"height: 13.50pt;\" height=\"18\">\u00dcveg opci\u00f3k<\/td>\n<td>13. Tiszta, fagyott<\/td>\n<\/tr>\n<tr style=\"height: 13.50pt;\">\n<td style=\"height: 13.50pt;\" height=\"18\">Ide\u00e1lis<\/td>\n<td>14. Tinkt\u00far\u00e1k, esszenci\u00e1lis olajok, sz\u00e9rumok, mint\u00e1k<\/td>\n<\/tr>\n<\/tbody>\n<\/table>\n<h2>15. Hogyan hozta egy m\u00e1rka eladott term\u00e9ket<\/h2>\n<p>16. Egy kis b\u0151r\u00e1pol\u00e1si m\u00e1rka szeretett volna luxus arcolajt ind\u00edtani. Egy \u00fcvegfalat kellett, amely magasabb szint\u0171 \u00e9rzetet kelthet \u00e9s gyorsan kiterjeszthet\u0151. Chosek mi 30ml kerek \u00fcvegfalat cseppfogyaszt\u00f3val f\u00e1b\u00f3l k\u00e9sz\u00fclt fed\u00e9llel. Javasoltuk a fagyott bevonat hozz\u00e1ad\u00e1s\u00e1t, hogy l\u00e1gy f\u00e9nyt hozzon l\u00e9tre, mint a reggeli k\u00f6d a \u00fcvegen. A term\u00e9k azonnal elad\u00f3dott, megmutatva a min\u0151s\u00e9gi csomagol\u00e1s fontoss\u00e1g\u00e1t.<\/p>\n<h2>17. Szeretn\u00e9d testreszabni ezt a flakont?<\/h2>\n<p>1. Legyen sz\u00f3 a t\u00falm\u0171anyagos sz\u00f3jas olaj sor ind\u00edt\u00e1s\u00e1r\u00f3l. Valami olyat szeretne, ami eleganci\u00e1t \u00f6tv\u00f6z a gyakorlatiasass\u00e1ggal. \u00cdme tan\u00e1csunk:<\/p>\n<ul>\n<li>20. V\u00e1lassz 30ml (1 oz.) \u2014 az a legn\u00e9pszer\u0171bb m\u00e9ret a retail \u00e9s mint\u00e1khoz, \u00e9s testreszabhatjuk ig\u00e9nyeidhez.<\/li>\n<li>21. V\u00e1lassz fagyott \u00fcveget l\u00e1gy, modern megjelen\u00e9shez.<\/li>\n<li>22. Add egy utal\u00e1st az eleganci\u00e1ra egy m\u0171anyag f\u00e1b\u00f3l k\u00e9sz\u00fclt fed\u00e9llel.<\/li>\n<li>23. Kell egy gyerekbiztos fed\u00e9l vagy nyomon k\u00f6vethet\u0151 z\u00e1r? Mi ismersz oda.<\/li>\n<\/ul>\n<p>24. K\u00e9rdezz. Seg\u00edtett\u00fcnk sz\u00e1zokkal v\u00e1llalatoknak intelligensbb sk\u00e1l\u00e1z\u00f3d\u00e1sra. Legyen sz\u00f3 kisebb vagy nagyobb mennyis\u00e9g\u0171 \u00fcvegfal cseppfogyaszt\u00f3 bulk rendel\u00e9sr\u0151l, mi kezelt\u00fck.<\/p>","protected":false},"excerpt":{"rendered":"<p>7. F\u0151zetes flakonok cseppfogyaszt\u00f3val esszenci\u00e1lis olajokra, sz\u00e9rumokra \u00e9s kozmetik\u00e1kra. Robosztus \u00fcveg, testreszabhat\u00f3, t\u00f6k\u00e9letes t\u00f6meges rendel\u00e9sekhez.<\/p>","protected":false},"featured_media":5663,"comment_status":"closed","ping_status":"closed","template":"","meta":{"_acf_changed":false,"site-sidebar-layout":"default","site-content-layout":"","ast-site-content-layout":"default","site-content-style":"default","site-sidebar-style":"default","ast-global-header-display":"","ast-banner-title-visibility":"","ast-main-header-display":"","ast-hfb-above-header-display":"","ast-hfb-below-header-display":"","ast-hfb-mobile-header-display":"","site-post-title":"","ast-breadcrumbs-content":"","ast-featured-img":"","footer-sml-layout":"","ast-disable-related-posts":"","theme-transparent-header-meta":"default","adv-header-id-meta":"","stick-header-meta":"","header-above-stick-meta":"","header-main-stick-meta":"","header-below-stick-meta":"","astra-migrate-meta-layouts":"set","ast-page-background-enabled":"default","ast-page-background-meta":{"desktop":{"background-color":"var(--ast-global-color-5)","background-image":"","background-repeat":"repeat","background-position":"center center","background-size":"auto","background-attachment":"scroll","background-type":"","background-media":"","overlay-type":"","overlay-color":"","overlay-opacity":"","overlay-gradient":""},"tablet":{"background-color":"","background-image":"","background-repeat":"repeat","background-position":"center center","background-size":"auto","background-attachment":"scroll","background-type":"","background-media":"","overlay-type":"","overlay-color":"","overlay-opacity":"","overlay-gradient":""},"mobile":{"background-color":"","background-image":"","background-repeat":"repeat","background-position":"center center","background-size":"auto","background-attachment":"scroll","background-type":"","background-media":"","overlay-type":"","overlay-color":"","overlay-opacity":"","overlay-gradient":""}},"ast-content-background-meta":{"desktop":{"background-color":"var(--ast-global-color-4)","background-image":"","background-repeat":"repeat","background-position":"center center","background-size":"auto","background-attachment":"scroll","background-type":"","background-media":"","overlay-type":"","overlay-color":"","overlay-opacity":"","overlay-gradient":""},"tablet":{"background-color":"var(--ast-global-color-4)","background-image":"","background-repeat":"repeat","background-position":"center center","background-size":"auto","background-attachment":"scroll","background-type":"","background-media":"","overlay-type":"","overlay-color":"","overlay-opacity":"","overlay-gradient":""},"mobile":{"background-color":"var(--ast-global-color-4)","background-image":"","background-repeat":"repeat","background-position":"center center","background-size":"auto","background-attachment":"scroll","background-type":"","background-media":"","overlay-type":"","overlay-color":"","overlay-opacity":"","overlay-gradient":""}}},"product_brand":[],"product_cat":[59,72,62,57],"product_tag":[190,204],"class_list":{"0":"post-5658","1":"product","2":"type-product","3":"status-publish","4":"has-post-thumbnail","6":"product_cat-glass-dropper-bottles","7":"product_cat-cosmetic-packaging","8":"product_cat-cosmetic-containers","9":"product_cat-essential-oil-bottles","10":"product_tag-cosmetic-pots-with-lids","11":"product_tag-frosted-cosmetic-jars","12":"desktop-align-left","13":"tablet-align-left","14":"mobile-align-left","16":"first","17":"instock","18":"shipping-taxable","19":"product-type-simple"},"acf":[],"jetpack_sharing_enabled":true,"_links":{"self":[{"href":"https:\/\/theperfumebottles.com\/hu\/wp-json\/wp\/v2\/product\/5658","targetHints":{"allow":["GET"]}}],"collection":[{"href":"https:\/\/theperfumebottles.com\/hu\/wp-json\/wp\/v2\/product"}],"about":[{"href":"https:\/\/theperfumebottles.com\/hu\/wp-json\/wp\/v2\/types\/product"}],"replies":[{"embeddable":true,"href":"https:\/\/theperfumebottles.com\/hu\/wp-json\/wp\/v2\/comments?post=5658"}],"wp:featuredmedia":[{"embeddable":true,"href":"https:\/\/theperfumebottles.com\/hu\/wp-json\/wp\/v2\/media\/5663"}],"wp:attachment":[{"href":"https:\/\/theperfumebottles.com\/hu\/wp-json\/wp\/v2\/media?parent=5658"}],"wp:term":[{"taxonomy":"product_brand","embeddable":true,"href":"https:\/\/theperfumebottles.com\/hu\/wp-json\/wp\/v2\/product_brand?post=5658"},{"taxonomy":"product_cat","embeddable":true,"href":"https:\/\/theperfumebottles.com\/hu\/wp-json\/wp\/v2\/product_cat?post=5658"},{"taxonomy":"product_tag","embeddable":true,"href":"https:\/\/theperfumebottles.com\/hu\/wp-json\/wp\/v2\/product_tag?post=5658"}],"curies":[{"name":"wp","href":"https:\/\/api.w.org\/{rel}","templated":true}]}}