{"id":5703,"date":"2025-08-15T18:02:59","date_gmt":"2025-08-15T10:02:59","guid":{"rendered":"https:\/\/theperfumebottles.com\/?post_type=product&#038;p=5703"},"modified":"2026-04-01T12:43:35","modified_gmt":"2026-04-01T04:43:35","slug":"wholesale-empty-dropper-bottle-with-purple-press-dropper","status":"publish","type":"product","link":"https:\/\/theperfumebottles.com\/hu\/termek\/wholesale-empty-dropper-bottle-with-purple-press-dropper\/","title":{"rendered":"Nagykereskedelmi 25 ml-es \u00fcres cseppent\u0151 \u00fcveg lila nyom\u00f3cseppent\u0151vel"},"content":{"rendered":"<p>Kiz\u00e1r\u00f3lag nagykereskedelmi v\u00e1s\u00e1rl\u00f3k sz\u00e1m\u00e1ra k\u00e9sz\u00fclt ez az \u00fcres cseppent\u0151s \u00fcveg, els\u0151 oszt\u00e1ly\u00fa \u00fcvegb\u0151l, egyszer\u0171, k\u00f6nnycsepp alak\u00fa sziluettel. A tiszta \u00fcveg kiemeli az ill\u00f3olaj tisztas\u00e1g\u00e1t, a karcs\u00fa piros cseppent\u0151s kupak pedig k\u00f6nny\u0171 hozz\u00e1f\u00e9r\u00e9st \u00e9s biztons\u00e1gos t\u00e1rol\u00e1st biztos\u00edt, \u00edgy t\u00f6k\u00e9letes kieg\u00e9sz\u00edt\u0151je ill\u00f3olaj- vagy tinkt\u00faragy\u0171jtem\u00e9ny\u00e9nek.<\/p>\n<h2>F\u0151bb specifik\u00e1ci\u00f3k<\/h2>\n<table style=\"border-collapse: collapse; margin-left: auto; margin-right: auto; width: 80%;\" border=\"0\" width=\"458\" cellspacing=\"0\" cellpadding=\"0\">\n<tbody>\n<tr style=\"height: 13.50pt;\">\n<td style=\"height: 13.50pt; width: 81.00pt;\" width=\"108\" height=\"18\">Jellemz\u0151<\/td>\n<td style=\"width: 262.50pt;\" width=\"350\">R\u00e9szlet<\/td>\n<\/tr>\n<tr style=\"height: 13.50pt;\">\n<td style=\"height: 13.50pt;\" height=\"18\">Kapacit\u00e1s<\/td>\n<td>25 ml<\/td>\n<\/tr>\n<tr style=\"height: 13.50pt;\">\n<td style=\"height: 13.50pt;\" height=\"18\">Anyag<\/td>\n<td>Kiv\u00e1l\u00f3 min\u0151s\u00e9g\u0171 \u00fcveg<\/td>\n<\/tr>\n<tr style=\"height: 13.50pt;\">\n<td style=\"height: 13.50pt;\" height=\"18\">Palack t\u00edpusa<\/td>\n<td>\u00dcvegpalackok cseppent\u0151vel<\/td>\n<\/tr>\n<tr style=\"height: 13.50pt;\">\n<td style=\"height: 13.50pt;\" height=\"18\">Bez\u00e1r\u00e1s<\/td>\n<td>Lila cseppent\u0151s fed\u00e9l (testreszabhat\u00f3 sz\u00edn)<\/td>\n<\/tr>\n<tr style=\"height: 13.50pt;\">\n<td style=\"height: 13.50pt;\" height=\"18\">Befejez\u00e9s<\/td>\n<td>\u00c1tl\u00e1tsz\u00f3 \u00fcveg matt opci\u00f3val<\/td>\n<\/tr>\n<tr style=\"height: 13.50pt;\">\n<td style=\"height: 13.50pt;\" height=\"18\">Ide\u00e1lis<\/td>\n<td>Ill\u00f3olaj, Hajolaj, Arcolaj, Sz\u00e9rum<\/td>\n<\/tr>\n<\/tbody>\n<\/table>\n<h2>Val\u00f3s siker: Hogyan siker\u00fclt egy b\u0151r\u00e1pol\u00e1si startupnak<\/h2>\n<p>Egy log\u00f3b\u00f3l egy vadonat\u00faj arcsz\u00e9rum-kollekci\u00f3 piacra dob\u00e1sa lett. Szerettek volna olyan \u00fcres cseppent\u0151s flakonokat, amelyek eleg\u00e1nsak, de m\u00e9gis megfizethet\u0151ek. Miut\u00e1n t\u00f6bb lehet\u0151s\u00e9get kipr\u00f3b\u00e1ltak, a 25 ml-es \u00fcvegpalackjainkat v\u00e1lasztott\u00e1k, \u00e9s a cseppent\u0151 sz\u00edn\u00e9t a log\u00f3 lila sz\u00edn\u00e9hez igaz\u00edtott\u00e1k \u2013 mi lett az eredm\u00e9ny? A v\u00e1s\u00e1rl\u00f3k \u00e1radoztak az eleg\u00e1ns megjelen\u00e9sr\u0151l. A flakon a sz\u00e1ll\u00edt\u00e1si folyamat egy bizonyos szakasz\u00e1ban s\u00e9rtetlen maradt, hiba n\u00e9lk\u00fcl. Most m\u00e1r h\u00e1rom p\u00e9ld\u00e1nyt rendeltek \u00fajra, \u00e9s a teljes term\u00e9kcsal\u00e1djukhoz haszn\u00e1lj\u00e1k.<\/p>\n<h2>Szeretn\u00e9d testre szabni a cseppent\u0151det?<\/h2>\n<p>\u00cdgy teheted ezt a dobozt val\u00f3ban a saj\u00e1todd\u00e1:<\/p>\n<ul>\n<li>Cser\u00e9ld le a lila cseppent\u0151t fekete, arany vagy matt v\u00e9g\u0171re \u2013 ez a legjobb v\u00e1laszt\u00e1s luxusm\u00e1rk\u00e1k sz\u00e1m\u00e1ra.<\/li>\n<li>Haszn\u00e1ljon matt \u00fcveget a l\u00e1gy, gy\u00f3gyf\u00fcrd\u0151szer\u0171 \u00e9rz\u00e9s\u00e9rt \u2013 ide\u00e1lis a nyugtat\u00f3 esszenci\u00e1lis olajkever\u00e9kekhez.<\/li>\n<li>Extra fel\u00fcletkezel\u00e9st keres? K\u00edn\u00e1latunkban szerepel a melegnyom\u00e1s, szitanyom\u00e1s, bevonatol\u00e1s, matric\u00e1z\u00e1s, galvaniz\u00e1l\u00e1s, c\u00edmk\u00e9z\u00e9s \u00e9s egyebek.<\/li>\n<\/ul>\n<p>Ak\u00e1r 1000, ak\u00e1r 10 000 k\u00fcty\u00fcre van sz\u00fcks\u00e9ge, mi seg\u00edt\u00fcnk a m\u00e9retn\u00f6vel\u00e9sben. Ezek az \u00fcveg cseppent\u0151s flakonok t\u00f6bbet jelentenek, mint egy mez\u0151t; ezek jelentik a term\u00e9k els\u0151dleges hat\u00e1s\u00e1t. Mi\u00e9rt k\u00f6tne kompromisszumot? V\u00e1s\u00e1rolja meg pr\u00e9mium min\u0151s\u00e9g\u0171, \u00fcres cseppent\u0151s flakonjainkat m\u00e9g ma, \u00e9s biztos\u00edtsa m\u00e1rk\u00e1ja sz\u00e1m\u00e1ra a meg\u00e9rdemelt biztons\u00e1got, precizit\u00e1st \u00e9s kifinomults\u00e1got.<\/p>","protected":false},"excerpt":{"rendered":"<p>\u00dcres cseppent\u0151s flakon \u00e9s cseppent\u0151s olajos flakon \u00f6mlesztett kiszerel\u00e9sben, t\u00f6k\u00e9letes ill\u00f3olajok, sz\u00e9rumok \u00e9s kozmetikai csomagol\u00e1sokhoz. Egyedi m\u00e1rkajelz\u00e9s is k\u00e9rhet\u0151.<\/p>","protected":false},"featured_media":5704,"comment_status":"closed","ping_status":"closed","template":"","meta":{"_acf_changed":false,"site-sidebar-layout":"default","site-content-layout":"","ast-site-content-layout":"default","site-content-style":"default","site-sidebar-style":"default","ast-global-header-display":"","ast-banner-title-visibility":"","ast-main-header-display":"","ast-hfb-above-header-display":"","ast-hfb-below-header-display":"","ast-hfb-mobile-header-display":"","site-post-title":"","ast-breadcrumbs-content":"","ast-featured-img":"","footer-sml-layout":"","ast-disable-related-posts":"","theme-transparent-header-meta":"default","adv-header-id-meta":"","stick-header-meta":"","header-above-stick-meta":"","header-main-stick-meta":"","header-below-stick-meta":"","astra-migrate-meta-layouts":"set","ast-page-background-enabled":"default","ast-page-background-meta":{"desktop":{"background-color":"var(--ast-global-color-5)","background-image":"","background-repeat":"repeat","background-position":"center center","background-size":"auto","background-attachment":"scroll","background-type":"","background-media":"","overlay-type":"","overlay-color":"","overlay-opacity":"","overlay-gradient":""},"tablet":{"background-color":"","background-image":"","background-repeat":"repeat","background-position":"center center","background-size":"auto","background-attachment":"scroll","background-type":"","background-media":"","overlay-type":"","overlay-color":"","overlay-opacity":"","overlay-gradient":""},"mobile":{"background-color":"","background-image":"","background-repeat":"repeat","background-position":"center center","background-size":"auto","background-attachment":"scroll","background-type":"","background-media":"","overlay-type":"","overlay-color":"","overlay-opacity":"","overlay-gradient":""}},"ast-content-background-meta":{"desktop":{"background-color":"var(--ast-global-color-4)","background-image":"","background-repeat":"repeat","background-position":"center center","background-size":"auto","background-attachment":"scroll","background-type":"","background-media":"","overlay-type":"","overlay-color":"","overlay-opacity":"","overlay-gradient":""},"tablet":{"background-color":"var(--ast-global-color-4)","background-image":"","background-repeat":"repeat","background-position":"center center","background-size":"auto","background-attachment":"scroll","background-type":"","background-media":"","overlay-type":"","overlay-color":"","overlay-opacity":"","overlay-gradient":""},"mobile":{"background-color":"var(--ast-global-color-4)","background-image":"","background-repeat":"repeat","background-position":"center center","background-size":"auto","background-attachment":"scroll","background-type":"","background-media":"","overlay-type":"","overlay-color":"","overlay-opacity":"","overlay-gradient":""}}},"product_brand":[],"product_cat":[59,62,72,57],"product_tag":[190,204],"class_list":{"0":"post-5703","1":"product","2":"type-product","3":"status-publish","4":"has-post-thumbnail","6":"product_cat-glass-dropper-bottles","7":"product_cat-cosmetic-containers","8":"product_cat-cosmetic-packaging","9":"product_cat-essential-oil-bottles","10":"product_tag-cosmetic-pots-with-lids","11":"product_tag-frosted-cosmetic-jars","12":"desktop-align-left","13":"tablet-align-left","14":"mobile-align-left","16":"first","17":"instock","18":"shipping-taxable","19":"product-type-simple"},"acf":[],"jetpack_sharing_enabled":true,"_links":{"self":[{"href":"https:\/\/theperfumebottles.com\/hu\/wp-json\/wp\/v2\/product\/5703","targetHints":{"allow":["GET"]}}],"collection":[{"href":"https:\/\/theperfumebottles.com\/hu\/wp-json\/wp\/v2\/product"}],"about":[{"href":"https:\/\/theperfumebottles.com\/hu\/wp-json\/wp\/v2\/types\/product"}],"replies":[{"embeddable":true,"href":"https:\/\/theperfumebottles.com\/hu\/wp-json\/wp\/v2\/comments?post=5703"}],"wp:featuredmedia":[{"embeddable":true,"href":"https:\/\/theperfumebottles.com\/hu\/wp-json\/wp\/v2\/media\/5704"}],"wp:attachment":[{"href":"https:\/\/theperfumebottles.com\/hu\/wp-json\/wp\/v2\/media?parent=5703"}],"wp:term":[{"taxonomy":"product_brand","embeddable":true,"href":"https:\/\/theperfumebottles.com\/hu\/wp-json\/wp\/v2\/product_brand?post=5703"},{"taxonomy":"product_cat","embeddable":true,"href":"https:\/\/theperfumebottles.com\/hu\/wp-json\/wp\/v2\/product_cat?post=5703"},{"taxonomy":"product_tag","embeddable":true,"href":"https:\/\/theperfumebottles.com\/hu\/wp-json\/wp\/v2\/product_tag?post=5703"}],"curies":[{"name":"wp","href":"https:\/\/api.w.org\/{rel}","templated":true}]}}