{"id":5708,"date":"2025-08-15T18:02:38","date_gmt":"2025-08-15T10:02:38","guid":{"rendered":"https:\/\/theperfumebottles.com\/?post_type=product&#038;p=5708"},"modified":"2026-04-01T12:41:20","modified_gmt":"2026-04-01T04:41:20","slug":"wholesale-clear-glass-oil-dropper-bottle-for-essential-oils","status":"publish","type":"product","link":"https:\/\/theperfumebottles.com\/hu\/termek\/wholesale-clear-glass-oil-dropper-bottle-for-essential-oils\/","title":{"rendered":"15 ml \u2013 120 ml \u00e1tl\u00e1tsz\u00f3 \u00fcveg olajcseppen\u0151s palackok nagykereskedelemben"},"content":{"rendered":"<p>Ez nem csak egy \u00fajabb cseppent\u0151s \u00fcveg. Egy teljes, nagykereskedelmi v\u00e1s\u00e1rl\u00f3k sz\u00e1m\u00e1ra tervezett, cseppent\u0151s \u00fcvegpalack-kollekci\u00f3 r\u00e9sze. Ismerd meg az \u00fcveg cseppent\u0151s \u00fcveget, ami mindent tud \u2013 letisztult vonalak, kompakt hengeres forma \u00e9s krist\u00e1lytiszta \u00fcveg, amely kiemeli a term\u00e9ked. Nincsenek sallangok. Nincsenek hib\u00e1k. Csak egy megb\u00edzhat\u00f3 tart\u00e1ly, amelyet olyan ill\u00f3olaj-, tinkt\u00fara- \u00e9s sz\u00e9rumm\u00e1rk\u00e1k sz\u00e1m\u00e1ra terveztek, akik \u00e9rt\u00e9kelik a prec\u00edz szab\u00e1lyoz\u00e1st \u00e9s a professzion\u00e1lis megjelen\u00e9st.<\/p>\n<h2>F\u0151bb specifik\u00e1ci\u00f3k<\/h2>\n<table style=\"border-collapse: collapse; margin-left: auto; margin-right: auto; width: 80%;\" border=\"0\" width=\"473\" cellspacing=\"0\" cellpadding=\"0\">\n<tbody>\n<tr style=\"height: 13.50pt;\">\n<td style=\"height: 13.50pt; width: 107.25pt;\" width=\"143\" height=\"18\">Jellemz\u0151<\/td>\n<td style=\"width: 247.50pt;\" width=\"330\">R\u00e9szlet<\/td>\n<\/tr>\n<tr style=\"height: 13.50pt;\">\n<td style=\"height: 13.50pt;\" height=\"18\">Kapacit\u00e1sbe\u00e1ll\u00edt\u00e1sok<\/td>\n<td>15 ml, 30 ml, 60 ml, 100 ml, 120 ml<\/td>\n<\/tr>\n<tr style=\"height: 13.50pt;\">\n<td style=\"height: 13.50pt;\" height=\"18\">Anyag<\/td>\n<td>Kiv\u00e1l\u00f3 min\u0151s\u00e9g\u0171 \u00fcveg<\/td>\n<\/tr>\n<tr style=\"height: 13.50pt;\">\n<td style=\"height: 13.50pt;\" height=\"18\">Palack t\u00edpusa<\/td>\n<td>\u00dcveg cseppent\u0151 palackok nagykereskedelemben<\/td>\n<\/tr>\n<tr style=\"height: 13.50pt;\">\n<td style=\"height: 13.50pt;\" height=\"18\">Alak<\/td>\n<td>Hengeres, \u00e1tl\u00e1tsz\u00f3 test<\/td>\n<\/tr>\n<tr style=\"height: 13.50pt;\">\n<td style=\"height: 13.50pt;\" height=\"18\">Bez\u00e1r\u00e1s<\/td>\n<td>Cseppent\u0151 fed\u00e9l (sz\u00edn testreszabhat\u00f3)<\/td>\n<\/tr>\n<tr style=\"height: 13.50pt;\">\n<td style=\"height: 13.50pt;\" height=\"18\">Befejez\u00e9s<\/td>\n<td>\u00c1tl\u00e1tsz\u00f3 \u00fcveg (fagy\u00e1ll\u00f3 opci\u00f3 el\u00e9rhet\u0151)<\/td>\n<\/tr>\n<tr style=\"height: 13.50pt;\">\n<td style=\"height: 13.50pt;\" height=\"18\">Ide\u00e1lis<\/td>\n<td>Ill\u00f3olaj, tinkt\u00fara, foly\u00e9kony kivonatok<\/td>\n<\/tr>\n<\/tbody>\n<\/table>\n<h2>Sikert\u00f6rt\u00e9net: A Kitchen Lab-t\u0151l a nemzeti kiskereskedelemig<\/h2>\n<p>Egy kis gy\u00f3gyn\u00f6v\u00e9nyes m\u00e1rka kezdetben otthon k\u00e9sz\u00edtett tinkt\u00far\u00e1kat. V\u00e9letlenszer\u0171, \u00fcres mini cseppent\u0151s flakonokat haszn\u00e1ltak, de azok gyakran sziv\u00e1rogtak, a c\u00edmk\u00e9k lev\u00e1ltak, \u00e9s a megjelen\u00e9s\u00fck nem volt egyforma. \u00c1t\u00e1lltak az olajos cseppent\u0151s flakonjainkra, 30 ml-es \u00e9s 60 ml-es m\u00e9reteket v\u00e1lasztottak, egyedi s\u00f6t\u00e9tz\u00f6ld kupakkal, hogy illeszkedjenek a st\u00edlusukhoz. Mind\u00f6ssze nyolc h\u00f3nap alatt h\u00e1rom nagyobb \u00fczletl\u00e1ncban is megjelentek a k\u00e9szleteik. Ma m\u00e1r nagykereskedelmi \u00fcveg cseppent\u0151s flakonokra t\u00e1maszkodnak, \u00e9s kib\u0151v\u00edtett\u00e9k term\u00e9kk\u00edn\u00e1latukat sz\u00e9rumokkal, ill\u00f3olaj-kever\u00e9kekkel \u00e9s egyebekkel.<\/p>\n<h2>Szeretn\u00e9d testre szabni a term\u00e9keidet?<\/h2>\n<p>Ne csak k\u00f6vesd a trendeket \u2013 te magad \u00e1ll\u00edtsd fel \u0151ket.<\/p>\n<ul>\n<li>Pr\u00f3b\u00e1ljon ki matt fel\u00fcletet a puha, pr\u00e9mium \u00e9rzet\u00e9rt \u2013 t\u00f6k\u00e9letes spa- vagy luxus ill\u00f3olaj-kollekci\u00f3khoz.<\/li>\n<li>A 15 ml-es flakon t\u00f6k\u00e9letes mint\u00e1khoz vagy utaz\u00f3k\u00e9szletekhez. A 120 ml-es? T\u00f6k\u00e9letes nagy kiszerel\u00e9sben t\u00f6rt\u00e9n\u0151 felhaszn\u00e1l\u00e1sra v\u00edz\u00e1llom\u00e1son vagy szalonban.<\/li>\n<li>Szabja testre a kupak sz\u00edn\u00e9t a m\u00e1rk\u00e1j\u00e1hoz igaz\u00edtva \u2013 r\u00f3zsasz\u00edn, r\u00e9z, matt fekete \u00e9s m\u00e9g sok m\u00e1s.<\/li>\n<\/ul>\n<p>Ezek nem csak \u00fcvegpalackok, hanem a log\u00f3d csendes nagyk\u00f6vetei. Ak\u00e1r egy vadonat\u00faj tinkt\u00fara term\u00e9kcsal\u00e1dot ind\u00edtasz el, ak\u00e1r a csomagol\u00e1sodat b\u0151v\u00edted, mi figyelemre m\u00e9lt\u00f3 csomagol\u00f3ed\u00e9nyeket biztos\u00edtunk sz\u00e1modra, amelyek tart\u00f3sak \u00e9s eszt\u00e9tikailag is szemet gy\u00f6ny\u00f6rk\u00f6dtet\u0151ek lehetnek.<\/p>","protected":false},"excerpt":{"rendered":"<p>Nagykereskedelmi \u00fcveg cseppent\u0151s palackok, ide\u00e1lis olajcseppentet\u0151 palackok \u00f6mlesztett kozmetikai, ill\u00f3olaj- \u00e9s b\u0151r\u00e1pol\u00e1si csomagol\u00e1shoz.<\/p>","protected":false},"featured_media":5711,"comment_status":"closed","ping_status":"closed","template":"","meta":{"_acf_changed":false,"site-sidebar-layout":"default","site-content-layout":"","ast-site-content-layout":"default","site-content-style":"default","site-sidebar-style":"default","ast-global-header-display":"","ast-banner-title-visibility":"","ast-main-header-display":"","ast-hfb-above-header-display":"","ast-hfb-below-header-display":"","ast-hfb-mobile-header-display":"","site-post-title":"","ast-breadcrumbs-content":"","ast-featured-img":"","footer-sml-layout":"","ast-disable-related-posts":"","theme-transparent-header-meta":"default","adv-header-id-meta":"","stick-header-meta":"","header-above-stick-meta":"","header-main-stick-meta":"","header-below-stick-meta":"","astra-migrate-meta-layouts":"set","ast-page-background-enabled":"default","ast-page-background-meta":{"desktop":{"background-color":"var(--ast-global-color-5)","background-image":"","background-repeat":"repeat","background-position":"center center","background-size":"auto","background-attachment":"scroll","background-type":"","background-media":"","overlay-type":"","overlay-color":"","overlay-opacity":"","overlay-gradient":""},"tablet":{"background-color":"","background-image":"","background-repeat":"repeat","background-position":"center center","background-size":"auto","background-attachment":"scroll","background-type":"","background-media":"","overlay-type":"","overlay-color":"","overlay-opacity":"","overlay-gradient":""},"mobile":{"background-color":"","background-image":"","background-repeat":"repeat","background-position":"center center","background-size":"auto","background-attachment":"scroll","background-type":"","background-media":"","overlay-type":"","overlay-color":"","overlay-opacity":"","overlay-gradient":""}},"ast-content-background-meta":{"desktop":{"background-color":"var(--ast-global-color-4)","background-image":"","background-repeat":"repeat","background-position":"center center","background-size":"auto","background-attachment":"scroll","background-type":"","background-media":"","overlay-type":"","overlay-color":"","overlay-opacity":"","overlay-gradient":""},"tablet":{"background-color":"var(--ast-global-color-4)","background-image":"","background-repeat":"repeat","background-position":"center center","background-size":"auto","background-attachment":"scroll","background-type":"","background-media":"","overlay-type":"","overlay-color":"","overlay-opacity":"","overlay-gradient":""},"mobile":{"background-color":"var(--ast-global-color-4)","background-image":"","background-repeat":"repeat","background-position":"center center","background-size":"auto","background-attachment":"scroll","background-type":"","background-media":"","overlay-type":"","overlay-color":"","overlay-opacity":"","overlay-gradient":""}}},"product_brand":[],"product_cat":[59,72,62,57],"product_tag":[190,204],"class_list":{"0":"post-5708","1":"product","2":"type-product","3":"status-publish","4":"has-post-thumbnail","6":"product_cat-glass-dropper-bottles","7":"product_cat-cosmetic-packaging","8":"product_cat-cosmetic-containers","9":"product_cat-essential-oil-bottles","10":"product_tag-cosmetic-pots-with-lids","11":"product_tag-frosted-cosmetic-jars","12":"desktop-align-left","13":"tablet-align-left","14":"mobile-align-left","16":"first","17":"instock","18":"shipping-taxable","19":"product-type-simple"},"acf":[],"jetpack_sharing_enabled":true,"_links":{"self":[{"href":"https:\/\/theperfumebottles.com\/hu\/wp-json\/wp\/v2\/product\/5708","targetHints":{"allow":["GET"]}}],"collection":[{"href":"https:\/\/theperfumebottles.com\/hu\/wp-json\/wp\/v2\/product"}],"about":[{"href":"https:\/\/theperfumebottles.com\/hu\/wp-json\/wp\/v2\/types\/product"}],"replies":[{"embeddable":true,"href":"https:\/\/theperfumebottles.com\/hu\/wp-json\/wp\/v2\/comments?post=5708"}],"wp:featuredmedia":[{"embeddable":true,"href":"https:\/\/theperfumebottles.com\/hu\/wp-json\/wp\/v2\/media\/5711"}],"wp:attachment":[{"href":"https:\/\/theperfumebottles.com\/hu\/wp-json\/wp\/v2\/media?parent=5708"}],"wp:term":[{"taxonomy":"product_brand","embeddable":true,"href":"https:\/\/theperfumebottles.com\/hu\/wp-json\/wp\/v2\/product_brand?post=5708"},{"taxonomy":"product_cat","embeddable":true,"href":"https:\/\/theperfumebottles.com\/hu\/wp-json\/wp\/v2\/product_cat?post=5708"},{"taxonomy":"product_tag","embeddable":true,"href":"https:\/\/theperfumebottles.com\/hu\/wp-json\/wp\/v2\/product_tag?post=5708"}],"curies":[{"name":"wp","href":"https:\/\/api.w.org\/{rel}","templated":true}]}}