{"id":6177,"date":"2025-09-08T14:09:26","date_gmt":"2025-09-08T06:09:26","guid":{"rendered":"https:\/\/theperfumebottles.com\/?post_type=product&#038;p=6177"},"modified":"2025-09-08T14:09:29","modified_gmt":"2025-09-08T06:09:29","slug":"vintage-scent-bottle-10ml-antique-small-perfume-bottles","status":"publish","type":"product","link":"https:\/\/theperfumebottles.com\/hu\/termek\/vintage-scent-bottle-10ml-antique-small-perfume-bottles\/","title":{"rendered":"Vintage illatos \u00fcveg 10ml \u2013 Antik kis parf\u00fcm\u00f6s \u00fcvegek"},"content":{"rendered":"<p>Ez a vintage illatos \u00fcvegcs\u00e9vel t\u00f6bb mint egy tart\u00e1ly \u2013 ez egy igaz\u00e1n k\u00fcl\u00f6nleges darab. Az alma ihlette sziluettj\u00e9vel, arany keret\u00e9vel \u00e9s vir\u00e1ggrav\u00edroz\u00e1s\u00e1val a diz\u00e1jn hidat k\u00e9pez a r\u00e9gi vil\u00e1g \u00e9s a modern parf\u00fcm\u00f6s \u00fcvegcs\u00e9k m\u0171v\u00e9szete k\u00f6z\u00f6tt. Az \u00fcveg parf\u00fcm\u00f6s \u00fcvegcs\u00e9ben egy arany sz\u00edn\u0171, f\u00fav\u00f3k\u00e1s izz\u00f3 hangulat\u00e1t vibr\u00e1l\u00f3 fonat \u00e9s \u00e1tl\u00e1tsz\u00f3 kupak teszi teljess\u00e9 a megjelen\u00e9st. 10 ml-es kiszerel\u00e9s\u00e9vel t\u00f6k\u00e9letesen illik egy gy\u0171jtem\u00e9ny r\u00e9sz\u00e9v\u00e9, luxus parf\u00fcm dekor\u00e1ci\u00f3nak, vagy az utaz\u00e1si illatcsal\u00e1d r\u00e9sz\u00e9v\u00e9.<\/p>\n<figure id=\"attachment_6178\" aria-describedby=\"caption-attachment-6178\" style=\"width: 500px\" class=\"wp-caption aligncenter\"><img fetchpriority=\"high\" decoding=\"async\" class=\"wp-image-6178\" src=\"https:\/\/theperfumebottles.com\/wp-content\/uploads\/2025\/09\/antique-small-perfume-bottles-1.webp\" alt=\"antik kis parf\u00fcm\u00f6s \u00fcvegek\" width=\"500\" height=\"500\" srcset=\"https:\/\/theperfumebottles.com\/wp-content\/uploads\/2025\/09\/antique-small-perfume-bottles-1.webp 1000w, https:\/\/theperfumebottles.com\/wp-content\/uploads\/2025\/09\/antique-small-perfume-bottles-1-300x300.webp 300w, https:\/\/theperfumebottles.com\/wp-content\/uploads\/2025\/09\/antique-small-perfume-bottles-1-150x150.webp 150w, https:\/\/theperfumebottles.com\/wp-content\/uploads\/2025\/09\/antique-small-perfume-bottles-1-768x768.webp 768w, https:\/\/theperfumebottles.com\/wp-content\/uploads\/2025\/09\/antique-small-perfume-bottles-1-12x12.webp 12w, https:\/\/theperfumebottles.com\/wp-content\/uploads\/2025\/09\/antique-small-perfume-bottles-1-600x600.webp 600w, https:\/\/theperfumebottles.com\/wp-content\/uploads\/2025\/09\/antique-small-perfume-bottles-1-100x100.webp 100w\" sizes=\"(max-width: 500px) 100vw, 500px\" \/><figcaption id=\"caption-attachment-6178\" class=\"wp-caption-text\">antik kis parf\u00fcm\u00f6s \u00fcvegek<\/figcaption><\/figure>\n<p>M\u00e1rkatulajdonosk\u00e9nt vagy \u00fczleti \u00fcgyf\u00e9lk\u00e9nt nem csak \u00fcvegpalackokra van sz\u00fcks\u00e9ged \u2013 egy t\u00f6rt\u00e9netet elmes\u00e9l\u0151 csomagol\u00e1sra. Professzion\u00e1lis gy\u00e1rt\u00f3k\u00e9nt seg\u00edt\u00fcnk egyedi palackok k\u00e9sz\u00edt\u00e9s\u00e9ben, egyedi sz\u00ednek kiv\u00e1laszt\u00e1s\u00e1ban, valamint az illatkoncepci\u00f3dhoz ill\u0151 kupak vagy porlaszt\u00f3 megtervez\u00e9s\u00e9ben. Ak\u00e1r egyetlen mint\u00e1t szeretn\u00e9l tesztel\u00e9sre, ak\u00e1r nagykereskedelmi megrendel\u00e9st, rugalmas lehet\u0151s\u00e9gek \u00e1llnak rendelkez\u00e9sedre, megb\u00edzhat\u00f3 sz\u00e1ll\u00edt\u00e1ssal vil\u00e1gszerte.<\/p>\n<h2>Specifik\u00e1ci\u00f3k<\/h2>\n<table style=\"border-collapse: collapse; width: 361.52pt;\" border=\"0\" width=\"482\" cellspacing=\"0\" cellpadding=\"0\">\n<tbody>\n<tr style=\"height: 13.50pt;\">\n<td style=\"height: 13.50pt; width: 89.25pt;\" width=\"119\" height=\"18\">Kapacit\u00e1s<\/td>\n<td style=\"width: 272.25pt;\" width=\"363\">10 ml<\/td>\n<\/tr>\n<tr style=\"height: 13.50pt;\">\n<td style=\"height: 13.50pt;\" height=\"18\">Alak<\/td>\n<td>Alma ihlette szab\u00e1lytalan<\/td>\n<\/tr>\n<tr style=\"height: 13.50pt;\">\n<td style=\"height: 13.50pt;\" height=\"18\">St\u00edlus<\/td>\n<td>Vintage \/ Antik<\/td>\n<\/tr>\n<tr style=\"height: 13.50pt;\">\n<td style=\"height: 13.50pt;\" height=\"18\">Anyag<\/td>\n<td>Krist\u00e1ly\u00fcveg + galvaniz\u00e1lt alum\u00ednium<\/td>\n<\/tr>\n<tr style=\"height: 13.50pt;\">\n<td style=\"height: 13.50pt;\" height=\"18\">Befejez\u00e9s<\/td>\n<td>Testreszabhat\u00f3 fel\u00fcletkezel\u00e9s<\/td>\n<\/tr>\n<tr style=\"height: 13.50pt;\">\n<td style=\"height: 13.50pt;\" height=\"18\">Palacknyak<\/td>\n<td>Csavar<\/td>\n<\/tr>\n<tr style=\"height: 13.50pt;\">\n<td style=\"height: 13.50pt;\" height=\"18\">Sapka<\/td>\n<td>Arany nyom\u00f3 izz\u00f3 porlaszt\u00f3 + pumpa<\/td>\n<\/tr>\n<tr style=\"height: 13.50pt;\">\n<td style=\"height: 13.50pt;\" height=\"18\">M\u00e9ret<\/td>\n<td>40 mm \u00d7 71 mm \/ 40 mm \u00d7 83 mm<\/td>\n<\/tr>\n<tr style=\"height: 13.50pt;\">\n<td style=\"height: 13.50pt;\" height=\"18\">Sz\u00edn<\/td>\n<td>Arany (egyedi opci\u00f3k el\u00e9rhet\u0151k)<\/td>\n<\/tr>\n<tr style=\"height: 13.50pt;\">\n<td style=\"height: 13.50pt;\" height=\"18\">Csomagol\u00e1s<\/td>\n<td>Egyedi parf\u00fcm\u00f6s \u00fcveg csomagol\u00e1s el\u00e9rhet\u0151<\/td>\n<\/tr>\n<\/tbody>\n<\/table>\n<h2>A siker esete<\/h2>\n<p>Egy eur\u00f3pai illatgy\u00e1rt\u00f3 olyan indul\u00f3 \u00fcvegcs\u00e9ket keresett, amelyek egyediek, ahogyan a saj\u00e1t k\u00e9zm\u0171ves term\u00e9kei is. A s\u00f6t\u00e9tv\u00f6r\u00f6s, pr\u00e9selt \u00fcvegcs\u00e9kkel \u00e9s matt arany kupakkal ell\u00e1tott antik kis parf\u00fcm\u00f6s \u00fcvegcs\u00e9inket v\u00e1lasztott\u00e1k. Az eleg\u00e1ns diz\u00e1jn a butik-kiskeresked\u0151k k\u00f6r\u00e9ben besz\u00e9dt\u00e9m\u00e1v\u00e1 tette a kollekci\u00f3t. Az els\u0151 negyed\u00e9vben sz\u00e1mos belf\u00f6ldi \u00e9s k\u00fclf\u00f6ldi luxus\u00fczlettel k\u00f6t\u00f6ttek szerz\u0151d\u00e9st, \u00e9s nagykereskedelmi megrendel\u00e9seik gyorsan megdupl\u00e1z\u00f3dtak.<\/p>\n<h2>Alkalmazkod\u00e1si tippek<\/h2>\n<p>Amikor illatot alkotsz, a parf\u00fcm\u00f6s \u00fcveg csomagol\u00e1s\u00e1nak t\u00fckr\u00f6znie kell az adott illat szem\u00e9lyis\u00e9g\u00e9t. Ha k\u00f6nnyed \u00e9s vir\u00e1gos illatot szeretn\u00e9l, v\u00e1lassz pasztell sz\u00edn\u0171, \u00e1tl\u00e1tsz\u00f3 kupakkal ell\u00e1tott illatot. Mer\u00e9sz, f\u00e1s jegyekhez m\u00e9ly g\u00f6mb\u00f6ly\u0171 illatokat \u00e9s f\u00e9mes fel\u00fcletet v\u00e1lassz. Ne habozz el\u0151sz\u00f6r mint\u00e1t rendelni \u2013 a teszt seg\u00edt megtal\u00e1lni a megfelel\u0151t, miel\u0151tt elk\u00f6telez\u0151dn\u00e9l a t\u00f6meges gy\u00e1rt\u00e1s mellett. A rugalmas, egyedi opci\u00f3knak k\u00f6sz\u00f6nhet\u0151en mindent megtal\u00e1lsz, amire sz\u00fcks\u00e9ged van egy luxus \u00e9s szem\u00e9lyes csomagol\u00e1s megtervez\u00e9s\u00e9hez.<\/p>","protected":false},"excerpt":{"rendered":"<p>Fedezzen fel antik kis parf\u00fcm\u00f6s \u00fcvegcs\u00e9ket 10 ml-es kiszerel\u00e9sben. Eleg\u00e1ns vintage illatos \u00fcvegcs\u00e9k porlaszt\u00f3val, egyedi csomagol\u00e1sban, nagykereskedelmi \u00e9s t\u00f6meges rendel\u00e9sre is el\u00e9rhet\u0151k.<\/p>","protected":false},"featured_media":6182,"comment_status":"closed","ping_status":"closed","template":"","meta":{"_acf_changed":false,"site-sidebar-layout":"default","site-content-layout":"","ast-site-content-layout":"default","site-content-style":"default","site-sidebar-style":"default","ast-global-header-display":"","ast-banner-title-visibility":"","ast-main-header-display":"","ast-hfb-above-header-display":"","ast-hfb-below-header-display":"","ast-hfb-mobile-header-display":"","site-post-title":"","ast-breadcrumbs-content":"","ast-featured-img":"","footer-sml-layout":"","ast-disable-related-posts":"","theme-transparent-header-meta":"default","adv-header-id-meta":"","stick-header-meta":"","header-above-stick-meta":"","header-main-stick-meta":"","header-below-stick-meta":"","astra-migrate-meta-layouts":"set","ast-page-background-enabled":"default","ast-page-background-meta":{"desktop":{"background-color":"var(--ast-global-color-5)","background-image":"","background-repeat":"repeat","background-position":"center center","background-size":"auto","background-attachment":"scroll","background-type":"","background-media":"","overlay-type":"","overlay-color":"","overlay-opacity":"","overlay-gradient":""},"tablet":{"background-color":"","background-image":"","background-repeat":"repeat","background-position":"center center","background-size":"auto","background-attachment":"scroll","background-type":"","background-media":"","overlay-type":"","overlay-color":"","overlay-opacity":"","overlay-gradient":""},"mobile":{"background-color":"","background-image":"","background-repeat":"repeat","background-position":"center center","background-size":"auto","background-attachment":"scroll","background-type":"","background-media":"","overlay-type":"","overlay-color":"","overlay-opacity":"","overlay-gradient":""}},"ast-content-background-meta":{"desktop":{"background-color":"var(--ast-global-color-4)","background-image":"","background-repeat":"repeat","background-position":"center center","background-size":"auto","background-attachment":"scroll","background-type":"","background-media":"","overlay-type":"","overlay-color":"","overlay-opacity":"","overlay-gradient":""},"tablet":{"background-color":"var(--ast-global-color-4)","background-image":"","background-repeat":"repeat","background-position":"center center","background-size":"auto","background-attachment":"scroll","background-type":"","background-media":"","overlay-type":"","overlay-color":"","overlay-opacity":"","overlay-gradient":""},"mobile":{"background-color":"var(--ast-global-color-4)","background-image":"","background-repeat":"repeat","background-position":"center center","background-size":"auto","background-attachment":"scroll","background-type":"","background-media":"","overlay-type":"","overlay-color":"","overlay-opacity":"","overlay-gradient":""}}},"product_brand":[],"product_cat":[72,41,73],"product_tag":[],"class_list":{"0":"post-6177","1":"product","2":"type-product","3":"status-publish","4":"has-post-thumbnail","6":"product_cat-cosmetic-packaging","7":"product_cat-perfume-bottles","8":"product_cat-vintage-perfume-bottles","9":"desktop-align-left","10":"tablet-align-left","11":"mobile-align-left","13":"first","14":"instock","15":"shipping-taxable","16":"product-type-simple"},"acf":[],"jetpack_sharing_enabled":true,"_links":{"self":[{"href":"https:\/\/theperfumebottles.com\/hu\/wp-json\/wp\/v2\/product\/6177","targetHints":{"allow":["GET"]}}],"collection":[{"href":"https:\/\/theperfumebottles.com\/hu\/wp-json\/wp\/v2\/product"}],"about":[{"href":"https:\/\/theperfumebottles.com\/hu\/wp-json\/wp\/v2\/types\/product"}],"replies":[{"embeddable":true,"href":"https:\/\/theperfumebottles.com\/hu\/wp-json\/wp\/v2\/comments?post=6177"}],"wp:featuredmedia":[{"embeddable":true,"href":"https:\/\/theperfumebottles.com\/hu\/wp-json\/wp\/v2\/media\/6182"}],"wp:attachment":[{"href":"https:\/\/theperfumebottles.com\/hu\/wp-json\/wp\/v2\/media?parent=6177"}],"wp:term":[{"taxonomy":"product_brand","embeddable":true,"href":"https:\/\/theperfumebottles.com\/hu\/wp-json\/wp\/v2\/product_brand?post=6177"},{"taxonomy":"product_cat","embeddable":true,"href":"https:\/\/theperfumebottles.com\/hu\/wp-json\/wp\/v2\/product_cat?post=6177"},{"taxonomy":"product_tag","embeddable":true,"href":"https:\/\/theperfumebottles.com\/hu\/wp-json\/wp\/v2\/product_tag?post=6177"}],"curies":[{"name":"wp","href":"https:\/\/api.w.org\/{rel}","templated":true}]}}