{"id":6224,"date":"2025-09-09T15:18:04","date_gmt":"2025-09-09T07:18:04","guid":{"rendered":"https:\/\/theperfumebottles.com\/?post_type=product&#038;p=6224"},"modified":"2025-09-12T18:31:49","modified_gmt":"2025-09-12T10:31:49","slug":"bulk-white-pink-gradient-cosmetic-container-set-with-gold-trim","status":"publish","type":"product","link":"https:\/\/theperfumebottles.com\/hu\/termek\/bulk-white-pink-gradient-cosmetic-container-set-with-gold-trim\/","title":{"rendered":"Feh\u00e9r-R\u00f3zsasz\u00edn Sz\u00edn\u00e1tmenetes Kozmetikai T\u00e1rol\u00f3 K\u00e9szlet Arany Szeg\u00e9llyel"},"content":{"rendered":"<p>\u00dcres kozmetikai csomagol\u00f3k\u00e9szleteinket az elegancia \u00e9s a funkcionalit\u00e1s jegy\u00e9ben tervezt\u00fck. Ez a gy\u00f6ny\u00f6r\u0171 kozmetikai t\u00e1rol\u00f3k\u00e9szlet minden egyes \u00fcveg\u00e9n eleg\u00e1ns feh\u00e9r-r\u00f3zsasz\u00edn ombr\u00e9 hat\u00e1s l\u00e1that\u00f3, amelyet a luxus \u00e9rzet\u00e9t kelt\u0151 finom arany vonalak hangs\u00falyoznak. Ez az \u00fcvegcsomag k\u00fcl\u00f6nb\u00f6z\u0151 m\u00e9ret\u0171 kr\u00e9mes t\u00e9gelyeket \u00e9s pump\u00e1s flakonokat tartalmaz.<\/p>\n<h2>F\u0151bb specifik\u00e1ci\u00f3k<\/h2>\n<table style=\"border-collapse: collapse;margin-left: auto;margin-right: auto;width: 504.02pt\" border=\"0\" width=\"672\" cellspacing=\"0\" cellpadding=\"0\">\n<tbody>\n<tr style=\"height: 13.50pt\">\n<td class=\"et3\" style=\"height: 13.50pt;width: 121.50pt\" width=\"162\" height=\"18\"><strong>Kapacit\u00e1s (ml)<\/strong><\/td>\n<td class=\"et3\" style=\"width: 76.50pt\" width=\"102\"><strong>30<\/strong><\/td>\n<td class=\"et3\" style=\"width: 76.50pt\" width=\"102\"><strong>50<\/strong><\/td>\n<td class=\"et3\" style=\"width: 76.50pt\" width=\"102\"><strong>45<\/strong><\/td>\n<td class=\"et3\" style=\"width: 76.50pt\" width=\"102\"><strong>105<\/strong><\/td>\n<td class=\"et3\" style=\"width: 76.50pt\" width=\"102\"><strong>125<\/strong><\/td>\n<\/tr>\n<tr style=\"height: 13.50pt\">\n<td class=\"et2\" style=\"height: 13.50pt\" height=\"18\">Nyak\u00e1tm\u00e9r\u0151 (mm)<\/td>\n<td class=\"et2\">51<\/td>\n<td class=\"et2\">51<\/td>\n<td class=\"et2\">20<\/td>\n<td class=\"et2\">20<\/td>\n<td class=\"et2\">20<\/td>\n<\/tr>\n<tr style=\"height: 13.50pt\">\n<td class=\"et2\" style=\"height: 13.50pt\" height=\"18\">\u00c1tm\u00e9r\u0151 (mm)<\/td>\n<td class=\"et2\">63<\/td>\n<td class=\"et2\">63<\/td>\n<td class=\"et2\">45\u00d735<\/td>\n<td class=\"et2\">55\u00d742<\/td>\n<td class=\"et2\">57\u00d742<\/td>\n<\/tr>\n<tr style=\"height: 13.50pt\">\n<td class=\"et2\" style=\"height: 13.50pt\" height=\"18\">Palack magass\u00e1ga (mm)<\/td>\n<td class=\"et2\">34<\/td>\n<td class=\"et2\">44<\/td>\n<td class=\"et2\">92<\/td>\n<td class=\"et2\">131<\/td>\n<td class=\"et2\">142<\/td>\n<\/tr>\n<tr style=\"height: 13.50pt\">\n<td class=\"et2\" style=\"height: 13.50pt\" height=\"18\">Teljes magass\u00e1g (mm)<\/td>\n<td class=\"et2\">50<\/td>\n<td class=\"et2\">60<\/td>\n<td class=\"et2\">127<\/td>\n<td class=\"et2\">167<\/td>\n<td class=\"et2\">177<\/td>\n<\/tr>\n<tr style=\"height: 13.50pt\">\n<td class=\"et2\" style=\"height: 13.50pt\" height=\"18\">Anyag<\/td>\n<td class=\"et2\" colspan=\"5\">krist\u00e1ly<\/td>\n<\/tr>\n<tr style=\"height: 13.50pt\">\n<td class=\"et2\" style=\"height: 13.50pt\" height=\"18\">egy\u00e9ni be\u00e1ll\u00edt\u00e1sok<\/td>\n<td class=\"et2\" colspan=\"5\">Fel\u00fcletkezel\u00e9s, sz\u00edn, m\u00e9ret, forma, bor\u00edt\u00e1s, kieg\u00e9sz\u00edt\u0151k<\/td>\n<\/tr>\n<tr style=\"height: 13.50pt\">\n<td class=\"et2\" style=\"height: 13.50pt\" height=\"18\">Ide\u00e1lis<\/td>\n<td class=\"et2\" colspan=\"5\">B\u0151r\u00e1pol\u00f3 szettek, sz\u00e9rumok, hidrat\u00e1l\u00f3k, tiszt\u00edt\u00f3k<\/td>\n<\/tr>\n<\/tbody>\n<\/table>\n<h2>Hogyan dupl\u00e1zta meg egy m\u00e1rka a kiskereskedelmi elhelyezked\u00e9s\u00e9t<\/h2>\n<p>Egy sz\u00e9ps\u00e9gipari startup egy h\u00e1romr\u00e9szes rutint dobott piacra \u2013 tiszt\u00edt\u00f3 sz\u00e9rumot \u00e9s hidrat\u00e1l\u00f3kr\u00e9met. Sz\u00fcks\u00e9g\u00fck volt egy olyan kozmetikai csomagol\u00f3k\u00e9szletre, amely luxusnak t\u0171nik, de megfizethet\u0151en m\u00e9retezhet\u0151. Ezt az \u00fcveg kozmetikai tart\u00e1lyk\u00e9szletet v\u00e1lasztott\u00e1k letisztult form\u00e1ja \u00e9s testreszabhat\u00f3s\u00e1ga miatt. K\u00fcl\u00f6nb\u00f6z\u0151 flakonok haszn\u00e1lata helyett mindh\u00e1rom term\u00e9kn\u00e9l ugyanazt a 125 ml-es diz\u00e1jnt tartott\u00e1k meg. Csak a kupak sz\u00edn\u00e9t \u00e9s a c\u00edmk\u00e9t v\u00e1ltoztatt\u00e1k meg. Az eredm\u00e9ny? Egy egys\u00e9ges megjelen\u00e9s, amely luxust sugallt. Egy region\u00e1lis sz\u00e9ps\u00e9g\u00e1pol\u00e1si kiskeresked\u0151 v\u00e1s\u00e1rl\u00f3i azonnal \u00e9szrevett\u00e9k. \u201e\u00dagy n\u00e9z ki, mint valami, amit egy luxus wellnessk\u00f6zpontban l\u00e1tn\u00e1nk\u201d \u2013 mondta az egyik\u00fck. Egy 12 \u00fczletes k\u00eds\u00e9rleti programot ind\u00edtottak. Hat h\u00f3nappal k\u00e9s\u0151bb 48 \u00fczletre b\u0151v\u00fclt a k\u00edn\u00e1lat.<\/p>\n<h2>Szabja testre a kozmetikai tart\u00e1lyk\u00e9szletet (ne a c\u00edmk\u00e9t)<\/h2>\n<ul>\n<li>Puha tapint\u00e1s\u00fa bevonat \u2013 b\u00e1rsonyos \u00e9rzetet ad, ami m\u00e1r a k\u00e9zbe v\u00e9telkor \u201epr\u00e9miumot\u201d sugall.<\/li>\n<li>Haszn\u00e1ljon UV-sz\u0171r\u0151s \u00e1rnyalatot \u2013 a borosty\u00e1n vagy k\u00e9k \u00fcveg hosszabb ideig meg\u0151rzi a f\u00e9ny\u00e9rz\u00e9keny sz\u00e9rumokat.<\/li>\n<li>Pr\u00f3b\u00e1lj ki \u00edvelt v\u00e1llat \u2013 l\u00e1gy\u00edtja a megjelen\u00e9st \u00e9s jav\u00edtja a folyad\u00e9k\u00e1raml\u00e1st behelyez\u00e9skor.<\/li>\n<li>V\u00e1lassz matt fel\u00fcletet \u2013 elrejtheted az ujjlenyomatot \u00e9s modern, minimalista hangulatot k\u00f6lcs\u00f6n\u00f6zhetsz.<\/li>\n<li>L\u00e9zerrel kieg\u00e9sz\u00edtve a log\u00f3j\u00e1t \u2013 egy finom, \u00e1lland\u00f3 jelet hagy maga ut\u00e1n, amely exkluz\u00edv \u00e9rzetet kelt.<\/li>\n<\/ul>\n<p>Ezek nem csak apr\u00f3 m\u00f3dos\u00edt\u00e1sok. Egy \u00e1tlagos \u00fcveg kozmetikai csomagol\u00f3k\u00e9szletet a m\u00e1rk\u00e1d jellegzetes darabj\u00e1v\u00e1 var\u00e1zsolnak.<\/p>","protected":false},"excerpt":{"rendered":"<p>Gy\u00f6ny\u00f6r\u0171 kozmetikai csomagol\u00f3k\u00e9szletek sz\u00edn\u00e1tmenetes \u00fcveggel \u00e9s arany d\u00edsz\u00edt\u00e9ssel. Nagykereskedelmi kozmetikai t\u00e1rol\u00f3k\u00e9szlet, amely \u00f6tv\u00f6zi a funkcionalit\u00e1st, a luxust \u00e9s a st\u00edlust.<\/p>","protected":false},"featured_media":6226,"comment_status":"closed","ping_status":"closed","template":"","meta":{"_acf_changed":false,"site-sidebar-layout":"default","site-content-layout":"","ast-site-content-layout":"default","site-content-style":"default","site-sidebar-style":"default","ast-global-header-display":"","ast-banner-title-visibility":"","ast-main-header-display":"","ast-hfb-above-header-display":"","ast-hfb-below-header-display":"","ast-hfb-mobile-header-display":"","site-post-title":"","ast-breadcrumbs-content":"","ast-featured-img":"","footer-sml-layout":"","ast-disable-related-posts":"","theme-transparent-header-meta":"default","adv-header-id-meta":"","stick-header-meta":"","header-above-stick-meta":"","header-main-stick-meta":"","header-below-stick-meta":"","astra-migrate-meta-layouts":"set","ast-page-background-enabled":"default","ast-page-background-meta":{"desktop":{"background-color":"var(--ast-global-color-5)","background-image":"","background-repeat":"repeat","background-position":"center center","background-size":"auto","background-attachment":"scroll","background-type":"","background-media":"","overlay-type":"","overlay-color":"","overlay-opacity":"","overlay-gradient":""},"tablet":{"background-color":"","background-image":"","background-repeat":"repeat","background-position":"center center","background-size":"auto","background-attachment":"scroll","background-type":"","background-media":"","overlay-type":"","overlay-color":"","overlay-opacity":"","overlay-gradient":""},"mobile":{"background-color":"","background-image":"","background-repeat":"repeat","background-position":"center center","background-size":"auto","background-attachment":"scroll","background-type":"","background-media":"","overlay-type":"","overlay-color":"","overlay-opacity":"","overlay-gradient":""}},"ast-content-background-meta":{"desktop":{"background-color":"var(--ast-global-color-4)","background-image":"","background-repeat":"repeat","background-position":"center center","background-size":"auto","background-attachment":"scroll","background-type":"","background-media":"","overlay-type":"","overlay-color":"","overlay-opacity":"","overlay-gradient":""},"tablet":{"background-color":"var(--ast-global-color-4)","background-image":"","background-repeat":"repeat","background-position":"center center","background-size":"auto","background-attachment":"scroll","background-type":"","background-media":"","overlay-type":"","overlay-color":"","overlay-opacity":"","overlay-gradient":""},"mobile":{"background-color":"var(--ast-global-color-4)","background-image":"","background-repeat":"repeat","background-position":"center center","background-size":"auto","background-attachment":"scroll","background-type":"","background-media":"","overlay-type":"","overlay-color":"","overlay-opacity":"","overlay-gradient":""}}},"product_brand":[],"product_cat":[72,236,62],"product_tag":[226,220],"class_list":{"0":"post-6224","1":"product","2":"type-product","3":"status-publish","4":"has-post-thumbnail","6":"product_cat-cosmetic-packaging","7":"product_cat-cosmetic-container-set","8":"product_cat-cosmetic-containers","9":"product_tag-clear-glass-roller-bottles","10":"product_tag-glass-roll-on-bottles","11":"desktop-align-left","12":"tablet-align-left","13":"mobile-align-left","15":"first","16":"instock","17":"shipping-taxable","18":"product-type-simple"},"acf":[],"jetpack_sharing_enabled":true,"_links":{"self":[{"href":"https:\/\/theperfumebottles.com\/hu\/wp-json\/wp\/v2\/product\/6224","targetHints":{"allow":["GET"]}}],"collection":[{"href":"https:\/\/theperfumebottles.com\/hu\/wp-json\/wp\/v2\/product"}],"about":[{"href":"https:\/\/theperfumebottles.com\/hu\/wp-json\/wp\/v2\/types\/product"}],"replies":[{"embeddable":true,"href":"https:\/\/theperfumebottles.com\/hu\/wp-json\/wp\/v2\/comments?post=6224"}],"wp:featuredmedia":[{"embeddable":true,"href":"https:\/\/theperfumebottles.com\/hu\/wp-json\/wp\/v2\/media\/6226"}],"wp:attachment":[{"href":"https:\/\/theperfumebottles.com\/hu\/wp-json\/wp\/v2\/media?parent=6224"}],"wp:term":[{"taxonomy":"product_brand","embeddable":true,"href":"https:\/\/theperfumebottles.com\/hu\/wp-json\/wp\/v2\/product_brand?post=6224"},{"taxonomy":"product_cat","embeddable":true,"href":"https:\/\/theperfumebottles.com\/hu\/wp-json\/wp\/v2\/product_cat?post=6224"},{"taxonomy":"product_tag","embeddable":true,"href":"https:\/\/theperfumebottles.com\/hu\/wp-json\/wp\/v2\/product_tag?post=6224"}],"curies":[{"name":"wp","href":"https:\/\/api.w.org\/{rel}","templated":true}]}}