{"id":6374,"date":"2025-09-15T18:04:21","date_gmt":"2025-09-15T10:04:21","guid":{"rendered":"https:\/\/theperfumebottles.com\/?post_type=product&#038;p=6374"},"modified":"2026-03-26T14:54:19","modified_gmt":"2026-03-26T06:54:19","slug":"cosmetic-glass-containers-with-gold-trim-design-bulk","status":"publish","type":"product","link":"https:\/\/theperfumebottles.com\/hu\/termek\/cosmetic-glass-containers-with-gold-trim-design-bulk\/","title":{"rendered":"30 ml \u2013 130 ml kozmetikai \u00fcvegtart\u00e1lyok arany szeg\u00e9llyel, \u00f6mlesztett kiszerel\u00e9sben"},"content":{"rendered":"<p>Ebben a kozmetikai \u00fcvegt\u00e1rol\u00f3 k\u00e9szletben minden term\u00e9k felt\u0171n\u0151 h\u00e1romsz\u00f6g alak\u00fa talppal rendelkezik \u2013 massz\u00edv, stabil \u00e9s azonnal szemet gy\u00f6ny\u00f6rk\u00f6dtet\u0151. A makul\u00e1tlan feh\u00e9r \u00fcvegcs\u00e9k kontrasztot alkotnak a kupak \u00e9s a k\u00f6z\u00e9ppont arany d\u00edsz\u00edt\u00e9s\u00e9vel, pr\u00e9mium megjelen\u00e9st k\u00f6lcs\u00f6n\u00f6zve minden \u00fcvegcs\u00e9nek \u00e9s t\u00e9gelynek. A k\u00e9szlet k\u00fcl\u00f6nb\u00f6z\u0151 m\u00e9ret\u0171 kr\u00e9mes t\u00e9gelyeket \u00e9s pump\u00e1s flakonokat tartalmaz.<\/p>\n<h2>F\u0151bb specifik\u00e1ci\u00f3k<\/h2>\n<table style=\"border-collapse: collapse; margin-left: auto; margin-right: auto; width: 504.02pt;\" border=\"0\" width=\"672\" cellspacing=\"0\" cellpadding=\"0\">\n<tbody>\n<tr style=\"height: 13.50pt;\">\n<td class=\"et3\" style=\"height: 13.5pt; width: 121.5pt; text-align: center;\" width=\"162\" height=\"18\"><strong>Kapacit\u00e1s (ml)<\/strong><\/td>\n<td class=\"et3\" style=\"width: 76.5pt; text-align: center;\" width=\"102\"><strong>30<\/strong><\/td>\n<td class=\"et3\" style=\"width: 76.5pt; text-align: center;\" width=\"102\"><strong>45<\/strong><\/td>\n<td class=\"et3\" style=\"width: 76.5pt; text-align: center;\" width=\"102\"><strong>50<\/strong><\/td>\n<td class=\"et3\" style=\"width: 76.5pt; text-align: center;\" width=\"102\"><strong>110<\/strong><\/td>\n<td class=\"et3\" style=\"width: 76.5pt; text-align: center;\" width=\"102\"><strong>130<\/strong><\/td>\n<\/tr>\n<tr style=\"height: 13.50pt;\">\n<td class=\"et2\" style=\"height: 13.5pt; text-align: center;\" height=\"18\">Nyak\u00e1tm\u00e9r\u0151 (mm)<\/td>\n<td class=\"et2\" style=\"text-align: center;\">46<\/td>\n<td class=\"et2\" style=\"text-align: center;\">46<\/td>\n<td class=\"et2\" style=\"text-align: center;\">17<\/td>\n<td class=\"et2\" style=\"text-align: center;\">20<\/td>\n<td class=\"et2\" style=\"text-align: center;\">20<\/td>\n<\/tr>\n<tr style=\"height: 13.50pt;\">\n<td class=\"et2\" style=\"height: 13.5pt; text-align: center;\" height=\"18\">\u00c1tm\u00e9r\u0151 (mm)<\/td>\n<td class=\"et2\" style=\"text-align: center;\">56<\/td>\n<td class=\"et2\" style=\"text-align: center;\">64<\/td>\n<td class=\"et2\" style=\"text-align: center;\">38<\/td>\n<td class=\"et2\" style=\"text-align: center;\">46<\/td>\n<td class=\"et2\" style=\"text-align: center;\">48<\/td>\n<\/tr>\n<tr style=\"height: 13.50pt;\">\n<td class=\"et2\" style=\"height: 13.5pt; text-align: center;\" height=\"18\">Palack magass\u00e1ga (mm)<\/td>\n<td class=\"et2\" style=\"text-align: center;\">42<\/td>\n<td class=\"et2\" style=\"text-align: center;\">46<\/td>\n<td class=\"et2\" style=\"text-align: center;\">106<\/td>\n<td class=\"et2\" style=\"text-align: center;\">142<\/td>\n<td class=\"et2\" style=\"text-align: center;\">162<\/td>\n<\/tr>\n<tr style=\"height: 13.50pt;\">\n<td class=\"et2\" style=\"height: 13.5pt; text-align: center;\" height=\"18\">Teljes magass\u00e1g (mm)<\/td>\n<td class=\"et2\" style=\"text-align: center;\">50<\/td>\n<td class=\"et2\" style=\"text-align: center;\">60<\/td>\n<td class=\"et2\" style=\"text-align: center;\">140<\/td>\n<td class=\"et2\" style=\"text-align: center;\">182<\/td>\n<td class=\"et2\" style=\"text-align: center;\">200<\/td>\n<\/tr>\n<tr style=\"height: 13.50pt;\">\n<td class=\"et2\" style=\"height: 13.5pt; text-align: center;\" height=\"18\">Anyag<\/td>\n<td class=\"et2\" style=\"text-align: center;\" colspan=\"5\">Krist\u00e1ly<\/td>\n<\/tr>\n<tr style=\"height: 13.50pt;\">\n<td class=\"et2\" style=\"height: 13.50pt;\" height=\"18\">Egy\u00e9ni be\u00e1ll\u00edt\u00e1sok<\/td>\n<td class=\"et2\" style=\"text-align: center;\" colspan=\"5\">Fel\u00fcletkezel\u00e9s, sz\u00edn, m\u00e9ret, forma, log\u00f3, kieg\u00e9sz\u00edt\u0151k<\/td>\n<\/tr>\n<tr style=\"height: 13.50pt;\">\n<td class=\"et2\" style=\"height: 13.5pt; text-align: center;\" height=\"18\">Ide\u00e1lis<\/td>\n<td class=\"et2\" style=\"text-align: center;\" colspan=\"5\">B\u0151r\u00e1pol\u00f3 szettek, tiszt\u00edt\u00f3, essence v\u00edz, essence test\u00e1pol\u00f3\/kr\u00e9m<\/td>\n<\/tr>\n<\/tbody>\n<\/table>\n<h2>Sikeres eset<\/h2>\n<p>D\u00e9l-Korea egyik legexkluz\u00edvabb b\u0151r\u00e1pol\u00e1si m\u00e1rk\u00e1ja v\u00e9g\u00fcl a feh\u00e9r \u00fcvegpalack-k\u00e9szlet\u00fcnk mellett d\u00f6nt\u00f6tt, majd minimalista \u00e9rz\u00e9kenys\u00e9g\u00e9hez igaz\u00edtotta azt: matt feh\u00e9r palack, pezsg\u0151sz\u00edn\u0171 aranyozott gy\u0171r\u0171vel, amely eleg\u00e1ns kontrasztot alkot; egyedi tervez\u00e9s\u0171 pump\u00e1s adagol\u00f3val rendelkezik, amellyel szab\u00e1lyozhat\u00f3 az adagolt test\u00e1pol\u00f3 \u00e9s sz\u00e9rum mennyis\u00e9ge. Ezenk\u00edv\u00fcl a m\u00e1rka log\u00f3j\u00e1t forr\u00f3 sajtol\u00e1ssal nyomtattuk a cell\u00e1kra, hogy tart\u00f3sak legyenek, valamint sima \u00e9s eleg\u00e1ns megjelen\u00e9st biztos\u00edtsanak.<\/p>\n<p>Az \u00fajratervezett csomagol\u00e1s bevezet\u00e9s\u00e9vel az elad\u00e1sok k\u00e9t h\u00f3nap alatt 28 sz\u00e1zal\u00e9kkal n\u0151ttek. Az \u00fcgyf\u00e9l nagyon el\u00e9gedett volt a csomagol\u00e1s min\u0151s\u00e9g\u00e9vel \u00e9s a piac reakci\u00f3j\u00e1val, ami t\u00f6bb megrendel\u00e9shez \u00e9s az ilyen t\u00edpus\u00fa csomagol\u00e1s m\u00e1s b\u0151r\u00e1pol\u00e1si term\u00e9kekre val\u00f3 kiterjeszt\u00e9s\u00e9hez vezetett.<\/p>\n<h2>Testreszab\u00e1si tippek<\/h2>\n<p>Szeretn\u00e9d ezt a kozmetikai \u00fcvegtart\u00e1lyt igaz\u00e1n a saj\u00e1todd\u00e1 tenni?<\/p>\n<ul>\n<li>\u00c1ll\u00edtsa be a nyakkiv\u00e1g\u00e1st \u2013 a megl\u00e9v\u0151 reszel\u0151vonalhoz igaz\u00edtsa a k\u00edv\u00e1nt menetm\u00e9retet.<\/li>\n<li>V\u00e1ltoztassa meg az \u00fcveg sz\u00edn\u00e9t \u2013 Cser\u00e9lje ki tov\u00e1bbi UV-v\u00e9delemre, vagy cser\u00e9lje ki tiszta \u00e1llapotban kobaltk\u00e9kre.<\/li>\n<li>L\u00e9zer \u2013 Finom m\u00e1rkajelz\u00e9st ad k\u00f6zvetlen\u00fcl a log\u00f3\u00fcveghez.<\/li>\n<li>Optimaliz\u00e1lja az \u00fcveg perem\u00e9nek kialak\u00edt\u00e1s\u00e1t \u2013 V\u00e1lasszon sima vagy \u00e9rdes sz\u00e9let a t\u00f6m\u00edt\u00e9s integrit\u00e1s\u00e1nak jav\u00edt\u00e1sa \u00e9rdek\u00e9ben \u00f6mlesztett sz\u00e1ll\u00edt\u00e1s sor\u00e1n.<\/li>\n<\/ul>\n<p>Ezek nem csak apr\u00f3 tr\u00fckk\u00f6k \u2013 strat\u00e9giai fejleszt\u00e9sek, amelyek egy szabv\u00e1nyos kont\u00e9nert a m\u00e1rk\u00e1d jellegzetes r\u00e9sz\u00e9v\u00e9 alak\u00edtanak.<\/p>","protected":false},"excerpt":{"rendered":"<p>Feh\u00e9r kozmetikai \u00fcvegtart\u00e1lyok arany d\u00edsz\u00edt\u00e9ssel. Nagykereskedelmi \u00fcvegpalack-k\u00e9szletek kr\u00e9mekhez, sz\u00e9rumokhoz \u00e9s luxus kozmetikai csomagol\u00e1sokhoz. Gyors sz\u00e1ll\u00edt\u00e1s.<\/p>","protected":false},"featured_media":6380,"comment_status":"closed","ping_status":"closed","template":"","meta":{"_acf_changed":false,"site-sidebar-layout":"default","site-content-layout":"","ast-site-content-layout":"default","site-content-style":"default","site-sidebar-style":"default","ast-global-header-display":"","ast-banner-title-visibility":"","ast-main-header-display":"","ast-hfb-above-header-display":"","ast-hfb-below-header-display":"","ast-hfb-mobile-header-display":"","site-post-title":"","ast-breadcrumbs-content":"","ast-featured-img":"","footer-sml-layout":"","ast-disable-related-posts":"","theme-transparent-header-meta":"default","adv-header-id-meta":"","stick-header-meta":"","header-above-stick-meta":"","header-main-stick-meta":"","header-below-stick-meta":"","astra-migrate-meta-layouts":"set","ast-page-background-enabled":"default","ast-page-background-meta":{"desktop":{"background-color":"var(--ast-global-color-5)","background-image":"","background-repeat":"repeat","background-position":"center center","background-size":"auto","background-attachment":"scroll","background-type":"","background-media":"","overlay-type":"","overlay-color":"","overlay-opacity":"","overlay-gradient":""},"tablet":{"background-color":"","background-image":"","background-repeat":"repeat","background-position":"center center","background-size":"auto","background-attachment":"scroll","background-type":"","background-media":"","overlay-type":"","overlay-color":"","overlay-opacity":"","overlay-gradient":""},"mobile":{"background-color":"","background-image":"","background-repeat":"repeat","background-position":"center center","background-size":"auto","background-attachment":"scroll","background-type":"","background-media":"","overlay-type":"","overlay-color":"","overlay-opacity":"","overlay-gradient":""}},"ast-content-background-meta":{"desktop":{"background-color":"var(--ast-global-color-4)","background-image":"","background-repeat":"repeat","background-position":"center center","background-size":"auto","background-attachment":"scroll","background-type":"","background-media":"","overlay-type":"","overlay-color":"","overlay-opacity":"","overlay-gradient":""},"tablet":{"background-color":"var(--ast-global-color-4)","background-image":"","background-repeat":"repeat","background-position":"center center","background-size":"auto","background-attachment":"scroll","background-type":"","background-media":"","overlay-type":"","overlay-color":"","overlay-opacity":"","overlay-gradient":""},"mobile":{"background-color":"var(--ast-global-color-4)","background-image":"","background-repeat":"repeat","background-position":"center center","background-size":"auto","background-attachment":"scroll","background-type":"","background-media":"","overlay-type":"","overlay-color":"","overlay-opacity":"","overlay-gradient":""}}},"product_brand":[],"product_cat":[236,62,72],"product_tag":[226,220],"class_list":{"0":"post-6374","1":"product","2":"type-product","3":"status-publish","4":"has-post-thumbnail","6":"product_cat-cosmetic-container-set","7":"product_cat-cosmetic-containers","8":"product_cat-cosmetic-packaging","9":"product_tag-clear-glass-roller-bottles","10":"product_tag-glass-roll-on-bottles","11":"desktop-align-left","12":"tablet-align-left","13":"mobile-align-left","15":"first","16":"instock","17":"shipping-taxable","18":"product-type-simple"},"acf":[],"jetpack_sharing_enabled":true,"_links":{"self":[{"href":"https:\/\/theperfumebottles.com\/hu\/wp-json\/wp\/v2\/product\/6374","targetHints":{"allow":["GET"]}}],"collection":[{"href":"https:\/\/theperfumebottles.com\/hu\/wp-json\/wp\/v2\/product"}],"about":[{"href":"https:\/\/theperfumebottles.com\/hu\/wp-json\/wp\/v2\/types\/product"}],"replies":[{"embeddable":true,"href":"https:\/\/theperfumebottles.com\/hu\/wp-json\/wp\/v2\/comments?post=6374"}],"wp:featuredmedia":[{"embeddable":true,"href":"https:\/\/theperfumebottles.com\/hu\/wp-json\/wp\/v2\/media\/6380"}],"wp:attachment":[{"href":"https:\/\/theperfumebottles.com\/hu\/wp-json\/wp\/v2\/media?parent=6374"}],"wp:term":[{"taxonomy":"product_brand","embeddable":true,"href":"https:\/\/theperfumebottles.com\/hu\/wp-json\/wp\/v2\/product_brand?post=6374"},{"taxonomy":"product_cat","embeddable":true,"href":"https:\/\/theperfumebottles.com\/hu\/wp-json\/wp\/v2\/product_cat?post=6374"},{"taxonomy":"product_tag","embeddable":true,"href":"https:\/\/theperfumebottles.com\/hu\/wp-json\/wp\/v2\/product_tag?post=6374"}],"curies":[{"name":"wp","href":"https:\/\/api.w.org\/{rel}","templated":true}]}}