{"id":6381,"date":"2025-09-16T10:07:06","date_gmt":"2025-09-16T02:07:06","guid":{"rendered":"https:\/\/theperfumebottles.com\/?post_type=product&#038;p=6381"},"modified":"2025-09-17T11:40:08","modified_gmt":"2025-09-17T03:40:08","slug":"wholesale-beige-glass-cosmetic-bottle-and-cream-jar-set","status":"publish","type":"product","link":"https:\/\/theperfumebottles.com\/hu\/termek\/wholesale-beige-glass-cosmetic-bottle-and-cream-jar-set\/","title":{"rendered":"Nagykereskedelmi b\u00e9zs \u00fcveg kozmetikai palack \u00e9s kr\u00e9mes t\u00e9gelyk\u00e9szlet"},"content":{"rendered":"<p>Ez az \u00fcveg kozmetikai flakonok \u00e9s kr\u00e9mes \u00fcvegcs\u00e9k kollekci\u00f3ja biztosan mag\u00e1ra vonzza a tekintetet. Az \u00fcvegcs\u00e9k l\u00e1gy, meleg b\u00e9zs sz\u00edn\u0171ek, a kupakok pedig f\u00fcgg\u0151legesen bord\u00e1zott text\u00far\u00e1val rendelkeznek a k\u00e9nyelmes, eleg\u00e1ns fog\u00e1s \u00e9rdek\u00e9ben. A nyakon \u00e9s a kupakon l\u00e9v\u0151 v\u00e9kony arany d\u00edsz\u00edt\u00e9sek kifinomult form\u00e1t k\u00f6lcs\u00f6n\u00f6znek. Ez a b\u0151r\u00e1pol\u00f3 k\u00e9szlet k\u00fcl\u00f6nb\u00f6z\u0151 m\u00e9ret\u0171 kr\u00e9mes flakonokat \u00e9s pump\u00e1s flakonokat tartalmaz.<\/p>\n<h2>F\u0151bb specifik\u00e1ci\u00f3k<\/h2>\n<table style=\"border-collapse: collapse;width: 448.52pt;margin-left: auto;margin-right: auto\" border=\"0\" width=\"598\" cellspacing=\"0\" cellpadding=\"0\">\n<tbody>\n<tr style=\"height: 13.50pt\">\n<td class=\"et2\" style=\"height: 13.50pt;width: 116.25pt\" width=\"155\" height=\"18\">Kapacit\u00e1s (ml)<\/td>\n<td class=\"et3\" style=\"width: 58.50pt\" width=\"78\">15<\/td>\n<td class=\"et3\" style=\"width: 57.75pt\" width=\"77\">25<\/td>\n<td class=\"et3\" style=\"width: 54.00pt\" width=\"72\">40<\/td>\n<td class=\"et3\" style=\"width: 54.00pt\" width=\"72\">45<\/td>\n<td class=\"et3\" style=\"width: 54.00pt\" width=\"72\">105<\/td>\n<td class=\"et3\" style=\"width: 54.00pt\" width=\"72\">130<\/td>\n<\/tr>\n<tr style=\"height: 13.50pt\">\n<td class=\"et2\" style=\"height: 13.50pt\" height=\"18\">Nyak\u00e1tm\u00e9r\u0151 (mm)<\/td>\n<td class=\"et3\">46<\/td>\n<td class=\"et3\">46<\/td>\n<td class=\"et3\">52<\/td>\n<td class=\"et3\">20<\/td>\n<td class=\"et3\">20<\/td>\n<td class=\"et3\">20<\/td>\n<\/tr>\n<tr style=\"height: 13.50pt\">\n<td class=\"et2\" style=\"height: 13.50pt\" height=\"18\">\u00c1tm\u00e9r\u0151 (mm)<\/td>\n<td class=\"et3\">58<\/td>\n<td class=\"et3\">58<\/td>\n<td class=\"et3\">64<\/td>\n<td class=\"et3\">41<\/td>\n<td class=\"et3\">42<\/td>\n<td class=\"et3\">42<\/td>\n<\/tr>\n<tr style=\"height: 13.50pt\">\n<td class=\"et2\" style=\"height: 13.50pt\" height=\"18\">Palack magass\u00e1ga (mm)<\/td>\n<td class=\"et3\">33<\/td>\n<td class=\"et3\">37<\/td>\n<td class=\"et3\">41<\/td>\n<td class=\"et3\">87<\/td>\n<td class=\"et3\">127<\/td>\n<td class=\"et3\">142<\/td>\n<\/tr>\n<tr style=\"height: 13.50pt\">\n<td class=\"et2\" style=\"height: 13.50pt\" height=\"18\">Teljes magass\u00e1g (mm)<\/td>\n<td class=\"et3\">42<\/td>\n<td class=\"et3\">46<\/td>\n<td class=\"et3\">52<\/td>\n<td class=\"et3\">120<\/td>\n<td class=\"et3\">162<\/td>\n<td class=\"et3\">178<\/td>\n<\/tr>\n<tr style=\"height: 13.50pt\">\n<td class=\"et2\" style=\"height: 13.50pt\" height=\"18\">Anyag<\/td>\n<td class=\"et3\" colspan=\"6\">Krist\u00e1ly<\/td>\n<\/tr>\n<tr style=\"height: 13.50pt\">\n<td class=\"et2\" style=\"height: 13.50pt\" height=\"18\">Egy\u00e9ni be\u00e1ll\u00edt\u00e1sok<\/td>\n<td class=\"et3\" colspan=\"6\">Palack alakja, palack sz\u00e1ja, sz\u00edne, fel\u00fcletkezel\u00e9se, m\u00e9rete, palackkupak, kieg\u00e9sz\u00edt\u0151k, log\u00f3<\/td>\n<\/tr>\n<tr style=\"height: 13.50pt\">\n<td class=\"et2\" style=\"height: 13.50pt\" height=\"18\">Ide\u00e1lis<\/td>\n<td class=\"et3\" colspan=\"6\">Tiszt\u00edt\u00f3, esszencia, test\u00e1pol\u00f3, kr\u00e9m, b\u0151r\u00e1pol\u00f3 k\u00e9szletek<\/td>\n<\/tr>\n<\/tbody>\n<\/table>\n<h2>Hogyan dupl\u00e1zta meg egy m\u00e1rka az \u00fcgyfelei sz\u00e1m\u00e1t<\/h2>\n<p>Egy eg\u00e9szs\u00e9gmeg\u0151rz\u0151 m\u00e1rka \u00faj kr\u00e9mkollekci\u00f3t dobott piacra ezzel az \u00fcveg kr\u00e9mes t\u00e9gellyel \u00e9s hozz\u00e1 ill\u0151 \u00fcveg tonikkal. A m\u00e1rka egy 50 ml-es m\u00e9retet v\u00e1lasztott, puha fog\u00e1s\u00fa pump\u00e1val. H\u00e1rom h\u00f3napon bel\u00fcl a v\u00e1s\u00e1rl\u00f3i visszajelz\u00e9sek v\u00e1ratlan meglepet\u00e9st hoztak: a v\u00e1s\u00e1rl\u00f3k 68%-a eml\u00edtette a csomagol\u00e1st az \u00e9rt\u00e9kel\u00e9s\u00e9ben. Olyan megjegyz\u00e9sek, mint a \u201efantasztikusan n\u00e9z ki\u201d \u00e9s az \u201e\u00fagy \u00e1ll\u00edtom ki, mint egy m\u0171alkot\u00e1st a pultodon\u201d. Az \u00fajrav\u00e1s\u00e1rl\u00e1si ar\u00e1nyuk 92%-kal n\u0151tt. Az ok? Az\u00e9rt, mert az emberek megb\u00edznak a gondosan megtervezett megjelen\u00e9sben \u00e9s \u00e9rzetben. Ahelyett, hogy eltakarn\u00e1 a term\u00e9ket, ez a kozmetikai csomagol\u00e1s kiemeli azt.<\/p>\n<h2>Egyedi b\u0151r\u00e1pol\u00f3 k\u00e9szlet<\/h2>\n<p>Szeretn\u00e9d egyediv\u00e9 tenni ezt a kozmetikai \u00fcvegtart\u00e1lyt?<\/p>\n<ul>\n<li>\u00c1ll\u00edtsd be az \u00fcveg sz\u00edn\u00e9t \u2013 v\u00e1lassz s\u00f6t\u00e9tebb sz\u00ednt a fokozott UV-v\u00e9delem\u00e9rt, vagy vil\u00e1gosabb sz\u00ednt a letisztult, l\u00e9gies megjelen\u00e9s\u00e9rt.<\/li>\n<li>Szabja testre a sapka bord\u00e1inak m\u00e9lys\u00e9g\u00e9t \u2013 a m\u00e9lyebb bar\u00e1zd\u00e1k text\u00far\u00e1t \u00e9s tapad\u00e1st biztos\u00edtanak \u2013 t\u00f6k\u00e9letes zuhanyoz\u00e1shoz.<\/li>\n<li>L\u00e9zerrel jel\u00f6lje meg a kapacit\u00e1svonalat \u2013 a palack belsej\u00e9ben tal\u00e1lhat\u00f3 mikrograv\u00edrozott jelz\u0151 megk\u00f6nny\u00edti a pontos felt\u00f6lt\u00e9st.<\/li>\n<\/ul>\n<p>Ezek a testreszab\u00e1si lehet\u0151s\u00e9gek lehet\u0151v\u00e9 teszik a teljes\u00edtm\u00e9ny \u00e9s a megjelen\u00e9s finomhangol\u00e1s\u00e1t \u2013 c\u00edmk\u00e9re nincs sz\u00fcks\u00e9g.<\/p>","protected":false},"excerpt":{"rendered":"<p>Eleg\u00e1ns b\u00e9zs sz\u00edn\u0171 \u00fcveg kozmetikai flakonok \u00e9s \u00fcveg kr\u00e9mes t\u00e9gelyek nagykereskedelemben, arany d\u00edsz\u00edt\u00e9ssel a pr\u00e9mium csomagol\u00e1s\u00e9rt. Ingyenes mint\u00e1k \u00e9s gyors sz\u00e1ll\u00edt\u00e1s.<\/p>","protected":false},"featured_media":6383,"comment_status":"closed","ping_status":"closed","template":"","meta":{"_acf_changed":false,"site-sidebar-layout":"default","site-content-layout":"","ast-site-content-layout":"default","site-content-style":"default","site-sidebar-style":"default","ast-global-header-display":"","ast-banner-title-visibility":"","ast-main-header-display":"","ast-hfb-above-header-display":"","ast-hfb-below-header-display":"","ast-hfb-mobile-header-display":"","site-post-title":"","ast-breadcrumbs-content":"","ast-featured-img":"","footer-sml-layout":"","ast-disable-related-posts":"","theme-transparent-header-meta":"default","adv-header-id-meta":"","stick-header-meta":"","header-above-stick-meta":"","header-main-stick-meta":"","header-below-stick-meta":"","astra-migrate-meta-layouts":"set","ast-page-background-enabled":"default","ast-page-background-meta":{"desktop":{"background-color":"var(--ast-global-color-5)","background-image":"","background-repeat":"repeat","background-position":"center center","background-size":"auto","background-attachment":"scroll","background-type":"","background-media":"","overlay-type":"","overlay-color":"","overlay-opacity":"","overlay-gradient":""},"tablet":{"background-color":"","background-image":"","background-repeat":"repeat","background-position":"center center","background-size":"auto","background-attachment":"scroll","background-type":"","background-media":"","overlay-type":"","overlay-color":"","overlay-opacity":"","overlay-gradient":""},"mobile":{"background-color":"","background-image":"","background-repeat":"repeat","background-position":"center center","background-size":"auto","background-attachment":"scroll","background-type":"","background-media":"","overlay-type":"","overlay-color":"","overlay-opacity":"","overlay-gradient":""}},"ast-content-background-meta":{"desktop":{"background-color":"var(--ast-global-color-4)","background-image":"","background-repeat":"repeat","background-position":"center center","background-size":"auto","background-attachment":"scroll","background-type":"","background-media":"","overlay-type":"","overlay-color":"","overlay-opacity":"","overlay-gradient":""},"tablet":{"background-color":"var(--ast-global-color-4)","background-image":"","background-repeat":"repeat","background-position":"center center","background-size":"auto","background-attachment":"scroll","background-type":"","background-media":"","overlay-type":"","overlay-color":"","overlay-opacity":"","overlay-gradient":""},"mobile":{"background-color":"var(--ast-global-color-4)","background-image":"","background-repeat":"repeat","background-position":"center center","background-size":"auto","background-attachment":"scroll","background-type":"","background-media":"","overlay-type":"","overlay-color":"","overlay-opacity":"","overlay-gradient":""}}},"product_brand":[],"product_cat":[72,236,62],"product_tag":[226,220],"class_list":{"0":"post-6381","1":"product","2":"type-product","3":"status-publish","4":"has-post-thumbnail","6":"product_cat-cosmetic-packaging","7":"product_cat-cosmetic-container-set","8":"product_cat-cosmetic-containers","9":"product_tag-clear-glass-roller-bottles","10":"product_tag-glass-roll-on-bottles","11":"desktop-align-left","12":"tablet-align-left","13":"mobile-align-left","15":"first","16":"instock","17":"shipping-taxable","18":"product-type-simple"},"acf":[],"jetpack_sharing_enabled":true,"_links":{"self":[{"href":"https:\/\/theperfumebottles.com\/hu\/wp-json\/wp\/v2\/product\/6381","targetHints":{"allow":["GET"]}}],"collection":[{"href":"https:\/\/theperfumebottles.com\/hu\/wp-json\/wp\/v2\/product"}],"about":[{"href":"https:\/\/theperfumebottles.com\/hu\/wp-json\/wp\/v2\/types\/product"}],"replies":[{"embeddable":true,"href":"https:\/\/theperfumebottles.com\/hu\/wp-json\/wp\/v2\/comments?post=6381"}],"wp:featuredmedia":[{"embeddable":true,"href":"https:\/\/theperfumebottles.com\/hu\/wp-json\/wp\/v2\/media\/6383"}],"wp:attachment":[{"href":"https:\/\/theperfumebottles.com\/hu\/wp-json\/wp\/v2\/media?parent=6381"}],"wp:term":[{"taxonomy":"product_brand","embeddable":true,"href":"https:\/\/theperfumebottles.com\/hu\/wp-json\/wp\/v2\/product_brand?post=6381"},{"taxonomy":"product_cat","embeddable":true,"href":"https:\/\/theperfumebottles.com\/hu\/wp-json\/wp\/v2\/product_cat?post=6381"},{"taxonomy":"product_tag","embeddable":true,"href":"https:\/\/theperfumebottles.com\/hu\/wp-json\/wp\/v2\/product_tag?post=6381"}],"curies":[{"name":"wp","href":"https:\/\/api.w.org\/{rel}","templated":true}]}}