{"id":6388,"date":"2025-09-16T10:37:07","date_gmt":"2025-09-16T02:37:07","guid":{"rendered":"https:\/\/theperfumebottles.com\/?post_type=product&#038;p=6388"},"modified":"2025-09-17T11:39:39","modified_gmt":"2025-09-17T03:39:39","slug":"bulk-white-skincare-bottle-and-cream-jars-with-diagonal-texture","status":"publish","type":"product","link":"https:\/\/theperfumebottles.com\/hu\/termek\/bulk-white-skincare-bottle-and-cream-jars-with-diagonal-texture\/","title":{"rendered":"T\u00f6meges b\u0151r\u00e1pol\u00f3 palackok \u00e9s kr\u00e9mes t\u00e9gelyek \u00e1tl\u00f3s text\u00far\u00e1val"},"content":{"rendered":"<p>K\u00e9pzelj el egy makul\u00e1tlan feh\u00e9r b\u0151r\u00e1pol\u00f3 flakont finom, \u00e1tl\u00f3s sz\u00e9lekkel. A kupak ugyanolyan egyszer\u0171 \u00e9s kifinomult: egy v\u00e9kony aranygy\u0171r\u0171 d\u00edsz\u00edti a nyakat, a tetej\u00e9t pedig egy f\u00e9mes d\u00edsz\u00edt\u00e9s. Ez a b\u0151r\u00e1pol\u00f3 k\u00e9szlet k\u00fcl\u00f6nb\u00f6z\u0151 m\u00e9ret\u0171 pump\u00e1s flakonokat \u00e9s egy arckr\u00e9mes t\u00e9gelyt tartalmaz.<\/p>\n<h2>F\u0151bb specifik\u00e1ci\u00f3k<\/h2>\n<table style=\"border-collapse: collapse;margin-left: auto;margin-right: auto;width: 546.77pt\" border=\"0\" width=\"729\" cellspacing=\"0\" cellpadding=\"0\">\n<tbody>\n<tr style=\"height: 13.50pt\">\n<td class=\"et2\" style=\"height: 13.50pt;width: 117.75pt\" width=\"157\" height=\"18\">Kapacit\u00e1s (ml)<\/td>\n<td class=\"et3\" style=\"width: 119.25pt\" width=\"159\">105<\/td>\n<td class=\"et3\" style=\"width: 119.25pt\" width=\"159\">40<\/td>\n<td class=\"et3\" style=\"width: 96.75pt\" width=\"129\">105<\/td>\n<td class=\"et3\" style=\"width: 93.75pt\" width=\"125\">125<\/td>\n<\/tr>\n<tr style=\"height: 13.50pt\">\n<td class=\"et2\" style=\"height: 13.50pt\" height=\"18\">Nyak\u00e1tm\u00e9r\u0151 (mm)<\/td>\n<td class=\"et3\">51<\/td>\n<td class=\"et3\">20<\/td>\n<td class=\"et3\">20<\/td>\n<td class=\"et3\">20<\/td>\n<\/tr>\n<tr style=\"height: 13.50pt\">\n<td class=\"et2\" style=\"height: 13.50pt\" height=\"18\">\u00c1tm\u00e9r\u0151 (mm)<\/td>\n<td class=\"et3\">75<\/td>\n<td class=\"et3\">40<\/td>\n<td class=\"et3\">45<\/td>\n<td class=\"et3\">46<\/td>\n<\/tr>\n<tr style=\"height: 13.50pt\">\n<td class=\"et2\" style=\"height: 13.50pt\" height=\"18\">Palack magass\u00e1ga (mm)<\/td>\n<td class=\"et3\">56<\/td>\n<td class=\"et3\">84<\/td>\n<td class=\"et3\">125<\/td>\n<td class=\"et3\">142<\/td>\n<\/tr>\n<tr style=\"height: 13.50pt\">\n<td class=\"et2\" style=\"height: 13.50pt\" height=\"18\">Anyag<\/td>\n<td class=\"et3\" colspan=\"4\">Krist\u00e1ly<\/td>\n<\/tr>\n<tr style=\"height: 13.50pt\">\n<td class=\"et2\" style=\"height: 13.50pt\" height=\"18\">egy\u00e9ni be\u00e1ll\u00edt\u00e1sok<\/td>\n<td class=\"et3\" colspan=\"4\">M\u00e9ret, sz\u00edn, palackforma, fel\u00fcletkezel\u00e9s, palackkupak, kieg\u00e9sz\u00edt\u0151k, log\u00f3<\/td>\n<\/tr>\n<tr style=\"height: 13.50pt\">\n<td class=\"et2\" style=\"height: 13.50pt\" height=\"18\">Ide\u00e1lis<\/td>\n<td class=\"et3\" colspan=\"4\">Tiszt\u00edt\u00f3, hidrat\u00e1l\u00f3, esszencia, kr\u00e9m, b\u0151r\u00e1pol\u00f3 k\u00e9szletek<\/td>\n<\/tr>\n<\/tbody>\n<\/table>\n<h2>Hogyan nyerhetnek a m\u00e1rk\u00e1k polcokat hatalmas rekl\u00e1mk\u00f6lts\u00e9gvet\u00e9s n\u00e9lk\u00fcl?<\/h2>\n<p>Egy \u00faj bioterm\u00e9kcsal\u00e1d mind\u00f6ssze h\u00e1rom term\u00e9ket k\u00edn\u00e1l: egy sz\u00e9rumot, egy nappali kr\u00e9met \u00e9s egy hidrat\u00e1l\u00f3 test\u00e1pol\u00f3t. Ezeket a b\u0151r\u00e1pol\u00f3 flakonokat haszn\u00e1lj\u00e1k a sz\u00e9rumok \u00e9s a hozz\u00e1juk ill\u0151 sz\u00e9ps\u00e9gkr\u00e9mes t\u00e9gelyek t\u00e1rol\u00e1s\u00e1ra. Nincsenek hivalkod\u00f3 log\u00f3k, csak egy tiszta, feh\u00e9r tart\u00e1ly textur\u00e1lt oldalakkal \u00e9s arany d\u00edsz\u00edt\u00e9ssel. A kiskereskedelmi v\u00e1s\u00e1rl\u00f3k el voltak ragadtatva. Az egyik v\u00e1s\u00e1rl\u00f3 megjegyezte: \u201eDr\u00e1g\u00e1nak t\u0171nik, de egy\u00e1ltal\u00e1n nem rik\u00edt\u00f3.\u201d N\u00e9gy h\u00f3napon bel\u00fcl a term\u00e9kcsal\u00e1d k\u00e9t nagyobb butikl\u00e1ncban is megjelent. Az ok? Mert a kiv\u00e1l\u00f3 min\u0151s\u00e9g\u0171 kozmetikai csomagol\u00e1s tart\u00f3s \u2013 a felhaszn\u00e1l\u00f3i \u00e9lm\u00e9ny r\u00e9sz\u00e9v\u00e9 v\u00e1lik.<\/p>\n<h2>Hogyan lehet testreszabni a kozmetikai csomagol\u00e1st?<\/h2>\n<p>Szeretn\u00e9d ezt a dobozt igaz\u00e1n a ti\u00e9dd\u00e9 tenni? \u00cdme, hogyan \u2013 an\u00e9lk\u00fcl, hogy a csomagol\u00e1shoz hozz\u00e1\u00e9rn\u00e9l:<\/p>\n<ul>\n<li>\u00c1ll\u00edtsd be az \u00e1tl\u00f3s erezet sz\u00f6g\u00e9t \u2013 a meredekebb vonalak dinamikusabb \u00e9rzetet keltenek, a l\u00e1gyabb vonalak pedig kiegyens\u00falyozottabb hat\u00e1st keltenek.<\/li>\n<li>Bels\u0151 UV-v\u00e9d\u0151 bevonat hozz\u00e1ad\u00e1sa \u2013 tov\u00e1bbi v\u00e9delmet ny\u00fajt a test\u00e1pol\u00f3ban vagy sz\u00e9rumban tal\u00e1lhat\u00f3 instabil hat\u00f3anyagok ellen.<\/li>\n<li>Log\u00f3 \u00e9s m\u00e1rkaelemek testreszab\u00e1sa: Integr\u00e1lja a szlogent a m\u00e1rkanev\u00e9be, a log\u00f3j\u00e1ba \u00e9s a palacktervez\u00e9s\u00e9be.<\/li>\n<\/ul>\n<p>Ezek az adapt\u00e1ci\u00f3s lehet\u0151s\u00e9gek lehet\u0151v\u00e9 teszik a teljes\u00edtm\u00e9ny \u00e9s a felhaszn\u00e1l\u00f3i \u00e9lm\u00e9ny optimaliz\u00e1l\u00e1s\u00e1t bel\u00fclr\u0151l.<\/p>","protected":false},"excerpt":{"rendered":"<p>Eleg\u00e1ns feh\u00e9r b\u0151r\u00e1pol\u00f3 flakon \u00e9s sz\u00e9ps\u00e9gkr\u00e9mes t\u00e9gelyek \u00e1tl\u00f3s text\u00far\u00e1val \u00e9s arany d\u00edsz\u00edt\u00e9ssel, t\u00f6k\u00e9letesek luxus csomagol\u00e1shoz \u00e9s nagykereskedelmi megrendel\u00e9sekhez.<\/p>","protected":false},"featured_media":6393,"comment_status":"closed","ping_status":"closed","template":"","meta":{"_acf_changed":false,"site-sidebar-layout":"default","site-content-layout":"","ast-site-content-layout":"default","site-content-style":"default","site-sidebar-style":"default","ast-global-header-display":"","ast-banner-title-visibility":"","ast-main-header-display":"","ast-hfb-above-header-display":"","ast-hfb-below-header-display":"","ast-hfb-mobile-header-display":"","site-post-title":"","ast-breadcrumbs-content":"","ast-featured-img":"","footer-sml-layout":"","ast-disable-related-posts":"","theme-transparent-header-meta":"default","adv-header-id-meta":"","stick-header-meta":"","header-above-stick-meta":"","header-main-stick-meta":"","header-below-stick-meta":"","astra-migrate-meta-layouts":"set","ast-page-background-enabled":"default","ast-page-background-meta":{"desktop":{"background-color":"var(--ast-global-color-5)","background-image":"","background-repeat":"repeat","background-position":"center center","background-size":"auto","background-attachment":"scroll","background-type":"","background-media":"","overlay-type":"","overlay-color":"","overlay-opacity":"","overlay-gradient":""},"tablet":{"background-color":"","background-image":"","background-repeat":"repeat","background-position":"center center","background-size":"auto","background-attachment":"scroll","background-type":"","background-media":"","overlay-type":"","overlay-color":"","overlay-opacity":"","overlay-gradient":""},"mobile":{"background-color":"","background-image":"","background-repeat":"repeat","background-position":"center center","background-size":"auto","background-attachment":"scroll","background-type":"","background-media":"","overlay-type":"","overlay-color":"","overlay-opacity":"","overlay-gradient":""}},"ast-content-background-meta":{"desktop":{"background-color":"var(--ast-global-color-4)","background-image":"","background-repeat":"repeat","background-position":"center center","background-size":"auto","background-attachment":"scroll","background-type":"","background-media":"","overlay-type":"","overlay-color":"","overlay-opacity":"","overlay-gradient":""},"tablet":{"background-color":"var(--ast-global-color-4)","background-image":"","background-repeat":"repeat","background-position":"center center","background-size":"auto","background-attachment":"scroll","background-type":"","background-media":"","overlay-type":"","overlay-color":"","overlay-opacity":"","overlay-gradient":""},"mobile":{"background-color":"var(--ast-global-color-4)","background-image":"","background-repeat":"repeat","background-position":"center center","background-size":"auto","background-attachment":"scroll","background-type":"","background-media":"","overlay-type":"","overlay-color":"","overlay-opacity":"","overlay-gradient":""}}},"product_brand":[],"product_cat":[72,236,62],"product_tag":[226,220],"class_list":{"0":"post-6388","1":"product","2":"type-product","3":"status-publish","4":"has-post-thumbnail","6":"product_cat-cosmetic-packaging","7":"product_cat-cosmetic-container-set","8":"product_cat-cosmetic-containers","9":"product_tag-clear-glass-roller-bottles","10":"product_tag-glass-roll-on-bottles","11":"desktop-align-left","12":"tablet-align-left","13":"mobile-align-left","15":"first","16":"instock","17":"shipping-taxable","18":"product-type-simple"},"acf":[],"jetpack_sharing_enabled":true,"_links":{"self":[{"href":"https:\/\/theperfumebottles.com\/hu\/wp-json\/wp\/v2\/product\/6388","targetHints":{"allow":["GET"]}}],"collection":[{"href":"https:\/\/theperfumebottles.com\/hu\/wp-json\/wp\/v2\/product"}],"about":[{"href":"https:\/\/theperfumebottles.com\/hu\/wp-json\/wp\/v2\/types\/product"}],"replies":[{"embeddable":true,"href":"https:\/\/theperfumebottles.com\/hu\/wp-json\/wp\/v2\/comments?post=6388"}],"wp:featuredmedia":[{"embeddable":true,"href":"https:\/\/theperfumebottles.com\/hu\/wp-json\/wp\/v2\/media\/6393"}],"wp:attachment":[{"href":"https:\/\/theperfumebottles.com\/hu\/wp-json\/wp\/v2\/media?parent=6388"}],"wp:term":[{"taxonomy":"product_brand","embeddable":true,"href":"https:\/\/theperfumebottles.com\/hu\/wp-json\/wp\/v2\/product_brand?post=6388"},{"taxonomy":"product_cat","embeddable":true,"href":"https:\/\/theperfumebottles.com\/hu\/wp-json\/wp\/v2\/product_cat?post=6388"},{"taxonomy":"product_tag","embeddable":true,"href":"https:\/\/theperfumebottles.com\/hu\/wp-json\/wp\/v2\/product_tag?post=6388"}],"curies":[{"name":"wp","href":"https:\/\/api.w.org\/{rel}","templated":true}]}}