{"id":6446,"date":"2025-09-17T13:05:03","date_gmt":"2025-09-17T05:05:03","guid":{"rendered":"https:\/\/theperfumebottles.com\/?post_type=product&#038;p=6446"},"modified":"2025-09-17T17:14:51","modified_gmt":"2025-09-17T09:14:51","slug":"glass-cosmetic-containers-wholesale-skincare-packaging-set","status":"publish","type":"product","link":"https:\/\/theperfumebottles.com\/hu\/termek\/glass-cosmetic-containers-wholesale-skincare-packaging-set\/","title":{"rendered":"\u00dcveg kozmetikai tart\u00e1lyok nagykereskedelme \u2013 luxus s\u00e1rga b\u0151r\u00e1pol\u00f3 csomagol\u00f3k\u00e9szlet"},"content":{"rendered":"<p>Nagykereskedelmi \u00fcveg kozmetikai tart\u00e1lyokra van sz\u00fcks\u00e9ge, amelyek kiemelik b\u0151r\u00e1pol\u00f3 flakonjait? S\u00e1rga sz\u00edn\u0171, arany kupakkal ell\u00e1tott \u00fcvegpalackok prec\u00edz kollekci\u00f3j\u00e1t k\u00e9sz\u00edtj\u00fck \u2013 t\u00f6k\u00e9letesek test\u00e1pol\u00f3k, kr\u00e9mek, esszenci\u00e1k \u00e9s b\u0151r\u00e1pol\u00f3 k\u00e9szletek sz\u00e1m\u00e1ra. Ezek a tart\u00e1lyok UV-v\u00e9delemmel rendelkeznek, hogy kozmetikai formul\u00e1i frissek maradjanak. Nagyobb megrendel\u00e9sek eset\u00e9n egyedi opci\u00f3kat k\u00edn\u00e1lunk a m\u00e1rk\u00e1j\u00e1hoz igaz\u00edtva.<\/p>\n<h2><strong data-spm-anchor-id=\"5176.28103460.0.i11.29ab2e31UBOO60\">F\u0151bb specifik\u00e1ci\u00f3k<\/strong><\/h2>\n<p>&nbsp;<\/p>\n<table style=\"border-collapse: collapse;width: 80%;margin-left: auto;margin-right: auto\" border=\"0\" width=\"939\" cellspacing=\"0\" cellpadding=\"0\">\n<tbody>\n<tr style=\"height: 27.00pt\">\n<td style=\"height: 27.00pt;width: 56.25pt\" width=\"75\" height=\"36\">Kapacit\u00e1s (ml)<\/td>\n<td style=\"width: 96.00pt\" width=\"128\">Alak<\/td>\n<td style=\"width: 96.00pt\" width=\"128\">Sz\u00e1j\u00e1tm\u00e9r\u0151 (mm)<\/td>\n<td style=\"width: 102.75pt\" width=\"137\">Palack \u00e1tm\u00e9r\u0151je (mm)<\/td>\n<td style=\"width: 89.25pt\" width=\"119\">Palack magass\u00e1ga (mm)<\/td>\n<td style=\"width: 156.00pt\" width=\"208\">Magass\u00e1g kupakkal (mm)<\/td>\n<td class=\"et2\" style=\"width: 54.00pt\" width=\"72\">Egy\u00e9ni be\u00e1ll\u00edt\u00e1sok<\/td>\n<td class=\"et2\" style=\"width: 54.00pt\" width=\"72\">Ide\u00e1lis<\/td>\n<\/tr>\n<tr style=\"height: 13.50pt\">\n<td style=\"height: 13.50pt\" height=\"18\">155<\/td>\n<td class=\"et3\" rowspan=\"3\">Egyenes oldal\u00fa<\/td>\n<td>20<\/td>\n<td>54<\/td>\n<td>142<\/td>\n<td>180<\/td>\n<td class=\"et3\" rowspan=\"4\">Palack alakja, sz\u00edne, fel\u00fcletkezel\u00e9se, log\u00f3ja<\/td>\n<td class=\"et3\" rowspan=\"4\">Tiszt\u00edt\u00f3, esszencia, test\u00e1pol\u00f3, kr\u00e9m<\/td>\n<\/tr>\n<tr style=\"height: 13.50pt\">\n<td style=\"height: 13.50pt\" height=\"18\">115<\/td>\n<td>20<\/td>\n<td>54<\/td>\n<td>124<\/td>\n<td>157<\/td>\n<\/tr>\n<tr style=\"height: 13.50pt\">\n<td style=\"height: 13.50pt\" height=\"18\">50<\/td>\n<td>17<\/td>\n<td>46<\/td>\n<td>88<\/td>\n<td>120<\/td>\n<\/tr>\n<tr style=\"height: 13.50pt\">\n<td style=\"height: 13.50pt\" height=\"18\">36<\/td>\n<td class=\"et3\" rowspan=\"1\">Kerek<\/td>\n<td>55<\/td>\n<td>83<\/td>\n<td>41<\/td>\n<td>50<\/td>\n<\/tr>\n<\/tbody>\n<\/table>\n<h2>Sikert\u00f6rt\u00e9net: Hogyan n\u00f6veli a b\u0151r\u00e1pol\u00e1si m\u00e1rka az elad\u00e1sokat \u00fcveg kozmetikai tart\u00e1lyokkal<\/h2>\n<p>Egy b\u0151r\u00e1pol\u00e1si m\u00e1rka, amely \u00fcveg kozmetikai tart\u00e1lyaink nagy r\u00e9sz\u00e9t felhaszn\u00e1lva gy\u00e1rtotta. 36 ml-es \u00e9s 50 ml-es kiszerel\u00e9sben haszn\u00e1lt\u00e1k a sz\u00e9rumot \u00e9s az esszenci\u00e1t. Az eredm\u00e9ny? 200%-kal t\u00f6bb online rendel\u00e9s 3 h\u00f3nap alatt. \u00d6n is el\u0151nyben lehet.<\/p>\n<h2>Az alkalmazkod\u00e1si k\u00e9zik\u00f6nyved<\/h2>\n<ol>\n<li><strong>Sz\u00ednilleszt\u00e9s:<\/strong> Adja hozz\u00e1 m\u00e1rk\u00e1ja sz\u00edn\u00e9t az \u00fcvegpalackokhoz \u2013 A s\u00e1rga az alapsz\u00edn, de egyedi opci\u00f3kat is k\u00edn\u00e1lunk.<\/li>\n<li><strong>Sapka st\u00edlusa:<\/strong> Pr\u00e9mium kidolgoz\u00e1s\u00e9rt v\u00e1lasszon arany vagy matt sz\u00ednt. Nagy t\u00e9telben t\u00f6rt\u00e9n\u0151 rendel\u00e9s eset\u00e9n nincs fel\u00e1r.<\/li>\n<li><strong>C\u00edmk\u00e9z\u00e9s:<\/strong> Helyezd el a log\u00f3dat a tart\u00e1lyon az azonnali m\u00e1rkafelismer\u00e9s \u00e9rdek\u00e9ben.<\/li>\n<\/ol>","protected":false},"excerpt":{"rendered":"<p>\u00dcveg kozmetikai tart\u00e1lyok nagykereskedelemben, nagykereskedelmi \u00e9s b\u0151r\u00e1pol\u00f3 flakonok test\u00e1pol\u00f3khoz, kr\u00e9mekhez, sz\u00e9rumokhoz. Egyedi opci\u00f3k UV-v\u00e9delemmel \u00e9s nagykereskedelmi \u00e1rak pr\u00e9mium csomagol\u00e1s\u00e9rt.<\/p>","protected":false},"featured_media":6447,"comment_status":"closed","ping_status":"closed","template":"","meta":{"_acf_changed":false,"site-sidebar-layout":"default","site-content-layout":"","ast-site-content-layout":"default","site-content-style":"default","site-sidebar-style":"default","ast-global-header-display":"","ast-banner-title-visibility":"","ast-main-header-display":"","ast-hfb-above-header-display":"","ast-hfb-below-header-display":"","ast-hfb-mobile-header-display":"","site-post-title":"","ast-breadcrumbs-content":"","ast-featured-img":"","footer-sml-layout":"","ast-disable-related-posts":"","theme-transparent-header-meta":"default","adv-header-id-meta":"","stick-header-meta":"","header-above-stick-meta":"","header-main-stick-meta":"","header-below-stick-meta":"","astra-migrate-meta-layouts":"set","ast-page-background-enabled":"default","ast-page-background-meta":{"desktop":{"background-color":"var(--ast-global-color-5)","background-image":"","background-repeat":"repeat","background-position":"center center","background-size":"auto","background-attachment":"scroll","background-type":"","background-media":"","overlay-type":"","overlay-color":"","overlay-opacity":"","overlay-gradient":""},"tablet":{"background-color":"","background-image":"","background-repeat":"repeat","background-position":"center center","background-size":"auto","background-attachment":"scroll","background-type":"","background-media":"","overlay-type":"","overlay-color":"","overlay-opacity":"","overlay-gradient":""},"mobile":{"background-color":"","background-image":"","background-repeat":"repeat","background-position":"center center","background-size":"auto","background-attachment":"scroll","background-type":"","background-media":"","overlay-type":"","overlay-color":"","overlay-opacity":"","overlay-gradient":""}},"ast-content-background-meta":{"desktop":{"background-color":"var(--ast-global-color-4)","background-image":"","background-repeat":"repeat","background-position":"center center","background-size":"auto","background-attachment":"scroll","background-type":"","background-media":"","overlay-type":"","overlay-color":"","overlay-opacity":"","overlay-gradient":""},"tablet":{"background-color":"var(--ast-global-color-4)","background-image":"","background-repeat":"repeat","background-position":"center center","background-size":"auto","background-attachment":"scroll","background-type":"","background-media":"","overlay-type":"","overlay-color":"","overlay-opacity":"","overlay-gradient":""},"mobile":{"background-color":"var(--ast-global-color-4)","background-image":"","background-repeat":"repeat","background-position":"center center","background-size":"auto","background-attachment":"scroll","background-type":"","background-media":"","overlay-type":"","overlay-color":"","overlay-opacity":"","overlay-gradient":""}}},"product_brand":[],"product_cat":[72,236,62],"product_tag":[],"class_list":{"0":"post-6446","1":"product","2":"type-product","3":"status-publish","4":"has-post-thumbnail","6":"product_cat-cosmetic-packaging","7":"product_cat-cosmetic-container-set","8":"product_cat-cosmetic-containers","9":"desktop-align-left","10":"tablet-align-left","11":"mobile-align-left","13":"first","14":"instock","15":"shipping-taxable","16":"product-type-simple"},"acf":[],"jetpack_sharing_enabled":true,"_links":{"self":[{"href":"https:\/\/theperfumebottles.com\/hu\/wp-json\/wp\/v2\/product\/6446","targetHints":{"allow":["GET"]}}],"collection":[{"href":"https:\/\/theperfumebottles.com\/hu\/wp-json\/wp\/v2\/product"}],"about":[{"href":"https:\/\/theperfumebottles.com\/hu\/wp-json\/wp\/v2\/types\/product"}],"replies":[{"embeddable":true,"href":"https:\/\/theperfumebottles.com\/hu\/wp-json\/wp\/v2\/comments?post=6446"}],"wp:featuredmedia":[{"embeddable":true,"href":"https:\/\/theperfumebottles.com\/hu\/wp-json\/wp\/v2\/media\/6447"}],"wp:attachment":[{"href":"https:\/\/theperfumebottles.com\/hu\/wp-json\/wp\/v2\/media?parent=6446"}],"wp:term":[{"taxonomy":"product_brand","embeddable":true,"href":"https:\/\/theperfumebottles.com\/hu\/wp-json\/wp\/v2\/product_brand?post=6446"},{"taxonomy":"product_cat","embeddable":true,"href":"https:\/\/theperfumebottles.com\/hu\/wp-json\/wp\/v2\/product_cat?post=6446"},{"taxonomy":"product_tag","embeddable":true,"href":"https:\/\/theperfumebottles.com\/hu\/wp-json\/wp\/v2\/product_tag?post=6446"}],"curies":[{"name":"wp","href":"https:\/\/api.w.org\/{rel}","templated":true}]}}