{"id":6455,"date":"2025-09-18T16:44:11","date_gmt":"2025-09-18T08:44:11","guid":{"rendered":"https:\/\/theperfumebottles.com\/?post_type=product&#038;p=6455"},"modified":"2026-03-26T14:53:28","modified_gmt":"2026-03-26T06:53:28","slug":"glass-skincare-packaging-set-for-brands-bulk","status":"publish","type":"product","link":"https:\/\/theperfumebottles.com\/hu\/termek\/glass-skincare-packaging-set-for-brands-bulk\/","title":{"rendered":"30-125 ml-es \u00fcveg b\u0151r\u00e1pol\u00f3 csomagol\u00f3k\u00e9szlet m\u00e1rk\u00e1knak"},"content":{"rendered":"<p>\u00dcvegpalackokat szeretne b\u0151r\u00e1pol\u00e1si term\u00e9keihez, amelyek luxust sugallnak an\u00e9lk\u00fcl, hogy bankot robbantan\u00e1nak? Prec\u00edz kollekci\u00f3t k\u00e9sz\u00edt\u00fcnk fekete sz\u00edn\u00e1tmenetes \u00fcvegpalackokb\u00f3l, eleg\u00e1ns kupakkal \u2013 t\u00f6k\u00e9letesek test\u00e1pol\u00f3k, kr\u00e9mek, sz\u00e9rumok \u00e9s ill\u00f3olajok csomagol\u00e1s\u00e1hoz. Ezek a tart\u00e1lyok UV-v\u00e9delemmel tartj\u00e1k frissen kozmetikai formul\u00e1it. Nagyobb megrendel\u00e9sek eset\u00e9n egyedi opci\u00f3kat k\u00edn\u00e1lunk, hogy illeszkedjenek m\u00e1rk\u00e1ja hangulat\u00e1hoz.<\/p>\n<h2><strong data-spm-anchor-id=\"5176.28103460.0.i18.29ab2e31QyfPr1\">F\u0151bb specifik\u00e1ci\u00f3k<\/strong><\/h2>\n<table style=\"border-collapse: collapse; width: 80%; margin-left: auto; margin-right: auto;\" border=\"0\" width=\"648\" cellspacing=\"0\" cellpadding=\"0\">\n<tbody>\n<tr style=\"height: 13.50pt;\">\n<td style=\"height: 13.5pt; text-align: center;\" width=\"72\" height=\"18\">Kapacit\u00e1s (ml)<\/td>\n<td style=\"width: 54pt; text-align: center;\" width=\"72\">Alak<\/td>\n<td style=\"width: 54pt; text-align: center;\" width=\"72\">Sz\u00e1j\u00e1tm\u00e9r\u0151 (mm)<\/td>\n<td style=\"width: 54pt; text-align: center;\" width=\"72\">Palack \u00e1tm\u00e9r\u0151je (mm)<\/td>\n<td style=\"width: 54pt; text-align: center;\" width=\"72\">Palack magass\u00e1ga (mm)<\/td>\n<td style=\"width: 54pt; text-align: center;\" width=\"72\">Teljes magass\u00e1g kupakkal (mm)<\/td>\n<td style=\"width: 54pt; text-align: center;\" width=\"72\">Sz\u00edn<\/td>\n<td style=\"width: 54pt; text-align: center;\" width=\"72\">Egy\u00e9ni be\u00e1ll\u00edt\u00e1sok<\/td>\n<td style=\"width: 54pt; text-align: center;\" width=\"72\">Haszn\u00e1lat<\/td>\n<\/tr>\n<tr style=\"height: 13.50pt;\">\n<td style=\"height: 13.5pt; text-align: center;\" height=\"18\">125<\/td>\n<td class=\"et2\" style=\"text-align: center;\" rowspan=\"4\">Egyenes oldal\u00fa<\/td>\n<td style=\"text-align: center;\">20<\/td>\n<td style=\"text-align: center;\">41&#215;41<\/td>\n<td style=\"text-align: center;\">130<\/td>\n<td style=\"text-align: center;\">180<\/td>\n<td class=\"et2\" style=\"text-align: center;\" rowspan=\"6\">Fekete sz\u00edn\u00e1tmenet<\/td>\n<td class=\"et2\" style=\"text-align: center;\" rowspan=\"6\">Fel\u00fcletkezel\u00e9s, sz\u00edn, m\u00e9ret, forma, bor\u00edt\u00e1s, kieg\u00e9sz\u00edt\u0151k<\/td>\n<td class=\"et2\" style=\"text-align: center;\" rowspan=\"6\">Test\u00e1pol\u00f3k, kr\u00e9mek, esszenci\u00e1k stb.<\/td>\n<\/tr>\n<tr style=\"height: 13.50pt;\">\n<td style=\"height: 13.5pt; text-align: center;\" height=\"18\">105<\/td>\n<td style=\"text-align: center;\">20<\/td>\n<td style=\"text-align: center;\">41&#215;41<\/td>\n<td style=\"text-align: center;\">150<\/td>\n<td style=\"text-align: center;\">160<\/td>\n<\/tr>\n<tr style=\"height: 13.50pt;\">\n<td style=\"height: 13.5pt; text-align: center;\" height=\"18\">50<\/td>\n<td style=\"text-align: center;\">20<\/td>\n<td style=\"text-align: center;\">37&#215;37<\/td>\n<td style=\"text-align: center;\">88<\/td>\n<td style=\"text-align: center;\">120<\/td>\n<\/tr>\n<tr style=\"height: 13.50pt;\">\n<td style=\"height: 13.5pt; text-align: center;\" height=\"18\">30<\/td>\n<td style=\"text-align: center;\">20<\/td>\n<td style=\"text-align: center;\">37&#215;37<\/td>\n<td style=\"text-align: center;\">75<\/td>\n<td style=\"text-align: center;\">105<\/td>\n<\/tr>\n<tr style=\"height: 13.50pt;\">\n<td style=\"height: 13.5pt; text-align: center;\" height=\"18\">40<\/td>\n<td class=\"et2\" style=\"text-align: center;\" rowspan=\"2\">N\u00e9gyzet<\/td>\n<td style=\"text-align: center;\">49<\/td>\n<td style=\"text-align: center;\">64&#215;64<\/td>\n<td style=\"text-align: center;\">40<\/td>\n<td style=\"text-align: center;\">52<\/td>\n<\/tr>\n<tr style=\"height: 13.50pt;\">\n<td style=\"height: 13.5pt; text-align: center;\" height=\"18\">30<\/td>\n<td style=\"text-align: center;\">49<\/td>\n<td style=\"text-align: center;\">60&#215;60<\/td>\n<td style=\"text-align: center;\">37<\/td>\n<td style=\"text-align: center;\">50<\/td>\n<\/tr>\n<\/tbody>\n<\/table>\n<h2>Sikert\u00f6rt\u00e9net<\/h2>\n<p>Fekete \u00fcveg b\u0151r\u00e1pol\u00e1si csomagol\u00e1sunkat egy luxus koreai sz\u00e9ps\u00e9g\u00e1pol\u00e1si term\u00e9k v\u00e1lasztotta. A kupakok ergonomikus, egyedi form\u00e1j\u00faak, hogy megfeleljenek az \u00fcgyf\u00e9l szem\u00e9lyes ig\u00e9nyeinek, \u00e9s galvaniz\u00e1lt nyakkal rendelkeznek. Ezenk\u00edv\u00fcl ez a k\u00e9szlet k\u00fcl\u00f6nf\u00e9le m\u00e9ret\u0171 pump\u00e1s fejeket \u00e9s cseppent\u0151ket is tartalmaz, \u00edgy sokoldal\u00fa \u00fcvegtart\u00e1lyt alkot a b\u0151r\u00e1pol\u00e1si term\u00e9kek sz\u00e1m\u00e1ra.<\/p>\n<p>Az elad\u00e1sok mind\u00f6ssze k\u00e9t h\u00f3nap alatt 36 sz\u00e1zal\u00e9kkal n\u0151ttek a bevezet\u00e9st k\u00f6vet\u0151en, ami tov\u00e1bbi 65 000 k\u00e9sz\u00fcl\u00e9k megrendel\u00e9s\u00e9t eredm\u00e9nyezte, lehet\u0151v\u00e9 t\u00e9ve a n\u00f6veked\u00e9st online \u00e9s offline m\u00f3dban egyar\u00e1nt.<\/p>\n<h2>Testreszab\u00e1si k\u00e9zik\u00f6nyved<\/h2>\n<ol>\n<li><strong>Sz\u00ednilleszt\u00e9s:<\/strong> Cser\u00e9lje le a fekete sz\u00edn\u00e1tmeneteket egyedi \u00e1rnyalatokra, hogy illeszkedjenek a m\u00e1rk\u00e1ja palett\u00e1j\u00e1hoz \u2013 a nagy t\u00e9telben t\u00f6rt\u00e9n\u0151 nyomtat\u00e1s\u00e9rt nem kell fizetnie.<\/li>\n<li><strong>CAP st\u00edlusok:<\/strong> V\u00e1lasszon arany vagy matt kupakot \u00fcvegpalackjai pr\u00e9mium kidolgoz\u00e1s\u00e1hoz.<\/li>\n<li><strong>C\u00edmkeintegr\u00e1ci\u00f3:<\/strong> Tedd r\u00e1 log\u00f3dat egy tart\u00e1lyra - azonnali m\u00e1rkafelismer\u00e9s kozmetikai csomagol\u00e1sok eset\u00e9n.<\/li>\n<\/ol>","protected":false},"excerpt":{"rendered":"<p>N\u00f6velje az elad\u00e1sokat egyedi fekete sz\u00edn\u00e1tmenetes \u00fcveg b\u0151r\u00e1pol\u00f3 kr\u00e9m- \u00e9s sz\u00e9rumcsomagol\u00e1ssal. Pr\u00e9mium, tart\u00f3s, nagykereskedelmi csomagol\u00e1s, amely frissess\u00e9get \u00e9s eleganci\u00e1t biztos\u00edt.<\/p>","protected":false},"featured_media":6456,"comment_status":"closed","ping_status":"closed","template":"","meta":{"_acf_changed":false,"site-sidebar-layout":"default","site-content-layout":"","ast-site-content-layout":"default","site-content-style":"default","site-sidebar-style":"default","ast-global-header-display":"","ast-banner-title-visibility":"","ast-main-header-display":"","ast-hfb-above-header-display":"","ast-hfb-below-header-display":"","ast-hfb-mobile-header-display":"","site-post-title":"","ast-breadcrumbs-content":"","ast-featured-img":"","footer-sml-layout":"","ast-disable-related-posts":"","theme-transparent-header-meta":"default","adv-header-id-meta":"","stick-header-meta":"","header-above-stick-meta":"","header-main-stick-meta":"","header-below-stick-meta":"","astra-migrate-meta-layouts":"set","ast-page-background-enabled":"default","ast-page-background-meta":{"desktop":{"background-color":"var(--ast-global-color-5)","background-image":"","background-repeat":"repeat","background-position":"center center","background-size":"auto","background-attachment":"scroll","background-type":"","background-media":"","overlay-type":"","overlay-color":"","overlay-opacity":"","overlay-gradient":""},"tablet":{"background-color":"","background-image":"","background-repeat":"repeat","background-position":"center center","background-size":"auto","background-attachment":"scroll","background-type":"","background-media":"","overlay-type":"","overlay-color":"","overlay-opacity":"","overlay-gradient":""},"mobile":{"background-color":"","background-image":"","background-repeat":"repeat","background-position":"center center","background-size":"auto","background-attachment":"scroll","background-type":"","background-media":"","overlay-type":"","overlay-color":"","overlay-opacity":"","overlay-gradient":""}},"ast-content-background-meta":{"desktop":{"background-color":"var(--ast-global-color-4)","background-image":"","background-repeat":"repeat","background-position":"center center","background-size":"auto","background-attachment":"scroll","background-type":"","background-media":"","overlay-type":"","overlay-color":"","overlay-opacity":"","overlay-gradient":""},"tablet":{"background-color":"var(--ast-global-color-4)","background-image":"","background-repeat":"repeat","background-position":"center center","background-size":"auto","background-attachment":"scroll","background-type":"","background-media":"","overlay-type":"","overlay-color":"","overlay-opacity":"","overlay-gradient":""},"mobile":{"background-color":"var(--ast-global-color-4)","background-image":"","background-repeat":"repeat","background-position":"center center","background-size":"auto","background-attachment":"scroll","background-type":"","background-media":"","overlay-type":"","overlay-color":"","overlay-opacity":"","overlay-gradient":""}}},"product_brand":[],"product_cat":[236,62,72],"product_tag":[],"class_list":{"0":"post-6455","1":"product","2":"type-product","3":"status-publish","4":"has-post-thumbnail","6":"product_cat-cosmetic-container-set","7":"product_cat-cosmetic-containers","8":"product_cat-cosmetic-packaging","9":"desktop-align-left","10":"tablet-align-left","11":"mobile-align-left","13":"first","14":"instock","15":"shipping-taxable","16":"product-type-simple"},"acf":[],"jetpack_sharing_enabled":true,"_links":{"self":[{"href":"https:\/\/theperfumebottles.com\/hu\/wp-json\/wp\/v2\/product\/6455","targetHints":{"allow":["GET"]}}],"collection":[{"href":"https:\/\/theperfumebottles.com\/hu\/wp-json\/wp\/v2\/product"}],"about":[{"href":"https:\/\/theperfumebottles.com\/hu\/wp-json\/wp\/v2\/types\/product"}],"replies":[{"embeddable":true,"href":"https:\/\/theperfumebottles.com\/hu\/wp-json\/wp\/v2\/comments?post=6455"}],"wp:featuredmedia":[{"embeddable":true,"href":"https:\/\/theperfumebottles.com\/hu\/wp-json\/wp\/v2\/media\/6456"}],"wp:attachment":[{"href":"https:\/\/theperfumebottles.com\/hu\/wp-json\/wp\/v2\/media?parent=6455"}],"wp:term":[{"taxonomy":"product_brand","embeddable":true,"href":"https:\/\/theperfumebottles.com\/hu\/wp-json\/wp\/v2\/product_brand?post=6455"},{"taxonomy":"product_cat","embeddable":true,"href":"https:\/\/theperfumebottles.com\/hu\/wp-json\/wp\/v2\/product_cat?post=6455"},{"taxonomy":"product_tag","embeddable":true,"href":"https:\/\/theperfumebottles.com\/hu\/wp-json\/wp\/v2\/product_tag?post=6455"}],"curies":[{"name":"wp","href":"https:\/\/api.w.org\/{rel}","templated":true}]}}