{"id":6477,"date":"2025-09-18T17:19:24","date_gmt":"2025-09-18T09:19:24","guid":{"rendered":"https:\/\/theperfumebottles.com\/?post_type=product&#038;p=6477"},"modified":"2026-03-26T15:44:04","modified_gmt":"2026-03-26T07:44:04","slug":"black-glass-skincare-bottles-and-jars-sets-wholesale","status":"publish","type":"product","link":"https:\/\/theperfumebottles.com\/hu\/termek\/black-glass-skincare-bottles-and-jars-sets-wholesale\/","title":{"rendered":"15 ml \u2013 125 ml fekete \u00fcveg b\u0151r\u00e1pol\u00f3 palackok \u00e9s t\u00e9gelyek nagykereskedelme"},"content":{"rendered":"<p>Ne el\u00e9gedj meg az unalmas csomagol\u00e1ssal. Fekete \u00fcvegpalackok \u00e9s -t\u00e9gelyek prec\u00edz kollekci\u00f3j\u00e1t k\u00e9sz\u00edtj\u00fck olyan b\u0151r\u00e1pol\u00e1si m\u00e1rk\u00e1k sz\u00e1m\u00e1ra, amelyek kompromisszumok n\u00e9lk\u00fcli luxust k\u00f6vetelnek. Az \u00fcvegtart\u00e1lyok frissen tartj\u00e1k a kr\u00e9meket, test\u00e1pol\u00f3kat \u00e9s esszenci\u00e1kat \u2013 UV-k\u00e1rosod\u00e1s \u00e9s roml\u00e1s n\u00e9lk\u00fcl. A nagy t\u00e9telben rendelt term\u00e9kek egyedi kupakkal rendelkeznek, amelyek illeszkednek a m\u00e1rk\u00e1d hangulat\u00e1hoz.<\/p>\n<h2><strong data-spm-anchor-id=\"5176.28103460.0.i9.29ab2e31KYNL5F\">F\u0151bb specifik\u00e1ci\u00f3k<\/strong><\/h2>\n<table style=\"border-collapse: collapse; width: 80%; margin-left: auto; margin-right: auto;\" border=\"0\" width=\"648\" cellspacing=\"0\" cellpadding=\"0\">\n<tbody>\n<tr style=\"height: 13.50pt;\">\n<td style=\"height: 13.5pt; width: 54pt; text-align: center;\" width=\"72\" height=\"18\">Kapacit\u00e1s (ml)<\/td>\n<td style=\"width: 54pt; text-align: center;\" width=\"72\">Alak<\/td>\n<td style=\"width: 54pt; text-align: center;\" width=\"72\">Sz\u00e1j\u00e1tm\u00e9r\u0151 (mm)<\/td>\n<td style=\"width: 54pt; text-align: center;\" width=\"72\">Palack \u00e1tm\u00e9r\u0151je (mm)<\/td>\n<td style=\"width: 54pt; text-align: center;\" width=\"72\">Magass\u00e1g (mm)<\/td>\n<td style=\"width: 54pt; text-align: center;\" width=\"72\">Magass\u00e1g kupakkal (mm)<\/td>\n<td style=\"width: 54pt; text-align: center;\" width=\"72\">Sz\u00edn<\/td>\n<td style=\"width: 54pt; text-align: center;\" width=\"72\">Egy\u00e9ni opci\u00f3<\/td>\n<td style=\"width: 54pt; text-align: center;\" width=\"72\">Ide\u00e1lis<\/td>\n<\/tr>\n<tr style=\"height: 13.50pt;\">\n<td style=\"height: 13.5pt; text-align: center;\" height=\"18\">125<\/td>\n<td class=\"et2\" style=\"text-align: center;\" rowspan=\"3\">Egyenes oldal\u00fa<\/td>\n<td style=\"text-align: center;\">20<\/td>\n<td style=\"text-align: center;\">53<\/td>\n<td style=\"text-align: center;\">142<\/td>\n<td style=\"text-align: center;\">180<\/td>\n<td class=\"et2\" style=\"text-align: center;\" rowspan=\"5\">Fekete<\/td>\n<td class=\"et2\" style=\"text-align: center;\" rowspan=\"5\">Fel\u00fcletkezel\u00e9s, sz\u00edn, log\u00f3, kieg\u00e9sz\u00edt\u0151k<\/td>\n<td class=\"et2\" style=\"text-align: center;\" rowspan=\"5\">B\u0151r\u00e1pol\u00f3 szettek, tiszt\u00edt\u00f3, essence v\u00edz, essence test\u00e1pol\u00f3\/kr\u00e9m<\/td>\n<\/tr>\n<tr style=\"height: 13.50pt;\">\n<td style=\"height: 13.5pt; text-align: center;\" height=\"18\">105<\/td>\n<td style=\"text-align: center;\">20<\/td>\n<td style=\"text-align: center;\">47<\/td>\n<td style=\"text-align: center;\">127<\/td>\n<td style=\"text-align: center;\">165<\/td>\n<\/tr>\n<tr style=\"height: 13.50pt;\">\n<td style=\"height: 13.5pt; text-align: center;\" height=\"18\">45<\/td>\n<td style=\"text-align: center;\">20<\/td>\n<td style=\"text-align: center;\">41<\/td>\n<td style=\"text-align: center;\">86<\/td>\n<td style=\"text-align: center;\">120<\/td>\n<\/tr>\n<tr style=\"height: 13.50pt;\">\n<td style=\"height: 13.5pt; text-align: center;\" height=\"18\">40<\/td>\n<td class=\"et2\" rowspan=\"2\">Kerek<\/td>\n<td style=\"text-align: center;\">52<\/td>\n<td style=\"text-align: center;\">64<\/td>\n<td style=\"text-align: center;\">42<\/td>\n<td style=\"text-align: center;\">70<\/td>\n<\/tr>\n<tr style=\"height: 13.50pt;\">\n<td style=\"height: 13.5pt; text-align: center;\" height=\"18\">15<\/td>\n<td style=\"text-align: center;\">47<\/td>\n<td style=\"text-align: center;\">58<\/td>\n<td style=\"text-align: center;\">32<\/td>\n<td style=\"text-align: center;\">60<\/td>\n<\/tr>\n<\/tbody>\n<\/table>\n<h2>Sikert\u00f6rt\u00e9net<\/h2>\n<p>Az egyik eur\u00f3pai b\u0151r\u00e1pol\u00e1si m\u00e1rka \u00fagy d\u00f6nt\u00f6tt, hogy a mi cs\u00facskateg\u00f3ri\u00e1s fekete b\u0151r\u00e1pol\u00e1si t\u00e9gely\u00fcnk \u00e9s flakonunk szettet haszn\u00e1lja. A flakonok magasf\u00e9ny\u0171 UV-bevonattal k\u00e9sz\u00fclnek, ami a v\u00e1kuumbevonat\u00fa f\u00e9mkupakkal egy\u00fctt felt\u0171n\u0151 kontrasztot \u00e9s exkluz\u00edv \u00e9rzetet kelt, hogy megfeleljen az \u00fcgyf\u00e9l egy\u00e9ni ig\u00e9nyeinek. A flakonra szitanyom\u00e1ssal nyomtattuk a m\u00e1rkalog\u00f3t, amelynek ez\u00fcst sz\u00edne szint\u00e9n t\u00fckr\u00f6zi a diz\u00e1jnt \u00e9s hozz\u00e1j\u00e1rul az \u00f6sszhat\u00e1shoz.<\/p>\n<p>Az \u00faj kozmetikai flakon \u00e9s t\u00e9gely k\u00e9szlet bevezet\u00e9se \u00f3ta az elad\u00e1sok mind\u00f6ssze k\u00e9t h\u00f3nap alatt 32%-kal n\u0151ttek, \u00e9s tov\u00e1bbi 55 000 k\u00e9szletet rendeltek a forgalmaz\u00f3k n\u00f6vekv\u0151 ig\u00e9nyeinek kiel\u00e9g\u00edt\u00e9s\u00e9re.<\/p>\n<h2>Az \u00d6n alkalmazkod\u00e1si lehet\u0151s\u00e9ge<\/h2>\n<ol>\n<li><strong>Kupak kivitel alternat\u00edv\u00e1k:<\/strong> F\u00e9nyes, matt, sz\u00e1lcsiszolt f\u00e9m vagy t\u00fckr\u00f6s fel\u00fcleteket k\u00edn\u00e1l, amelyek galvaniz\u00e1ltak, hogy illeszkedjenek a k\u00fcl\u00f6nb\u00f6z\u0151 m\u00e1rkast\u00edlusokhoz.<\/li>\n<li><strong>Dekor\u00e1ci\u00f3s technik\u00e1k:<\/strong> A szitanyom\u00e1s, a melegnyom\u00e1s, a sz\u00edn\u00e1tmenetes sz\u00f3r\u00e1s vagy a c\u00edmk\u00e9z\u00e9s t\u00f6bb r\u00e9tegben kombin\u00e1lhat\u00f3 a m\u00e1rkahat\u00e1sok l\u00e9trehoz\u00e1sa \u00e9rdek\u00e9ben.<\/li>\n<li><strong>M\u00e1sodlagos csomagol\u00e1stervez\u00e9s:<\/strong> Adjon kiskereskedelmi megjelen\u00e9st a term\u00e9khez egyedi dobozok, m\u00e1gneses dobozok vagy fi\u00f3kos csomagol\u00e1sok tervez\u00e9s\u00e9vel.<\/li>\n<\/ol>","protected":false},"excerpt":{"rendered":"<p>Pr\u00e9mium b\u0151r\u00e1pol\u00f3 flakonok \u00e9s t\u00e9gelyek kozmetikai flakon szettekhez. Egyedi fekete \u00fcvegtart\u00e1lyok. Nagykereskedelem. F\u00e9nyz\u00e1r\u00f3, sziv\u00e1rg\u00e1smentes csomagol\u00e1s.<\/p>","protected":false},"featured_media":6478,"comment_status":"closed","ping_status":"closed","template":"","meta":{"_acf_changed":false,"site-sidebar-layout":"default","site-content-layout":"","ast-site-content-layout":"default","site-content-style":"default","site-sidebar-style":"default","ast-global-header-display":"","ast-banner-title-visibility":"","ast-main-header-display":"","ast-hfb-above-header-display":"","ast-hfb-below-header-display":"","ast-hfb-mobile-header-display":"","site-post-title":"","ast-breadcrumbs-content":"","ast-featured-img":"","footer-sml-layout":"","ast-disable-related-posts":"","theme-transparent-header-meta":"default","adv-header-id-meta":"","stick-header-meta":"","header-above-stick-meta":"","header-main-stick-meta":"","header-below-stick-meta":"","astra-migrate-meta-layouts":"set","ast-page-background-enabled":"default","ast-page-background-meta":{"desktop":{"background-color":"var(--ast-global-color-5)","background-image":"","background-repeat":"repeat","background-position":"center center","background-size":"auto","background-attachment":"scroll","background-type":"","background-media":"","overlay-type":"","overlay-color":"","overlay-opacity":"","overlay-gradient":""},"tablet":{"background-color":"","background-image":"","background-repeat":"repeat","background-position":"center center","background-size":"auto","background-attachment":"scroll","background-type":"","background-media":"","overlay-type":"","overlay-color":"","overlay-opacity":"","overlay-gradient":""},"mobile":{"background-color":"","background-image":"","background-repeat":"repeat","background-position":"center center","background-size":"auto","background-attachment":"scroll","background-type":"","background-media":"","overlay-type":"","overlay-color":"","overlay-opacity":"","overlay-gradient":""}},"ast-content-background-meta":{"desktop":{"background-color":"var(--ast-global-color-4)","background-image":"","background-repeat":"repeat","background-position":"center center","background-size":"auto","background-attachment":"scroll","background-type":"","background-media":"","overlay-type":"","overlay-color":"","overlay-opacity":"","overlay-gradient":""},"tablet":{"background-color":"var(--ast-global-color-4)","background-image":"","background-repeat":"repeat","background-position":"center center","background-size":"auto","background-attachment":"scroll","background-type":"","background-media":"","overlay-type":"","overlay-color":"","overlay-opacity":"","overlay-gradient":""},"mobile":{"background-color":"var(--ast-global-color-4)","background-image":"","background-repeat":"repeat","background-position":"center center","background-size":"auto","background-attachment":"scroll","background-type":"","background-media":"","overlay-type":"","overlay-color":"","overlay-opacity":"","overlay-gradient":""}}},"product_brand":[],"product_cat":[236,62,72],"product_tag":[],"class_list":{"0":"post-6477","1":"product","2":"type-product","3":"status-publish","4":"has-post-thumbnail","6":"product_cat-cosmetic-container-set","7":"product_cat-cosmetic-containers","8":"product_cat-cosmetic-packaging","9":"desktop-align-left","10":"tablet-align-left","11":"mobile-align-left","13":"first","14":"instock","15":"shipping-taxable","16":"product-type-simple"},"acf":[],"jetpack_sharing_enabled":true,"_links":{"self":[{"href":"https:\/\/theperfumebottles.com\/hu\/wp-json\/wp\/v2\/product\/6477","targetHints":{"allow":["GET"]}}],"collection":[{"href":"https:\/\/theperfumebottles.com\/hu\/wp-json\/wp\/v2\/product"}],"about":[{"href":"https:\/\/theperfumebottles.com\/hu\/wp-json\/wp\/v2\/types\/product"}],"replies":[{"embeddable":true,"href":"https:\/\/theperfumebottles.com\/hu\/wp-json\/wp\/v2\/comments?post=6477"}],"wp:featuredmedia":[{"embeddable":true,"href":"https:\/\/theperfumebottles.com\/hu\/wp-json\/wp\/v2\/media\/6478"}],"wp:attachment":[{"href":"https:\/\/theperfumebottles.com\/hu\/wp-json\/wp\/v2\/media?parent=6477"}],"wp:term":[{"taxonomy":"product_brand","embeddable":true,"href":"https:\/\/theperfumebottles.com\/hu\/wp-json\/wp\/v2\/product_brand?post=6477"},{"taxonomy":"product_cat","embeddable":true,"href":"https:\/\/theperfumebottles.com\/hu\/wp-json\/wp\/v2\/product_cat?post=6477"},{"taxonomy":"product_tag","embeddable":true,"href":"https:\/\/theperfumebottles.com\/hu\/wp-json\/wp\/v2\/product_tag?post=6477"}],"curies":[{"name":"wp","href":"https:\/\/api.w.org\/{rel}","templated":true}]}}