{"id":6517,"date":"2025-09-22T12:52:43","date_gmt":"2025-09-22T04:52:43","guid":{"rendered":"https:\/\/theperfumebottles.com\/?post_type=product&#038;p=6517"},"modified":"2025-09-22T13:28:19","modified_gmt":"2025-09-22T05:28:19","slug":"wholesale-5ml-9ml-refill-perfume-bottles","status":"publish","type":"product","link":"https:\/\/theperfumebottles.com\/hu\/termek\/wholesale-5ml-9ml-refill-perfume-bottles\/","title":{"rendered":"Nagykereskedelmi 5ml 9ml ut\u00e1nt\u00f6lt\u0151 parf\u00fcm\u00f6s palackok"},"content":{"rendered":"<h2>Fedezze fel pr\u00e9mium \u00fajrat\u00f6lthet\u0151 parf\u00fcm porlaszt\u00f3nkat<\/h2>\n<p>Innovat\u00edv ut\u00e1nt\u00f6lt\u0151s parf\u00fcm\u00f6s \u00fcveg\u00fcnket a modern utaz\u00e1si ig\u00e9nyeknek megfelel\u0151en tervezt\u00fck, k\u00e9nyelmet, st\u00edlust \u00e9s kiv\u00e1l\u00f3 teljes\u00edtm\u00e9nyt k\u00edn\u00e1lva. T\u00f6k\u00e9letes azok sz\u00e1m\u00e1ra, akik \u00faton vannak, ez a mini \u00e9s hordozhat\u00f3 porlaszt\u00f3 ide\u00e1lis v\u00e1laszt\u00e1s a term\u00e9kcsal\u00e1dod sz\u00e1m\u00e1ra.<\/p>\n<h2>F\u0151bb specifik\u00e1ci\u00f3k:<\/h2>\n<table style=\"border-collapse: collapse; width: 486.77pt; margin-left: auto; margin-right: auto;\" border=\"0\" width=\"649\" cellspacing=\"0\" cellpadding=\"0\">\n<tbody>\n<tr style=\"height: 13.50pt;\">\n<td style=\"height: 13.50pt; width: 94.50pt;\" width=\"126\" height=\"18\">Jellemz\u0151<\/td>\n<td style=\"width: 392.25pt;\" width=\"523\">R\u00e9szlet<\/td>\n<\/tr>\n<tr style=\"height: 13.50pt;\">\n<td style=\"height: 13.50pt;\" height=\"18\">Anyag<\/td>\n<td>PCTG + tiszta r\u00e9z sziv\u00e1rg\u00e1smentes alap, galvaniz\u00e1lt alum\u00ednium h\u00e9j<\/td>\n<\/tr>\n<tr style=\"height: 13.50pt;\">\n<td style=\"height: 13.50pt;\" height=\"18\">Kapacit\u00e1s<\/td>\n<td>5 ml (1,8 * 8,7 cm), 9 ml (2,2 * 10 cm)<\/td>\n<\/tr>\n<tr style=\"height: 13.50pt;\">\n<td style=\"height: 13.50pt;\" height=\"18\">Alak<\/td>\n<td>Hengeres<\/td>\n<\/tr>\n<tr style=\"height: 13.50pt;\">\n<td style=\"height: 13.50pt;\" height=\"18\">T\u00f6lt\u00e9si m\u00f3dszer<\/td>\n<td>Als\u00f3 t\u00f6lt\u00e9s<\/td>\n<\/tr>\n<tr style=\"height: 13.50pt;\">\n<td style=\"height: 13.50pt;\" height=\"18\">Bels\u0151 palack<\/td>\n<td>Tiszta, nagy \u00e1tl\u00e1tsz\u00f3s\u00e1g\u00fa, j\u00f3 t\u00f6m\u00edt\u00e9s\u0171, nem ill\u00e9kony<\/td>\n<\/tr>\n<tr style=\"height: 13.50pt;\">\n<td style=\"height: 13.50pt;\" height=\"18\">Haszn\u00e1lat<\/td>\n<td>Parf\u00fcm, alkohol, k\u00f6lniv\u00edz adagol\u00e1sa<\/td>\n<\/tr>\n<\/tbody>\n<\/table>\n<h2>Sikert\u00f6rt\u00e9net:<\/h2>\n<p>Egy butik parf\u00fcmm\u00e1rka nemr\u00e9giben be\u00e9p\u00edtette 5 ml-es parf\u00fcm\u00f6s \u00fcvegcs\u00e9nket utaz\u00f3 kollekci\u00f3j\u00e1ba. Az els\u0151 negyed\u00e9vben 40%-os n\u00f6veked\u00e9st jelentett az utaz\u00f3 alak\u00fa keres\u0151k\u00e9szletek elad\u00e1s\u00e1ban, ami az \u00fcveg k\u00f6nny\u0171 haszn\u00e1lhat\u00f3s\u00e1g\u00e1hoz \u00e9s pr\u00e9mium \u00e9rzethez vezetett. A v\u00e1s\u00e1rl\u00f3k im\u00e1dt\u00e1k kedvenc parf\u00fcmj\u00fcket egy hordozhat\u00f3 \u00e9s reflex aroma \u00fcvegcs\u00e9ben.<\/p>\n<h2>Alkalmazkod\u00e1s \u00e9s nagykereskedelmi lehet\u0151s\u00e9gek:<\/h2>\n<p>Mint vezet\u0151 gy\u00e1rt\u00f3 \u00e9s nagykereskedelmi besz\u00e1ll\u00edt\u00f3, meg\u00e9rtj\u00fck az egyedi m\u00e1rka\u00e9p\u00edt\u00e9s ir\u00e1nti ig\u00e9ny\u00e9t. Sz\u00e9lesk\u00f6r\u0171, egyedi lehet\u0151s\u00e9geket k\u00edn\u00e1lunk parf\u00fcm ut\u00e1nt\u00f6lt\u0151 flakonokhoz, bele\u00e9rtve a k\u00fcl\u00f6nb\u00f6z\u0151 sz\u00ednv\u00e1laszt\u00e9kokat, fel\u00fcletkezel\u00e9seket \u00e9s egyedi kapacit\u00e1sokat. Ak\u00e1r kis megrendel\u00e9sre, ak\u00e1r nagykereskedelmi mennyis\u00e9gre van sz\u00fcks\u00e9ge, mi itt vagyunk, hogy t\u00e1mogassuk m\u00e1rk\u00e1ja j\u00f6v\u0151k\u00e9p\u00e9t. V\u00e1lasszon minket megb\u00edzhat\u00f3 besz\u00e1ll\u00edt\u00f3k\u00e9nt \u00fcveg parf\u00fcm\u00f6s flakonok \u00e9s innovat\u00edv atmoszf\u00e9r\u00e1k beszerz\u00e9s\u00e9hez.<\/p>\n<h2>Szerezd meg az ingyenes mint\u00e1dat m\u00e9g ma!<\/h2>\n<p>Alig v\u00e1rja, hogy els\u0151re l\u00e1ssa a min\u0151s\u00e9get? Ingyenes mint\u00e1k \u00e1llnak rendelkez\u00e9sre min\u0151s\u00edtett nagykereskedelmi aj\u00e1nlatk\u00e9r\u00e9shez. <a href=\"https:\/\/theperfumebottles.com\/hu\/contact\/\">Kapcsolat<\/a> M\u00e9g ma, hogy megbesz\u00e9lj\u00fck az \u00d6n adapt\u00e1ci\u00f3s ig\u00e9nyeit, sz\u00e1ll\u00edt\u00e1si \u00e9s disztrib\u00faci\u00f3s lehet\u0151s\u00e9geit. Tegye m\u00e1rk\u00e1j\u00e1t kiemelked\u0151v\u00e9 pr\u00e9mium sz\u00f3r\u00f3palackos megold\u00e1sainkkal.<\/p>","protected":false},"excerpt":{"rendered":"<p>Fedezze fel kiv\u00e1l\u00f3 min\u0151s\u00e9g\u00fcnket <strong>parf\u00fcm\u00f6s \u00fcveg ut\u00e1nt\u00f6lt\u0151<\/strong>, t\u00f6k\u00e9letes utaz\u00e1shoz \u00e9s ide\u00e1lis azoknak a m\u00e1rk\u00e1knak, akik nagykereskedelmi hordozhat\u00f3 porlaszt\u00f3kat keresnek egyedi opci\u00f3kkal.<\/p>","protected":false},"featured_media":6520,"comment_status":"closed","ping_status":"closed","template":"","meta":{"_acf_changed":false,"site-sidebar-layout":"default","site-content-layout":"","ast-site-content-layout":"default","site-content-style":"default","site-sidebar-style":"default","ast-global-header-display":"","ast-banner-title-visibility":"","ast-main-header-display":"","ast-hfb-above-header-display":"","ast-hfb-below-header-display":"","ast-hfb-mobile-header-display":"","site-post-title":"","ast-breadcrumbs-content":"","ast-featured-img":"","footer-sml-layout":"","ast-disable-related-posts":"","theme-transparent-header-meta":"default","adv-header-id-meta":"","stick-header-meta":"","header-above-stick-meta":"","header-main-stick-meta":"","header-below-stick-meta":"","astra-migrate-meta-layouts":"set","ast-page-background-enabled":"default","ast-page-background-meta":{"desktop":{"background-color":"var(--ast-global-color-5)","background-image":"","background-repeat":"repeat","background-position":"center center","background-size":"auto","background-attachment":"scroll","background-type":"","background-media":"","overlay-type":"","overlay-color":"","overlay-opacity":"","overlay-gradient":""},"tablet":{"background-color":"","background-image":"","background-repeat":"repeat","background-position":"center center","background-size":"auto","background-attachment":"scroll","background-type":"","background-media":"","overlay-type":"","overlay-color":"","overlay-opacity":"","overlay-gradient":""},"mobile":{"background-color":"","background-image":"","background-repeat":"repeat","background-position":"center center","background-size":"auto","background-attachment":"scroll","background-type":"","background-media":"","overlay-type":"","overlay-color":"","overlay-opacity":"","overlay-gradient":""}},"ast-content-background-meta":{"desktop":{"background-color":"var(--ast-global-color-4)","background-image":"","background-repeat":"repeat","background-position":"center center","background-size":"auto","background-attachment":"scroll","background-type":"","background-media":"","overlay-type":"","overlay-color":"","overlay-opacity":"","overlay-gradient":""},"tablet":{"background-color":"var(--ast-global-color-4)","background-image":"","background-repeat":"repeat","background-position":"center center","background-size":"auto","background-attachment":"scroll","background-type":"","background-media":"","overlay-type":"","overlay-color":"","overlay-opacity":"","overlay-gradient":""},"mobile":{"background-color":"var(--ast-global-color-4)","background-image":"","background-repeat":"repeat","background-position":"center center","background-size":"auto","background-attachment":"scroll","background-type":"","background-media":"","overlay-type":"","overlay-color":"","overlay-opacity":"","overlay-gradient":""}}},"product_brand":[],"product_cat":[72,90,41],"product_tag":[],"class_list":{"0":"post-6517","1":"product","2":"type-product","3":"status-publish","4":"has-post-thumbnail","6":"product_cat-cosmetic-packaging","7":"product_cat-refillable-perfume-bottles","8":"product_cat-perfume-bottles","9":"desktop-align-left","10":"tablet-align-left","11":"mobile-align-left","13":"first","14":"instock","15":"shipping-taxable","16":"product-type-simple"},"acf":[],"jetpack_sharing_enabled":true,"_links":{"self":[{"href":"https:\/\/theperfumebottles.com\/hu\/wp-json\/wp\/v2\/product\/6517","targetHints":{"allow":["GET"]}}],"collection":[{"href":"https:\/\/theperfumebottles.com\/hu\/wp-json\/wp\/v2\/product"}],"about":[{"href":"https:\/\/theperfumebottles.com\/hu\/wp-json\/wp\/v2\/types\/product"}],"replies":[{"embeddable":true,"href":"https:\/\/theperfumebottles.com\/hu\/wp-json\/wp\/v2\/comments?post=6517"}],"wp:featuredmedia":[{"embeddable":true,"href":"https:\/\/theperfumebottles.com\/hu\/wp-json\/wp\/v2\/media\/6520"}],"wp:attachment":[{"href":"https:\/\/theperfumebottles.com\/hu\/wp-json\/wp\/v2\/media?parent=6517"}],"wp:term":[{"taxonomy":"product_brand","embeddable":true,"href":"https:\/\/theperfumebottles.com\/hu\/wp-json\/wp\/v2\/product_brand?post=6517"},{"taxonomy":"product_cat","embeddable":true,"href":"https:\/\/theperfumebottles.com\/hu\/wp-json\/wp\/v2\/product_cat?post=6517"},{"taxonomy":"product_tag","embeddable":true,"href":"https:\/\/theperfumebottles.com\/hu\/wp-json\/wp\/v2\/product_tag?post=6517"}],"curies":[{"name":"wp","href":"https:\/\/api.w.org\/{rel}","templated":true}]}}