{"id":6531,"date":"2025-09-22T17:19:57","date_gmt":"2025-09-22T09:19:57","guid":{"rendered":"https:\/\/theperfumebottles.com\/?post_type=product&#038;p=6531"},"modified":"2025-09-22T17:29:48","modified_gmt":"2025-09-22T09:29:48","slug":"glass-skincare-bottles-packaging-set","status":"publish","type":"product","link":"https:\/\/theperfumebottles.com\/hu\/termek\/glass-skincare-bottles-packaging-set\/","title":{"rendered":"\u00dcveg b\u0151r\u00e1pol\u00f3 palackok \u00e9s t\u00e9gelyek \u2013 eleg\u00e1ns z\u00f6ld sz\u00edn\u00e1tmenetes b\u0151r\u00e1pol\u00f3 csomagol\u00f3k\u00e9szlet"},"content":{"rendered":"<p>Elege van az unalmas csomagol\u00e1sb\u00f3l, ami elrejti pr\u00e9mium b\u0151r\u00e1pol\u00e1si term\u00e9keit? \u00dcres b\u0151r\u00e1pol\u00f3 flakonokat k\u00e9sz\u00edt\u00fcnk, amelyekben kr\u00e9mje, test\u00e1pol\u00f3ja \u00e9s ill\u00f3olaja foly\u00e9kony m\u0171v\u00e9szetk\u00e9nt l\u00e1that\u00f3. A z\u00f6ld sz\u00edn\u00e1tmenetes \u00fcveg b\u0151r\u00e1pol\u00f3 flakonok blokkolj\u00e1k az UV-sugarakat \u2013 nincs roml\u00e1s, nincs kompromisszum. A nagy t\u00e9telben rendelt term\u00e9kek egyedi kupakkal rendelkeznek, amelyek illenek m\u00e1rk\u00e1ja szellemis\u00e9g\u00e9hez.<\/p>\n<h2>F\u0151bb specifik\u00e1ci\u00f3k<\/h2>\n<table style=\"border-collapse: collapse;width: 85%;margin-left: auto;margin-right: auto\" border=\"0\" width=\"648\" cellspacing=\"0\" cellpadding=\"0\">\n<tbody>\n<tr style=\"height: 13.50pt\">\n<td style=\"height: 13.50pt;width: 54.00pt\" width=\"72\" height=\"18\">Kapacit\u00e1s (ml)<\/td>\n<td style=\"width: 54.00pt\" width=\"72\">Alak<\/td>\n<td style=\"width: 54.00pt\" width=\"72\">Sz\u00e1j\u00e1tm\u00e9r\u0151 (mm)<\/td>\n<td style=\"width: 54.00pt\" width=\"72\">Palack \u00e1tm\u00e9r\u0151je (mm)<\/td>\n<td style=\"width: 54.00pt\" width=\"72\">Teljes magass\u00e1g kupakkal (mm)<\/td>\n<td style=\"width: 54.00pt\" width=\"72\">Teljes magass\u00e1g kupakkal (mm)<\/td>\n<td style=\"width: 54.00pt\" width=\"72\">Sz\u00edn<\/td>\n<td style=\"width: 54.00pt\" width=\"72\">Egy\u00e9ni be\u00e1ll\u00edt\u00e1sok<\/td>\n<td style=\"width: 54.00pt\" width=\"72\">Haszn\u00e1lat<\/td>\n<\/tr>\n<tr style=\"height: 13.50pt\">\n<td style=\"height: 13.50pt\" height=\"18\">125<\/td>\n<td class=\"et2\" rowspan=\"5\">Torony<\/td>\n<td>20<\/td>\n<td>49&#215;49<\/td>\n<td>146<\/td>\n<td>180<\/td>\n<td class=\"et2\" rowspan=\"5\">Z\u00f6ld sz\u00edn\u00e1tmenet<\/td>\n<td class=\"et2\" rowspan=\"5\">Fel\u00fcletkezel\u00e9s, sz\u00edn<\/td>\n<td class=\"et2\" rowspan=\"5\">Test\u00e1pol\u00f3k, kr\u00e9mek, esszenci\u00e1k stb.<\/td>\n<\/tr>\n<tr style=\"height: 13.50pt\">\n<td style=\"height: 13.50pt\" height=\"18\">105<\/td>\n<td>20<\/td>\n<td>49&#215;49<\/td>\n<td>130<\/td>\n<td>165<\/td>\n<\/tr>\n<tr style=\"height: 13.50pt\">\n<td style=\"height: 13.50pt\" height=\"18\">45<\/td>\n<td>20<\/td>\n<td>45&#215;45<\/td>\n<td>81<\/td>\n<td>115<\/td>\n<\/tr>\n<tr style=\"height: 13.50pt\">\n<td style=\"height: 13.50pt\" height=\"18\">90<\/td>\n<td>50<\/td>\n<td>69&#215;69<\/td>\n<td>70<\/td>\n<td>85<\/td>\n<\/tr>\n<tr style=\"height: 13.50pt\">\n<td style=\"height: 13.50pt\" height=\"18\">55<\/td>\n<td>50<\/td>\n<td>65&#215;65<\/td>\n<td>52<\/td>\n<td>65<\/td>\n<\/tr>\n<\/tbody>\n<\/table>\n<h2>Sikert\u00f6rt\u00e9net: Hogyan fejl\u0151d\u00f6tt egy k\u00f6z\u00e9pv\u00e1llalkoz\u00e1s<\/h2>\n<p>Egy k\u00f6zepes m\u00e9ret\u0171 v\u00e1llalkoz\u00e1s egy \u201ez\u00f6ld ritu\u00e1l\u00e9\u201d k\u00e9szletet k\u00e9sz\u00edtett \u00fcveg b\u0151r\u00e1pol\u00f3 flakonjainkb\u00f3l: egy 15 ml-es n\u00e9gyzet alak\u00fa flakont a kr\u00e9mhez \u00e9s egy 55 ml-es egyenes flakont a test\u00e1pol\u00f3hoz. Az eredm\u00e9ny? Az Instagramon z\u00f6ld sz\u00edn\u00e1tmenetes flakonokat l\u00e1t\u00f3 v\u00e1s\u00e1rl\u00f3k 82%-a megv\u00e1s\u00e1rolta a teljes term\u00e9kcsal\u00e1dot. A r\u00e9gi\u00f3? \u00dagy \u00e9rezte: \u201eOlyan volt, mint egy aj\u00e1nd\u00e9k a term\u00e9szett\u0151l.\u201d<\/p>\n<h2>Testreszab\u00e1si k\u00e9zik\u00f6nyved<\/h2>\n<ol>\n<li><strong>Sz\u00ednes m\u00e9rk\u0151z\u00e9s:<\/strong>Cser\u00e9ld le a z\u00f6ld sz\u00edn\u00e1tmeneteket a m\u00e1rkaf\u00e9szeredhez. P\u00e9lda: Deep Chaiti a \u201eForest Mist\u201d vonallal.<\/li>\n<li><strong>Szivatty\u00fa integr\u00e1ci\u00f3:<\/strong>A pump\u00e1s adagol\u00f3t k\u00f6zvetlen\u00fcl az \u00fcvegekre kell helyezni \u2013 mindenk\u00e9ppen a zs\u00e1km\u00e1ny kedv\u00e9\u00e9rt. A kiskeresked\u0151k gyorsan eladj\u00e1k.<\/li>\n<\/ol>","protected":false},"excerpt":{"rendered":"<p>Pr\u00e9mium min\u0151s\u00e9g\u0171 z\u00f6ld sz\u00edn\u0171, \u00e1tmenetes \u00fcvegb\u0151l k\u00e9sz\u00fclt b\u0151r\u00e1pol\u00f3 flakonok \u00e9s t\u00e9gelyek. Egyedi UV-sz\u0171r\u0151s, sziv\u00e1rg\u00e1smentes csomagol\u00e1s pump\u00e1s adagol\u00f3kkal. Luxus kozmetikai m\u00e1rk\u00e1k nagykereskedelme.<\/p>","protected":false},"featured_media":6532,"comment_status":"closed","ping_status":"closed","template":"","meta":{"_acf_changed":false,"site-sidebar-layout":"default","site-content-layout":"","ast-site-content-layout":"default","site-content-style":"default","site-sidebar-style":"default","ast-global-header-display":"","ast-banner-title-visibility":"","ast-main-header-display":"","ast-hfb-above-header-display":"","ast-hfb-below-header-display":"","ast-hfb-mobile-header-display":"","site-post-title":"","ast-breadcrumbs-content":"","ast-featured-img":"","footer-sml-layout":"","ast-disable-related-posts":"","theme-transparent-header-meta":"default","adv-header-id-meta":"","stick-header-meta":"","header-above-stick-meta":"","header-main-stick-meta":"","header-below-stick-meta":"","astra-migrate-meta-layouts":"set","ast-page-background-enabled":"default","ast-page-background-meta":{"desktop":{"background-color":"var(--ast-global-color-5)","background-image":"","background-repeat":"repeat","background-position":"center center","background-size":"auto","background-attachment":"scroll","background-type":"","background-media":"","overlay-type":"","overlay-color":"","overlay-opacity":"","overlay-gradient":""},"tablet":{"background-color":"","background-image":"","background-repeat":"repeat","background-position":"center center","background-size":"auto","background-attachment":"scroll","background-type":"","background-media":"","overlay-type":"","overlay-color":"","overlay-opacity":"","overlay-gradient":""},"mobile":{"background-color":"","background-image":"","background-repeat":"repeat","background-position":"center center","background-size":"auto","background-attachment":"scroll","background-type":"","background-media":"","overlay-type":"","overlay-color":"","overlay-opacity":"","overlay-gradient":""}},"ast-content-background-meta":{"desktop":{"background-color":"var(--ast-global-color-4)","background-image":"","background-repeat":"repeat","background-position":"center center","background-size":"auto","background-attachment":"scroll","background-type":"","background-media":"","overlay-type":"","overlay-color":"","overlay-opacity":"","overlay-gradient":""},"tablet":{"background-color":"var(--ast-global-color-4)","background-image":"","background-repeat":"repeat","background-position":"center center","background-size":"auto","background-attachment":"scroll","background-type":"","background-media":"","overlay-type":"","overlay-color":"","overlay-opacity":"","overlay-gradient":""},"mobile":{"background-color":"var(--ast-global-color-4)","background-image":"","background-repeat":"repeat","background-position":"center center","background-size":"auto","background-attachment":"scroll","background-type":"","background-media":"","overlay-type":"","overlay-color":"","overlay-opacity":"","overlay-gradient":""}}},"product_brand":[],"product_cat":[236,72,37,62],"product_tag":[],"class_list":{"0":"post-6531","1":"product","2":"type-product","3":"status-publish","4":"has-post-thumbnail","6":"product_cat-cosmetic-container-set","7":"product_cat-cosmetic-packaging","8":"product_cat-uncategorized","9":"product_cat-cosmetic-containers","10":"desktop-align-left","11":"tablet-align-left","12":"mobile-align-left","14":"first","15":"instock","16":"shipping-taxable","17":"product-type-simple"},"acf":[],"jetpack_sharing_enabled":true,"_links":{"self":[{"href":"https:\/\/theperfumebottles.com\/hu\/wp-json\/wp\/v2\/product\/6531","targetHints":{"allow":["GET"]}}],"collection":[{"href":"https:\/\/theperfumebottles.com\/hu\/wp-json\/wp\/v2\/product"}],"about":[{"href":"https:\/\/theperfumebottles.com\/hu\/wp-json\/wp\/v2\/types\/product"}],"replies":[{"embeddable":true,"href":"https:\/\/theperfumebottles.com\/hu\/wp-json\/wp\/v2\/comments?post=6531"}],"wp:featuredmedia":[{"embeddable":true,"href":"https:\/\/theperfumebottles.com\/hu\/wp-json\/wp\/v2\/media\/6532"}],"wp:attachment":[{"href":"https:\/\/theperfumebottles.com\/hu\/wp-json\/wp\/v2\/media?parent=6531"}],"wp:term":[{"taxonomy":"product_brand","embeddable":true,"href":"https:\/\/theperfumebottles.com\/hu\/wp-json\/wp\/v2\/product_brand?post=6531"},{"taxonomy":"product_cat","embeddable":true,"href":"https:\/\/theperfumebottles.com\/hu\/wp-json\/wp\/v2\/product_cat?post=6531"},{"taxonomy":"product_tag","embeddable":true,"href":"https:\/\/theperfumebottles.com\/hu\/wp-json\/wp\/v2\/product_tag?post=6531"}],"curies":[{"name":"wp","href":"https:\/\/api.w.org\/{rel}","templated":true}]}}