{"id":7021,"date":"2025-11-11T13:12:13","date_gmt":"2025-11-11T05:12:13","guid":{"rendered":"https:\/\/theperfumebottles.com\/?post_type=product&#038;p=7021"},"modified":"2025-12-10T11:40:29","modified_gmt":"2025-12-10T03:40:29","slug":"perfume-refill-bottles-wholesaler","status":"publish","type":"product","link":"https:\/\/theperfumebottles.com\/hu\/termek\/perfume-refill-bottles-wholesaler\/","title":{"rendered":"8 ml-es parf\u00fcm ut\u00e1nt\u00f6lt\u0151 palackok nagykereskedelemben utaz\u00e1shoz, napi haszn\u00e1latra"},"content":{"rendered":"<p>Fedezze fel \u00fajrat\u00f6lthet\u0151 \u00fcveg illatpalackjainkat, amelyekkel leny\u0171g\u00f6zheti m\u00e1rk\u00e1ja megjelen\u00e9s\u00e9t. Minden egyes palackot \u00fagy k\u00e9sz\u00edt\u00fcnk, hogy az \u00d6n illata legyen a k\u00f6z\u00e9ppontban, mik\u00f6zben gy\u00f6ny\u00f6r\u0171 \u00e9s funkcion\u00e1lis darabot k\u00edn\u00e1l v\u00e1s\u00e1rl\u00f3inak. V\u00e1lassza azt a fajt\u00e1t, amely szavak n\u00e9lk\u00fcl mes\u00e9li el m\u00e1rk\u00e1ja t\u00f6rt\u00e9net\u00e9t.<\/p>\n<h2>F\u0151bb specifik\u00e1ci\u00f3k<\/h2>\n<table style=\"border-collapse: collapse; width: 80%; margin-left: auto; margin-right: auto;\" border=\"0\" width=\"144\" cellspacing=\"0\" cellpadding=\"0\">\n<tbody>\n<tr style=\"height: 13.50pt;\">\n<td style=\"height: 13.5pt; width: 54pt; text-align: center;\" width=\"72\" height=\"18\">Jellemz\u0151<\/td>\n<td style=\"width: 54pt; text-align: center;\" width=\"72\">R\u00e9szletek<\/td>\n<\/tr>\n<tr style=\"height: 13.50pt;\">\n<td style=\"height: 13.5pt; text-align: center;\" height=\"18\">Kapacit\u00e1s<\/td>\n<td style=\"text-align: center;\">8 ml<\/td>\n<\/tr>\n<tr style=\"height: 13.50pt;\">\n<td style=\"height: 13.5pt; text-align: center;\" height=\"18\">M\u00e9retek<\/td>\n<td style=\"text-align: center;\">1,7 * 8,4 cm<\/td>\n<\/tr>\n<tr style=\"height: 13.50pt;\">\n<td style=\"height: 13.5pt; text-align: center;\" height=\"18\">Palack anyaga<\/td>\n<td style=\"text-align: center;\">\u00c1tl\u00e1tsz\u00f3 \u00fcveg<\/td>\n<\/tr>\n<tr style=\"height: 13.50pt;\">\n<td style=\"height: 13.5pt; text-align: center;\" height=\"18\">Sapka opci\u00f3k<\/td>\n<td style=\"text-align: center;\">Arany, ez\u00fcst, k\u00e9k, r\u00f3zsasz\u00edn, fekete<\/td>\n<\/tr>\n<tr style=\"height: 13.50pt;\">\n<td style=\"height: 13.5pt; text-align: center;\" height=\"18\">T\u00f6m\u00edt\u00e9si t\u00edpus<\/td>\n<td style=\"text-align: center;\">Pump\u00e1s spray<\/td>\n<\/tr>\n<tr style=\"height: 13.50pt;\">\n<td style=\"height: 13.5pt; text-align: center;\" height=\"18\">Legjobb<\/td>\n<td style=\"text-align: center;\">Parf\u00fcm\u00f6k, ill\u00f3olajok, illatspray-k<\/td>\n<\/tr>\n<\/tbody>\n<\/table>\n<h2>Sikeres eset<\/h2>\n<p>Egy divatos butik illatm\u00e1rka 8 ml-es \u00fajrat\u00f6lthet\u0151 parf\u00fcm\u00f6s \u00fcvegeink egyik\u00e9t v\u00e1lasztotta utaz\u00f3k\u00e9szlet-kollekci\u00f3j\u00e1nak. Utaz\u00f3k\u00e9szlet\u00fck elad\u00e1sai mind\u00f6ssze h\u00e1rom h\u00f3nap alatt 35%-kal n\u0151ttek \u2013 az \u00fajrat\u00f6lthet\u0151 kialak\u00edt\u00e1s lehet\u0151v\u00e9 teszi a felhaszn\u00e1l\u00f3k sz\u00e1m\u00e1ra, hogy mindig magukn\u00e1l tarts\u00e1k kedvenc illataikat, a sz\u00f3r\u00f3fej kialak\u00edt\u00e1sa pedig seg\u00edt a sziv\u00e1rg\u00e1s cs\u00f6kkent\u00e9s\u00e9ben \u00e9s kellemes permetet biztos\u00edt.<\/p>\n<h2>\u00datmutat\u00f3 a testreszab\u00e1shoz<\/h2>\n<ol>\n<li><strong>Fel\u00fcletkezel\u00e9s:<\/strong> K\u00fcl\u00f6nb\u00f6z\u0151 fel\u00fcletkezel\u00e9sek, mint p\u00e9ld\u00e1ul a matt, \u00e1tl\u00e1tsz\u00f3 \u00e9s gradiens galvaniz\u00e1l\u00e1s, testreszabhat\u00f3k az egyedi vizu\u00e1lis effektek l\u00e9trehoz\u00e1sa \u00e9rdek\u00e9ben.<\/li>\n<li><strong>Palackkupak kialak\u00edt\u00e1sa:<\/strong> Testreszabhat\u00f3ak az alum\u00ednium, m\u0171anyag vagy f\u00e9m kupakok, amelyek galvaniz\u00e1ltak lehetnek, f\u00e9nyes vagy matt fel\u00fclettel.<\/li>\n<li><strong>Sz\u00ednes \u00e9s log\u00f3nyomtat\u00e1s:<\/strong> Sokf\u00e9le sz\u00edn k\u00f6z\u00fcl v\u00e1laszthatsz, hogy megfeleljen a m\u00e1rk\u00e1d sz\u00edns\u00e9m\u00e1j\u00e1nak, p\u00e9ld\u00e1ul galvaniz\u00e1lt arany, roz\u00e9arany, ez\u00fcst, fekete \u00e9s k\u00e9k.<\/li>\n<\/ol>","protected":false},"excerpt":{"rendered":"<p>Fedezze fel a st\u00edlusos, f\u00e9mkupakkal ell\u00e1tott parf\u00fcm\u00f6s ut\u00e1nt\u00f6lt\u0151 flakonokat. \u00dajrat\u00f6lthet\u0151 parf\u00fcm\u00f6s flakonjaink t\u00f6k\u00e9letesek utaz\u00e1shoz, k\u00f6nnyen haszn\u00e1lhat\u00f3ak \u00e9s k\u00f6rnyezetbar\u00e1tak.<\/p>","protected":false},"featured_media":7191,"comment_status":"open","ping_status":"closed","template":"","meta":{"_acf_changed":false,"site-sidebar-layout":"default","site-content-layout":"","ast-site-content-layout":"default","site-content-style":"default","site-sidebar-style":"default","ast-global-header-display":"","ast-banner-title-visibility":"","ast-main-header-display":"","ast-hfb-above-header-display":"","ast-hfb-below-header-display":"","ast-hfb-mobile-header-display":"","site-post-title":"","ast-breadcrumbs-content":"","ast-featured-img":"","footer-sml-layout":"","ast-disable-related-posts":"","theme-transparent-header-meta":"default","adv-header-id-meta":"","stick-header-meta":"","header-above-stick-meta":"","header-main-stick-meta":"","header-below-stick-meta":"","astra-migrate-meta-layouts":"set","ast-page-background-enabled":"default","ast-page-background-meta":{"desktop":{"background-color":"var(--ast-global-color-5)","background-image":"","background-repeat":"repeat","background-position":"center center","background-size":"auto","background-attachment":"scroll","background-type":"","background-media":"","overlay-type":"","overlay-color":"","overlay-opacity":"","overlay-gradient":""},"tablet":{"background-color":"","background-image":"","background-repeat":"repeat","background-position":"center center","background-size":"auto","background-attachment":"scroll","background-type":"","background-media":"","overlay-type":"","overlay-color":"","overlay-opacity":"","overlay-gradient":""},"mobile":{"background-color":"","background-image":"","background-repeat":"repeat","background-position":"center center","background-size":"auto","background-attachment":"scroll","background-type":"","background-media":"","overlay-type":"","overlay-color":"","overlay-opacity":"","overlay-gradient":""}},"ast-content-background-meta":{"desktop":{"background-color":"var(--ast-global-color-4)","background-image":"","background-repeat":"repeat","background-position":"center center","background-size":"auto","background-attachment":"scroll","background-type":"","background-media":"","overlay-type":"","overlay-color":"","overlay-opacity":"","overlay-gradient":""},"tablet":{"background-color":"var(--ast-global-color-4)","background-image":"","background-repeat":"repeat","background-position":"center center","background-size":"auto","background-attachment":"scroll","background-type":"","background-media":"","overlay-type":"","overlay-color":"","overlay-opacity":"","overlay-gradient":""},"mobile":{"background-color":"var(--ast-global-color-4)","background-image":"","background-repeat":"repeat","background-position":"center center","background-size":"auto","background-attachment":"scroll","background-type":"","background-media":"","overlay-type":"","overlay-color":"","overlay-opacity":"","overlay-gradient":""}}},"product_brand":[],"product_cat":[90,41],"product_tag":[],"class_list":{"0":"post-7021","1":"product","2":"type-product","3":"status-publish","4":"has-post-thumbnail","6":"product_cat-refillable-perfume-bottles","7":"product_cat-perfume-bottles","8":"desktop-align-left","9":"tablet-align-left","10":"mobile-align-left","12":"first","13":"instock","14":"shipping-taxable","15":"product-type-simple"},"acf":[],"jetpack_sharing_enabled":true,"_links":{"self":[{"href":"https:\/\/theperfumebottles.com\/hu\/wp-json\/wp\/v2\/product\/7021","targetHints":{"allow":["GET"]}}],"collection":[{"href":"https:\/\/theperfumebottles.com\/hu\/wp-json\/wp\/v2\/product"}],"about":[{"href":"https:\/\/theperfumebottles.com\/hu\/wp-json\/wp\/v2\/types\/product"}],"replies":[{"embeddable":true,"href":"https:\/\/theperfumebottles.com\/hu\/wp-json\/wp\/v2\/comments?post=7021"}],"wp:featuredmedia":[{"embeddable":true,"href":"https:\/\/theperfumebottles.com\/hu\/wp-json\/wp\/v2\/media\/7191"}],"wp:attachment":[{"href":"https:\/\/theperfumebottles.com\/hu\/wp-json\/wp\/v2\/media?parent=7021"}],"wp:term":[{"taxonomy":"product_brand","embeddable":true,"href":"https:\/\/theperfumebottles.com\/hu\/wp-json\/wp\/v2\/product_brand?post=7021"},{"taxonomy":"product_cat","embeddable":true,"href":"https:\/\/theperfumebottles.com\/hu\/wp-json\/wp\/v2\/product_cat?post=7021"},{"taxonomy":"product_tag","embeddable":true,"href":"https:\/\/theperfumebottles.com\/hu\/wp-json\/wp\/v2\/product_tag?post=7021"}],"curies":[{"name":"wp","href":"https:\/\/api.w.org\/{rel}","templated":true}]}}