{"id":7026,"date":"2025-11-11T14:11:22","date_gmt":"2025-11-11T06:11:22","guid":{"rendered":"https:\/\/theperfumebottles.com\/?post_type=product&#038;p=7026"},"modified":"2025-11-11T14:23:34","modified_gmt":"2025-11-11T06:23:34","slug":"perfume-refill-bottle-bulk-order","status":"publish","type":"product","link":"https:\/\/theperfumebottles.com\/hu\/termek\/perfume-refill-bottle-bulk-order\/","title":{"rendered":"5 ml-es parf\u00fcm ut\u00e1nt\u00f6lt\u0151 \u00fcveg napi haszn\u00e1latra, t\u00f6meges rendel\u00e9sre"},"content":{"rendered":"<p>\u00d6n\u200d\u200d\u200d\u200d\u200d\u200d\u200d\u200d olyan parf\u00fcm\u00f6s \u00fcveget keres, amely t\u00f6k\u00e9letesen emeli m\u00e1rk\u00e1ja vizu\u00e1lis vonzerej\u00e9t. Az 5ml-es ut\u00e1nt\u00f6lt\u0151 parf\u00fcm\u00f6s \u00fcveg\u00fcnk biztosan az igazi! \u00dagy k\u00e9sz\u00fclt, hogy az illata legyen a figyelem k\u00f6z\u00e9ppontj\u00e1ban, \u00e9s m\u00e9gis sz\u00e9p \u00e9s praktikus sz\u00e9ps\u00e9get k\u00edn\u00e1ljon v\u00e1s\u00e1rl\u00f3inak. Neh\u00e9z ellen\u00e1llni a st\u00edlusnak \u00e9s a funkci\u00f3nak, amelyek k\u00e9z a k\u00e9zben j\u00e1rnak ebben a csomagol\u00f3soros term\u00e9kben.<\/p>\n<h2>F\u0151bb specifik\u00e1ci\u00f3k<\/h2>\n<table style=\"border-collapse: collapse;width: 80%;margin-left: auto;margin-right: auto\" border=\"0\" width=\"144\" cellspacing=\"0\" cellpadding=\"0\">\n<tbody>\n<tr style=\"height: 13.50pt\">\n<td style=\"height: 13.5pt;width: 54pt;text-align: center\" width=\"72\" height=\"18\">Jellemz\u0151<\/td>\n<td style=\"width: 54pt;text-align: center\" width=\"72\">R\u00e9szletek<\/td>\n<\/tr>\n<tr style=\"height: 13.50pt\">\n<td style=\"height: 13.5pt;text-align: center\" height=\"18\">Kapacit\u00e1s<\/td>\n<td style=\"text-align: center\">5 ml<\/td>\n<\/tr>\n<tr style=\"height: 13.50pt\">\n<td style=\"height: 13.5pt;text-align: center\" height=\"18\">M\u00e9retek<\/td>\n<td style=\"text-align: center\">1.7 * 8.1cm<\/td>\n<\/tr>\n<tr style=\"height: 13.50pt\">\n<td style=\"height: 13.5pt;text-align: center\" height=\"18\">Anyag<\/td>\n<td style=\"text-align: center\">Alum\u00ednium \u00e1tl\u00e1tsz\u00f3 \u00fcvegablakkal<\/td>\n<\/tr>\n<tr style=\"height: 13.50pt\">\n<td style=\"height: 13.5pt;text-align: center\" height=\"18\">Sz\u00ednbe\u00e1ll\u00edt\u00e1sok<\/td>\n<td style=\"text-align: center\">K\u00e9k, Z\u00f6ld, Piros, S\u00e1rga, Lila<\/td>\n<\/tr>\n<tr style=\"height: 13.50pt\">\n<td style=\"height: 13.5pt;text-align: center\" height=\"18\">Legjobb<\/td>\n<td style=\"text-align: center\">Parf\u00fcm\u00f6k, ill\u00f3olajok, illatspray-k<\/td>\n<\/tr>\n<\/tbody>\n<\/table>\n<h2>Sikeres eset<\/h2>\n<p>Egy francia parf\u00fcmm\u00e1rka keresett meg minket, hogy testre szabjuk ezt az alum\u00ednium tokoz\u00e1s\u00fa parf\u00fcm ut\u00e1nt\u00f6lt\u0151 flakont a hordozhat\u00f3 term\u00e9kcsal\u00e1djuk sz\u00e1m\u00e1ra, amely \u00e1tl\u00e1tsz\u00f3 ablakkal rendelkezik a marad\u00e9k mennyis\u00e9g k\u00f6nny\u0171 megtekint\u00e9se \u00e9rdek\u00e9ben. Az \u00fcveg elox\u00e1l\u00e1si elj\u00e1r\u00e1st haszn\u00e1l, hogy k\u00fcl\u00f6nb\u00f6z\u0151 \u00e9l\u00e9nk sz\u00edneket \u00e9rjen el, \u00e9s a m\u00e1rka log\u00f3j\u00e1t grav\u00edrozz\u00e1k bele.<\/p>\n<p>Az \u00faj csomagol\u00e1s bevezet\u00e9s\u00e9t k\u00f6vet\u0151en a m\u00e1rka hordozhat\u00f3 term\u00e9kcsal\u00e1dj\u00e1nak \u00e9rt\u00e9kes\u00edt\u00e9se 38%-tal n\u0151tt.<\/p>\n<h2>Szabja testre a palackj\u00e1t<\/h2>\n<ol>\n<li><strong>Anyag\u200d\u200d\u200d\u200d\u200d\u200d\u200d\u200d\u200d \u00e9s kapacit\u00e1sv\u00e1laszt\u00e9k:<\/strong> Az alum\u00ednium k\u00fcls\u0151 h\u00e9j \u00e9s a bels\u0151 \u00fcveg vagy m\u0171anyag palack kombin\u00e1ci\u00f3ja olyan term\u00e9ket eredm\u00e9nyez, amely egyszerre k\u00f6nny\u0171 \u00e9s er\u0151s. Az 5ml, 8ml \u00e9s 10ml kapacit\u00e1s\u00fa palackok a k\u00fcl\u00f6nb\u00f6z\u0151 helyzetek (utaz\u00e1s, mindennapi visel\u00e9s stb.) lefed\u00e9se \u00e9rdek\u00e9ben \u00e1llnak rendelkez\u00e9sre.<\/li>\n<li><strong>F\u00fav\u00f3ka kialak\u00edt\u00e1sa:<\/strong> V\u00e1laszthat egy finom k\u00f6df\u00fav\u00f3k\u00e1t, amely tov\u00e1bb finom\u00edthat\u00f3 a finomabb porlaszt\u00e1s \u00e9rdek\u00e9ben; vagy egyszer\u0171en v\u00e1laszthat egy forg\u00f3 z\u00e1r\u00f3szerkezetet, hogy megakad\u00e1lyozza a v\u00e9letlenszer\u0171 permetez\u00e9st, \u00e9s hogy a k\u00e9sz\u00fcl\u00e9k hordozhat\u00f3bb legyen.<\/li>\n<li><strong>Az ablak alakja \u00e9s \u00e1tl\u00e1that\u00f3s\u00e1ga:<\/strong> Vannak testreszabhat\u00f3, k\u00fcl\u00f6nb\u00f6z\u0151 form\u00e1j\u00fa (cs\u00edk, ov\u00e1lis, sz\u00edv stb.), v\u00e1ltoz\u00f3 \u00e1tl\u00e1tsz\u00f3s\u00e1g\u00fa n\u00e9zetablakok, hogy eleg\u00e1nsak \u00e9s \u200d\u200d\u200d\u200d\u200d\u200d\u200d\u200d\u200dhasznosak legyenek.<\/li>\n<\/ol>","protected":false},"excerpt":{"rendered":"<p>K\u00f6nny\u0171 parf\u00fcm ut\u00e1nt\u00f6lt\u0151 flakon \u00e1tl\u00e1tsz\u00f3 ablakos kialak\u00edt\u00e1ssal. T\u00f6k\u00e9letes ut\u00e1nt\u00f6lt\u0151 parf\u00fcm\u00f6s flakon utaz\u00e1shoz, k\u00f6nnyen hordozhat\u00f3 \u00e9s b\u00e1rmikor \u00fajrat\u00f6lthet\u0151.<\/p>","protected":false},"featured_media":7027,"comment_status":"open","ping_status":"closed","template":"","meta":{"_acf_changed":false,"site-sidebar-layout":"default","site-content-layout":"","ast-site-content-layout":"default","site-content-style":"default","site-sidebar-style":"default","ast-global-header-display":"","ast-banner-title-visibility":"","ast-main-header-display":"","ast-hfb-above-header-display":"","ast-hfb-below-header-display":"","ast-hfb-mobile-header-display":"","site-post-title":"","ast-breadcrumbs-content":"","ast-featured-img":"","footer-sml-layout":"","ast-disable-related-posts":"","theme-transparent-header-meta":"default","adv-header-id-meta":"","stick-header-meta":"","header-above-stick-meta":"","header-main-stick-meta":"","header-below-stick-meta":"","astra-migrate-meta-layouts":"set","ast-page-background-enabled":"default","ast-page-background-meta":{"desktop":{"background-color":"var(--ast-global-color-5)","background-image":"","background-repeat":"repeat","background-position":"center center","background-size":"auto","background-attachment":"scroll","background-type":"","background-media":"","overlay-type":"","overlay-color":"","overlay-opacity":"","overlay-gradient":""},"tablet":{"background-color":"","background-image":"","background-repeat":"repeat","background-position":"center center","background-size":"auto","background-attachment":"scroll","background-type":"","background-media":"","overlay-type":"","overlay-color":"","overlay-opacity":"","overlay-gradient":""},"mobile":{"background-color":"","background-image":"","background-repeat":"repeat","background-position":"center center","background-size":"auto","background-attachment":"scroll","background-type":"","background-media":"","overlay-type":"","overlay-color":"","overlay-opacity":"","overlay-gradient":""}},"ast-content-background-meta":{"desktop":{"background-color":"var(--ast-global-color-4)","background-image":"","background-repeat":"repeat","background-position":"center center","background-size":"auto","background-attachment":"scroll","background-type":"","background-media":"","overlay-type":"","overlay-color":"","overlay-opacity":"","overlay-gradient":""},"tablet":{"background-color":"var(--ast-global-color-4)","background-image":"","background-repeat":"repeat","background-position":"center center","background-size":"auto","background-attachment":"scroll","background-type":"","background-media":"","overlay-type":"","overlay-color":"","overlay-opacity":"","overlay-gradient":""},"mobile":{"background-color":"var(--ast-global-color-4)","background-image":"","background-repeat":"repeat","background-position":"center center","background-size":"auto","background-attachment":"scroll","background-type":"","background-media":"","overlay-type":"","overlay-color":"","overlay-opacity":"","overlay-gradient":""}}},"product_brand":[],"product_cat":[72,90],"product_tag":[],"class_list":{"0":"post-7026","1":"product","2":"type-product","3":"status-publish","4":"has-post-thumbnail","6":"product_cat-cosmetic-packaging","7":"product_cat-refillable-perfume-bottles","8":"desktop-align-left","9":"tablet-align-left","10":"mobile-align-left","12":"first","13":"instock","14":"shipping-taxable","15":"product-type-simple"},"acf":[],"jetpack_sharing_enabled":true,"_links":{"self":[{"href":"https:\/\/theperfumebottles.com\/hu\/wp-json\/wp\/v2\/product\/7026","targetHints":{"allow":["GET"]}}],"collection":[{"href":"https:\/\/theperfumebottles.com\/hu\/wp-json\/wp\/v2\/product"}],"about":[{"href":"https:\/\/theperfumebottles.com\/hu\/wp-json\/wp\/v2\/types\/product"}],"replies":[{"embeddable":true,"href":"https:\/\/theperfumebottles.com\/hu\/wp-json\/wp\/v2\/comments?post=7026"}],"wp:featuredmedia":[{"embeddable":true,"href":"https:\/\/theperfumebottles.com\/hu\/wp-json\/wp\/v2\/media\/7027"}],"wp:attachment":[{"href":"https:\/\/theperfumebottles.com\/hu\/wp-json\/wp\/v2\/media?parent=7026"}],"wp:term":[{"taxonomy":"product_brand","embeddable":true,"href":"https:\/\/theperfumebottles.com\/hu\/wp-json\/wp\/v2\/product_brand?post=7026"},{"taxonomy":"product_cat","embeddable":true,"href":"https:\/\/theperfumebottles.com\/hu\/wp-json\/wp\/v2\/product_cat?post=7026"},{"taxonomy":"product_tag","embeddable":true,"href":"https:\/\/theperfumebottles.com\/hu\/wp-json\/wp\/v2\/product_tag?post=7026"}],"curies":[{"name":"wp","href":"https:\/\/api.w.org\/{rel}","templated":true}]}}