{"id":7031,"date":"2025-11-11T15:55:53","date_gmt":"2025-11-11T07:55:53","guid":{"rendered":"https:\/\/theperfumebottles.com\/?post_type=product&#038;p=7031"},"modified":"2025-11-11T17:29:30","modified_gmt":"2025-11-11T09:29:30","slug":"10ml-double-end-perfume-bottles-wholesaler","status":"publish","type":"product","link":"https:\/\/theperfumebottles.com\/hu\/termek\/10ml-double-end-perfume-bottles-wholesaler\/","title":{"rendered":"10 ml-es dupla v\u00e9g\u0171 parf\u00fcm\u00f6s \u00fcvegek utaz\u00e1si illatanyagokhoz"},"content":{"rendered":"<p>An\u00e9lk\u00fcl, hogy elvesz\u00edten\u00e9d a st\u00edlusod, olyan parf\u00fcm\u00f6s t\u00e9gelyt szeretn\u00e9l, ami egyszerre k\u00e9t funkci\u00f3t is bet\u00f6lt. 10 ml-es dupla v\u00e9g\u0171 parf\u00fcm\u00f6s \u00fcvegeink pontosan azok, amik ezt teszik \u2013 a sz\u00e9ps\u00e9get \u00e9s a mindennapi k\u00e9nyelmet szem el\u0151tt tartva tervezt\u00fck \u0151ket. Ezek a 2 az 1-ben \u00fcvegcs\u00e9k teljesen megv\u00e1ltoztatj\u00e1k az illat\u00e9lm\u00e9nyedet, \u00e9s meglep\u0151dni fogsz.<\/p>\n<h2>F\u0151bb specifik\u00e1ci\u00f3k<\/h2>\n<table style=\"border-collapse: collapse;width: 80%;margin-left: auto;margin-right: auto\" border=\"0\" width=\"144\" cellspacing=\"0\" cellpadding=\"0\">\n<tbody>\n<tr style=\"height: 13.50pt\">\n<td style=\"height: 13.5pt;width: 54pt;text-align: center\" width=\"72\" height=\"18\">Jellemz\u0151<\/td>\n<td style=\"width: 54pt;text-align: center\" width=\"72\">R\u00e9szletek<\/td>\n<\/tr>\n<tr style=\"height: 13.50pt\">\n<td style=\"height: 13.5pt;text-align: center\" height=\"18\">Kapacit\u00e1s<\/td>\n<td style=\"text-align: center\">10 ml<\/td>\n<\/tr>\n<tr style=\"height: 13.50pt\">\n<td style=\"height: 13.5pt;text-align: center\" height=\"18\">M\u00e9retek<\/td>\n<td style=\"text-align: center\">1,9 * 10,5 cm<\/td>\n<\/tr>\n<tr style=\"height: 13.50pt\">\n<td style=\"height: 13.5pt;text-align: center\" height=\"18\">\u00dcveg opci\u00f3k<\/td>\n<td style=\"text-align: center\">\u00c1tl\u00e1tsz\u00f3 vagy borosty\u00e1ns\u00e1rga<\/td>\n<\/tr>\n<tr style=\"height: 13.50pt\">\n<td style=\"height: 13.5pt;text-align: center\" height=\"18\">Kupak sz\u00ednei<\/td>\n<td style=\"text-align: center\">Fekete, ez\u00fcst, arany (testreszabhat\u00f3)<\/td>\n<\/tr>\n<tr style=\"height: 13.50pt\">\n<td style=\"height: 13.5pt;text-align: center\" height=\"18\">Porlaszt\u00f3 t\u00edpusok<\/td>\n<td style=\"text-align: center\">Spray \u00e9s Roll-On (k\u00e9tfejes)<\/td>\n<\/tr>\n<tr style=\"height: 13.50pt\">\n<td style=\"height: 13.5pt;text-align: center\" height=\"18\">Legjobb<\/td>\n<td style=\"text-align: center\">Parf\u00fcm\u00f6k, ill\u00f3olajok, testpermetek<\/td>\n<\/tr>\n<\/tbody>\n<\/table>\n<h2>Sikeres eset<\/h2>\n<p>Egy spanyol parf\u00fcmm\u00e1rka keresett meg minket, hogy szabjuk szem\u00e9lyre ezt a k\u00e9tv\u00e9g\u0171 parf\u00fcm ut\u00e1nt\u00f6lt\u0151 flakont, amelynek az egyik v\u00e9ge egy finom permetez\u0151 f\u00fav\u00f3ka, a m\u00e1sik pedig egy rozsdamentes ac\u00e9l goly\u00f3s goly\u00f3 a prec\u00edz felvitelhez. A sz\u00edn\u00e1tmenetes borosty\u00e1nsz\u00edn\u0171 fel\u00fcletet v\u00e1lasztott\u00e1k, a m\u00e1rka log\u00f3j\u00e1t pedig \u0151k maguk grav\u00edrozt\u00e1k a f\u00e9mkupakra l\u00e9zergrav\u00edroz\u00e1ssal, \u00edgy minimalista, m\u00e9gis luxus eszt\u00e9tik\u00e1juk t\u00f6k\u00e9letes volt sz\u00e1mukra.<\/p>\n<p>Ez az apr\u00f3, okos \u00f6tlet nagy keresletnek \u00f6rvendett a v\u00e1s\u00e1rl\u00f3k k\u00f6r\u00e9ben, \u00e9s ennek k\u00f6vetkezt\u00e9ben az utaz\u00f3m\u00e9ret\u0171 term\u00e9kek elad\u00e1sai 30%-kal n\u0151ttek a bevezet\u00e9s ut\u00e1n.<\/p>\n<h2>Szabja testre a palackj\u00e1t<\/h2>\n<ol>\n<li><strong>Palack sz\u00edn\u00e9nek testreszab\u00e1sa:<\/strong> V\u00e1lasszon \u00e1tl\u00e1tsz\u00f3, barna, \u00e1tmenetes vagy matt sz\u00ednek k\u00f6z\u00fcl, hogy illeszkedjen m\u00e1rk\u00e1ja parf\u00fcm vonal\u00e1hoz vagy szezon\u00e1lis t\u00e9m\u00e1j\u00e1hoz.<\/li>\n<li><strong>Kupak anyaga \u00e9s sz\u00edne:<\/strong> K\u00fcl\u00f6nb\u00f6z\u0151 f\u00e9mek megjelen\u00e9se, mint p\u00e9ld\u00e1ul galvaniz\u00e1lt arany, ez\u00fcst, fekete \u00e9s roz\u00e9 arany, emeli a term\u00e9k \u00e1ltal\u00e1nos megjelen\u00e9s\u00e9t.<\/li>\n<li><strong>Permetez\u0151 \u00e9s goly\u00f3s f\u00fav\u00f3ka kombin\u00e1ci\u00f3ja:<\/strong> Szem\u00e9lyre szabott egyetlen sz\u00f3r\u00f3fejjel ell\u00e1tott f\u00fav\u00f3ka, k\u00e9tfejes kialak\u00edt\u00e1s vagy levehet\u0151 szerkezet az egyszer\u0171 felt\u00f6lt\u00e9s \u00e9s a t\u00f6bbfunkci\u00f3s haszn\u00e1lat \u00e9rdek\u00e9ben.<\/li>\n<\/ol>","protected":false},"excerpt":{"rendered":"<p>St\u00edlusos, dupla v\u00e9g\u0171 parf\u00fcm\u00f6s \u00fcvegek tart\u00f3s 2 az 1-ben \u00fcvegb\u0151l, amelyek t\u00f6k\u00e9letesek k\u00e9t illat t\u00e1rol\u00e1s\u00e1ra egyetlen kompakt, sziv\u00e1rg\u00e1smentes tart\u00e1lyban.<\/p>","protected":false},"featured_media":7033,"comment_status":"open","ping_status":"closed","template":"","meta":{"_acf_changed":false,"site-sidebar-layout":"default","site-content-layout":"","ast-site-content-layout":"default","site-content-style":"default","site-sidebar-style":"default","ast-global-header-display":"","ast-banner-title-visibility":"","ast-main-header-display":"","ast-hfb-above-header-display":"","ast-hfb-below-header-display":"","ast-hfb-mobile-header-display":"","site-post-title":"","ast-breadcrumbs-content":"","ast-featured-img":"","footer-sml-layout":"","ast-disable-related-posts":"","theme-transparent-header-meta":"default","adv-header-id-meta":"","stick-header-meta":"","header-above-stick-meta":"","header-main-stick-meta":"","header-below-stick-meta":"","astra-migrate-meta-layouts":"set","ast-page-background-enabled":"default","ast-page-background-meta":{"desktop":{"background-color":"var(--ast-global-color-5)","background-image":"","background-repeat":"repeat","background-position":"center center","background-size":"auto","background-attachment":"scroll","background-type":"","background-media":"","overlay-type":"","overlay-color":"","overlay-opacity":"","overlay-gradient":""},"tablet":{"background-color":"","background-image":"","background-repeat":"repeat","background-position":"center center","background-size":"auto","background-attachment":"scroll","background-type":"","background-media":"","overlay-type":"","overlay-color":"","overlay-opacity":"","overlay-gradient":""},"mobile":{"background-color":"","background-image":"","background-repeat":"repeat","background-position":"center center","background-size":"auto","background-attachment":"scroll","background-type":"","background-media":"","overlay-type":"","overlay-color":"","overlay-opacity":"","overlay-gradient":""}},"ast-content-background-meta":{"desktop":{"background-color":"var(--ast-global-color-4)","background-image":"","background-repeat":"repeat","background-position":"center center","background-size":"auto","background-attachment":"scroll","background-type":"","background-media":"","overlay-type":"","overlay-color":"","overlay-opacity":"","overlay-gradient":""},"tablet":{"background-color":"var(--ast-global-color-4)","background-image":"","background-repeat":"repeat","background-position":"center center","background-size":"auto","background-attachment":"scroll","background-type":"","background-media":"","overlay-type":"","overlay-color":"","overlay-opacity":"","overlay-gradient":""},"mobile":{"background-color":"var(--ast-global-color-4)","background-image":"","background-repeat":"repeat","background-position":"center center","background-size":"auto","background-attachment":"scroll","background-type":"","background-media":"","overlay-type":"","overlay-color":"","overlay-opacity":"","overlay-gradient":""}}},"product_brand":[],"product_cat":[72,90,41],"product_tag":[],"class_list":{"0":"post-7031","1":"product","2":"type-product","3":"status-publish","4":"has-post-thumbnail","6":"product_cat-cosmetic-packaging","7":"product_cat-refillable-perfume-bottles","8":"product_cat-perfume-bottles","9":"desktop-align-left","10":"tablet-align-left","11":"mobile-align-left","13":"first","14":"instock","15":"shipping-taxable","16":"product-type-simple"},"acf":[],"jetpack_sharing_enabled":true,"_links":{"self":[{"href":"https:\/\/theperfumebottles.com\/hu\/wp-json\/wp\/v2\/product\/7031","targetHints":{"allow":["GET"]}}],"collection":[{"href":"https:\/\/theperfumebottles.com\/hu\/wp-json\/wp\/v2\/product"}],"about":[{"href":"https:\/\/theperfumebottles.com\/hu\/wp-json\/wp\/v2\/types\/product"}],"replies":[{"embeddable":true,"href":"https:\/\/theperfumebottles.com\/hu\/wp-json\/wp\/v2\/comments?post=7031"}],"wp:featuredmedia":[{"embeddable":true,"href":"https:\/\/theperfumebottles.com\/hu\/wp-json\/wp\/v2\/media\/7033"}],"wp:attachment":[{"href":"https:\/\/theperfumebottles.com\/hu\/wp-json\/wp\/v2\/media?parent=7031"}],"wp:term":[{"taxonomy":"product_brand","embeddable":true,"href":"https:\/\/theperfumebottles.com\/hu\/wp-json\/wp\/v2\/product_brand?post=7031"},{"taxonomy":"product_cat","embeddable":true,"href":"https:\/\/theperfumebottles.com\/hu\/wp-json\/wp\/v2\/product_cat?post=7031"},{"taxonomy":"product_tag","embeddable":true,"href":"https:\/\/theperfumebottles.com\/hu\/wp-json\/wp\/v2\/product_tag?post=7031"}],"curies":[{"name":"wp","href":"https:\/\/api.w.org\/{rel}","templated":true}]}}