{"id":7062,"date":"2025-11-20T11:41:58","date_gmt":"2025-11-20T03:41:58","guid":{"rendered":"https:\/\/theperfumebottles.com\/?post_type=product&#038;p=7062"},"modified":"2025-11-20T17:15:55","modified_gmt":"2025-11-20T09:15:55","slug":"2-in-1-spray-bottle-with-roller-ball-wholesale","status":"publish","type":"product","link":"https:\/\/theperfumebottles.com\/hu\/termek\/2-in-1-spray-bottle-with-roller-ball-wholesale\/","title":{"rendered":"2 az 1-ben sz\u00f3r\u00f3fejes flakon g\u00f6rg\u0151s goly\u00f3val, nagykereskedelem, 10ml"},"content":{"rendered":"<p>A k\u00edv\u00e1nt parf\u00fcm\u00f6s \u00fcvegnek nemcsak hat\u00e9konynak, hanem j\u00f3l is kell kin\u00e9znie. 10 ml-es \u00fcveg kis gurul\u00f3s \u00fcvegeink pontosan az, amit keresett \u2013 egy val\u00f3di 2 az 1-ben sz\u00f3r\u00f3fejes \u00fcveg, amely t\u00f6k\u00e9letesen illik az illatcsal\u00e1dj\u00e1hoz. Ez az \u00fcveg parf\u00fcm\u00f6s \u00fcveg k\u00e9ts\u00e9gtelen\u00fcl ragyog\u00f3v\u00e1 teszi m\u00e1rk\u00e1j\u00e1t, \u00e9s ennek nem tud ellen\u00e1llni.<\/p>\n<h2>F\u0151bb specifik\u00e1ci\u00f3k<\/h2>\n<table style=\"border-collapse: collapse;width: 80%;margin-left: auto;margin-right: auto\" border=\"0\" width=\"144\" cellspacing=\"0\" cellpadding=\"0\">\n<tbody>\n<tr style=\"height: 13.50pt\">\n<td style=\"height: 13.5pt;width: 54pt;text-align: center\" width=\"72\" height=\"18\">Jellemz\u0151<\/td>\n<td style=\"width: 54pt;text-align: center\" width=\"72\">R\u00e9szletek<\/td>\n<\/tr>\n<tr style=\"height: 13.50pt\">\n<td style=\"height: 13.5pt;text-align: center\" height=\"18\">Kapacit\u00e1s<\/td>\n<td style=\"text-align: center\">10 ml<\/td>\n<\/tr>\n<tr style=\"height: 13.50pt\">\n<td style=\"height: 13.5pt;text-align: center\" height=\"18\">M\u00e9retek<\/td>\n<td style=\"text-align: center\">1,6 * 10,0 cm<\/td>\n<\/tr>\n<tr style=\"height: 13.50pt\">\n<td style=\"height: 13.5pt;text-align: center\" height=\"18\">Sz\u00ednek<\/td>\n<td style=\"text-align: center\">Ez\u00fcst, fekete, arany (testreszabhat\u00f3)<\/td>\n<\/tr>\n<tr style=\"height: 13.50pt\">\n<td style=\"height: 13.5pt;text-align: center\" height=\"18\">Porlaszt\u00f3<\/td>\n<td style=\"text-align: center\">Sz\u00f3r\u00f3 \u00e9s henger (k\u00e9tfejes)<\/td>\n<\/tr>\n<tr style=\"height: 13.50pt\">\n<td style=\"height: 13.5pt;text-align: center\" height=\"18\">Legjobb<\/td>\n<td style=\"text-align: center\">Parf\u00fcm\u00f6k, ill\u00f3olajok, illatspray-k<\/td>\n<\/tr>\n<\/tbody>\n<\/table>\n<h2>Sikeres eset<\/h2>\n<p>Egy kanadai illatszergy\u00e1rt\u00f3 c\u00e9g keresett meg minket, akik egy hordozhat\u00f3 csomagol\u00e1si lehet\u0151s\u00e9get kerestek, amelyben finom parf\u00fcmk\u00f6d\u00f6t \u00e9s term\u00e9szetes olajkever\u00e9ket is t\u00e1rolni lehet. A megold\u00e1sunk egy 2 az 1-ben sz\u00f3r\u00f3fejes flakon volt, eleg\u00e1ns f\u00e9m k\u00fcls\u0151vel \u00e9s egy kis be\u00e9p\u00edtett \u00fcveg roll-on applik\u00e1torral. A flakon sz\u00edn\u00e9nek testreszab\u00e1s\u00e1t \u00e9s a sz\u00f3r\u00f3pumpa finomabb permetez\u00e9st biztos\u00edt\u00f3 friss\u00edt\u00e9s\u00e9t k\u00f6vet\u0151en a m\u00e1rka bemutatta az utaz\u00f3m\u00e9ret\u0171 kollekci\u00f3t, amely pillanatok alatt a legkelend\u0151bb aj\u00e1nd\u00e9kuk lett.<\/p>\n<p>A nagy mennyis\u00e9g\u0171 megrendel\u00e9sek mennyis\u00e9ge mind\u00f6ssze k\u00e9t h\u00f3nap alatt 40%-kal n\u0151tt.<\/p>\n<h2>Szabja testre 2 az 1-ben sz\u00f3r\u00f3fejes flakonj\u00e1t<\/h2>\n<ol>\n<li><strong>\u00c1ll\u00edthat\u00f3\u200b\u200d\u200b\u200c\u200d\u200b\u200d\u200b\u200d\u200b\u200c\u200d\u200b\u200d\u200d Galvaniz\u00e1l\u00e1s sz\u00edne:<\/strong> V\u00e1laszd ki a galvaniz\u00e1l\u00e1s sz\u00edn\u00e9t, p\u00e9ld\u00e1ul arany, ez\u00fcst, roz\u00e9arany, fegyversz\u00fcrke vagy b\u00e1rmilyen m\u00e1s, hogy m\u00e1rk\u00e1dnak egys\u00e9gesebb megjelen\u00e9st biztos\u00edtson.<\/li>\n<li><strong>K\u00fcl\u00f6nb\u00f6z\u0151 anyagok a goly\u00f3scsap\u00e1gyakhoz:<\/strong> K\u00fcl\u00f6nb\u00f6z\u0151 t\u00edpus\u00fa goly\u00f3scsap\u00e1gyakat biztos\u00edtson, p\u00e9ld\u00e1ul \u00fcvegb\u0151l, rozsdamentes ac\u00e9lb\u00f3l \u00e9s ker\u00e1mi\u00e1b\u00f3l k\u00e9sz\u00fclteket, hogy illeszkedjenek az ill\u00f3olajok vagy parf\u00fcm\u00f6k text\u00far\u00e1j\u00e1hoz.<\/li>\n<li><strong>M\u00e1rkajelz\u00e9s \u00e9s dekorat\u00edv minta:<\/strong> V\u00e1lasszon a szitanyom\u00e1s, l\u00e9zergrav\u00edroz\u00e1s, melegnyom\u00e1s \u00e9s egy\u00e9b technik\u00e1k k\u00f6z\u00fcl, hogy jelezze m\u00e1rk\u00e1j\u00e1t \u00e9s n\u00f6velje m\u00e1rkaismerts\u00e9g\u00e9t.<\/li>\n<\/ol>","protected":false},"excerpt":{"rendered":"<p>Sokoldal\u00fa 2 az 1-ben sz\u00f3r\u00f3fejes flakon roll-on goly\u00f3s goly\u00f3val, ide\u00e1lis illatanyagokhoz vagy olajokhoz. K\u00f6zvetlen gy\u00e1ri sz\u00e1ll\u00edt\u00e1s, egyedi opci\u00f3kkal. Azonnal sz\u00e1ll\u00edthat\u00f3.<\/p>","protected":false},"featured_media":7063,"comment_status":"open","ping_status":"closed","template":"","meta":{"_acf_changed":false,"site-sidebar-layout":"default","site-content-layout":"","ast-site-content-layout":"default","site-content-style":"default","site-sidebar-style":"default","ast-global-header-display":"","ast-banner-title-visibility":"","ast-main-header-display":"","ast-hfb-above-header-display":"","ast-hfb-below-header-display":"","ast-hfb-mobile-header-display":"","site-post-title":"","ast-breadcrumbs-content":"","ast-featured-img":"","footer-sml-layout":"","ast-disable-related-posts":"","theme-transparent-header-meta":"default","adv-header-id-meta":"","stick-header-meta":"","header-above-stick-meta":"","header-main-stick-meta":"","header-below-stick-meta":"","astra-migrate-meta-layouts":"set","ast-page-background-enabled":"default","ast-page-background-meta":{"desktop":{"background-color":"var(--ast-global-color-5)","background-image":"","background-repeat":"repeat","background-position":"center center","background-size":"auto","background-attachment":"scroll","background-type":"","background-media":"","overlay-type":"","overlay-color":"","overlay-opacity":"","overlay-gradient":""},"tablet":{"background-color":"","background-image":"","background-repeat":"repeat","background-position":"center center","background-size":"auto","background-attachment":"scroll","background-type":"","background-media":"","overlay-type":"","overlay-color":"","overlay-opacity":"","overlay-gradient":""},"mobile":{"background-color":"","background-image":"","background-repeat":"repeat","background-position":"center center","background-size":"auto","background-attachment":"scroll","background-type":"","background-media":"","overlay-type":"","overlay-color":"","overlay-opacity":"","overlay-gradient":""}},"ast-content-background-meta":{"desktop":{"background-color":"var(--ast-global-color-4)","background-image":"","background-repeat":"repeat","background-position":"center center","background-size":"auto","background-attachment":"scroll","background-type":"","background-media":"","overlay-type":"","overlay-color":"","overlay-opacity":"","overlay-gradient":""},"tablet":{"background-color":"var(--ast-global-color-4)","background-image":"","background-repeat":"repeat","background-position":"center center","background-size":"auto","background-attachment":"scroll","background-type":"","background-media":"","overlay-type":"","overlay-color":"","overlay-opacity":"","overlay-gradient":""},"mobile":{"background-color":"var(--ast-global-color-4)","background-image":"","background-repeat":"repeat","background-position":"center center","background-size":"auto","background-attachment":"scroll","background-type":"","background-media":"","overlay-type":"","overlay-color":"","overlay-opacity":"","overlay-gradient":""}}},"product_brand":[],"product_cat":[72,90,41],"product_tag":[],"class_list":{"0":"post-7062","1":"product","2":"type-product","3":"status-publish","4":"has-post-thumbnail","6":"product_cat-cosmetic-packaging","7":"product_cat-refillable-perfume-bottles","8":"product_cat-perfume-bottles","9":"desktop-align-left","10":"tablet-align-left","11":"mobile-align-left","13":"first","14":"instock","15":"shipping-taxable","16":"product-type-simple"},"acf":[],"jetpack_sharing_enabled":true,"_links":{"self":[{"href":"https:\/\/theperfumebottles.com\/hu\/wp-json\/wp\/v2\/product\/7062","targetHints":{"allow":["GET"]}}],"collection":[{"href":"https:\/\/theperfumebottles.com\/hu\/wp-json\/wp\/v2\/product"}],"about":[{"href":"https:\/\/theperfumebottles.com\/hu\/wp-json\/wp\/v2\/types\/product"}],"replies":[{"embeddable":true,"href":"https:\/\/theperfumebottles.com\/hu\/wp-json\/wp\/v2\/comments?post=7062"}],"wp:featuredmedia":[{"embeddable":true,"href":"https:\/\/theperfumebottles.com\/hu\/wp-json\/wp\/v2\/media\/7063"}],"wp:attachment":[{"href":"https:\/\/theperfumebottles.com\/hu\/wp-json\/wp\/v2\/media?parent=7062"}],"wp:term":[{"taxonomy":"product_brand","embeddable":true,"href":"https:\/\/theperfumebottles.com\/hu\/wp-json\/wp\/v2\/product_brand?post=7062"},{"taxonomy":"product_cat","embeddable":true,"href":"https:\/\/theperfumebottles.com\/hu\/wp-json\/wp\/v2\/product_cat?post=7062"},{"taxonomy":"product_tag","embeddable":true,"href":"https:\/\/theperfumebottles.com\/hu\/wp-json\/wp\/v2\/product_tag?post=7062"}],"curies":[{"name":"wp","href":"https:\/\/api.w.org\/{rel}","templated":true}]}}