{"id":1835,"date":"2025-02-12T08:36:19","date_gmt":"2025-02-12T08:36:19","guid":{"rendered":"https:\/\/theperfumebottles.com\/?post_type=product&#038;p=1835"},"modified":"2025-05-29T14:46:40","modified_gmt":"2025-05-29T06:46:40","slug":"20g-eco-friendly-cosmetic-jars","status":"publish","type":"product","link":"https:\/\/theperfumebottles.com\/it\/prodotto\/20g-eco-friendly-cosmetic-jars\/","title":{"rendered":"Barattoli cosmetici ecologici da 20 g"},"content":{"rendered":"<p>Questo barattolo di vetro rotondo PB-GS20 si ispira alla capacit\u00e0 di 20 grammi, combinando perfettamente un'estetica semplice con concetti sostenibili. Il vetro trasparente mostra il vero colore del prodotto come una finestra. Che si tratti di una crema idratante, di una lozione leggera o di un'essenza lussuosa, il barattolo \u00e8 in grado di proteggere l'attivit\u00e0 degli ingredienti grazie al vetro solido, illuminando al contempo la toeletta con la sua forma rotonda e retr\u00f2.<\/p>\n<h2>Specifiche chiave dei vasetti cosmetici eco-compatibili Thess<\/h2>\n<p>&nbsp;<\/p>\n<table style=\"border-collapse: collapse;margin-left: auto;margin-right: auto;width: 459.02pt\" border=\"0\" width=\"612\" cellspacing=\"0\" cellpadding=\"0\">\n<tbody>\n<tr style=\"height: 15.00pt\">\n<td style=\"height: 15.00pt;width: 122.25pt\" width=\"163\" height=\"20\">Numero di modello<\/td>\n<td style=\"width: 336.75pt\" width=\"449\">PB-GS20<\/td>\n<\/tr>\n<tr style=\"height: 15.00pt\">\n<td style=\"height: 15.00pt\" height=\"20\">Contenuto netto<\/td>\n<td>20 g<\/td>\n<\/tr>\n<tr style=\"height: 15.00pt\">\n<td style=\"height: 15.00pt\" height=\"20\">berretto<\/td>\n<td>Tappo a vite e coperchio interno in plastica<\/td>\n<\/tr>\n<tr style=\"height: 15.00pt\">\n<td style=\"height: 15.00pt\" height=\"20\">Forma<\/td>\n<td>Girare<\/td>\n<\/tr>\n<tr style=\"height: 15.00pt\">\n<td style=\"height: 15.00pt\" height=\"20\">Utilizzo<\/td>\n<td>Crema, prodotti cosmetici<\/td>\n<\/tr>\n<tr style=\"height: 15.00pt\">\n<td style=\"height: 15.00pt\" height=\"20\">Uso industriale<\/td>\n<td>Imballaggio cosmetico<\/td>\n<\/tr>\n<tr style=\"height: 15.00pt\">\n<td style=\"height: 15.00pt\" height=\"20\">Materiale del colletto<\/td>\n<td>Bicchiere<\/td>\n<\/tr>\n<tr style=\"height: 15.00pt\">\n<td style=\"height: 15.00pt\" height=\"20\">Trattamento superficiale<\/td>\n<td>Smerigliato, Decalcomania, Lucido, Vernice, Spray colorato, ecc.<\/td>\n<\/tr>\n<tr style=\"height: 15.00pt\">\n<td style=\"height: 15.00pt\" height=\"20\">Logo<\/td>\n<td>Logo del cliente accettabile<\/td>\n<\/tr>\n<tr style=\"height: 15.00pt\">\n<td style=\"height: 15.00pt\" height=\"20\">Campione<\/td>\n<td>Fornito liberamente<\/td>\n<\/tr>\n<tr style=\"height: 15.00pt\">\n<td style=\"height: 15.00pt\" height=\"20\">Imballaggio<\/td>\n<td>Personalizzato Accettabile<\/td>\n<\/tr>\n<tr style=\"height: 15.00pt\">\n<td style=\"height: 15.00pt\" height=\"20\">Colore<\/td>\n<td>Colore personalizzato<\/td>\n<\/tr>\n<\/tbody>\n<\/table>\n<h2>Contenitori versatili, per soddisfare molteplici esigenze<\/h2>\n<p>Questo barattolo di vetro da 20 grammi \u00e8 il vostro partner universale per il confezionamento di cosmetici: che si tratti di creme idratanti, lozioni leggere o essenze ad alta concentrazione, rossetti morbidi, pu\u00f2 proteggere l'attivit\u00e0 di ogni goccia di essenza grazie al vetro trasparente. Per i marchi, \u00e8 un supporto elegante per creare confezioni regalo limitate; per i grossisti, \u00e8 la scelta ideale per sviluppare set tematici ecologici; e i clienti aziendali possono usarlo per progettare pacchetti di viaggio creativi, in modo che i prodotti possano catturare i cuori dei clienti durante l'esperienza.<\/p>\n<p>Rivolgetevi subito al nostro team di progettazione e lasciate che questo bellissimo barattolo di vetro sostenibile diventi il miglior narratore della vostra linea di prodotti!<\/p>","protected":false},"excerpt":{"rendered":"<p>Il nostro barattolo cosmetico PB-GS20 \u00e8 un barattolo cosmetico rotondo in vetro da 20 g, progettato all'insegna dell'eleganza e della sostenibilit\u00e0.<\/p>","protected":false},"featured_media":1836,"comment_status":"open","ping_status":"closed","template":"","meta":{"_acf_changed":false,"site-sidebar-layout":"default","site-content-layout":"","ast-site-content-layout":"default","site-content-style":"default","site-sidebar-style":"default","ast-global-header-display":"","ast-banner-title-visibility":"","ast-main-header-display":"","ast-hfb-above-header-display":"","ast-hfb-below-header-display":"","ast-hfb-mobile-header-display":"","site-post-title":"","ast-breadcrumbs-content":"","ast-featured-img":"","footer-sml-layout":"","ast-disable-related-posts":"","theme-transparent-header-meta":"default","adv-header-id-meta":"","stick-header-meta":"","header-above-stick-meta":"","header-main-stick-meta":"","header-below-stick-meta":"","astra-migrate-meta-layouts":"set","ast-page-background-enabled":"default","ast-page-background-meta":{"desktop":{"background-color":"var(--ast-global-color-5)","background-image":"","background-repeat":"repeat","background-position":"center center","background-size":"auto","background-attachment":"scroll","background-type":"","background-media":"","overlay-type":"","overlay-color":"","overlay-opacity":"","overlay-gradient":""},"tablet":{"background-color":"","background-image":"","background-repeat":"repeat","background-position":"center center","background-size":"auto","background-attachment":"scroll","background-type":"","background-media":"","overlay-type":"","overlay-color":"","overlay-opacity":"","overlay-gradient":""},"mobile":{"background-color":"","background-image":"","background-repeat":"repeat","background-position":"center center","background-size":"auto","background-attachment":"scroll","background-type":"","background-media":"","overlay-type":"","overlay-color":"","overlay-opacity":"","overlay-gradient":""}},"ast-content-background-meta":{"desktop":{"background-color":"var(--ast-global-color-4)","background-image":"","background-repeat":"repeat","background-position":"center center","background-size":"auto","background-attachment":"scroll","background-type":"","background-media":"","overlay-type":"","overlay-color":"","overlay-opacity":"","overlay-gradient":""},"tablet":{"background-color":"var(--ast-global-color-4)","background-image":"","background-repeat":"repeat","background-position":"center center","background-size":"auto","background-attachment":"scroll","background-type":"","background-media":"","overlay-type":"","overlay-color":"","overlay-opacity":"","overlay-gradient":""},"mobile":{"background-color":"var(--ast-global-color-4)","background-image":"","background-repeat":"repeat","background-position":"center center","background-size":"auto","background-attachment":"scroll","background-type":"","background-media":"","overlay-type":"","overlay-color":"","overlay-opacity":"","overlay-gradient":""}}},"product_brand":[],"product_cat":[56,62,72],"product_tag":[],"class_list":{"0":"post-1835","1":"product","2":"type-product","3":"status-publish","4":"has-post-thumbnail","6":"product_cat-cosmetic-jars","7":"product_cat-cosmetic-containers","8":"product_cat-cosmetic-packaging","9":"desktop-align-left","10":"tablet-align-left","11":"mobile-align-left","13":"first","14":"instock","15":"shipping-taxable","16":"product-type-simple"},"acf":[],"jetpack_sharing_enabled":true,"_links":{"self":[{"href":"https:\/\/theperfumebottles.com\/it\/wp-json\/wp\/v2\/product\/1835","targetHints":{"allow":["GET"]}}],"collection":[{"href":"https:\/\/theperfumebottles.com\/it\/wp-json\/wp\/v2\/product"}],"about":[{"href":"https:\/\/theperfumebottles.com\/it\/wp-json\/wp\/v2\/types\/product"}],"replies":[{"embeddable":true,"href":"https:\/\/theperfumebottles.com\/it\/wp-json\/wp\/v2\/comments?post=1835"}],"wp:featuredmedia":[{"embeddable":true,"href":"https:\/\/theperfumebottles.com\/it\/wp-json\/wp\/v2\/media\/1836"}],"wp:attachment":[{"href":"https:\/\/theperfumebottles.com\/it\/wp-json\/wp\/v2\/media?parent=1835"}],"wp:term":[{"taxonomy":"product_brand","embeddable":true,"href":"https:\/\/theperfumebottles.com\/it\/wp-json\/wp\/v2\/product_brand?post=1835"},{"taxonomy":"product_cat","embeddable":true,"href":"https:\/\/theperfumebottles.com\/it\/wp-json\/wp\/v2\/product_cat?post=1835"},{"taxonomy":"product_tag","embeddable":true,"href":"https:\/\/theperfumebottles.com\/it\/wp-json\/wp\/v2\/product_tag?post=1835"}],"curies":[{"name":"wp","href":"https:\/\/api.w.org\/{rel}","templated":true}]}}