{"id":1904,"date":"2025-02-17T03:43:41","date_gmt":"2025-02-17T03:43:41","guid":{"rendered":"https:\/\/theperfumebottles.com\/?post_type=product&#038;p=1904"},"modified":"2025-05-29T09:03:10","modified_gmt":"2025-05-29T01:03:10","slug":"wholesale-custom-100ml-luxury-perfume-bottles","status":"publish","type":"product","link":"https:\/\/theperfumebottles.com\/it\/prodotto\/wholesale-custom-100ml-luxury-perfume-bottles\/","title":{"rendered":"Bottiglie di profumo di lusso personalizzate all&#039;ingrosso da 100 ml"},"content":{"rendered":"<p>Queste bottiglie di profumo di lusso in vetro quadrato da 100 ml hanno un design semplice e moderno, materiale trasparente, alta riconoscibilit\u00e0 e sono indimenticabili a prima vista. Il corpo della bottiglia utilizza un processo di tintura unico per presentare una tonalit\u00e0 blu-nera stratificata. Ha una consistenza eccezionale sotto la luce e un effetto visivo di rilievo, che contribuisce a migliorare l'impressione del marchio e il punto di memoria. Progettato specificamente per le moderne fragranze maschili, tiene conto sia della bellezza estetica che delle prestazioni pratiche, aiutando il marchio a trasmettere con precisione un'immagine raffinata, sobria ed elegante.<\/p>\n<h2>Specifiche chiave delle nostre bottiglie di profumo di lusso<\/h2>\n<table style=\"border-collapse: collapse;margin-left: auto;margin-right: auto;width: 354.02pt\" border=\"0\" width=\"472\" cellspacing=\"0\" cellpadding=\"0\">\n<tbody>\n<tr style=\"height: 13.50pt\">\n<td style=\"height: 13.50pt;margin-left: auto;margin-right: auto;width: 130.50pt\" width=\"174\" height=\"18\">Numero di modello<\/td>\n<td style=\"width: 223.50pt\" width=\"298\">PB-BF05<\/td>\n<\/tr>\n<tr style=\"height: 13.50pt\">\n<td style=\"height: 13.50pt\" height=\"18\">Capacit\u00e0<\/td>\n<td>100 ml (3,4 once)<\/td>\n<\/tr>\n<tr style=\"height: 13.50pt\">\n<td style=\"height: 13.50pt\" height=\"18\">Diametro<\/td>\n<td>15 millimetri<\/td>\n<\/tr>\n<tr style=\"height: 13.50pt\">\n<td style=\"height: 13.50pt\" height=\"18\">Colore<\/td>\n<td>Vetro trasparente con coperchio blu\/nero<\/td>\n<\/tr>\n<tr style=\"height: 13.50pt\">\n<td style=\"height: 13.50pt\" height=\"18\">Dimensioni del vetro<\/td>\n<td>68 mm * 36 mm * 100 mm<\/td>\n<\/tr>\n<tr style=\"height: 13.50pt\">\n<td style=\"height: 13.50pt\" height=\"18\">Forma<\/td>\n<td>Rettangolare<\/td>\n<\/tr>\n<tr style=\"height: 13.50pt\">\n<td style=\"height: 13.50pt\" height=\"18\">Materiale<\/td>\n<td>Cristallo di alta qualit\u00e0<\/td>\n<\/tr>\n<\/tbody>\n<\/table>\n<h2>Scenari di utilizzo<\/h2>\n<p>Questa bottiglia di profumo blu da 100 ml \u00e8 stata progettata per le fragranze maschili, sia che si tratti di acqua di colonia, dopobarba o eau de toilette, e pu\u00f2 essere facilmente controllata. Sia che siate un produttore di profumi che ha bisogno di un imballaggio su larga scala o un marchio che sta creando fragranze esclusive. Anche per i marchi di nicchia o i profumieri artigianali che perseguono un'espressione individuale, \u00e8 una scelta molto interessante.<\/p>\n<h2>Perch\u00e9 scegliere noi?<\/h2>\n<p>In qualit\u00e0 di partner specializzato in flaconi di profumo di alta gamma, sappiamo che ogni flacone di profumo porta con s\u00e9 la storia del marchio. Il design di questo flacone spray non si concentra solo sull'aspetto estetico, ma presta anche attenzione alla profonda sintonia con il tono del marchio: dalla consistenza pura del vetro all'arco liscio del corpo della bottiglia, ogni dettaglio \u00e8 stato ripetutamente lucidato, proprio per trasmettere la vostra ricerca di qualit\u00e0 e bellezza. Che si tratti del tocco delicato o della facilit\u00e0 d'uso, ci auguriamo che diventi l'estensione perfetta dei vostri prodotti di profumeria. Sia che abbiate bisogno di acquistare all'ingrosso o che vogliate personalizzare un design unico, contattateci subito per parlarci delle vostre idee: permetteteci di utilizzare un packaging raffinato per dare alla vostra fragranza una storia pi\u00f9 toccante e far risaltare il vostro marchio sul mercato.<\/p>","protected":false},"excerpt":{"rendered":"<p>I nostri flaconi di profumo di lusso in vetro da 100 ml sono la testimonianza di un design sofisticato e di una qualit\u00e0 superiore. Nel regno delle fragranze, la giusta presentazione pu\u00f2 fare la differenza.<\/p>","protected":false},"featured_media":2335,"comment_status":"open","ping_status":"closed","template":"","meta":{"_acf_changed":false,"site-sidebar-layout":"default","site-content-layout":"","ast-site-content-layout":"default","site-content-style":"default","site-sidebar-style":"default","ast-global-header-display":"","ast-banner-title-visibility":"","ast-main-header-display":"","ast-hfb-above-header-display":"","ast-hfb-below-header-display":"","ast-hfb-mobile-header-display":"","site-post-title":"","ast-breadcrumbs-content":"","ast-featured-img":"","footer-sml-layout":"","ast-disable-related-posts":"","theme-transparent-header-meta":"default","adv-header-id-meta":"","stick-header-meta":"","header-above-stick-meta":"","header-main-stick-meta":"","header-below-stick-meta":"","astra-migrate-meta-layouts":"set","ast-page-background-enabled":"default","ast-page-background-meta":{"desktop":{"background-color":"var(--ast-global-color-5)","background-image":"","background-repeat":"repeat","background-position":"center center","background-size":"auto","background-attachment":"scroll","background-type":"","background-media":"","overlay-type":"","overlay-color":"","overlay-opacity":"","overlay-gradient":""},"tablet":{"background-color":"","background-image":"","background-repeat":"repeat","background-position":"center center","background-size":"auto","background-attachment":"scroll","background-type":"","background-media":"","overlay-type":"","overlay-color":"","overlay-opacity":"","overlay-gradient":""},"mobile":{"background-color":"","background-image":"","background-repeat":"repeat","background-position":"center center","background-size":"auto","background-attachment":"scroll","background-type":"","background-media":"","overlay-type":"","overlay-color":"","overlay-opacity":"","overlay-gradient":""}},"ast-content-background-meta":{"desktop":{"background-color":"var(--ast-global-color-4)","background-image":"","background-repeat":"repeat","background-position":"center center","background-size":"auto","background-attachment":"scroll","background-type":"","background-media":"","overlay-type":"","overlay-color":"","overlay-opacity":"","overlay-gradient":""},"tablet":{"background-color":"var(--ast-global-color-4)","background-image":"","background-repeat":"repeat","background-position":"center center","background-size":"auto","background-attachment":"scroll","background-type":"","background-media":"","overlay-type":"","overlay-color":"","overlay-opacity":"","overlay-gradient":""},"mobile":{"background-color":"var(--ast-global-color-4)","background-image":"","background-repeat":"repeat","background-position":"center center","background-size":"auto","background-attachment":"scroll","background-type":"","background-media":"","overlay-type":"","overlay-color":"","overlay-opacity":"","overlay-gradient":""}}},"product_brand":[],"product_cat":[41,72],"product_tag":[],"class_list":{"0":"post-1904","1":"product","2":"type-product","3":"status-publish","4":"has-post-thumbnail","6":"product_cat-perfume-bottles","7":"product_cat-cosmetic-packaging","8":"desktop-align-left","9":"tablet-align-left","10":"mobile-align-left","12":"first","13":"instock","14":"shipping-taxable","15":"product-type-simple"},"acf":[],"jetpack_sharing_enabled":true,"_links":{"self":[{"href":"https:\/\/theperfumebottles.com\/it\/wp-json\/wp\/v2\/product\/1904","targetHints":{"allow":["GET"]}}],"collection":[{"href":"https:\/\/theperfumebottles.com\/it\/wp-json\/wp\/v2\/product"}],"about":[{"href":"https:\/\/theperfumebottles.com\/it\/wp-json\/wp\/v2\/types\/product"}],"replies":[{"embeddable":true,"href":"https:\/\/theperfumebottles.com\/it\/wp-json\/wp\/v2\/comments?post=1904"}],"wp:featuredmedia":[{"embeddable":true,"href":"https:\/\/theperfumebottles.com\/it\/wp-json\/wp\/v2\/media\/2335"}],"wp:attachment":[{"href":"https:\/\/theperfumebottles.com\/it\/wp-json\/wp\/v2\/media?parent=1904"}],"wp:term":[{"taxonomy":"product_brand","embeddable":true,"href":"https:\/\/theperfumebottles.com\/it\/wp-json\/wp\/v2\/product_brand?post=1904"},{"taxonomy":"product_cat","embeddable":true,"href":"https:\/\/theperfumebottles.com\/it\/wp-json\/wp\/v2\/product_cat?post=1904"},{"taxonomy":"product_tag","embeddable":true,"href":"https:\/\/theperfumebottles.com\/it\/wp-json\/wp\/v2\/product_tag?post=1904"}],"curies":[{"name":"wp","href":"https:\/\/api.w.org\/{rel}","templated":true}]}}