{"id":2550,"date":"2025-03-06T08:49:54","date_gmt":"2025-03-06T08:49:54","guid":{"rendered":"https:\/\/theperfumebottles.com\/?post_type=product&#038;p=2550"},"modified":"2025-05-29T09:15:02","modified_gmt":"2025-05-29T01:15:02","slug":"glass-perfume-bottle-50ml-with-pump","status":"publish","type":"product","link":"https:\/\/theperfumebottles.com\/it\/prodotto\/glass-perfume-bottle-50ml-with-pump\/","title":{"rendered":"Flacone di profumo in vetro da 50 ml con pompa"},"content":{"rendered":"<h2>Bottiglia di profumo Premium 50ml<\/h2>\n<p>Questa bottiglia di vetro da 50 ml mostra perfettamente il colore puro della fragranza grazie al materiale di vetro trasparente, mentre il tappo argentato della bottiglia \u00e8 accuratamente lucidato, presentando un'atmosfera moderna e brillante. La bocca della bottiglia adotta un design a spruzzo liscio, che pu\u00f2 rilasciare la fragranza in modo uniforme ad ogni pressione, e si sente liscia e non si blocca. La bottiglia \u00e8 stata progettata per essere a tenuta stagna, in modo che voi e i vostri clienti possiate usarla con fiducia, a prescindere dalle corse accidentate o dagli sbalzi di temperatura.<\/p>\n<h2>Adattamento versatile per soddisfare diverse esigenze<\/h2>\n<p>Che si tratti di un profumo di alta gamma, di un formato da viaggio, di un'edizione limitata, di un olio essenziale per l'aromaterapia o di un'essenza per la cura della pelle, questo flacone \u00e8 in grado di gestirli facilmente. La piccola capacit\u00e0 \u00e8 comoda per essere riposta sul tavolo da toeletta, sugli scaffali dei negozi o sulle confezioni regalo, facendo risaltare il vostro prodotto in ogni scena.<\/p>\n<h2>Specifiche chiave<\/h2>\n<table>\n<thead>\n<tr>\n<th><strong>Attributo<\/strong><\/th>\n<th><strong>Dettagli<\/strong><\/th>\n<\/tr>\n<\/thead>\n<tbody>\n<tr>\n<td>Modello<\/td>\n<td>PB-BF07<\/td>\n<\/tr>\n<tr>\n<td>Capacit\u00e0<\/td>\n<td>50 ml<\/td>\n<\/tr>\n<tr>\n<td>Materiale<\/td>\n<td>Vetro cristallo + metallo + PE<\/td>\n<\/tr>\n<tr>\n<td>Dimensioni<\/td>\n<td>41 * <em>30 * <\/em>107 millimetri<\/td>\n<\/tr>\n<tr>\n<td>Tipo di tenuta<\/td>\n<td>Top di spruzzo (atomizzatore)<\/td>\n<\/tr>\n<tr>\n<td>Opzioni di colore<\/td>\n<td>Vetro trasparente con tappo argentato<\/td>\n<\/tr>\n<tr>\n<td>Personalizzazione<\/td>\n<td>Incisioni, stampa UV, glassatura, ecc.<\/td>\n<\/tr>\n<\/tbody>\n<\/table>\n<h2>Elevare la confezione del profumo<\/h2>\n<p>Create un'impressione duratura con questo flacone di profumo da 50 ml. Non cercate pi\u00f9: la nostra fabbrica offre forniture stabili, imballaggi sicuri e soluzioni su misura. Scegliete i nostri flaconi di profumo per soddisfare le esigenze di lusso dei vostri clienti. Contattateci oggi stesso per creare il vostro account e richiedere un preventivo a livelli!<\/p>","protected":false},"excerpt":{"rendered":"<p>Realizzati per essere sofisticati, i nostri <strong>Flacone di vetro per profumi da 50 ml<\/strong>\u00a0presenta un'elegante forma rettangolare con linee geometriche nette e bordi lisci.<\/p>","protected":false},"featured_media":2551,"comment_status":"open","ping_status":"closed","template":"","meta":{"_acf_changed":false,"site-sidebar-layout":"default","site-content-layout":"","ast-site-content-layout":"default","site-content-style":"default","site-sidebar-style":"default","ast-global-header-display":"","ast-banner-title-visibility":"","ast-main-header-display":"","ast-hfb-above-header-display":"","ast-hfb-below-header-display":"","ast-hfb-mobile-header-display":"","site-post-title":"","ast-breadcrumbs-content":"","ast-featured-img":"","footer-sml-layout":"","ast-disable-related-posts":"","theme-transparent-header-meta":"default","adv-header-id-meta":"","stick-header-meta":"","header-above-stick-meta":"","header-main-stick-meta":"","header-below-stick-meta":"","astra-migrate-meta-layouts":"set","ast-page-background-enabled":"default","ast-page-background-meta":{"desktop":{"background-color":"var(--ast-global-color-5)","background-image":"","background-repeat":"repeat","background-position":"center center","background-size":"auto","background-attachment":"scroll","background-type":"","background-media":"","overlay-type":"","overlay-color":"","overlay-opacity":"","overlay-gradient":""},"tablet":{"background-color":"","background-image":"","background-repeat":"repeat","background-position":"center center","background-size":"auto","background-attachment":"scroll","background-type":"","background-media":"","overlay-type":"","overlay-color":"","overlay-opacity":"","overlay-gradient":""},"mobile":{"background-color":"","background-image":"","background-repeat":"repeat","background-position":"center center","background-size":"auto","background-attachment":"scroll","background-type":"","background-media":"","overlay-type":"","overlay-color":"","overlay-opacity":"","overlay-gradient":""}},"ast-content-background-meta":{"desktop":{"background-color":"var(--ast-global-color-4)","background-image":"","background-repeat":"repeat","background-position":"center center","background-size":"auto","background-attachment":"scroll","background-type":"","background-media":"","overlay-type":"","overlay-color":"","overlay-opacity":"","overlay-gradient":""},"tablet":{"background-color":"var(--ast-global-color-4)","background-image":"","background-repeat":"repeat","background-position":"center center","background-size":"auto","background-attachment":"scroll","background-type":"","background-media":"","overlay-type":"","overlay-color":"","overlay-opacity":"","overlay-gradient":""},"mobile":{"background-color":"var(--ast-global-color-4)","background-image":"","background-repeat":"repeat","background-position":"center center","background-size":"auto","background-attachment":"scroll","background-type":"","background-media":"","overlay-type":"","overlay-color":"","overlay-opacity":"","overlay-gradient":""}}},"product_brand":[],"product_cat":[72,41],"product_tag":[89],"class_list":{"0":"post-2550","1":"product","2":"type-product","3":"status-publish","4":"has-post-thumbnail","6":"product_cat-cosmetic-packaging","7":"product_cat-perfume-bottles","8":"product_tag-perfume-bottle","9":"desktop-align-left","10":"tablet-align-left","11":"mobile-align-left","13":"first","14":"instock","15":"shipping-taxable","16":"product-type-simple"},"acf":[],"jetpack_sharing_enabled":true,"_links":{"self":[{"href":"https:\/\/theperfumebottles.com\/it\/wp-json\/wp\/v2\/product\/2550","targetHints":{"allow":["GET"]}}],"collection":[{"href":"https:\/\/theperfumebottles.com\/it\/wp-json\/wp\/v2\/product"}],"about":[{"href":"https:\/\/theperfumebottles.com\/it\/wp-json\/wp\/v2\/types\/product"}],"replies":[{"embeddable":true,"href":"https:\/\/theperfumebottles.com\/it\/wp-json\/wp\/v2\/comments?post=2550"}],"wp:featuredmedia":[{"embeddable":true,"href":"https:\/\/theperfumebottles.com\/it\/wp-json\/wp\/v2\/media\/2551"}],"wp:attachment":[{"href":"https:\/\/theperfumebottles.com\/it\/wp-json\/wp\/v2\/media?parent=2550"}],"wp:term":[{"taxonomy":"product_brand","embeddable":true,"href":"https:\/\/theperfumebottles.com\/it\/wp-json\/wp\/v2\/product_brand?post=2550"},{"taxonomy":"product_cat","embeddable":true,"href":"https:\/\/theperfumebottles.com\/it\/wp-json\/wp\/v2\/product_cat?post=2550"},{"taxonomy":"product_tag","embeddable":true,"href":"https:\/\/theperfumebottles.com\/it\/wp-json\/wp\/v2\/product_tag?post=2550"}],"curies":[{"name":"wp","href":"https:\/\/api.w.org\/{rel}","templated":true}]}}