{"id":2580,"date":"2025-03-10T07:51:08","date_gmt":"2025-03-10T07:51:08","guid":{"rendered":"https:\/\/theperfumebottles.com\/?post_type=product&#038;p=2580"},"modified":"2026-04-08T18:18:42","modified_gmt":"2026-04-08T10:18:42","slug":"custom-glass-fragrance-bottles-bulk-perfume-bottles-set","status":"publish","type":"product","link":"https:\/\/theperfumebottles.com\/it\/prodotto\/custom-glass-fragrance-bottles-bulk-perfume-bottles-set\/","title":{"rendered":"Flaconi di profumo in vetro personalizzati da 30 ml, 50 ml e 100 ml \u2013 Set di flaconi di profumo all&#039;ingrosso"},"content":{"rendered":"<p>I flaconi di profumo in vetro di questa serie sono realizzati in vetro sodico-calcico ad alta trasparenza. Hanno una forma rettangolare con spigoli vivi e una base spessa. Grazie alla base, risultano molto stabili e resistenti. Il corpo rettangolare e il tappo ampio conferiscono loro un aspetto moderno e lussuoso.<\/p>\n<h2>Specifiche chiave<\/h2>\n<table style=\"border-collapse: collapse; margin-left: auto; margin-right: auto; width: 80%;\" border=\"0\" width=\"618\" cellspacing=\"0\" cellpadding=\"0\">\n<tbody>\n<tr style=\"height: 19.00pt;\">\n<td class=\"et2\" style=\"height: 19.00pt; width: 117.75pt;\" width=\"157\" height=\"25\">Modello<\/td>\n<td class=\"et3\" style=\"width: 116.25pt;\" width=\"155\">PB-BF1201<\/td>\n<td class=\"et3\" style=\"width: 115.50pt;\" width=\"154\">PB-BF1202<\/td>\n<td class=\"et3\" style=\"width: 114.00pt;\" width=\"152\">PB-BF1203<\/td>\n<\/tr>\n<tr style=\"height: 17.25pt;\">\n<td class=\"et2\" style=\"height: 17.25pt; width: 117.75pt;\" width=\"157\" height=\"23\">Capacit\u00e0<\/td>\n<td class=\"et3\" style=\"width: 116.25pt;\" width=\"155\">30 ml<\/td>\n<td class=\"et3\" style=\"width: 115.50pt;\" width=\"154\">50 ml<\/td>\n<td class=\"et3\" style=\"width: 114.00pt;\" width=\"152\">100 ml<\/td>\n<\/tr>\n<tr style=\"height: 17.25pt;\">\n<td class=\"et2\" style=\"height: 17.25pt; width: 117.75pt;\" width=\"157\" height=\"23\">Calibro<\/td>\n<td class=\"et3\" style=\"width: 116.25pt;\" width=\"155\">15 millimetri<\/td>\n<td class=\"et3\" style=\"width: 115.50pt;\" width=\"154\">15 millimetri<\/td>\n<td class=\"et3\" style=\"width: 114.00pt;\" width=\"152\">15 millimetri<\/td>\n<\/tr>\n<tr style=\"height: 18.00pt;\">\n<td class=\"et2\" style=\"height: 18.00pt; width: 117.75pt;\" width=\"157\" height=\"24\">Dimensioni<\/td>\n<td class=\"et3\" style=\"width: 116.25pt;\" width=\"155\">60 x 32 x 51 \/ mm<\/td>\n<td class=\"et3\" style=\"width: 115.50pt;\" width=\"154\">75 x 35 x 58 \/ mm<\/td>\n<td class=\"et3\" style=\"width: 114.00pt;\" width=\"152\">92 x 45 x 62 \/ mm<\/td>\n<\/tr>\n<tr style=\"height: 17.25pt;\">\n<td class=\"et2\" style=\"height: 17.25pt; width: 117.75pt;\" width=\"157\" height=\"23\">Colore del cappuccio<\/td>\n<td class=\"et3\" style=\"width: 116.25pt;\" width=\"155\">Nero\/Rosso\/Blu<\/td>\n<td class=\"et3\" style=\"width: 115.50pt;\" width=\"154\">Nero\/Rosso\/Blu<\/td>\n<td class=\"et3\" style=\"width: 114.00pt;\" width=\"152\">Nero\/Rosso\/Blu<\/td>\n<\/tr>\n<\/tbody>\n<\/table>\n<h2 data-start=\"94\" data-end=\"114\"><strong data-start=\"94\" data-end=\"114\">Scatola di distribuzione<\/strong><\/h2>\n<p>Un distributore olandese, che un anno fa ha acquistato da noi i flaconi campione di profumo da 10 ml, ordina questi flaconi rettangolari in vetro in tutte e tre le dimensioni. Grazie all&#039;utilizzo di tecniche di verniciatura a spruzzo nero opaco e stampa a caldo, abbinate a tappi che richiamano il colore dei flaconi stessi, ha conferito a questi flaconi rettangolari in vetro un&#039;estetica visiva davvero lussuosa.<\/p>\n<p>Inizialmente ordinarono un container da 12 metri di queste bottiglie di vetro per profumi. Le vendettero nei negozi e online. Le nuove bottiglie di vetro per profumi avevano un aspetto migliore sugli scaffali, quindi le persone percepirono il marchio come pi\u00f9 elegante e le vendite di profumi aumentarono del 35% in un solo trimestre. L&#039;azienda apprezz\u00f2 cos\u00ec tanto le bottiglie di vetro per profumi che ne ordin\u00f2 altre e inizi\u00f2 a utilizzarle per un numero maggiore di prodotti.<\/p>\n<p>&nbsp;<\/p>\n<p>&nbsp;<\/p>","protected":false},"excerpt":{"rendered":"<p>Pensate per i marchi pi\u00f9 esigenti, le nostre boccette di profumo rettangolari in vetro coniugano raffinatezza e funzionalit\u00e0.<\/p>","protected":false},"featured_media":2584,"comment_status":"open","ping_status":"closed","template":"","meta":{"_acf_changed":false,"site-sidebar-layout":"default","site-content-layout":"","ast-site-content-layout":"default","site-content-style":"default","site-sidebar-style":"default","ast-global-header-display":"","ast-banner-title-visibility":"","ast-main-header-display":"","ast-hfb-above-header-display":"","ast-hfb-below-header-display":"","ast-hfb-mobile-header-display":"","site-post-title":"","ast-breadcrumbs-content":"","ast-featured-img":"","footer-sml-layout":"","ast-disable-related-posts":"","theme-transparent-header-meta":"default","adv-header-id-meta":"","stick-header-meta":"","header-above-stick-meta":"","header-main-stick-meta":"","header-below-stick-meta":"","astra-migrate-meta-layouts":"set","ast-page-background-enabled":"default","ast-page-background-meta":{"desktop":{"background-color":"var(--ast-global-color-5)","background-image":"","background-repeat":"repeat","background-position":"center center","background-size":"auto","background-attachment":"scroll","background-type":"","background-media":"","overlay-type":"","overlay-color":"","overlay-opacity":"","overlay-gradient":""},"tablet":{"background-color":"","background-image":"","background-repeat":"repeat","background-position":"center center","background-size":"auto","background-attachment":"scroll","background-type":"","background-media":"","overlay-type":"","overlay-color":"","overlay-opacity":"","overlay-gradient":""},"mobile":{"background-color":"","background-image":"","background-repeat":"repeat","background-position":"center center","background-size":"auto","background-attachment":"scroll","background-type":"","background-media":"","overlay-type":"","overlay-color":"","overlay-opacity":"","overlay-gradient":""}},"ast-content-background-meta":{"desktop":{"background-color":"var(--ast-global-color-4)","background-image":"","background-repeat":"repeat","background-position":"center center","background-size":"auto","background-attachment":"scroll","background-type":"","background-media":"","overlay-type":"","overlay-color":"","overlay-opacity":"","overlay-gradient":""},"tablet":{"background-color":"var(--ast-global-color-4)","background-image":"","background-repeat":"repeat","background-position":"center center","background-size":"auto","background-attachment":"scroll","background-type":"","background-media":"","overlay-type":"","overlay-color":"","overlay-opacity":"","overlay-gradient":""},"mobile":{"background-color":"var(--ast-global-color-4)","background-image":"","background-repeat":"repeat","background-position":"center center","background-size":"auto","background-attachment":"scroll","background-type":"","background-media":"","overlay-type":"","overlay-color":"","overlay-opacity":"","overlay-gradient":""}}},"product_brand":[],"product_cat":[91,72,41],"product_tag":[],"class_list":{"0":"post-2580","1":"product","2":"type-product","3":"status-publish","4":"has-post-thumbnail","6":"product_cat-custom-perfume-bottles","7":"product_cat-cosmetic-packaging","8":"product_cat-perfume-bottles","9":"desktop-align-left","10":"tablet-align-left","11":"mobile-align-left","13":"first","14":"instock","15":"shipping-taxable","16":"product-type-simple"},"acf":[],"jetpack_sharing_enabled":true,"_links":{"self":[{"href":"https:\/\/theperfumebottles.com\/it\/wp-json\/wp\/v2\/product\/2580","targetHints":{"allow":["GET"]}}],"collection":[{"href":"https:\/\/theperfumebottles.com\/it\/wp-json\/wp\/v2\/product"}],"about":[{"href":"https:\/\/theperfumebottles.com\/it\/wp-json\/wp\/v2\/types\/product"}],"replies":[{"embeddable":true,"href":"https:\/\/theperfumebottles.com\/it\/wp-json\/wp\/v2\/comments?post=2580"}],"wp:featuredmedia":[{"embeddable":true,"href":"https:\/\/theperfumebottles.com\/it\/wp-json\/wp\/v2\/media\/2584"}],"wp:attachment":[{"href":"https:\/\/theperfumebottles.com\/it\/wp-json\/wp\/v2\/media?parent=2580"}],"wp:term":[{"taxonomy":"product_brand","embeddable":true,"href":"https:\/\/theperfumebottles.com\/it\/wp-json\/wp\/v2\/product_brand?post=2580"},{"taxonomy":"product_cat","embeddable":true,"href":"https:\/\/theperfumebottles.com\/it\/wp-json\/wp\/v2\/product_cat?post=2580"},{"taxonomy":"product_tag","embeddable":true,"href":"https:\/\/theperfumebottles.com\/it\/wp-json\/wp\/v2\/product_tag?post=2580"}],"curies":[{"name":"wp","href":"https:\/\/api.w.org\/{rel}","templated":true}]}}