{"id":2921,"date":"2025-03-27T04:16:02","date_gmt":"2025-03-27T04:16:02","guid":{"rendered":"https:\/\/theperfumebottles.com\/?post_type=product&#038;p=2921"},"modified":"2025-04-18T02:10:27","modified_gmt":"2025-04-18T02:10:27","slug":"best-perfume-bottles-with-orb-tops","status":"publish","type":"product","link":"https:\/\/theperfumebottles.com\/it\/prodotto\/best-perfume-bottles-with-orb-tops\/","title":{"rendered":"Le migliori bottiglie di profumo in cristallo da 30 ml, 50 ml e 100 ml con tappi a forma di sfera"},"content":{"rendered":"<p>La nostra gamma di flaconi di profumo Orb \u00e8 bella e chic, realizzata in vetro cristallo di alta qualit\u00e0. Sono belli e pratici al tempo stesso. Perfetti sia per le fragranze di qualit\u00e0 che per quelle di nicchia.<\/p>\n<table style=\"border-collapse: collapse; margin-left: auto; margin-right: auto; width: 202.53pt;\" border=\"0\" width=\"270\" cellspacing=\"0\" cellpadding=\"0\">\n<tbody>\n<tr style=\"height: 15.00pt;\">\n<td style=\"height: 15.00pt; width: 67.50pt;\" width=\"90\" height=\"20\">\n<p><figure id=\"attachment_2923\" aria-describedby=\"caption-attachment-2923\" style=\"width: 300px\" class=\"wp-caption aligncenter\"><img fetchpriority=\"high\" decoding=\"async\" class=\"size-medium wp-image-2923\" src=\"https:\/\/theperfumebottles.com\/wp-content\/uploads\/2025\/03\/best-perfume-bottles-GK0401-300x300.webp\" alt=\"migliori bottiglie di profumo\" width=\"300\" height=\"300\" srcset=\"https:\/\/theperfumebottles.com\/wp-content\/uploads\/2025\/03\/best-perfume-bottles-GK0401-300x300.webp 300w, https:\/\/theperfumebottles.com\/wp-content\/uploads\/2025\/03\/best-perfume-bottles-GK0401-150x150.webp 150w, https:\/\/theperfumebottles.com\/wp-content\/uploads\/2025\/03\/best-perfume-bottles-GK0401-768x768.webp 768w, https:\/\/theperfumebottles.com\/wp-content\/uploads\/2025\/03\/best-perfume-bottles-GK0401-12x12.webp 12w, https:\/\/theperfumebottles.com\/wp-content\/uploads\/2025\/03\/best-perfume-bottles-GK0401-600x600.webp 600w, https:\/\/theperfumebottles.com\/wp-content\/uploads\/2025\/03\/best-perfume-bottles-GK0401-100x100.webp 100w, https:\/\/theperfumebottles.com\/wp-content\/uploads\/2025\/03\/best-perfume-bottles-GK0401.webp 1000w\" sizes=\"(max-width: 300px) 100vw, 300px\" \/><figcaption id=\"caption-attachment-2923\" class=\"wp-caption-text\">30 ml<\/figcaption><\/figure><\/td>\n<td style=\"width: 67.50pt;\" width=\"90\">\n<p><figure id=\"attachment_2926\" aria-describedby=\"caption-attachment-2926\" style=\"width: 300px\" class=\"wp-caption aligncenter\"><img decoding=\"async\" class=\"size-medium wp-image-2926\" src=\"https:\/\/theperfumebottles.com\/wp-content\/uploads\/2025\/03\/crystal-perfume-bottles-GK0402-300x300.webp\" alt=\"bottiglie di profumo di cristallo\" width=\"300\" height=\"300\" srcset=\"https:\/\/theperfumebottles.com\/wp-content\/uploads\/2025\/03\/crystal-perfume-bottles-GK0402-300x300.webp 300w, https:\/\/theperfumebottles.com\/wp-content\/uploads\/2025\/03\/crystal-perfume-bottles-GK0402-150x150.webp 150w, https:\/\/theperfumebottles.com\/wp-content\/uploads\/2025\/03\/crystal-perfume-bottles-GK0402-768x768.webp 768w, https:\/\/theperfumebottles.com\/wp-content\/uploads\/2025\/03\/crystal-perfume-bottles-GK0402-12x12.webp 12w, https:\/\/theperfumebottles.com\/wp-content\/uploads\/2025\/03\/crystal-perfume-bottles-GK0402-600x600.webp 600w, https:\/\/theperfumebottles.com\/wp-content\/uploads\/2025\/03\/crystal-perfume-bottles-GK0402-100x100.webp 100w, https:\/\/theperfumebottles.com\/wp-content\/uploads\/2025\/03\/crystal-perfume-bottles-GK0402.webp 1024w\" sizes=\"(max-width: 300px) 100vw, 300px\" \/><figcaption id=\"caption-attachment-2926\" class=\"wp-caption-text\">50 ml<\/figcaption><\/figure><\/td>\n<td style=\"width: 67.50pt;\" width=\"90\">\n<p><figure id=\"attachment_2927\" aria-describedby=\"caption-attachment-2927\" style=\"width: 300px\" class=\"wp-caption aligncenter\"><img decoding=\"async\" class=\"size-medium wp-image-2927\" src=\"https:\/\/theperfumebottles.com\/wp-content\/uploads\/2025\/03\/crystal-perfume-bottles-GK0403-300x300.webp\" alt=\"bottiglie di profumo di cristallo\" width=\"300\" height=\"300\" srcset=\"https:\/\/theperfumebottles.com\/wp-content\/uploads\/2025\/03\/crystal-perfume-bottles-GK0403-300x300.webp 300w, https:\/\/theperfumebottles.com\/wp-content\/uploads\/2025\/03\/crystal-perfume-bottles-GK0403-150x150.webp 150w, https:\/\/theperfumebottles.com\/wp-content\/uploads\/2025\/03\/crystal-perfume-bottles-GK0403-768x768.webp 768w, https:\/\/theperfumebottles.com\/wp-content\/uploads\/2025\/03\/crystal-perfume-bottles-GK0403-12x12.webp 12w, https:\/\/theperfumebottles.com\/wp-content\/uploads\/2025\/03\/crystal-perfume-bottles-GK0403-600x600.webp 600w, https:\/\/theperfumebottles.com\/wp-content\/uploads\/2025\/03\/crystal-perfume-bottles-GK0403-100x100.webp 100w, https:\/\/theperfumebottles.com\/wp-content\/uploads\/2025\/03\/crystal-perfume-bottles-GK0403.webp 1024w\" sizes=\"(max-width: 300px) 100vw, 300px\" \/><figcaption id=\"caption-attachment-2927\" class=\"wp-caption-text\">100 ml<\/figcaption><\/figure><\/td>\n<\/tr>\n<\/tbody>\n<\/table>\n<h2>Specifiche chiave<\/h2>\n<div class=\"hyc-common-markdown__table-wrapper\">\n<table>\n<thead>\n<tr>\n<th>Modello<\/th>\n<th>Capacit\u00e0<\/th>\n<th>Dimensioni (A*P)<\/th>\n<th>Opzioni di Cap<\/th>\n<th>Tipo di sigillo<\/th>\n<\/tr>\n<\/thead>\n<tbody>\n<tr>\n<td>PB-GK0401<\/td>\n<td>30 ml<\/td>\n<td>42 * 73 mm<\/td>\n<td>Oro\/Argento\/Nero<\/td>\n<td>Spray Top<\/td>\n<\/tr>\n<tr>\n<td>PB-GK0402<\/td>\n<td>50 ml<\/td>\n<td>45 * 88 mm<\/td>\n<td>Oro\/Argento\/Nero<\/td>\n<td>Spray Top<\/td>\n<\/tr>\n<tr>\n<td>PB-GK0403<\/td>\n<td>100 ml<\/td>\n<td>56 * 101 mm<\/td>\n<td>Oro\/Argento\/Nero<\/td>\n<td>Spray Top<\/td>\n<\/tr>\n<\/tbody>\n<\/table>\n<\/div>\n<h2>Personalizzazione: Rendetelo unico nel suo genere<\/h2>\n<p>I flaconi di profumo vuoti della serie Orb sono progettati per i marchi che cercano un packaging unico, in linea con la loro identit\u00e0:<\/p>\n<ul>\n<li>\u200b<strong>Personalizzazione del cappuccio<\/strong>: Scegliete le finiture (opache, metalliche, satinate) e i materiali (resina, alluminio).<\/li>\n<li>\u200b<strong>Superficie della bottiglia<\/strong>: Scegliete il rivestimento UV, gli effetti sfumati o la trasparenza totale.<\/li>\n<li>\u200b<strong>Marchio<\/strong>: Aggiunta di loghi tramite stampa a caldo, serigrafia o incisione.<\/li>\n<li>\u200b<strong>Abbinamento dei colori<\/strong>: Adattate la bottiglia e il tappo alla palette del vostro marchio.<\/li>\n<\/ul>\n<hr \/>\n<h2>Perch\u00e9 scegliere la serie Orb?<\/h2>\n<p>Questi flaconi di profumo in cristallo sono pi\u00f9 che flaconi spray vuoti: sono un investimento strategico per l'immagine premium del vostro marchio. Ideali per<strong>alla rinfusa<\/strong>\u00a0ordini, la Serie Orb offre:<\/p>\n<ul>\n<li>\u200b<strong>Appeal di lusso<\/strong>: Il vetro spesso e il design della calotta a forma di sfera attirano l'attenzione nei mercati competitivi.<\/li>\n<li>\u200b<strong>Durata<\/strong>: Il vetro di cristallo resiste ai graffi e mantiene la chiarezza nel tempo.<\/li>\n<li>\u200b<strong>Flessibilit\u00e0<\/strong>: Adattate la forma, il collo o la base del flacone di profumo rotondo alle vostre esigenze estetiche.<\/li>\n<\/ul>\n<h3><strong>Per i marchi che esigono l'eccellenza<\/strong><\/h3>\n<p>Che si tratti di un profumiere di nicchia o di una casa di lusso globale, i flaconi per profumi della serie Orb offrono eleganza e funzionalit\u00e0. Perfetti per il branding di profumi, acque di colonia o oli per la cura della pelle di alta gamma, questi contenitori trasformano l'imballaggio di tutti i giorni in una risorsa per la narrazione.<\/p>\n<p><strong>Ordinate oggi in blocco<\/strong>\u00a0e lasciate che la vostra fragranza risplenda attraverso i migliori flaconi di profumo sul mercato.<\/p>","protected":false},"excerpt":{"rendered":"<p>Esplorate i nostri migliori flaconi di profumo: design rotondi e cristallini sormontati da tappi ispirati a sfere. Contenitori in vetro di lusso personalizzabili per il branding e gli ordini all'ingrosso.<\/p>","protected":false},"featured_media":2926,"comment_status":"open","ping_status":"closed","template":"","meta":{"_acf_changed":false,"site-sidebar-layout":"default","site-content-layout":"","ast-site-content-layout":"default","site-content-style":"default","site-sidebar-style":"default","ast-global-header-display":"","ast-banner-title-visibility":"","ast-main-header-display":"","ast-hfb-above-header-display":"","ast-hfb-below-header-display":"","ast-hfb-mobile-header-display":"","site-post-title":"","ast-breadcrumbs-content":"","ast-featured-img":"","footer-sml-layout":"","ast-disable-related-posts":"","theme-transparent-header-meta":"default","adv-header-id-meta":"","stick-header-meta":"","header-above-stick-meta":"","header-main-stick-meta":"","header-below-stick-meta":"","astra-migrate-meta-layouts":"set","ast-page-background-enabled":"default","ast-page-background-meta":{"desktop":{"background-color":"var(--ast-global-color-5)","background-image":"","background-repeat":"repeat","background-position":"center center","background-size":"auto","background-attachment":"scroll","background-type":"","background-media":"","overlay-type":"","overlay-color":"","overlay-opacity":"","overlay-gradient":""},"tablet":{"background-color":"","background-image":"","background-repeat":"repeat","background-position":"center center","background-size":"auto","background-attachment":"scroll","background-type":"","background-media":"","overlay-type":"","overlay-color":"","overlay-opacity":"","overlay-gradient":""},"mobile":{"background-color":"","background-image":"","background-repeat":"repeat","background-position":"center center","background-size":"auto","background-attachment":"scroll","background-type":"","background-media":"","overlay-type":"","overlay-color":"","overlay-opacity":"","overlay-gradient":""}},"ast-content-background-meta":{"desktop":{"background-color":"var(--ast-global-color-4)","background-image":"","background-repeat":"repeat","background-position":"center center","background-size":"auto","background-attachment":"scroll","background-type":"","background-media":"","overlay-type":"","overlay-color":"","overlay-opacity":"","overlay-gradient":""},"tablet":{"background-color":"var(--ast-global-color-4)","background-image":"","background-repeat":"repeat","background-position":"center center","background-size":"auto","background-attachment":"scroll","background-type":"","background-media":"","overlay-type":"","overlay-color":"","overlay-opacity":"","overlay-gradient":""},"mobile":{"background-color":"var(--ast-global-color-4)","background-image":"","background-repeat":"repeat","background-position":"center center","background-size":"auto","background-attachment":"scroll","background-type":"","background-media":"","overlay-type":"","overlay-color":"","overlay-opacity":"","overlay-gradient":""}}},"product_brand":[],"product_cat":[41,72,91],"product_tag":[],"class_list":{"0":"post-2921","1":"product","2":"type-product","3":"status-publish","4":"has-post-thumbnail","6":"product_cat-perfume-bottles","7":"product_cat-cosmetic-packaging","8":"product_cat-custom-perfume-bottles","9":"desktop-align-left","10":"tablet-align-left","11":"mobile-align-left","13":"first","14":"instock","15":"shipping-taxable","16":"product-type-simple"},"acf":[],"jetpack_sharing_enabled":true,"_links":{"self":[{"href":"https:\/\/theperfumebottles.com\/it\/wp-json\/wp\/v2\/product\/2921","targetHints":{"allow":["GET"]}}],"collection":[{"href":"https:\/\/theperfumebottles.com\/it\/wp-json\/wp\/v2\/product"}],"about":[{"href":"https:\/\/theperfumebottles.com\/it\/wp-json\/wp\/v2\/types\/product"}],"replies":[{"embeddable":true,"href":"https:\/\/theperfumebottles.com\/it\/wp-json\/wp\/v2\/comments?post=2921"}],"wp:featuredmedia":[{"embeddable":true,"href":"https:\/\/theperfumebottles.com\/it\/wp-json\/wp\/v2\/media\/2926"}],"wp:attachment":[{"href":"https:\/\/theperfumebottles.com\/it\/wp-json\/wp\/v2\/media?parent=2921"}],"wp:term":[{"taxonomy":"product_brand","embeddable":true,"href":"https:\/\/theperfumebottles.com\/it\/wp-json\/wp\/v2\/product_brand?post=2921"},{"taxonomy":"product_cat","embeddable":true,"href":"https:\/\/theperfumebottles.com\/it\/wp-json\/wp\/v2\/product_cat?post=2921"},{"taxonomy":"product_tag","embeddable":true,"href":"https:\/\/theperfumebottles.com\/it\/wp-json\/wp\/v2\/product_tag?post=2921"}],"curies":[{"name":"wp","href":"https:\/\/api.w.org\/{rel}","templated":true}]}}