{"id":3257,"date":"2025-05-05T09:27:18","date_gmt":"2025-05-05T09:27:18","guid":{"rendered":"https:\/\/theperfumebottles.com\/?post_type=product&#038;p=3257"},"modified":"2025-05-23T13:18:23","modified_gmt":"2025-05-23T05:18:23","slug":"unusual-glass-perfume-spray-bottles-with-faceted-design","status":"publish","type":"product","link":"https:\/\/theperfumebottles.com\/it\/prodotto\/unusual-glass-perfume-spray-bottles-with-faceted-design\/","title":{"rendered":"Flaconi spray per profumo in vetro insoliti da 30 ml, 50 ml e 100 ml con design sfaccettato"},"content":{"rendered":"<p>Sofisticati flaconi spray per profumi in vetro con design sfaccettato. Perfetti per flaconi di profumo insoliti e confezioni personalizzate. Esempi gratuiti e consegna rapida. La nostra collezione PB-YX23 di flaconi spray per profumi in vetro unisce alta qualit\u00e0 e praticit\u00e0, rendendoli la scelta ideale per confezioni di fragranze di alta qualit\u00e0 e personalizzate. Realizzati in vetro di alta qualit\u00e0, questi contenitori sono resistenti e sofisticati. Che si tratti di confezionare profumi o profumi, possono offrire un look semplice e raffinato che i clienti apprezzeranno.<\/p>\n<table style=\"border-collapse: collapse; margin-left: auto; margin-right: auto; width: 162.03pt;\" border=\"0\" width=\"216\" cellspacing=\"0\" cellpadding=\"0\">\n<tbody>\n<tr style=\"height: 13.50pt;\">\n<td style=\"height: 13.50pt; width: 54.00pt;\" width=\"72\" height=\"18\">\n<p><figure id=\"attachment_3263\" aria-describedby=\"caption-attachment-3263\" style=\"width: 300px\" class=\"wp-caption aligncenter\"><img fetchpriority=\"high\" decoding=\"async\" class=\"wp-image-3263 size-medium\" src=\"https:\/\/theperfumebottles.com\/wp-content\/uploads\/2025\/05\/glass-perfume-spray-bottles-YX2301-300x300.webp\" alt=\"flaconi spray per profumo in vetro\" width=\"300\" height=\"300\" srcset=\"https:\/\/theperfumebottles.com\/wp-content\/uploads\/2025\/05\/glass-perfume-spray-bottles-YX2301-300x300.webp 300w, https:\/\/theperfumebottles.com\/wp-content\/uploads\/2025\/05\/glass-perfume-spray-bottles-YX2301-150x150.webp 150w, https:\/\/theperfumebottles.com\/wp-content\/uploads\/2025\/05\/glass-perfume-spray-bottles-YX2301-768x768.webp 768w, https:\/\/theperfumebottles.com\/wp-content\/uploads\/2025\/05\/glass-perfume-spray-bottles-YX2301-12x12.webp 12w, https:\/\/theperfumebottles.com\/wp-content\/uploads\/2025\/05\/glass-perfume-spray-bottles-YX2301-600x600.webp 600w, https:\/\/theperfumebottles.com\/wp-content\/uploads\/2025\/05\/glass-perfume-spray-bottles-YX2301-100x100.webp 100w, https:\/\/theperfumebottles.com\/wp-content\/uploads\/2025\/05\/glass-perfume-spray-bottles-YX2301.webp 1000w\" sizes=\"(max-width: 300px) 100vw, 300px\" \/><figcaption id=\"caption-attachment-3263\" class=\"wp-caption-text\">30 ml PB-YX2301<\/figcaption><\/figure><\/td>\n<td style=\"width: 54.00pt;\" width=\"72\">\n<p><figure id=\"attachment_3259\" aria-describedby=\"caption-attachment-3259\" style=\"width: 300px\" class=\"wp-caption aligncenter\"><img decoding=\"async\" class=\"wp-image-3259 size-medium\" src=\"https:\/\/theperfumebottles.com\/wp-content\/uploads\/2025\/05\/unusual-perfume-bottles-YX2302-300x300.webp\" alt=\"bottiglie di profumo insolite\" width=\"300\" height=\"300\" srcset=\"https:\/\/theperfumebottles.com\/wp-content\/uploads\/2025\/05\/unusual-perfume-bottles-YX2302-300x300.webp 300w, https:\/\/theperfumebottles.com\/wp-content\/uploads\/2025\/05\/unusual-perfume-bottles-YX2302-150x150.webp 150w, https:\/\/theperfumebottles.com\/wp-content\/uploads\/2025\/05\/unusual-perfume-bottles-YX2302-768x768.webp 768w, https:\/\/theperfumebottles.com\/wp-content\/uploads\/2025\/05\/unusual-perfume-bottles-YX2302-12x12.webp 12w, https:\/\/theperfumebottles.com\/wp-content\/uploads\/2025\/05\/unusual-perfume-bottles-YX2302-600x600.webp 600w, https:\/\/theperfumebottles.com\/wp-content\/uploads\/2025\/05\/unusual-perfume-bottles-YX2302-100x100.webp 100w, https:\/\/theperfumebottles.com\/wp-content\/uploads\/2025\/05\/unusual-perfume-bottles-YX2302.webp 1000w\" sizes=\"(max-width: 300px) 100vw, 300px\" \/><figcaption id=\"caption-attachment-3259\" class=\"wp-caption-text\">50 ml PB-YX2302<\/figcaption><\/figure><\/td>\n<td style=\"width: 54.00pt;\" width=\"72\">\n<p><figure id=\"attachment_3260\" aria-describedby=\"caption-attachment-3260\" style=\"width: 300px\" class=\"wp-caption aligncenter\"><img decoding=\"async\" class=\"wp-image-3260 size-medium\" src=\"https:\/\/theperfumebottles.com\/wp-content\/uploads\/2025\/05\/unusual-perfume-bottles-YX2303-300x300.webp\" alt=\"bottiglie di profumo insolite\" width=\"300\" height=\"300\" srcset=\"https:\/\/theperfumebottles.com\/wp-content\/uploads\/2025\/05\/unusual-perfume-bottles-YX2303-300x300.webp 300w, https:\/\/theperfumebottles.com\/wp-content\/uploads\/2025\/05\/unusual-perfume-bottles-YX2303-150x150.webp 150w, https:\/\/theperfumebottles.com\/wp-content\/uploads\/2025\/05\/unusual-perfume-bottles-YX2303-768x768.webp 768w, https:\/\/theperfumebottles.com\/wp-content\/uploads\/2025\/05\/unusual-perfume-bottles-YX2303-12x12.webp 12w, https:\/\/theperfumebottles.com\/wp-content\/uploads\/2025\/05\/unusual-perfume-bottles-YX2303-600x600.webp 600w, https:\/\/theperfumebottles.com\/wp-content\/uploads\/2025\/05\/unusual-perfume-bottles-YX2303-100x100.webp 100w, https:\/\/theperfumebottles.com\/wp-content\/uploads\/2025\/05\/unusual-perfume-bottles-YX2303.webp 1000w\" sizes=\"(max-width: 300px) 100vw, 300px\" \/><figcaption id=\"caption-attachment-3260\" class=\"wp-caption-text\">100 ml PB-YX2303<\/figcaption><\/figure><\/td>\n<\/tr>\n<\/tbody>\n<\/table>\n<h2>Specifiche chiave<\/h2>\n<table style=\"border-collapse: collapse; margin-left: auto; margin-right: auto; width: 80%;\" border=\"0\" width=\"80%\" cellspacing=\"0\" cellpadding=\"0\">\n<tbody>\n<tr style=\"height: 13.50pt;\">\n<td style=\"height: 13.50pt; width: 87.00pt;\" width=\"116\" height=\"18\"><strong>Numero di modello<\/strong><\/td>\n<td style=\"width: 76.50pt;\" width=\"102\"><strong>Calibro<\/strong><\/td>\n<td style=\"width: 90.00pt;\" width=\"120\"><strong>Capacit\u00e0<\/strong><\/td>\n<td style=\"width: 157.50pt;\" width=\"210\"><strong>Dimensioni (L x P x A)<\/strong><\/td>\n<td style=\"width: 108.75pt;\" width=\"145\"><strong>Tipo di collo<\/strong><\/td>\n<\/tr>\n<tr style=\"height: 13.50pt;\">\n<td style=\"height: 13.50pt;\" height=\"18\"><strong>PB-YX2301<\/strong><\/td>\n<td>15 millimetri<\/td>\n<td>30 ml<\/td>\n<td>44 x 47 x 62 mm<\/td>\n<td>Collo a crimpare<\/td>\n<\/tr>\n<tr style=\"height: 13.50pt;\">\n<td style=\"height: 13.50pt;\" height=\"18\"><strong>PB-YX2302<\/strong><\/td>\n<td>15 millimetri<\/td>\n<td>50 ml<\/td>\n<td>57 x 28 x 75 mm<\/td>\n<td>Collo a crimpare<\/td>\n<\/tr>\n<tr style=\"height: 13.50pt;\">\n<td style=\"height: 13.50pt;\" height=\"18\"><strong>PB-YX2303<\/strong><\/td>\n<td>15 millimetri<\/td>\n<td>100 ml<\/td>\n<td>67 x 35 x 95 mm<\/td>\n<td>Collo a crimpare<\/td>\n<\/tr>\n<\/tbody>\n<\/table>\n<h2>Suggerimenti per l&#039;imballaggio del prodotto<\/h2>\n<p>Un piccolo ma affermato marchio di profumi in Europa desiderava riconfezionare la sua linea di profumi di nicchia, recentemente lanciata. Aveva bisogno di qualcosa di unico che si distinguesse in un mercato competitivo. Dopo aver scoperto i nostri speciali contenitori per fragranze, ha scelto la versione PB-YX2302 per contenitori da 30 ml. Ha utilizzato un&#039;etichetta in lamina d&#039;oro e ha personalizzato la decorazione sul collo del contenitore. Le vendite sono aumentate del 32% in 3 mesi. I clienti sono entusiasti di questo design di packaging contemporaneo ma classico.<\/p>\n<h3>Suggerimenti per la personalizzazione<\/h3>\n<ul>\n<li>Colore: per un look speciale, provate le bottiglie di vetro colorato, come il giallo-marrone, il blu o l&#039;oro rosa.<\/li>\n<li>Design: stampa il tuo logo o il tuo motivo direttamente sul vetro tramite metodi di stampa su display o incisione.<\/li>\n<li>Confezione: abbina il contenitore in vetro per la fragranza a una scatola regalo coordinata per un&#039;esperienza di unboxing di alta qualit\u00e0.<\/li>\n<\/ul>","protected":false},"excerpt":{"rendered":"<p>Raffinati flaconi spray per profumo in vetro con design sfaccettato. Perfetti per flaconi di profumo insoliti e confezioni personalizzate. Esempi gratuiti e consegna rapida.<\/p>","protected":false},"featured_media":3263,"comment_status":"open","ping_status":"closed","template":"","meta":{"_acf_changed":false,"site-sidebar-layout":"default","site-content-layout":"","ast-site-content-layout":"default","site-content-style":"default","site-sidebar-style":"default","ast-global-header-display":"","ast-banner-title-visibility":"","ast-main-header-display":"","ast-hfb-above-header-display":"","ast-hfb-below-header-display":"","ast-hfb-mobile-header-display":"","site-post-title":"","ast-breadcrumbs-content":"","ast-featured-img":"","footer-sml-layout":"","ast-disable-related-posts":"","theme-transparent-header-meta":"default","adv-header-id-meta":"","stick-header-meta":"","header-above-stick-meta":"","header-main-stick-meta":"","header-below-stick-meta":"","astra-migrate-meta-layouts":"set","ast-page-background-enabled":"default","ast-page-background-meta":{"desktop":{"background-color":"var(--ast-global-color-5)","background-image":"","background-repeat":"repeat","background-position":"center center","background-size":"auto","background-attachment":"scroll","background-type":"","background-media":"","overlay-type":"","overlay-color":"","overlay-opacity":"","overlay-gradient":""},"tablet":{"background-color":"","background-image":"","background-repeat":"repeat","background-position":"center center","background-size":"auto","background-attachment":"scroll","background-type":"","background-media":"","overlay-type":"","overlay-color":"","overlay-opacity":"","overlay-gradient":""},"mobile":{"background-color":"","background-image":"","background-repeat":"repeat","background-position":"center center","background-size":"auto","background-attachment":"scroll","background-type":"","background-media":"","overlay-type":"","overlay-color":"","overlay-opacity":"","overlay-gradient":""}},"ast-content-background-meta":{"desktop":{"background-color":"var(--ast-global-color-4)","background-image":"","background-repeat":"repeat","background-position":"center center","background-size":"auto","background-attachment":"scroll","background-type":"","background-media":"","overlay-type":"","overlay-color":"","overlay-opacity":"","overlay-gradient":""},"tablet":{"background-color":"var(--ast-global-color-4)","background-image":"","background-repeat":"repeat","background-position":"center center","background-size":"auto","background-attachment":"scroll","background-type":"","background-media":"","overlay-type":"","overlay-color":"","overlay-opacity":"","overlay-gradient":""},"mobile":{"background-color":"var(--ast-global-color-4)","background-image":"","background-repeat":"repeat","background-position":"center center","background-size":"auto","background-attachment":"scroll","background-type":"","background-media":"","overlay-type":"","overlay-color":"","overlay-opacity":"","overlay-gradient":""}}},"product_brand":[],"product_cat":[72,91,41],"product_tag":[],"class_list":{"0":"post-3257","1":"product","2":"type-product","3":"status-publish","4":"has-post-thumbnail","6":"product_cat-cosmetic-packaging","7":"product_cat-custom-perfume-bottles","8":"product_cat-perfume-bottles","9":"desktop-align-left","10":"tablet-align-left","11":"mobile-align-left","13":"first","14":"instock","15":"shipping-taxable","16":"product-type-simple"},"acf":[],"jetpack_sharing_enabled":true,"_links":{"self":[{"href":"https:\/\/theperfumebottles.com\/it\/wp-json\/wp\/v2\/product\/3257","targetHints":{"allow":["GET"]}}],"collection":[{"href":"https:\/\/theperfumebottles.com\/it\/wp-json\/wp\/v2\/product"}],"about":[{"href":"https:\/\/theperfumebottles.com\/it\/wp-json\/wp\/v2\/types\/product"}],"replies":[{"embeddable":true,"href":"https:\/\/theperfumebottles.com\/it\/wp-json\/wp\/v2\/comments?post=3257"}],"wp:featuredmedia":[{"embeddable":true,"href":"https:\/\/theperfumebottles.com\/it\/wp-json\/wp\/v2\/media\/3263"}],"wp:attachment":[{"href":"https:\/\/theperfumebottles.com\/it\/wp-json\/wp\/v2\/media?parent=3257"}],"wp:term":[{"taxonomy":"product_brand","embeddable":true,"href":"https:\/\/theperfumebottles.com\/it\/wp-json\/wp\/v2\/product_brand?post=3257"},{"taxonomy":"product_cat","embeddable":true,"href":"https:\/\/theperfumebottles.com\/it\/wp-json\/wp\/v2\/product_cat?post=3257"},{"taxonomy":"product_tag","embeddable":true,"href":"https:\/\/theperfumebottles.com\/it\/wp-json\/wp\/v2\/product_tag?post=3257"}],"curies":[{"name":"wp","href":"https:\/\/api.w.org\/{rel}","templated":true}]}}