{"id":3325,"date":"2025-05-14T03:26:10","date_gmt":"2025-05-14T03:26:10","guid":{"rendered":"https:\/\/theperfumebottles.com\/?post_type=product&#038;p=3325"},"modified":"2025-05-23T10:54:00","modified_gmt":"2025-05-23T02:54:00","slug":"premium-perfume-bottles-recyclable-modern-fragrance-bottle-set","status":"publish","type":"product","link":"https:\/\/theperfumebottles.com\/it\/prodotto\/premium-perfume-bottles-recyclable-modern-fragrance-bottle-set\/","title":{"rendered":"Set di flaconi di profumo riciclabili da 50 ml e 100 ml per marchi di fragranze"},"content":{"rendered":"<p>Il nostro set di flaconi per profumi PB-YZ06 \u00e8 una combinazione perfetta di sostenibilit\u00e0, stile e praticit\u00e0. Il nostro set di bottiglie per profumi PB-YZ06 combina sostenibilit\u00e0, moda e praticit\u00e0. Adatto per l'imbottigliamento di profumi, acqua di colonia, acqua floreale o prodotti a base di oli essenziali, ecc. Inoltre, le nostre opzioni di personalizzazione complete possono esprimere appieno la vostra creativit\u00e0.<\/p>\n<figure id=\"attachment_3330\" aria-describedby=\"caption-attachment-3330\" style=\"width: 500px\" class=\"wp-caption aligncenter\"><img fetchpriority=\"high\" decoding=\"async\" class=\"wp-image-3330\" src=\"https:\/\/theperfumebottles.com\/wp-content\/uploads\/2025\/05\/perfume-bottles-recyclable-pbyz06.webp\" alt=\"Bottiglie di profumo Premium riciclabili | Set di bottiglie di profumo moderno\" width=\"500\" height=\"500\" srcset=\"https:\/\/theperfumebottles.com\/wp-content\/uploads\/2025\/05\/perfume-bottles-recyclable-pbyz06.webp 1000w, https:\/\/theperfumebottles.com\/wp-content\/uploads\/2025\/05\/perfume-bottles-recyclable-pbyz06-300x300.webp 300w, https:\/\/theperfumebottles.com\/wp-content\/uploads\/2025\/05\/perfume-bottles-recyclable-pbyz06-150x150.webp 150w, https:\/\/theperfumebottles.com\/wp-content\/uploads\/2025\/05\/perfume-bottles-recyclable-pbyz06-768x768.webp 768w, https:\/\/theperfumebottles.com\/wp-content\/uploads\/2025\/05\/perfume-bottles-recyclable-pbyz06-12x12.webp 12w, https:\/\/theperfumebottles.com\/wp-content\/uploads\/2025\/05\/perfume-bottles-recyclable-pbyz06-600x600.webp 600w, https:\/\/theperfumebottles.com\/wp-content\/uploads\/2025\/05\/perfume-bottles-recyclable-pbyz06-100x100.webp 100w\" sizes=\"(max-width: 500px) 100vw, 500px\" \/><figcaption id=\"caption-attachment-3330\" class=\"wp-caption-text\">Set di flaconi di profumo premium<\/figcaption><\/figure>\n<h2>Specifiche chiave<\/h2>\n<table border=\"0\" width=\"80%\" cellspacing=\"0\" cellpadding=\"0\">\n<tbody>\n<tr>\n<td width=\"96\" height=\"18\">Modello<\/td>\n<td width=\"93\">Capacit\u00e0<\/td>\n<td width=\"104\">Dimensioni del bicchiere<\/td>\n<td width=\"128\">Materiale<\/td>\n<td width=\"211\">Tipo di sigillo<\/td>\n<td width=\"225\">Opzioni di colore<\/td>\n<\/tr>\n<tr>\n<td height=\"18\">PB-YZ0601<\/td>\n<td>50 ml<\/td>\n<td>47 * 81 mm<\/td>\n<td>Cristallo<\/td>\n<td>Collo a crimpare da 15 mm + spruzzatore<\/td>\n<td>Trasparente + Argento\/Rosa<\/td>\n<\/tr>\n<tr>\n<td height=\"18\">PB-YZ0602<\/td>\n<td>100 ml<\/td>\n<td>59 * 103 mm<\/td>\n<td>Cristallo<\/td>\n<td>Collo a crimpare da 15 mm + spruzzatore<\/td>\n<td>Trasparente + Argento\/Nero<\/td>\n<\/tr>\n<\/tbody>\n<\/table>\n<h2>Suggerimenti per l'imballaggio<\/h2>\n<p>Il marchio indipendente Bloom &amp; Mist ha lanciato la sua collezione di profumi unisex con la nostra bottiglia di profumo PB-YZ0601 (50 ml). Hanno personalizzato i tappi con una finitura in oro rosa e hanno aggiunto un'etichetta minimalista, che ha contribuito ad aumentare le vendite di 27% nel primo trimestre.<\/p>\n<h2>Suggerimenti per la personalizzazione:<\/h2>\n<p>Abbinare i colori del marchio: Quando si ordina in grandi quantit\u00e0, i colori dei cappucci devono corrispondere all'identit\u00e0 del vostro marchio.<\/p>\n<p>Tappi: Questi flaconi di profumo possono essere abbinati a tappi spray metallici per un look di lusso.<\/p>\n<p>Finiture: Scegliete una finitura opaca per un look minimalista.<\/p>\n<h2>Perch\u00e9 scegliere le nostre bottiglie di profumo?<\/h2>\n<p>Che abbiate bisogno di flaconi di profumo vuoti per una piccola tiratura o di confezioni cosmetiche personalizzate all'ingrosso, i nostri versatili set di flaconi di profumo vi coprono con tempi rapidi, durata e molto altro.<\/p>\n<p>Avete bisogno di aiuto? Vi guideremo dalla progettazione alla consegna! Ordinate oggi stesso il vostro set di flaconi di profumo a rendere, ottenendo sconti all'ingrosso su ordini commerciali di grandi dimensioni!<\/p>","protected":false},"excerpt":{"rendered":"<p>Elevate il vostro marchio di fragranze con il nostro set di flaconi per profumi. Flaconi di profumo eleganti e personalizzabili, riciclabili per profumi da donna, colonia da uomo e oli aromatici.<\/p>","protected":false},"featured_media":3333,"comment_status":"open","ping_status":"closed","template":"","meta":{"_acf_changed":false,"site-sidebar-layout":"default","site-content-layout":"","ast-site-content-layout":"default","site-content-style":"default","site-sidebar-style":"default","ast-global-header-display":"","ast-banner-title-visibility":"","ast-main-header-display":"","ast-hfb-above-header-display":"","ast-hfb-below-header-display":"","ast-hfb-mobile-header-display":"","site-post-title":"","ast-breadcrumbs-content":"","ast-featured-img":"","footer-sml-layout":"","ast-disable-related-posts":"","theme-transparent-header-meta":"default","adv-header-id-meta":"","stick-header-meta":"","header-above-stick-meta":"","header-main-stick-meta":"","header-below-stick-meta":"","astra-migrate-meta-layouts":"set","ast-page-background-enabled":"default","ast-page-background-meta":{"desktop":{"background-color":"var(--ast-global-color-5)","background-image":"","background-repeat":"repeat","background-position":"center center","background-size":"auto","background-attachment":"scroll","background-type":"","background-media":"","overlay-type":"","overlay-color":"","overlay-opacity":"","overlay-gradient":""},"tablet":{"background-color":"","background-image":"","background-repeat":"repeat","background-position":"center center","background-size":"auto","background-attachment":"scroll","background-type":"","background-media":"","overlay-type":"","overlay-color":"","overlay-opacity":"","overlay-gradient":""},"mobile":{"background-color":"","background-image":"","background-repeat":"repeat","background-position":"center center","background-size":"auto","background-attachment":"scroll","background-type":"","background-media":"","overlay-type":"","overlay-color":"","overlay-opacity":"","overlay-gradient":""}},"ast-content-background-meta":{"desktop":{"background-color":"var(--ast-global-color-4)","background-image":"","background-repeat":"repeat","background-position":"center center","background-size":"auto","background-attachment":"scroll","background-type":"","background-media":"","overlay-type":"","overlay-color":"","overlay-opacity":"","overlay-gradient":""},"tablet":{"background-color":"var(--ast-global-color-4)","background-image":"","background-repeat":"repeat","background-position":"center center","background-size":"auto","background-attachment":"scroll","background-type":"","background-media":"","overlay-type":"","overlay-color":"","overlay-opacity":"","overlay-gradient":""},"mobile":{"background-color":"var(--ast-global-color-4)","background-image":"","background-repeat":"repeat","background-position":"center center","background-size":"auto","background-attachment":"scroll","background-type":"","background-media":"","overlay-type":"","overlay-color":"","overlay-opacity":"","overlay-gradient":""}}},"product_brand":[],"product_cat":[72,91,41,37],"product_tag":[],"class_list":{"0":"post-3325","1":"product","2":"type-product","3":"status-publish","4":"has-post-thumbnail","6":"product_cat-cosmetic-packaging","7":"product_cat-custom-perfume-bottles","8":"product_cat-perfume-bottles","9":"product_cat-uncategorized","10":"desktop-align-left","11":"tablet-align-left","12":"mobile-align-left","14":"first","15":"instock","16":"shipping-taxable","17":"product-type-simple"},"acf":[],"jetpack_sharing_enabled":true,"_links":{"self":[{"href":"https:\/\/theperfumebottles.com\/it\/wp-json\/wp\/v2\/product\/3325","targetHints":{"allow":["GET"]}}],"collection":[{"href":"https:\/\/theperfumebottles.com\/it\/wp-json\/wp\/v2\/product"}],"about":[{"href":"https:\/\/theperfumebottles.com\/it\/wp-json\/wp\/v2\/types\/product"}],"replies":[{"embeddable":true,"href":"https:\/\/theperfumebottles.com\/it\/wp-json\/wp\/v2\/comments?post=3325"}],"wp:featuredmedia":[{"embeddable":true,"href":"https:\/\/theperfumebottles.com\/it\/wp-json\/wp\/v2\/media\/3333"}],"wp:attachment":[{"href":"https:\/\/theperfumebottles.com\/it\/wp-json\/wp\/v2\/media?parent=3325"}],"wp:term":[{"taxonomy":"product_brand","embeddable":true,"href":"https:\/\/theperfumebottles.com\/it\/wp-json\/wp\/v2\/product_brand?post=3325"},{"taxonomy":"product_cat","embeddable":true,"href":"https:\/\/theperfumebottles.com\/it\/wp-json\/wp\/v2\/product_cat?post=3325"},{"taxonomy":"product_tag","embeddable":true,"href":"https:\/\/theperfumebottles.com\/it\/wp-json\/wp\/v2\/product_tag?post=3325"}],"curies":[{"name":"wp","href":"https:\/\/api.w.org\/{rel}","templated":true}]}}