{"id":3334,"date":"2025-05-15T04:03:28","date_gmt":"2025-05-15T04:03:28","guid":{"rendered":"https:\/\/theperfumebottles.com\/?post_type=product&#038;p=3334"},"modified":"2025-05-23T10:38:52","modified_gmt":"2025-05-23T02:38:52","slug":"100ml-spray-bottles-bulk-cylinder-perfume-empty-glass-bottles","status":"publish","type":"product","link":"https:\/\/theperfumebottles.com\/it\/prodotto\/100ml-spray-bottles-bulk-cylinder-perfume-empty-glass-bottles\/","title":{"rendered":"Flaconi spray da 100 ml sfusi \u2013 Flaconi di vetro vuoti per profumo cilindrico"},"content":{"rendered":"<p>Che si tratti del lancio di uno spray rinfrescante agli agrumi o di un'acqua di colonia neutra e legnosa, i nostri flaconi cilindrici di vetro vuoti per profumi possono soddisfare diverse esigenze. Il materiale riciclabile \u00e8 preferito dai consumatori rispettosi dell'ambiente e la superficie vuota pu\u00f2 mostrare la personalit\u00e0 del vostro marchio. Avete bisogno di testare un piccolo lotto? Accettiamo ordini di 500 pezzi per aiutare le start-up a ridurre i rischi.<\/p>\n<figure id=\"attachment_3336\" aria-describedby=\"caption-attachment-3336\" style=\"width: 500px\" class=\"wp-caption aligncenter\"><img fetchpriority=\"high\" decoding=\"async\" class=\"wp-image-3336\" src=\"https:\/\/theperfumebottles.com\/wp-content\/uploads\/2025\/05\/100ml-spray-bottles-bulk-yz07.webp\" alt=\"Bottiglie spray da 100 ml alla rinfusa - Bottiglie di vetro vuote per profumi a cilindro\" width=\"500\" height=\"500\" srcset=\"https:\/\/theperfumebottles.com\/wp-content\/uploads\/2025\/05\/100ml-spray-bottles-bulk-yz07.webp 1000w, https:\/\/theperfumebottles.com\/wp-content\/uploads\/2025\/05\/100ml-spray-bottles-bulk-yz07-300x300.webp 300w, https:\/\/theperfumebottles.com\/wp-content\/uploads\/2025\/05\/100ml-spray-bottles-bulk-yz07-150x150.webp 150w, https:\/\/theperfumebottles.com\/wp-content\/uploads\/2025\/05\/100ml-spray-bottles-bulk-yz07-768x768.webp 768w, https:\/\/theperfumebottles.com\/wp-content\/uploads\/2025\/05\/100ml-spray-bottles-bulk-yz07-12x12.webp 12w, https:\/\/theperfumebottles.com\/wp-content\/uploads\/2025\/05\/100ml-spray-bottles-bulk-yz07-600x600.webp 600w, https:\/\/theperfumebottles.com\/wp-content\/uploads\/2025\/05\/100ml-spray-bottles-bulk-yz07-100x100.webp 100w\" sizes=\"(max-width: 500px) 100vw, 500px\" \/><figcaption id=\"caption-attachment-3336\" class=\"wp-caption-text\">Flaconi spray da 100 ml sfusi \u2013 Flaconi di vetro vuoti per profumo cilindrico<\/figcaption><\/figure>\n<h2>Specifiche chiave<\/h2>\n<table style=\"border-collapse: collapse; margin-left: auto; magrin-right: auto; width: 80%;\" border=\"0\" width=\"80%\" cellspacing=\"0\" cellpadding=\"0\">\n<tbody>\n<tr style=\"height: 13.50pt;\">\n<td style=\"height: 13.50pt; width: 93.00pt;\" width=\"124\" height=\"18\"><strong>Modello<\/strong><\/td>\n<td style=\"width: 258.00pt;\" width=\"344\">PB-YZ07<\/td>\n<\/tr>\n<tr style=\"height: 13.50pt;\">\n<td style=\"height: 13.50pt;\" height=\"18\"><strong>Capacit\u00e0<\/strong><\/td>\n<td>100 ml<\/td>\n<\/tr>\n<tr style=\"height: 13.50pt;\">\n<td style=\"height: 13.50pt;\" height=\"18\"><strong>Dimensioni<\/strong><\/td>\n<td>52 mm (diametro) x 98 mm (altezza)<\/td>\n<\/tr>\n<tr style=\"height: 13.50pt;\">\n<td style=\"height: 13.50pt;\" height=\"18\"><strong>Calibro<\/strong><\/td>\n<td>15 millimetri<\/td>\n<\/tr>\n<tr style=\"height: 13.50pt;\">\n<td style=\"height: 13.50pt;\" height=\"18\"><strong>Forma<\/strong><\/td>\n<td>Cilindrico<\/td>\n<\/tr>\n<tr style=\"height: 13.50pt;\">\n<td style=\"height: 13.50pt;\" height=\"18\"><strong>Materiale<\/strong><\/td>\n<td>Vetro cristallo (riciclabile)<\/td>\n<\/tr>\n<tr style=\"height: 13.50pt;\">\n<td style=\"height: 13.50pt;\" height=\"18\"><strong>Tipo di sigillo<\/strong><\/td>\n<td>Collo a crimpare + spruzzatore<\/td>\n<\/tr>\n<tr style=\"height: 13.50pt;\">\n<td style=\"height: 13.50pt;\" height=\"18\"><strong>Opzioni di colore<\/strong><\/td>\n<td>Vetro trasparente, cappuccio nero, personalizzabile<\/td>\n<\/tr>\n<\/tbody>\n<\/table>\n<h2>Suggerimenti per l'imballaggio<\/h2>\n<p>Un marchio di nicchia emergente ha scelto i nostri flaconi cilindrici per la sua linea di acqua di colonia unisex. Il design trasparente mette in risalto il colore della fragranza, mentre la base ponderata trasmette una sensazione di lusso. Il risultato \u00e8 stato un aumento delle vendite di 35% nel primo trimestre e l'acquisizione di 8 partner all'ingrosso.<\/p>\n<h2>Suggerimenti per la personalizzazione dei vostri marchi:<\/h2>\n<ol>\n<li>Cambiate il cappuccio nero con una finitura metallica per adattarlo alla palette di colori del vostro marchio.<\/li>\n<li>Aggiungete una sottile goffratura al vetro per ottenere un marchio tattile<\/li>\n<li>Gli ordini in blocco di flaconi spray da 100 ml riducono i costi unitari<\/li>\n<li>Abbinate a scatole esterne personalizzate per un'esperienza di unboxing ancora pi\u00f9 esclusiva<\/li>\n<li>Abbinate alle etichette opache per un contrasto moderno con il vetro trasparente.<\/li>\n<\/ol>\n<p>Per gli ordini di grandi quantit\u00e0 dei nostri flaconi di profumo in vetro vuoti da 100 ml, chiedete informazioni sui colori personalizzati dei tappi e sugli aggiornamenti degli spruzzatori per far risaltare il vostro profumo. Trasformate la vostra confezione di profumo oggi stesso: lasciateci creare un design che catturi veramente l'essenza del vostro marchio!<\/p>","protected":false},"excerpt":{"rendered":"<p>Flaconi vuoti per profumo cilindrici personalizzabili all'ingrosso. Flaconi spray trasparenti da 100 ml, ordini all'ingrosso, design riciclabile ed elegante per marchi di fragranze.<\/p>","protected":false},"featured_media":3338,"comment_status":"open","ping_status":"closed","template":"","meta":{"_acf_changed":false,"site-sidebar-layout":"default","site-content-layout":"","ast-site-content-layout":"default","site-content-style":"default","site-sidebar-style":"default","ast-global-header-display":"","ast-banner-title-visibility":"","ast-main-header-display":"","ast-hfb-above-header-display":"","ast-hfb-below-header-display":"","ast-hfb-mobile-header-display":"","site-post-title":"","ast-breadcrumbs-content":"","ast-featured-img":"","footer-sml-layout":"","ast-disable-related-posts":"","theme-transparent-header-meta":"default","adv-header-id-meta":"","stick-header-meta":"","header-above-stick-meta":"","header-main-stick-meta":"","header-below-stick-meta":"","astra-migrate-meta-layouts":"set","ast-page-background-enabled":"default","ast-page-background-meta":{"desktop":{"background-color":"var(--ast-global-color-5)","background-image":"","background-repeat":"repeat","background-position":"center center","background-size":"auto","background-attachment":"scroll","background-type":"","background-media":"","overlay-type":"","overlay-color":"","overlay-opacity":"","overlay-gradient":""},"tablet":{"background-color":"","background-image":"","background-repeat":"repeat","background-position":"center center","background-size":"auto","background-attachment":"scroll","background-type":"","background-media":"","overlay-type":"","overlay-color":"","overlay-opacity":"","overlay-gradient":""},"mobile":{"background-color":"","background-image":"","background-repeat":"repeat","background-position":"center center","background-size":"auto","background-attachment":"scroll","background-type":"","background-media":"","overlay-type":"","overlay-color":"","overlay-opacity":"","overlay-gradient":""}},"ast-content-background-meta":{"desktop":{"background-color":"var(--ast-global-color-4)","background-image":"","background-repeat":"repeat","background-position":"center center","background-size":"auto","background-attachment":"scroll","background-type":"","background-media":"","overlay-type":"","overlay-color":"","overlay-opacity":"","overlay-gradient":""},"tablet":{"background-color":"var(--ast-global-color-4)","background-image":"","background-repeat":"repeat","background-position":"center center","background-size":"auto","background-attachment":"scroll","background-type":"","background-media":"","overlay-type":"","overlay-color":"","overlay-opacity":"","overlay-gradient":""},"mobile":{"background-color":"var(--ast-global-color-4)","background-image":"","background-repeat":"repeat","background-position":"center center","background-size":"auto","background-attachment":"scroll","background-type":"","background-media":"","overlay-type":"","overlay-color":"","overlay-opacity":"","overlay-gradient":""}}},"product_brand":[],"product_cat":[72,91,41],"product_tag":[],"class_list":{"0":"post-3334","1":"product","2":"type-product","3":"status-publish","4":"has-post-thumbnail","6":"product_cat-cosmetic-packaging","7":"product_cat-custom-perfume-bottles","8":"product_cat-perfume-bottles","9":"desktop-align-left","10":"tablet-align-left","11":"mobile-align-left","13":"first","14":"instock","15":"shipping-taxable","16":"product-type-simple"},"acf":[],"jetpack_sharing_enabled":true,"_links":{"self":[{"href":"https:\/\/theperfumebottles.com\/it\/wp-json\/wp\/v2\/product\/3334","targetHints":{"allow":["GET"]}}],"collection":[{"href":"https:\/\/theperfumebottles.com\/it\/wp-json\/wp\/v2\/product"}],"about":[{"href":"https:\/\/theperfumebottles.com\/it\/wp-json\/wp\/v2\/types\/product"}],"replies":[{"embeddable":true,"href":"https:\/\/theperfumebottles.com\/it\/wp-json\/wp\/v2\/comments?post=3334"}],"wp:featuredmedia":[{"embeddable":true,"href":"https:\/\/theperfumebottles.com\/it\/wp-json\/wp\/v2\/media\/3338"}],"wp:attachment":[{"href":"https:\/\/theperfumebottles.com\/it\/wp-json\/wp\/v2\/media?parent=3334"}],"wp:term":[{"taxonomy":"product_brand","embeddable":true,"href":"https:\/\/theperfumebottles.com\/it\/wp-json\/wp\/v2\/product_brand?post=3334"},{"taxonomy":"product_cat","embeddable":true,"href":"https:\/\/theperfumebottles.com\/it\/wp-json\/wp\/v2\/product_cat?post=3334"},{"taxonomy":"product_tag","embeddable":true,"href":"https:\/\/theperfumebottles.com\/it\/wp-json\/wp\/v2\/product_tag?post=3334"}],"curies":[{"name":"wp","href":"https:\/\/api.w.org\/{rel}","templated":true}]}}