{"id":3897,"date":"2025-06-13T17:04:32","date_gmt":"2025-06-13T09:04:32","guid":{"rendered":"https:\/\/theperfumebottles.com\/?post_type=product&#038;p=3897"},"modified":"2025-06-17T09:38:58","modified_gmt":"2025-06-17T01:38:58","slug":"elegant-perfume-beautiful-bottle-with-glass-design","status":"publish","type":"product","link":"https:\/\/theperfumebottles.com\/it\/prodotto\/elegant-perfume-beautiful-bottle-with-glass-design\/","title":{"rendered":"Profumo elegante da 50 ml e 100 ml, bellissima bottiglia con design in vetro"},"content":{"rendered":"<p>Se stai cercando un profumo in un flacone elegante che unisca un&#039;eleganza senza tempo alla praticit\u00e0 moderna, queste bottiglie di vetro sono esattamente ci\u00f2 che ti serve. Che tu stia lanciando una nuova linea di fragranze o rinnovando il tuo packaging attuale, queste bottiglie possono migliorare l&#039;immagine del tuo marchio.<\/p>\n<h2>Specifiche chiave<\/h2>\n<table style=\"border-collapse: collapse;margin-left: auto;margin-right: auto;width: 80%\" border=\"0\" width=\"80%\" cellspacing=\"0\" cellpadding=\"0\">\n<tbody>\n<tr style=\"height: 13.50pt\">\n<td style=\"height: 13.50pt;width: 81.00pt\" width=\"108\" height=\"18\">Modello<\/td>\n<td style=\"width: 70.50pt\" width=\"94\">Capacit\u00e0<\/td>\n<td style=\"width: 93.00pt\" width=\"124\">Forma<\/td>\n<td style=\"width: 102.00pt\" width=\"136\">Dimensioni (mm)<\/td>\n<td style=\"width: 102.75pt\" width=\"137\">Diametro del collo<\/td>\n<td style=\"width: 193.50pt\" width=\"258\">Metodo di sigillatura<\/td>\n<td style=\"width: 105.75pt\" width=\"141\">Materiale<\/td>\n<td style=\"width: 104.25pt\" width=\"139\">Colore<\/td>\n<\/tr>\n<tr style=\"height: 13.50pt\">\n<td style=\"height: 13.50pt\" height=\"18\">PB-YZ1604<\/td>\n<td>50 ml<\/td>\n<td>Cilindrico<\/td>\n<td>37 \u00d7 98<\/td>\n<td>15 millimetri<\/td>\n<td>Collo a crimpare + spruzzatore<\/td>\n<td>Cristallo<\/td>\n<td>Personalizzabile<\/td>\n<\/tr>\n<tr style=\"height: 13.50pt\">\n<td style=\"height: 13.50pt\" height=\"18\">PB-YZ1605<\/td>\n<td>50 ml<\/td>\n<td>Cilindrico<\/td>\n<td>32 \u00d7 137<\/td>\n<td>15 millimetri<\/td>\n<td>Collo a crimpare + spruzzatore<\/td>\n<td>Cristallo<\/td>\n<td>Personalizzabile<\/td>\n<\/tr>\n<tr style=\"height: 13.50pt\">\n<td style=\"height: 13.50pt\" height=\"18\">PB-YZ1606<\/td>\n<td>100 ml<\/td>\n<td>Cilindrico<\/td>\n<td>39 \u00d7 159<\/td>\n<td>15 millimetri<\/td>\n<td>Collo a crimpare + spruzzatore<\/td>\n<td>Cristallo<\/td>\n<td>Personalizzabile<\/td>\n<\/tr>\n<\/tbody>\n<\/table>\n<h2>Caso di studio reale<\/h2>\n<p>Un marchio di profumi boutique di Parigi ha lanciato la sua fragranza unisex distintiva con questo splendido flacone. Hanno scelto una delicata tonalit\u00e0 lavanda, abbinata a un tappo spray in argento spazzolato e a un logo minimalista. Il risultato? Il loro prodotto si \u00e8 distinto sugli scaffali, ha attirato l&#039;attenzione online e ha registrato un aumento del 40% degli ordini all&#039;ingrosso in pochi mesi.<\/p>\n<h2>Suggerimenti per creare la tua bottiglia di profumo<\/h2>\n<ul>\n<li><strong>Personalizzazione del colore:<\/strong> Scegli il colore del flacone in base alla fragranza (ad esempio rosa tenue per una fragranza floreale e marrone scuro per una fragranza legnosa) per rendere l&#039;aspetto e la fragranza pi\u00f9 abbinati.<\/li>\n<li><strong>Logo del marchio:<\/strong> \u00c8 possibile serigrafare il LOGO o inciderlo al laser sulla bottiglia per migliorare il riconoscimento del marchio.<\/li>\n<li><strong>Dettagli del materiale:<\/strong> Scegli tappi per bottiglie opachi\/elettroplaccati ed etichette con texture metallica per aumentare il senso di lusso.<\/li>\n<li><strong>Imballaggi ecocompatibili:<\/strong> Abbina scatole di carta riciclabile e fodera personalizzata per creare un&#039;immagine di marca ecologica.<\/li>\n<li><strong>Supporto per la personalizzazione in blocco:<\/strong> Supportiamo grandi ordini e servizi OEM, prezzi migliori e forniture stabili.<\/li>\n<\/ul>\n<h2>Perch\u00e9 scegliere Minghang come produttore di profumi?<\/h2>\n<p>Scegliere Minghang significa affidarsi a un produttore di profumi completo che unisce professionalit\u00e0, garanzia di qualit\u00e0 e flessibilit\u00e0 di personalizzazione. Comprendiamo le esigenze dei marchi e i ritmi del mercato. Non solo forniamo servizi completi, dalla progettazione alla produzione, ma utilizziamo anche materiali ecocompatibili, rigorosi controlli di qualit\u00e0 e prezzi all&#039;ingrosso competitivi per aiutarvi a creare in modo efficiente fragranze uniche e a far s\u00ec che il vostro marchio si distingua sul mercato.<\/p>","protected":false},"excerpt":{"rendered":"<p>Bellissimo flacone di profumo realizzato in vetro di alta qualit\u00e0. Elegante design da 100 ml, ideale come regalo o confezione all&#039;ingrosso per profumi.<\/p>","protected":false},"featured_media":3903,"comment_status":"open","ping_status":"closed","template":"","meta":{"_acf_changed":false,"site-sidebar-layout":"default","site-content-layout":"","ast-site-content-layout":"default","site-content-style":"default","site-sidebar-style":"default","ast-global-header-display":"","ast-banner-title-visibility":"","ast-main-header-display":"","ast-hfb-above-header-display":"","ast-hfb-below-header-display":"","ast-hfb-mobile-header-display":"","site-post-title":"","ast-breadcrumbs-content":"","ast-featured-img":"","footer-sml-layout":"","ast-disable-related-posts":"","theme-transparent-header-meta":"default","adv-header-id-meta":"","stick-header-meta":"","header-above-stick-meta":"","header-main-stick-meta":"","header-below-stick-meta":"","astra-migrate-meta-layouts":"set","ast-page-background-enabled":"default","ast-page-background-meta":{"desktop":{"background-color":"var(--ast-global-color-5)","background-image":"","background-repeat":"repeat","background-position":"center center","background-size":"auto","background-attachment":"scroll","background-type":"","background-media":"","overlay-type":"","overlay-color":"","overlay-opacity":"","overlay-gradient":""},"tablet":{"background-color":"","background-image":"","background-repeat":"repeat","background-position":"center center","background-size":"auto","background-attachment":"scroll","background-type":"","background-media":"","overlay-type":"","overlay-color":"","overlay-opacity":"","overlay-gradient":""},"mobile":{"background-color":"","background-image":"","background-repeat":"repeat","background-position":"center center","background-size":"auto","background-attachment":"scroll","background-type":"","background-media":"","overlay-type":"","overlay-color":"","overlay-opacity":"","overlay-gradient":""}},"ast-content-background-meta":{"desktop":{"background-color":"var(--ast-global-color-4)","background-image":"","background-repeat":"repeat","background-position":"center center","background-size":"auto","background-attachment":"scroll","background-type":"","background-media":"","overlay-type":"","overlay-color":"","overlay-opacity":"","overlay-gradient":""},"tablet":{"background-color":"var(--ast-global-color-4)","background-image":"","background-repeat":"repeat","background-position":"center center","background-size":"auto","background-attachment":"scroll","background-type":"","background-media":"","overlay-type":"","overlay-color":"","overlay-opacity":"","overlay-gradient":""},"mobile":{"background-color":"var(--ast-global-color-4)","background-image":"","background-repeat":"repeat","background-position":"center center","background-size":"auto","background-attachment":"scroll","background-type":"","background-media":"","overlay-type":"","overlay-color":"","overlay-opacity":"","overlay-gradient":""}}},"product_brand":[],"product_cat":[72,91,41],"product_tag":[49],"class_list":{"0":"post-3897","1":"product","2":"type-product","3":"status-publish","4":"has-post-thumbnail","6":"product_cat-cosmetic-packaging","7":"product_cat-custom-perfume-bottles","8":"product_cat-perfume-bottles","9":"product_tag-perfume-bottles","10":"desktop-align-left","11":"tablet-align-left","12":"mobile-align-left","14":"first","15":"instock","16":"shipping-taxable","17":"product-type-simple"},"acf":[],"jetpack_sharing_enabled":true,"_links":{"self":[{"href":"https:\/\/theperfumebottles.com\/it\/wp-json\/wp\/v2\/product\/3897","targetHints":{"allow":["GET"]}}],"collection":[{"href":"https:\/\/theperfumebottles.com\/it\/wp-json\/wp\/v2\/product"}],"about":[{"href":"https:\/\/theperfumebottles.com\/it\/wp-json\/wp\/v2\/types\/product"}],"replies":[{"embeddable":true,"href":"https:\/\/theperfumebottles.com\/it\/wp-json\/wp\/v2\/comments?post=3897"}],"wp:featuredmedia":[{"embeddable":true,"href":"https:\/\/theperfumebottles.com\/it\/wp-json\/wp\/v2\/media\/3903"}],"wp:attachment":[{"href":"https:\/\/theperfumebottles.com\/it\/wp-json\/wp\/v2\/media?parent=3897"}],"wp:term":[{"taxonomy":"product_brand","embeddable":true,"href":"https:\/\/theperfumebottles.com\/it\/wp-json\/wp\/v2\/product_brand?post=3897"},{"taxonomy":"product_cat","embeddable":true,"href":"https:\/\/theperfumebottles.com\/it\/wp-json\/wp\/v2\/product_cat?post=3897"},{"taxonomy":"product_tag","embeddable":true,"href":"https:\/\/theperfumebottles.com\/it\/wp-json\/wp\/v2\/product_tag?post=3897"}],"curies":[{"name":"wp","href":"https:\/\/api.w.org\/{rel}","templated":true}]}}