{"id":4002,"date":"2025-06-17T18:06:19","date_gmt":"2025-06-17T10:06:19","guid":{"rendered":"https:\/\/theperfumebottles.com\/?post_type=product&#038;p=4002"},"modified":"2025-06-17T18:06:21","modified_gmt":"2025-06-17T10:06:21","slug":"wholesale-perfume-bottles-bulk-perfume-bottles-supplier","status":"publish","type":"product","link":"https:\/\/theperfumebottles.com\/it\/prodotto\/wholesale-perfume-bottles-bulk-perfume-bottles-supplier\/","title":{"rendered":"Flaconi di profumo all&#039;ingrosso da 100 ml | Flaconi di profumo incisi all&#039;ingrosso"},"content":{"rendered":"<p>Stai cercando ottimi flaconi per profumi all'ingrosso di recente? Il vetro cristallo \u00e8 cos\u00ec trasparente che puoi vedere il tuo riflesso, e la superficie \u00e8 incisa con eleganti motivi a X, che emanano un senso di lusso. Che tu sia un brand manager che ha appena lanciato una nuova fragranza, o un distributore che vuole migliorare la \u201cconfezione di lusso\u201d di un modello classico, questo flacone non solo pu\u00f2 contenere l'anima del profumo, ma ti aiuta anche a ridurre i costi e migliorare la qualit\u00e0. Perch\u00e9 non aggiungerlo alla tua \u201clista fornitori fidati\u201d?<\/p>\n<h2>Specifiche chiave<\/h2>\n<table style=\"border-collapse: collapse; margin-left: auto; margin-right: auto; width: 80%;\" border=\"0\" width=\"80%\" cellspacing=\"0\" cellpadding=\"0\">\n<tbody>\n<tr style=\"height: 13.50pt;\">\n<td style=\"height: 13.50pt; width: 61.50pt;\" width=\"82\" height=\"18\">Caratteristica<\/td>\n<td style=\"width: 175.50pt;\" width=\"234\">Dettaglio<\/td>\n<\/tr>\n<tr style=\"height: 13.50pt;\">\n<td style=\"height: 13.50pt;\" height=\"18\">Capacit\u00e0<\/td>\n<td>100 ml<\/td>\n<\/tr>\n<tr style=\"height: 13.50pt;\">\n<td style=\"height: 13.50pt;\" height=\"18\">Forma<\/td>\n<td>Rettangolare<\/td>\n<\/tr>\n<tr style=\"height: 13.50pt;\">\n<td style=\"height: 13.50pt;\" height=\"18\">Dimensioni<\/td>\n<td>55.5 x 36.5 x 102 mm<\/td>\n<\/tr>\n<tr style=\"height: 13.50pt;\">\n<td style=\"height: 13.50pt;\" height=\"18\">Materiale<\/td>\n<td>Cristallo<\/td>\n<\/tr>\n<tr style=\"height: 13.50pt;\">\n<td style=\"height: 13.50pt;\" height=\"18\">Colore<\/td>\n<td>Completamente personalizzabile<\/td>\n<\/tr>\n<tr style=\"height: 13.50pt;\">\n<td style=\"height: 13.50pt;\" height=\"18\">Tipo di sigillo<\/td>\n<td>Collo a crimpare + spruzzatore<\/td>\n<\/tr>\n<tr style=\"height: 13.50pt;\">\n<td style=\"height: 13.50pt;\" height=\"18\">Uso Ideale<\/td>\n<td>Fragranza, colonia<\/td>\n<\/tr>\n<\/tbody>\n<\/table>\n<h2>Caso di successo reale<\/h2>\n<p>Uno dei nostri clienti, un marchio di profumi di nicchia, desiderava distinguersi in una grande mostra di bellezza. Hanno scelto la nostra bottiglia di profumo in vetro satinato personalizzata e inciso il logo del marchio. Il prodotto finale ha fatto una splendida figura nell'esposizione e li ha aiutati a ricevere numerosi ordini. I clienti hanno elogiato la texture di alta gamma e i materiali ecologici, dimostrando che un packaging cosmetico di alta qualit\u00e0 pu\u00f2 effettivamente apportare miglioramenti significativi.<\/p>\n<h2>Consigli di personalizzazione per renderla tua<\/h2>\n<p>Vuoi che il tuo marchio risplenda nel packaging? Ecco come sfruttarlo al meglio:<\/p>\n<ul>\n<li>Scegli un colore pieno o sfumato che corrisponda al colore principale del tuo marchio per rendere la bottiglia immediatamente riconoscibile e farla risplendere come un \"portavoce del marchio\"~<\/li>\n<li>Utilizza l'incisione laser o la stampa UV per fissare l'impronta del tuo marchio e portare la tua sofisticazione all'estremo!<\/li>\n<li>Prova finiture opache o variazioni di motivo per creare un look distintivo per il tuo profumo.<\/li>\n<li>Abbinalo a un packaging ecologico per migliorare la tua immagine green.<\/li>\n<\/ul>\n<h2 data-start=\"132\" data-end=\"398\"><strong data-start=\"132\" data-end=\"189\">Pronto a portare il tuo brand di fragranze al livello successivo?<\/strong><\/h2>\n<p data-start=\"132\" data-end=\"398\">Il flacone giusto fa pi\u00f9 che contenere il tuo prodotto \u2014 d\u00e0 vita al tuo brand. I nostri flaconi per profumi all'ingrosso combinano un design elegante con una qualit\u00e0 affidabile, aiutando il tuo profumo a distinguersi su ogni scaffale.<\/p>\n<p data-start=\"400\" data-end=\"573\">D\u00ec addio ai packaging generici. Con le nostre opzioni di flaconi per profumi all'ingrosso, puoi creare design personalizzati che riflettano la tua visione, i tuoi valori e la tua creativit\u00e0 unici. Creiamo insieme un packaging che racconti la tua storia.<\/p>","protected":false},"excerpt":{"rendered":"<p>Flaconi per profumi all'ingrosso di alta qualit\u00e0, disponibili all'ingrosso. Ideali per marchi e distributori. Opzioni personalizzate, spedizione rapida e prezzi direttamente dalla fabbrica.<\/p>","protected":false},"featured_media":4007,"comment_status":"open","ping_status":"closed","template":"","meta":{"_acf_changed":false,"site-sidebar-layout":"default","site-content-layout":"","ast-site-content-layout":"default","site-content-style":"default","site-sidebar-style":"default","ast-global-header-display":"","ast-banner-title-visibility":"","ast-main-header-display":"","ast-hfb-above-header-display":"","ast-hfb-below-header-display":"","ast-hfb-mobile-header-display":"","site-post-title":"","ast-breadcrumbs-content":"","ast-featured-img":"","footer-sml-layout":"","ast-disable-related-posts":"","theme-transparent-header-meta":"default","adv-header-id-meta":"","stick-header-meta":"","header-above-stick-meta":"","header-main-stick-meta":"","header-below-stick-meta":"","astra-migrate-meta-layouts":"set","ast-page-background-enabled":"default","ast-page-background-meta":{"desktop":{"background-color":"var(--ast-global-color-5)","background-image":"","background-repeat":"repeat","background-position":"center center","background-size":"auto","background-attachment":"scroll","background-type":"","background-media":"","overlay-type":"","overlay-color":"","overlay-opacity":"","overlay-gradient":""},"tablet":{"background-color":"","background-image":"","background-repeat":"repeat","background-position":"center center","background-size":"auto","background-attachment":"scroll","background-type":"","background-media":"","overlay-type":"","overlay-color":"","overlay-opacity":"","overlay-gradient":""},"mobile":{"background-color":"","background-image":"","background-repeat":"repeat","background-position":"center center","background-size":"auto","background-attachment":"scroll","background-type":"","background-media":"","overlay-type":"","overlay-color":"","overlay-opacity":"","overlay-gradient":""}},"ast-content-background-meta":{"desktop":{"background-color":"var(--ast-global-color-4)","background-image":"","background-repeat":"repeat","background-position":"center center","background-size":"auto","background-attachment":"scroll","background-type":"","background-media":"","overlay-type":"","overlay-color":"","overlay-opacity":"","overlay-gradient":""},"tablet":{"background-color":"var(--ast-global-color-4)","background-image":"","background-repeat":"repeat","background-position":"center center","background-size":"auto","background-attachment":"scroll","background-type":"","background-media":"","overlay-type":"","overlay-color":"","overlay-opacity":"","overlay-gradient":""},"mobile":{"background-color":"var(--ast-global-color-4)","background-image":"","background-repeat":"repeat","background-position":"center center","background-size":"auto","background-attachment":"scroll","background-type":"","background-media":"","overlay-type":"","overlay-color":"","overlay-opacity":"","overlay-gradient":""}}},"product_brand":[],"product_cat":[72,91,41],"product_tag":[49],"class_list":{"0":"post-4002","1":"product","2":"type-product","3":"status-publish","4":"has-post-thumbnail","6":"product_cat-cosmetic-packaging","7":"product_cat-custom-perfume-bottles","8":"product_cat-perfume-bottles","9":"product_tag-perfume-bottles","10":"desktop-align-left","11":"tablet-align-left","12":"mobile-align-left","14":"first","15":"instock","16":"shipping-taxable","17":"product-type-simple"},"acf":[],"jetpack_sharing_enabled":true,"_links":{"self":[{"href":"https:\/\/theperfumebottles.com\/it\/wp-json\/wp\/v2\/product\/4002","targetHints":{"allow":["GET"]}}],"collection":[{"href":"https:\/\/theperfumebottles.com\/it\/wp-json\/wp\/v2\/product"}],"about":[{"href":"https:\/\/theperfumebottles.com\/it\/wp-json\/wp\/v2\/types\/product"}],"replies":[{"embeddable":true,"href":"https:\/\/theperfumebottles.com\/it\/wp-json\/wp\/v2\/comments?post=4002"}],"wp:featuredmedia":[{"embeddable":true,"href":"https:\/\/theperfumebottles.com\/it\/wp-json\/wp\/v2\/media\/4007"}],"wp:attachment":[{"href":"https:\/\/theperfumebottles.com\/it\/wp-json\/wp\/v2\/media?parent=4002"}],"wp:term":[{"taxonomy":"product_brand","embeddable":true,"href":"https:\/\/theperfumebottles.com\/it\/wp-json\/wp\/v2\/product_brand?post=4002"},{"taxonomy":"product_cat","embeddable":true,"href":"https:\/\/theperfumebottles.com\/it\/wp-json\/wp\/v2\/product_cat?post=4002"},{"taxonomy":"product_tag","embeddable":true,"href":"https:\/\/theperfumebottles.com\/it\/wp-json\/wp\/v2\/product_tag?post=4002"}],"curies":[{"name":"wp","href":"https:\/\/api.w.org\/{rel}","templated":true}]}}