{"id":4018,"date":"2025-06-19T18:09:53","date_gmt":"2025-06-19T10:09:53","guid":{"rendered":"https:\/\/theperfumebottles.com\/?post_type=product&#038;p=4018"},"modified":"2025-06-19T18:09:55","modified_gmt":"2025-06-19T10:09:55","slug":"empty-amber-essential-oil-bottles-wholesale","status":"publish","type":"product","link":"https:\/\/theperfumebottles.com\/it\/prodotto\/empty-amber-essential-oil-bottles-wholesale\/","title":{"rendered":"Bottiglie di olio essenziale vuote ambrate da 50 ml e 100 ml all&#039;ingrosso"},"content":{"rendered":"<p>Scegli noi per la vendita all'ingrosso di flaconi per oli essenziali! I flaconi vuoti per oli essenziali sono realizzati in vetro ambra resistente ai raggi UV per proteggere gli oli essenziali dalla decomposizione causata dalla luce. L'elegante flacone \u00e8 adatto per il packaging di marca e supporta la personalizzazione. Si preferiscono grandi quantit\u00e0 per soddisfare le tue esigenze di acquisto all'ingrosso!<\/p>\n<h2>Specifiche chiave<\/h2>\n<table style=\"border-collapse: collapse; margin-left: auto; margin-right: auto; width: 80%;\" border=\"0\" width=\"80%\" cellspacing=\"0\" cellpadding=\"0\">\n<tbody>\n<tr style=\"height: 13.50pt;\">\n<td style=\"height: 13.50pt; width: 122.25pt;\" width=\"163\" height=\"18\">Specifica<\/td>\n<td style=\"width: 259.50pt;\" width=\"346\">Dettagli<\/td>\n<\/tr>\n<tr style=\"height: 13.50pt;\">\n<td style=\"height: 13.50pt;\" height=\"18\">Materiale<\/td>\n<td>Vetro (Ambra)<\/td>\n<\/tr>\n<tr style=\"height: 13.50pt;\">\n<td style=\"height: 13.50pt;\" height=\"18\">Opzioni di capacit\u00e0<\/td>\n<td>50ml \/ 100ml<\/td>\n<\/tr>\n<tr style=\"height: 13.50pt;\">\n<td style=\"height: 13.50pt;\" height=\"18\">Tipo di tappo<\/td>\n<td>Tappo a vite \/ contagocce \/ spray<\/td>\n<\/tr>\n<tr style=\"height: 13.50pt;\">\n<td style=\"height: 13.50pt;\" height=\"18\">Forma della bottiglia<\/td>\n<td>Cilindrico \/ Rotondo \/ Quadrato (opzionale)<\/td>\n<\/tr>\n<tr style=\"height: 13.50pt;\">\n<td style=\"height: 13.50pt;\" height=\"18\">Utilizzo<\/td>\n<td>Oli essenziali, oli profumati, miscele<\/td>\n<\/tr>\n<tr style=\"height: 13.50pt;\">\n<td style=\"height: 13.50pt;\" height=\"18\">Finitura superficiale<\/td>\n<td>Liscio, adatto per etichette<\/td>\n<\/tr>\n<tr style=\"height: 13.50pt;\">\n<td style=\"height: 13.50pt;\" height=\"18\">Personalizzazione<\/td>\n<td>Stampa del logo, colore, stile del tappo<\/td>\n<\/tr>\n<\/tbody>\n<\/table>\n<h2>Caso di studio reale<\/h2>\n<p>Uno dei nostri clienti abituali \u00e8 un piccolo marchio australiano di prodotti naturali per la salute che desiderava lanciare una nuova gamma di spray per aromaterapia. Hanno scelto le nostre bottiglie all'ingrosso da 50 ml per oli essenziali con tappi blu cobalto personalizzati e loghi in rilievo.<\/p>\n<p>Entro sei settimane, le loro vendite sono aumentate del 20%. Ci hanno detto: \u201cLe bottiglie conferiscono ai nostri prodotti un aspetto premium senza compromettere il nostro budget.\u201d<\/p>\n<p>Questa \u00e8 la bellezza di un packaging intelligente \u2013 e tutto inizia con la bottiglia giusta.\u3001<\/p>\n<h2>Suggerimenti per l'imballaggio<\/h2>\n<p>Vuoi rendere questa bottiglia veramente tua? Comprendiamo l'investimento nel tuo marchio, quindi ti offriamo servizi di personalizzazione completi per aiutarti a creare l'aspetto migliore per il tuo packaging e mostrare il fascino del tuo brand!<\/p>\n<ul>\n<li><strong>Scegli il tuo colore:<\/strong> ambra classica, che mostra una texture di alta gamma. Se desideri uno stile diverso, puoi scegliere finiture verdi, blu, rosa e traslucide. Ognuna pu\u00f2 complementare il temperamento del tuo marchio!<\/li>\n<li><strong>Tappo della bottiglia con motivo:<\/strong> Se preferisci una texture piena, puoi scegliere il tappo a vite in metallo liscio; se cerchi semplicit\u00e0 e discrezione, il tappo a vite in plastica opaca \u00e8 un'ottima scelta; se vuoi optare per una soluzione naturale ed ecologica, il tappo a vite in legno effetto legno \u00e8 perfetto!<\/li>\n<li><strong>Logo del marchio:<\/strong> Vuoi rendere il logo del tuo marchio particolarmente accattivante? Sono disponibili serigrafia, goffratura, etichette adesive. Indipendentemente dal processo scelto, il tuo logo potr\u00e0 essere saldamente \u201cintegrato\u201d sulla bottiglia, rendendolo memorabile a colpo d'occhio!<\/li>\n<\/ul>\n<h2>Riepilogo<\/h2>\n<p>Che tu voglia acquistare all'ingrosso un lotto di bottiglie per oli essenziali economiche per lanciare rapidamente la tua linea di prodotti, o che tu voglia personalizzare una serie di confezioni per bottiglie vuote \u201cindimenticabili\u201d per una linea di oli essenziali esistente, siamo disposti a essere il tuo \u201cpartner dietro le quinte\u201d. Dalla scelta delle dimensioni alla scelta del design, dai suggerimenti sui materiali alle modifiche del processo, se hai dubbi o idee, faccelo sapere \u2013 il nostro team \u00e8 sempre pronto ad aiutarti a trasformare la \u201cforma ideale\u201d nella tua mente in una \u201csorpresa\u201d che i clienti possono toccare.<\/p>","protected":false},"excerpt":{"rendered":"<p>Flaconi per oli essenziali vuoti di alta qualit\u00e0, disponibili all'ingrosso. Ideali per aromaterapia, oli essenziali e confezioni a marchio privato.<\/p>","protected":false},"featured_media":4038,"comment_status":"open","ping_status":"closed","template":"","meta":{"_acf_changed":false,"site-sidebar-layout":"default","site-content-layout":"","ast-site-content-layout":"default","site-content-style":"default","site-sidebar-style":"default","ast-global-header-display":"","ast-banner-title-visibility":"","ast-main-header-display":"","ast-hfb-above-header-display":"","ast-hfb-below-header-display":"","ast-hfb-mobile-header-display":"","site-post-title":"","ast-breadcrumbs-content":"","ast-featured-img":"","footer-sml-layout":"","ast-disable-related-posts":"","theme-transparent-header-meta":"default","adv-header-id-meta":"","stick-header-meta":"","header-above-stick-meta":"","header-main-stick-meta":"","header-below-stick-meta":"","astra-migrate-meta-layouts":"set","ast-page-background-enabled":"default","ast-page-background-meta":{"desktop":{"background-color":"var(--ast-global-color-5)","background-image":"","background-repeat":"repeat","background-position":"center center","background-size":"auto","background-attachment":"scroll","background-type":"","background-media":"","overlay-type":"","overlay-color":"","overlay-opacity":"","overlay-gradient":""},"tablet":{"background-color":"","background-image":"","background-repeat":"repeat","background-position":"center center","background-size":"auto","background-attachment":"scroll","background-type":"","background-media":"","overlay-type":"","overlay-color":"","overlay-opacity":"","overlay-gradient":""},"mobile":{"background-color":"","background-image":"","background-repeat":"repeat","background-position":"center center","background-size":"auto","background-attachment":"scroll","background-type":"","background-media":"","overlay-type":"","overlay-color":"","overlay-opacity":"","overlay-gradient":""}},"ast-content-background-meta":{"desktop":{"background-color":"var(--ast-global-color-4)","background-image":"","background-repeat":"repeat","background-position":"center center","background-size":"auto","background-attachment":"scroll","background-type":"","background-media":"","overlay-type":"","overlay-color":"","overlay-opacity":"","overlay-gradient":""},"tablet":{"background-color":"var(--ast-global-color-4)","background-image":"","background-repeat":"repeat","background-position":"center center","background-size":"auto","background-attachment":"scroll","background-type":"","background-media":"","overlay-type":"","overlay-color":"","overlay-opacity":"","overlay-gradient":""},"mobile":{"background-color":"var(--ast-global-color-4)","background-image":"","background-repeat":"repeat","background-position":"center center","background-size":"auto","background-attachment":"scroll","background-type":"","background-media":"","overlay-type":"","overlay-color":"","overlay-opacity":"","overlay-gradient":""}}},"product_brand":[],"product_cat":[57,72,62],"product_tag":[],"class_list":{"0":"post-4018","1":"product","2":"type-product","3":"status-publish","4":"has-post-thumbnail","6":"product_cat-essential-oil-bottles","7":"product_cat-cosmetic-packaging","8":"product_cat-cosmetic-containers","9":"desktop-align-left","10":"tablet-align-left","11":"mobile-align-left","13":"first","14":"instock","15":"shipping-taxable","16":"product-type-simple"},"acf":[],"jetpack_sharing_enabled":true,"_links":{"self":[{"href":"https:\/\/theperfumebottles.com\/it\/wp-json\/wp\/v2\/product\/4018","targetHints":{"allow":["GET"]}}],"collection":[{"href":"https:\/\/theperfumebottles.com\/it\/wp-json\/wp\/v2\/product"}],"about":[{"href":"https:\/\/theperfumebottles.com\/it\/wp-json\/wp\/v2\/types\/product"}],"replies":[{"embeddable":true,"href":"https:\/\/theperfumebottles.com\/it\/wp-json\/wp\/v2\/comments?post=4018"}],"wp:featuredmedia":[{"embeddable":true,"href":"https:\/\/theperfumebottles.com\/it\/wp-json\/wp\/v2\/media\/4038"}],"wp:attachment":[{"href":"https:\/\/theperfumebottles.com\/it\/wp-json\/wp\/v2\/media?parent=4018"}],"wp:term":[{"taxonomy":"product_brand","embeddable":true,"href":"https:\/\/theperfumebottles.com\/it\/wp-json\/wp\/v2\/product_brand?post=4018"},{"taxonomy":"product_cat","embeddable":true,"href":"https:\/\/theperfumebottles.com\/it\/wp-json\/wp\/v2\/product_cat?post=4018"},{"taxonomy":"product_tag","embeddable":true,"href":"https:\/\/theperfumebottles.com\/it\/wp-json\/wp\/v2\/product_tag?post=4018"}],"curies":[{"name":"wp","href":"https:\/\/api.w.org\/{rel}","templated":true}]}}