{"id":4274,"date":"2025-06-27T09:35:18","date_gmt":"2025-06-27T01:35:18","guid":{"rendered":"https:\/\/theperfumebottles.com\/?post_type=product&#038;p=4274"},"modified":"2025-06-27T09:35:20","modified_gmt":"2025-06-27T01:35:20","slug":"custom-bulk-perfume-bottles-glass-packaging-deals","status":"publish","type":"product","link":"https:\/\/theperfumebottles.com\/it\/prodotto\/custom-bulk-perfume-bottles-glass-packaging-deals\/","title":{"rendered":"Flaconi di profumo personalizzati all&#039;ingrosso da 30 ml, 50 ml e 100 ml - Offerte di imballaggi in vetro"},"content":{"rendered":"<p>Volete ordinare flaconi di profumo all&#039;ingrosso? Con i nostri flaconi vuoti non potete sbagliare! Qualit\u00e0 eccellente, design semplice ed elegante, solo un&#039;etichetta e qualche decorazione li renderanno speciali. Lancio di nuovi prodotti o riassortimento, tutto facile!<\/p>\n<h2>Specifiche chiave<\/h2>\n<table style=\"border-collapse: collapse;margin-left: auto;margin-right: auto;width: 80%\" border=\"0\" width=\"80%\" cellspacing=\"0\" cellpadding=\"0\">\n<tbody>\n<tr style=\"height: 13.50pt\">\n<td style=\"height: 13.50pt;width: 103.50pt\" width=\"138\" height=\"18\">Caratteristica<\/td>\n<td style=\"width: 186.75pt\" width=\"249\">Dettagli<\/td>\n<\/tr>\n<tr style=\"height: 13.50pt\">\n<td style=\"height: 13.50pt\" height=\"18\">Materiale<\/td>\n<td>Cristallo<\/td>\n<\/tr>\n<tr style=\"height: 13.50pt\">\n<td style=\"height: 13.50pt\" height=\"18\">Forma<\/td>\n<td>Rettangolare<\/td>\n<\/tr>\n<tr style=\"height: 13.50pt\">\n<td style=\"height: 13.50pt\" height=\"18\">Capacit\u00e0<\/td>\n<td>30 ml\/50 ml\/100 ml<\/td>\n<\/tr>\n<tr style=\"height: 13.50pt\">\n<td style=\"height: 13.50pt\" height=\"18\">Tipo di chiusura<\/td>\n<td>\n<article class=\"4ever-article\" data-clipboard-cangjie=\"[&quot;root&quot;,{&quot;copyFrom&quot;:&quot;im-native&quot;},[&quot;p&quot;,{},[&quot;span&quot;,{&quot;data-type&quot;:&quot;text&quot;},[&quot;span&quot;,{&quot;data-type&quot;:&quot;leaf&quot;},&quot;Screw neck&quot;]]]]\">Collo a vite + spruzzatore<\/article>\n<\/td>\n<\/tr>\n<tr style=\"height: 13.50pt\">\n<td style=\"height: 13.50pt\" height=\"18\">Personalizzazione<\/td>\n<td>Disponibili opzioni a colori completi<\/td>\n<\/tr>\n<\/tbody>\n<\/table>\n<h2>Una vera storia di successo<\/h2>\n<p>C&#039;\u00e8 un marchio di profumi boutique che percorre la strada della raffinatezza e vuole creare una fragranza minimalista ed elegante. Hanno scelto i nostri flaconi di profumo vuoti come &#034;tela&#034; e ne hanno ordinato un lotto da 50 ml, decorati con finiture in oro rosa e tenui toni lavanda, che li hanno resi di gran lusso! Il risultato? Questo profumo in edizione limitata \u00e8 andato esaurito in poche settimane dalla sua uscita sugli scaffali, e le piattaforme social ne hanno sfornato recensioni entusiastiche~<\/p>\n<h2>Consigli professionali<\/h2>\n<p>Se i tuoi clienti target amano la semplice bellezza del &#034;less is more&#034;, puoi scegliere una bottiglia con una texture opaca e toni a bassa saturazione; se ti rivolgi al mercato del lusso, puoi aggiungere un tappo di metallo alla bottiglia e un colore intenso come una gemma per rendere l&#039;impatto visivo pi\u00f9 intenso e i clienti non lo dimenticheranno mai a prima vista!<\/p>\n<h2>Vuoi creare la tua boccetta di profumo?<\/h2>\n<p>Che tu stia lanciando una nuova linea di profumi o rinnovando una linea di prodotti esistente, i nostri flaconi in vetro per profumi non solo mantengono lo stile originale, ma si espandono anche in modo flessibile con le tue vendite. Dal colore del flacone allo stile del tappo, puoi personalizzarli a tuo piacimento! Quando la tua attivit\u00e0 crescer\u00e0 sempre di pi\u00f9 e vorrai espandere la tua produzione, possiamo anche aiutarti a trovare facilmente i flaconi per profumi sfusi pi\u00f9 adatti (flaconi per profumi in lotti) che si adattino perfettamente alla vision del tuo marchio.<\/p>\n<p>Unisciti a noi per realizzare un indimenticabile &#034;progetto bottiglia di profumo&#034; per rendere il tuo profumo memorabile fin dalla sua nascita!<\/p>\n<p>&nbsp;<\/p>","protected":false},"excerpt":{"rendered":"<p>Flaconi di profumo sfusi di alta qualit\u00e0 con eleganti coperchi dorati. Ideali per marchi di fragranze, progetti fai da te o soluzioni di imballaggio all&#039;ingrosso.<\/p>","protected":false},"featured_media":4277,"comment_status":"open","ping_status":"closed","template":"","meta":{"_acf_changed":false,"site-sidebar-layout":"default","site-content-layout":"","ast-site-content-layout":"default","site-content-style":"default","site-sidebar-style":"default","ast-global-header-display":"","ast-banner-title-visibility":"","ast-main-header-display":"","ast-hfb-above-header-display":"","ast-hfb-below-header-display":"","ast-hfb-mobile-header-display":"","site-post-title":"","ast-breadcrumbs-content":"","ast-featured-img":"","footer-sml-layout":"","ast-disable-related-posts":"","theme-transparent-header-meta":"default","adv-header-id-meta":"","stick-header-meta":"","header-above-stick-meta":"","header-main-stick-meta":"","header-below-stick-meta":"","astra-migrate-meta-layouts":"set","ast-page-background-enabled":"default","ast-page-background-meta":{"desktop":{"background-color":"var(--ast-global-color-5)","background-image":"","background-repeat":"repeat","background-position":"center center","background-size":"auto","background-attachment":"scroll","background-type":"","background-media":"","overlay-type":"","overlay-color":"","overlay-opacity":"","overlay-gradient":""},"tablet":{"background-color":"","background-image":"","background-repeat":"repeat","background-position":"center center","background-size":"auto","background-attachment":"scroll","background-type":"","background-media":"","overlay-type":"","overlay-color":"","overlay-opacity":"","overlay-gradient":""},"mobile":{"background-color":"","background-image":"","background-repeat":"repeat","background-position":"center center","background-size":"auto","background-attachment":"scroll","background-type":"","background-media":"","overlay-type":"","overlay-color":"","overlay-opacity":"","overlay-gradient":""}},"ast-content-background-meta":{"desktop":{"background-color":"var(--ast-global-color-4)","background-image":"","background-repeat":"repeat","background-position":"center center","background-size":"auto","background-attachment":"scroll","background-type":"","background-media":"","overlay-type":"","overlay-color":"","overlay-opacity":"","overlay-gradient":""},"tablet":{"background-color":"var(--ast-global-color-4)","background-image":"","background-repeat":"repeat","background-position":"center center","background-size":"auto","background-attachment":"scroll","background-type":"","background-media":"","overlay-type":"","overlay-color":"","overlay-opacity":"","overlay-gradient":""},"mobile":{"background-color":"var(--ast-global-color-4)","background-image":"","background-repeat":"repeat","background-position":"center center","background-size":"auto","background-attachment":"scroll","background-type":"","background-media":"","overlay-type":"","overlay-color":"","overlay-opacity":"","overlay-gradient":""}}},"product_brand":[],"product_cat":[72,91,41],"product_tag":[],"class_list":{"0":"post-4274","1":"product","2":"type-product","3":"status-publish","4":"has-post-thumbnail","6":"product_cat-cosmetic-packaging","7":"product_cat-custom-perfume-bottles","8":"product_cat-perfume-bottles","9":"desktop-align-left","10":"tablet-align-left","11":"mobile-align-left","13":"first","14":"instock","15":"shipping-taxable","16":"product-type-simple"},"acf":[],"jetpack_sharing_enabled":true,"_links":{"self":[{"href":"https:\/\/theperfumebottles.com\/it\/wp-json\/wp\/v2\/product\/4274","targetHints":{"allow":["GET"]}}],"collection":[{"href":"https:\/\/theperfumebottles.com\/it\/wp-json\/wp\/v2\/product"}],"about":[{"href":"https:\/\/theperfumebottles.com\/it\/wp-json\/wp\/v2\/types\/product"}],"replies":[{"embeddable":true,"href":"https:\/\/theperfumebottles.com\/it\/wp-json\/wp\/v2\/comments?post=4274"}],"wp:featuredmedia":[{"embeddable":true,"href":"https:\/\/theperfumebottles.com\/it\/wp-json\/wp\/v2\/media\/4277"}],"wp:attachment":[{"href":"https:\/\/theperfumebottles.com\/it\/wp-json\/wp\/v2\/media?parent=4274"}],"wp:term":[{"taxonomy":"product_brand","embeddable":true,"href":"https:\/\/theperfumebottles.com\/it\/wp-json\/wp\/v2\/product_brand?post=4274"},{"taxonomy":"product_cat","embeddable":true,"href":"https:\/\/theperfumebottles.com\/it\/wp-json\/wp\/v2\/product_cat?post=4274"},{"taxonomy":"product_tag","embeddable":true,"href":"https:\/\/theperfumebottles.com\/it\/wp-json\/wp\/v2\/product_tag?post=4274"}],"curies":[{"name":"wp","href":"https:\/\/api.w.org\/{rel}","templated":true}]}}