{"id":4468,"date":"2025-07-15T17:45:18","date_gmt":"2025-07-15T09:45:18","guid":{"rendered":"https:\/\/theperfumebottles.com\/?post_type=product&#038;p=4468"},"modified":"2025-07-31T10:45:27","modified_gmt":"2025-07-31T02:45:27","slug":"1oz-2oz-4oz-glass-cosmetic-jars-wholesale-custom-skincare-jar","status":"publish","type":"product","link":"https:\/\/theperfumebottles.com\/it\/prodotto\/1oz-2oz-4oz-glass-cosmetic-jars-wholesale-custom-skincare-jar\/","title":{"rendered":"Vasetti per cosmetici in vetro da 1 oz, 2 oz e 4 oz all&#039;ingrosso - Barattolo per la cura della pelle personalizzato"},"content":{"rendered":"<p><span class=\"highlights\" data-v-df95d256=\"\">I nostri vasetti in vetro per cosmetici sono progettati per ispirare il tuo packaging di bellezza. Che tu sia un brand alla ricerca di packaging personalizzati per la cura della pelle o un commerciante alla ricerca di contenitori per cosmetici all&#039;ingrosso, questi vasetti uniscono funzionalit\u00e0 ed eleganza.<\/span><\/p>\n<h2><span class=\"highlights\" data-v-df95d256=\"\">Specifiche chiave<\/span><\/h2>\n<table style=\"border-collapse: collapse;width: 80%;height: 361px;margin-left: auto;margin-right: auto\" border=\"0\" width=\"144\" cellspacing=\"0\" cellpadding=\"0\">\n<tbody>\n<tr style=\"height: 13.50pt\">\n<td style=\"height: 13.50pt;width: 54.00pt\" width=\"72\" height=\"18\">Caratteristica<\/td>\n<td style=\"width: 54.00pt\" width=\"72\">Dettagli<\/td>\n<\/tr>\n<tr style=\"height: 13.50pt\">\n<td style=\"height: 13.50pt\" height=\"18\">Capacit\u00e0<\/td>\n<td>1 oz \/ 2 oz \/ 4 oz<\/td>\n<\/tr>\n<tr style=\"height: 13.50pt\">\n<td style=\"height: 13.50pt\" height=\"18\">Forma<\/td>\n<td>Lato dritto<\/td>\n<\/tr>\n<tr style=\"height: 13.50pt\">\n<td style=\"height: 13.50pt\" height=\"18\">Metodo di sigillatura<\/td>\n<td>Coperchio filettato (plastica\/metallo)<\/td>\n<\/tr>\n<tr style=\"height: 13.50pt\">\n<td style=\"height: 13.50pt\" height=\"18\">Materiale<\/td>\n<td>Vetro temperato<\/td>\n<\/tr>\n<tr style=\"height: 13.50pt\">\n<td style=\"height: 13.50pt\" height=\"18\">Colori<\/td>\n<td>Blu (personalizzabile)<\/td>\n<\/tr>\n<tr style=\"height: 13.50pt\">\n<td style=\"height: 13.50pt\" height=\"18\">Casi d&#039;uso<\/td>\n<td>Crema per il viso, lozione per il corpo, crema per gli occhi\u2026<\/td>\n<\/tr>\n<\/tbody>\n<\/table>\n<h2><span class=\"highlights\" data-v-df95d256=\"\">Caso di successo<\/span><\/h2>\n<p><span class=\"highlights\" data-v-df95d256=\"\">Un marchio di prodotti per la cura della pelle di medie dimensioni ha utilizzato i nostri vasetti blu da 56 ml per la sua linea di creme per il contorno occhi di lusso. Il design ecologico e le opzioni di stock pronte per la spedizione hanno contribuito al lancio in sole due settimane, incrementando le vendite sulla home page del 35% nel primo mese.<\/span><\/p>\n<h2><span class=\"highlights\" data-v-df95d256=\"\">Suggerimenti per la personalizzazione<\/span><\/h2>\n<p>Questi vasetti cosmetici in vetro offrono una personalizzazione completa per allinearsi all&#039;identificazione del logo, offrendo rivestimenti colorati personalizzati ed etichette personalizzate per un branding visibile e coerente. Le opzioni del coperchio offrono un&#039;estetica minimalista o finiture in acciaio lucido per esaltare la raffinatezza dei prodotti spray di qualit\u00e0. Inoltre, le nostre soluzioni di packaging offrono prezzi convenienti senza compromettere l&#039;estetica di alta qualit\u00e0, garantendo ai marchi la possibilit\u00e0 di scalare la produzione mantenendo al contempo elevati standard di qualit\u00e0.<\/p>","protected":false},"excerpt":{"rendered":"<p>Scopri i vasetti cosmetici in vetro all&#039;ingrosso per la cura della pelle. Resistenti, personalizzabili ed ecologici: ideali per il confezionamento di prodotti cosmetici all&#039;ingrosso.<\/p>","protected":false},"featured_media":4473,"comment_status":"open","ping_status":"closed","template":"","meta":{"_acf_changed":false,"site-sidebar-layout":"default","site-content-layout":"","ast-site-content-layout":"default","site-content-style":"default","site-sidebar-style":"default","ast-global-header-display":"","ast-banner-title-visibility":"","ast-main-header-display":"","ast-hfb-above-header-display":"","ast-hfb-below-header-display":"","ast-hfb-mobile-header-display":"","site-post-title":"","ast-breadcrumbs-content":"","ast-featured-img":"","footer-sml-layout":"","ast-disable-related-posts":"","theme-transparent-header-meta":"default","adv-header-id-meta":"","stick-header-meta":"","header-above-stick-meta":"","header-main-stick-meta":"","header-below-stick-meta":"","astra-migrate-meta-layouts":"set","ast-page-background-enabled":"default","ast-page-background-meta":{"desktop":{"background-color":"var(--ast-global-color-5)","background-image":"","background-repeat":"repeat","background-position":"center center","background-size":"auto","background-attachment":"scroll","background-type":"","background-media":"","overlay-type":"","overlay-color":"","overlay-opacity":"","overlay-gradient":""},"tablet":{"background-color":"","background-image":"","background-repeat":"repeat","background-position":"center center","background-size":"auto","background-attachment":"scroll","background-type":"","background-media":"","overlay-type":"","overlay-color":"","overlay-opacity":"","overlay-gradient":""},"mobile":{"background-color":"","background-image":"","background-repeat":"repeat","background-position":"center center","background-size":"auto","background-attachment":"scroll","background-type":"","background-media":"","overlay-type":"","overlay-color":"","overlay-opacity":"","overlay-gradient":""}},"ast-content-background-meta":{"desktop":{"background-color":"var(--ast-global-color-4)","background-image":"","background-repeat":"repeat","background-position":"center center","background-size":"auto","background-attachment":"scroll","background-type":"","background-media":"","overlay-type":"","overlay-color":"","overlay-opacity":"","overlay-gradient":""},"tablet":{"background-color":"var(--ast-global-color-4)","background-image":"","background-repeat":"repeat","background-position":"center center","background-size":"auto","background-attachment":"scroll","background-type":"","background-media":"","overlay-type":"","overlay-color":"","overlay-opacity":"","overlay-gradient":""},"mobile":{"background-color":"var(--ast-global-color-4)","background-image":"","background-repeat":"repeat","background-position":"center center","background-size":"auto","background-attachment":"scroll","background-type":"","background-media":"","overlay-type":"","overlay-color":"","overlay-opacity":"","overlay-gradient":""}}},"product_brand":[],"product_cat":[72,62,56],"product_tag":[111,112],"class_list":{"0":"post-4468","1":"product","2":"type-product","3":"status-publish","4":"has-post-thumbnail","6":"product_cat-cosmetic-packaging","7":"product_cat-cosmetic-containers","8":"product_cat-cosmetic-jars","9":"product_tag-glass-cosmetic-jars-wholesale","10":"product_tag-skincare-jar","11":"desktop-align-left","12":"tablet-align-left","13":"mobile-align-left","15":"first","16":"instock","17":"shipping-taxable","18":"product-type-simple"},"acf":[],"jetpack_sharing_enabled":true,"_links":{"self":[{"href":"https:\/\/theperfumebottles.com\/it\/wp-json\/wp\/v2\/product\/4468","targetHints":{"allow":["GET"]}}],"collection":[{"href":"https:\/\/theperfumebottles.com\/it\/wp-json\/wp\/v2\/product"}],"about":[{"href":"https:\/\/theperfumebottles.com\/it\/wp-json\/wp\/v2\/types\/product"}],"replies":[{"embeddable":true,"href":"https:\/\/theperfumebottles.com\/it\/wp-json\/wp\/v2\/comments?post=4468"}],"wp:featuredmedia":[{"embeddable":true,"href":"https:\/\/theperfumebottles.com\/it\/wp-json\/wp\/v2\/media\/4473"}],"wp:attachment":[{"href":"https:\/\/theperfumebottles.com\/it\/wp-json\/wp\/v2\/media?parent=4468"}],"wp:term":[{"taxonomy":"product_brand","embeddable":true,"href":"https:\/\/theperfumebottles.com\/it\/wp-json\/wp\/v2\/product_brand?post=4468"},{"taxonomy":"product_cat","embeddable":true,"href":"https:\/\/theperfumebottles.com\/it\/wp-json\/wp\/v2\/product_cat?post=4468"},{"taxonomy":"product_tag","embeddable":true,"href":"https:\/\/theperfumebottles.com\/it\/wp-json\/wp\/v2\/product_tag?post=4468"}],"curies":[{"name":"wp","href":"https:\/\/api.w.org\/{rel}","templated":true}]}}