{"id":4644,"date":"2025-07-18T17:49:18","date_gmt":"2025-07-18T09:49:18","guid":{"rendered":"https:\/\/theperfumebottles.com\/?post_type=product&#038;p=4644"},"modified":"2026-03-27T14:30:08","modified_gmt":"2026-03-27T06:30:08","slug":"empty-glass-cosmetic-containers-with-lids-wholesale","status":"publish","type":"product","link":"https:\/\/theperfumebottles.com\/it\/prodotto\/empty-glass-cosmetic-containers-with-lids-wholesale\/","title":{"rendered":"Contenitori cosmetici in vetro vuoti da 30 g e 50 g con coperchi, vendita all&#039;ingrosso."},"content":{"rendered":"<p>Questa linea di vasetti cosmetici con coperchio, dal design moderno e cilindrico, presenta una base in vetro trasparente, una fascia dorata che dona un tocco di eleganza, un raffinato bordo dorato e una selezione di coperchi bianchi satinati o trasparenti.<\/p>\n<h2><span class=\"highlights\" data-v-df95d256=\"\">Specifiche chiave<\/span><\/h2>\n<table style=\"border-collapse: collapse; width: 80%; height: 123px; margin-left: auto; margin-right: auto;\" border=\"0\" width=\"144\" cellspacing=\"0\" cellpadding=\"0\">\n<tbody>\n<tr>\n<td width=\"72\">Capacit\u00e0<\/td>\n<td width=\"72\">Forma<\/td>\n<td width=\"72\">Metodo di sigillatura<\/td>\n<td width=\"72\">Materiale<\/td>\n<td width=\"72\">Colore<\/td>\n<td width=\"72\">Utilizzo<\/td>\n<\/tr>\n<tr>\n<td>30 g<\/td>\n<td rowspan=\"2\">Lato dritto<\/td>\n<td rowspan=\"2\">Filettato (plastica\/metallo)<\/td>\n<td rowspan=\"2\">Cristallo<\/td>\n<td rowspan=\"2\">Satinato (personalizzato)<\/td>\n<td rowspan=\"2\">Crema per gli occhi, lozione\u2026<\/td>\n<\/tr>\n<tr>\n<td>50 g<\/td>\n<\/tr>\n<\/tbody>\n<\/table>\n<h2><span class=\"highlights\" data-v-df95d256=\"\">Caso di successo<\/span><\/h2>\n<p>Uno dei marchi di lusso parigini ha scelto i nostri flaconi cosmetici da 50 ml con coperchio, personalizzandoli con un tappo bianco satinato e un anello decorativo placcato in oro rosa. I vasetti personalizzati per la lozione hanno riscosso un enorme successo: il loro particolare design stratificato \u00e8 diventato un elemento distintivo del marchio e le ricerche di mercato hanno rivelato un aumento del 25% della notoriet\u00e0 del brand. La qualit\u00e0 della texture e dei materiali era inoltre di livello premium, generando un incremento di prezzo del 50% per la crema riparatrice. Sulla base di questo successo, il marchio ha ordinato altri 250.000 vasetti di lozione per la sua nuova linea di olio viso al CBD e crema notte.<\/p>\n<h2><span class=\"highlights\" data-v-df95d256=\"\">Consigli di personalizzazione per contenitori per cosmetici all&#039;ingrosso<\/span><\/h2>\n<ul>\n<li><strong>Diverse alternative di look:<\/strong> Scegli tra vetro trasparente o satinato, con sfumature sfumate per un effetto visivo ancora pi\u00f9 intenso.<\/li>\n<li><strong>Tessuto flessibile per cappelli:<\/strong> Disponibile in plastica o metallo, bilancia i costi di gestione con un senso di qualit\u00e0 superiore.<\/li>\n<li><strong>Personalizzazione del marchio:<\/strong> Sono supportati emblemi in rilievo o codici QR per aiutarti a raccontare la storia del tuo logo.<\/li>\n<\/ul>","protected":false},"excerpt":{"rendered":"<p>Contenitori per cosmetici di alta qualit\u00e0 all&#039;ingrosso, con base in vetro trasparente e lussuoso anello dorato. I contenitori per cosmetici con coperchio garantiscono la freschezza dei prodotti. Spedizione rapida.<\/p>","protected":false},"featured_media":4645,"comment_status":"open","ping_status":"closed","template":"","meta":{"_acf_changed":false,"site-sidebar-layout":"default","site-content-layout":"","ast-site-content-layout":"default","site-content-style":"default","site-sidebar-style":"default","ast-global-header-display":"","ast-banner-title-visibility":"","ast-main-header-display":"","ast-hfb-above-header-display":"","ast-hfb-below-header-display":"","ast-hfb-mobile-header-display":"","site-post-title":"","ast-breadcrumbs-content":"","ast-featured-img":"","footer-sml-layout":"","ast-disable-related-posts":"","theme-transparent-header-meta":"default","adv-header-id-meta":"","stick-header-meta":"","header-above-stick-meta":"","header-main-stick-meta":"","header-below-stick-meta":"","astra-migrate-meta-layouts":"set","ast-page-background-enabled":"default","ast-page-background-meta":{"desktop":{"background-color":"var(--ast-global-color-5)","background-image":"","background-repeat":"repeat","background-position":"center center","background-size":"auto","background-attachment":"scroll","background-type":"","background-media":"","overlay-type":"","overlay-color":"","overlay-opacity":"","overlay-gradient":""},"tablet":{"background-color":"","background-image":"","background-repeat":"repeat","background-position":"center center","background-size":"auto","background-attachment":"scroll","background-type":"","background-media":"","overlay-type":"","overlay-color":"","overlay-opacity":"","overlay-gradient":""},"mobile":{"background-color":"","background-image":"","background-repeat":"repeat","background-position":"center center","background-size":"auto","background-attachment":"scroll","background-type":"","background-media":"","overlay-type":"","overlay-color":"","overlay-opacity":"","overlay-gradient":""}},"ast-content-background-meta":{"desktop":{"background-color":"var(--ast-global-color-4)","background-image":"","background-repeat":"repeat","background-position":"center center","background-size":"auto","background-attachment":"scroll","background-type":"","background-media":"","overlay-type":"","overlay-color":"","overlay-opacity":"","overlay-gradient":""},"tablet":{"background-color":"var(--ast-global-color-4)","background-image":"","background-repeat":"repeat","background-position":"center center","background-size":"auto","background-attachment":"scroll","background-type":"","background-media":"","overlay-type":"","overlay-color":"","overlay-opacity":"","overlay-gradient":""},"mobile":{"background-color":"var(--ast-global-color-4)","background-image":"","background-repeat":"repeat","background-position":"center center","background-size":"auto","background-attachment":"scroll","background-type":"","background-media":"","overlay-type":"","overlay-color":"","overlay-opacity":"","overlay-gradient":""}}},"product_brand":[],"product_cat":[56,62,72],"product_tag":[144,134],"class_list":{"0":"post-4644","1":"product","2":"type-product","3":"status-publish","4":"has-post-thumbnail","6":"product_cat-cosmetic-jars","7":"product_cat-cosmetic-containers","8":"product_cat-cosmetic-packaging","9":"product_tag-lotion-jars-with-lids","10":"product_tag-makeup-containers-wholesale","11":"desktop-align-left","12":"tablet-align-left","13":"mobile-align-left","15":"first","16":"instock","17":"shipping-taxable","18":"product-type-simple"},"acf":[],"jetpack_sharing_enabled":true,"_links":{"self":[{"href":"https:\/\/theperfumebottles.com\/it\/wp-json\/wp\/v2\/product\/4644","targetHints":{"allow":["GET"]}}],"collection":[{"href":"https:\/\/theperfumebottles.com\/it\/wp-json\/wp\/v2\/product"}],"about":[{"href":"https:\/\/theperfumebottles.com\/it\/wp-json\/wp\/v2\/types\/product"}],"replies":[{"embeddable":true,"href":"https:\/\/theperfumebottles.com\/it\/wp-json\/wp\/v2\/comments?post=4644"}],"wp:featuredmedia":[{"embeddable":true,"href":"https:\/\/theperfumebottles.com\/it\/wp-json\/wp\/v2\/media\/4645"}],"wp:attachment":[{"href":"https:\/\/theperfumebottles.com\/it\/wp-json\/wp\/v2\/media?parent=4644"}],"wp:term":[{"taxonomy":"product_brand","embeddable":true,"href":"https:\/\/theperfumebottles.com\/it\/wp-json\/wp\/v2\/product_brand?post=4644"},{"taxonomy":"product_cat","embeddable":true,"href":"https:\/\/theperfumebottles.com\/it\/wp-json\/wp\/v2\/product_cat?post=4644"},{"taxonomy":"product_tag","embeddable":true,"href":"https:\/\/theperfumebottles.com\/it\/wp-json\/wp\/v2\/product_tag?post=4644"}],"curies":[{"name":"wp","href":"https:\/\/api.w.org\/{rel}","templated":true}]}}