{"id":4779,"date":"2025-07-22T17:54:09","date_gmt":"2025-07-22T09:54:09","guid":{"rendered":"https:\/\/theperfumebottles.com\/?post_type=product&#038;p=4779"},"modified":"2026-03-27T16:41:05","modified_gmt":"2026-03-27T08:41:05","slug":"amber-tincture-bottles-with-dropper-glass-bottles-supplier","status":"publish","type":"product","link":"https:\/\/theperfumebottles.com\/it\/prodotto\/amber-tincture-bottles-with-dropper-glass-bottles-supplier\/","title":{"rendered":"Flaconi di tintura in vetro ambrato con contagocce | Flaconi in vetro da 15 ml a 120 ml"},"content":{"rendered":"<p>La serie di flaconi per tinture in vetro ambrato presenta la classica forma rotonda con corpo dritto e spalle inclinate che creano un profilo armonioso tra corpo e collo, conferendo un aspetto pulito e professionale. Questi flaconi in vetro ambrato sono realizzati in vetro ambrato di qualit\u00e0 superiore, che offre una buona protezione dai raggi UV per i prodotti fotosensibili. Il collo filettato \u00e8 standard ed \u00e8 compatibile con diverse chiusure, come contagocce in alluminio, plastica o bamb\u00f9, erogatori spray e dosatori a pompa. Questa serie \u00e8 disponibile anche nei formati da 15 ml, 30 ml, 60 ml, 100 ml e 120 ml, consentendo la creazione di linee di prodotti flessibili e un&#039;efficace strategia di branding.<\/p>\n<h2><span class=\"highlights\" data-v-df95d256=\"\">Specifiche chiave<\/span><\/h2>\n<table style=\"border-collapse: collapse; width: 879px; height: 272px; margin-left: 200px;\" border=\"0\" width=\"144\" cellspacing=\"0\" cellpadding=\"0\">\n<tbody>\n<tr style=\"height: 13.50pt;\">\n<td style=\"height: 13.50pt; width: 30%;\" width=\"72\" height=\"18\">Prodotto<\/td>\n<td style=\"width: 54.00pt;\" width=\"72\">Flacone in vetro ambrato con contagocce<\/td>\n<\/tr>\n<tr style=\"height: 13.50pt;\">\n<td style=\"height: 13.50pt;\" height=\"18\">Capacit\u00e0<\/td>\n<td>15 ml, 30 ml, 60 ml, 100 ml, 120 ml<\/td>\n<\/tr>\n<tr style=\"height: 13.50pt;\">\n<td style=\"height: 13.50pt;\" height=\"18\">Forma<\/td>\n<td>Design dai bordi dritti per un&#039;estetica moderna<\/td>\n<\/tr>\n<tr style=\"height: 13.50pt;\">\n<td style=\"height: 13.50pt;\" height=\"18\">Opzioni accessorie<\/td>\n<td>Pompa per lozione, nebulizzatore, contagocce, tappo a vite<\/td>\n<\/tr>\n<tr style=\"height: 13.50pt;\">\n<td style=\"height: 13.50pt;\" height=\"18\">Materiale<\/td>\n<td>Vetro sodico-calcico<\/td>\n<\/tr>\n<tr style=\"height: 13.50pt;\">\n<td style=\"height: 13.50pt;\" height=\"18\">Colore<\/td>\n<td>Ambra (tinta protettiva dai raggi UV)<\/td>\n<\/tr>\n<tr style=\"height: 13.50pt;\">\n<td style=\"height: 13.50pt;\" height=\"18\">Uso primario<\/td>\n<td>Spray per il viso, tonici, oli per il corpo e materiali per il confezionamento di cosmetici<\/td>\n<\/tr>\n<\/tbody>\n<\/table>\n<h2>Applicazione<\/h2>\n<p>Questi flaconi per tinture in vetro ambrato trovano ampia applicazione nei settori farmaceutico, cosmetico e del benessere. Sono perfetti per il confezionamento di oli essenziali, tinture, sieri, estratti vegetali e liquidi per la cura della pelle. Possono essere utilizzati nella vendita al dettaglio, con etichettatura interna e per la fornitura all&#039;ingrosso, con diversi metodi di erogazione: dosaggio di precisione, nebulizzazione o pompaggio, per garantire la protezione del prodotto e un facile accesso da parte dell&#039;utente finale.<\/p>\n<h2><span class=\"highlights\" data-v-df95d256=\"\">Caso di successo: un marchio con dispenser personalizzati <\/span><\/h2>\n<p><span class=\"highlights\" data-v-df95d256=\"\">Una startup emergente nel settore della cura della pelle ha collaborato con noi per progettare dispenser a pompa per il loro nuovo siero all&#039;acido ialuronico. Hanno scelto flaconi in vetro ambrato da 100 ml con nebulizzatore a nebulizzazione fine per una facile applicazione. Ordinando i flaconi spray per cosmetici all&#039;ingrosso, hanno ridotto i costi del 25% e lanciato una campagna di vendita immediata che ha aumentato la visibilit\u00e0 della loro homepage su Amazon. Le vendite sono aumentate del 40% in soli due mesi!<\/span><\/p>\n<h2><span class=\"highlights\" data-v-df95d256=\"\">Suggerimenti per la personalizzazione <\/span><\/h2>\n<ul>\n<li><span class=\"highlights\" data-v-df95d256=\"\"><strong>Coerenza del colore:<\/strong> Il vetro ambrato non \u00e8 solo elegante, ma protegge anche dalla degradazione causata dalla luce. Utilizzatelo anche per le formule pi\u00f9 delicate. <\/span><\/li>\n<li><span class=\"highlights\" data-v-df95d256=\"\"><strong>Etichetta Amore:<\/strong> Aggiungi loghi in rilievo o codici QR alla tua confezione per un tocco di esclusivit\u00e0. <\/span><\/li>\n<li><span class=\"highlights\" data-v-df95d256=\"\"><strong>Finezza finale:<\/strong> Opaco o elegante? Scegli una finitura che si adatti allo stile del tuo brand: opaca per linee minimaliste, elegante per un look lussuoso.<\/span><\/li>\n<\/ul>","protected":false},"excerpt":{"rendered":"<p>Flaconi per tinture in vetro ambrato, disponibili in grandi quantit\u00e0 con contagocce, spray o dosatore a pompa. Ideali per il confezionamento a marchio privato, all&#039;ingrosso e OEM di oli, sieri ed estratti.<\/p>","protected":false},"featured_media":7490,"comment_status":"open","ping_status":"closed","template":"","meta":{"_acf_changed":false,"site-sidebar-layout":"default","site-content-layout":"","ast-site-content-layout":"default","site-content-style":"default","site-sidebar-style":"default","ast-global-header-display":"","ast-banner-title-visibility":"","ast-main-header-display":"","ast-hfb-above-header-display":"","ast-hfb-below-header-display":"","ast-hfb-mobile-header-display":"","site-post-title":"","ast-breadcrumbs-content":"","ast-featured-img":"","footer-sml-layout":"","ast-disable-related-posts":"","theme-transparent-header-meta":"default","adv-header-id-meta":"","stick-header-meta":"","header-above-stick-meta":"","header-main-stick-meta":"","header-below-stick-meta":"","astra-migrate-meta-layouts":"set","ast-page-background-enabled":"default","ast-page-background-meta":{"desktop":{"background-color":"var(--ast-global-color-5)","background-image":"","background-repeat":"repeat","background-position":"center center","background-size":"auto","background-attachment":"scroll","background-type":"","background-media":"","overlay-type":"","overlay-color":"","overlay-opacity":"","overlay-gradient":""},"tablet":{"background-color":"","background-image":"","background-repeat":"repeat","background-position":"center center","background-size":"auto","background-attachment":"scroll","background-type":"","background-media":"","overlay-type":"","overlay-color":"","overlay-opacity":"","overlay-gradient":""},"mobile":{"background-color":"","background-image":"","background-repeat":"repeat","background-position":"center center","background-size":"auto","background-attachment":"scroll","background-type":"","background-media":"","overlay-type":"","overlay-color":"","overlay-opacity":"","overlay-gradient":""}},"ast-content-background-meta":{"desktop":{"background-color":"var(--ast-global-color-4)","background-image":"","background-repeat":"repeat","background-position":"center center","background-size":"auto","background-attachment":"scroll","background-type":"","background-media":"","overlay-type":"","overlay-color":"","overlay-opacity":"","overlay-gradient":""},"tablet":{"background-color":"var(--ast-global-color-4)","background-image":"","background-repeat":"repeat","background-position":"center center","background-size":"auto","background-attachment":"scroll","background-type":"","background-media":"","overlay-type":"","overlay-color":"","overlay-opacity":"","overlay-gradient":""},"mobile":{"background-color":"var(--ast-global-color-4)","background-image":"","background-repeat":"repeat","background-position":"center center","background-size":"auto","background-attachment":"scroll","background-type":"","background-media":"","overlay-type":"","overlay-color":"","overlay-opacity":"","overlay-gradient":""}}},"product_brand":[],"product_cat":[59,62,72,57],"product_tag":[165,166],"class_list":{"0":"post-4779","1":"product","2":"type-product","3":"status-publish","4":"has-post-thumbnail","6":"product_cat-glass-dropper-bottles","7":"product_cat-cosmetic-containers","8":"product_cat-cosmetic-packaging","9":"product_cat-essential-oil-bottles","10":"product_tag-cosmetic-pump-dispenser","11":"product_tag-cosmetic-spray-bottles-wholesale","12":"desktop-align-left","13":"tablet-align-left","14":"mobile-align-left","16":"first","17":"instock","18":"shipping-taxable","19":"product-type-simple"},"acf":[],"jetpack_sharing_enabled":true,"_links":{"self":[{"href":"https:\/\/theperfumebottles.com\/it\/wp-json\/wp\/v2\/product\/4779","targetHints":{"allow":["GET"]}}],"collection":[{"href":"https:\/\/theperfumebottles.com\/it\/wp-json\/wp\/v2\/product"}],"about":[{"href":"https:\/\/theperfumebottles.com\/it\/wp-json\/wp\/v2\/types\/product"}],"replies":[{"embeddable":true,"href":"https:\/\/theperfumebottles.com\/it\/wp-json\/wp\/v2\/comments?post=4779"}],"wp:featuredmedia":[{"embeddable":true,"href":"https:\/\/theperfumebottles.com\/it\/wp-json\/wp\/v2\/media\/7490"}],"wp:attachment":[{"href":"https:\/\/theperfumebottles.com\/it\/wp-json\/wp\/v2\/media?parent=4779"}],"wp:term":[{"taxonomy":"product_brand","embeddable":true,"href":"https:\/\/theperfumebottles.com\/it\/wp-json\/wp\/v2\/product_brand?post=4779"},{"taxonomy":"product_cat","embeddable":true,"href":"https:\/\/theperfumebottles.com\/it\/wp-json\/wp\/v2\/product_cat?post=4779"},{"taxonomy":"product_tag","embeddable":true,"href":"https:\/\/theperfumebottles.com\/it\/wp-json\/wp\/v2\/product_tag?post=4779"}],"curies":[{"name":"wp","href":"https:\/\/api.w.org\/{rel}","templated":true}]}}