{"id":5616,"date":"2025-08-13T18:02:54","date_gmt":"2025-08-13T10:02:54","guid":{"rendered":"https:\/\/theperfumebottles.com\/?post_type=product&#038;p=5616"},"modified":"2026-04-01T12:39:23","modified_gmt":"2026-04-01T04:39:23","slug":"wholesale-15ml-dropper-bottles-for-cosmetic-packaging","status":"publish","type":"product","link":"https:\/\/theperfumebottles.com\/it\/prodotto\/wholesale-15ml-dropper-bottles-for-cosmetic-packaging\/","title":{"rendered":"Flaconi contagocce da 15 ml all&#039;ingrosso per imballaggi cosmetici"},"content":{"rendered":"<p>Che tu stia lanciando una nuova linea di prodotti o espandendo la tua linea alla grande, questa bottiglia dosatrice da 15ml ha un design cilindrico elegante per semplicit\u00e0, eleganza e facilit\u00e0 di etichettatura. \u00c8 funzionale ma non sfarzoso.<\/p>\n<h2>Specifiche chiave<\/h2>\n<table style=\"border-collapse: collapse; margin-left: auto; margin-right: auto; width: 80%;\" border=\"0\" width=\"632\" cellspacing=\"0\" cellpadding=\"0\">\n<tbody>\n<tr style=\"height: 13.50pt;\">\n<td style=\"height: 13.50pt; width: 120.75pt;\" width=\"161\" height=\"18\">Caratteristica<\/td>\n<td style=\"width: 353.25pt;\" width=\"471\">Dettagli<\/td>\n<\/tr>\n<tr style=\"height: 13.50pt;\">\n<td style=\"height: 13.50pt;\" height=\"18\">Capacit\u00e0<\/td>\n<td>15 ml<\/td>\n<\/tr>\n<tr style=\"height: 13.50pt;\">\n<td style=\"height: 13.50pt;\" height=\"18\">Forma della bottiglia<\/td>\n<td>Cilindrico<\/td>\n<\/tr>\n<tr style=\"height: 13.50pt;\">\n<td style=\"height: 13.50pt;\" height=\"18\">Materiale<\/td>\n<td>Vetro di alta qualit\u00e0<\/td>\n<\/tr>\n<tr style=\"height: 13.50pt;\">\n<td style=\"height: 13.50pt;\" height=\"18\">Opzioni di Finitura del Corpo<\/td>\n<td>Opaco (semitrasparente) o Bianco Solido, Personalizzabile<\/td>\n<\/tr>\n<tr style=\"height: 13.50pt;\">\n<td style=\"height: 13.50pt;\" height=\"18\">Opzioni di colore<\/td>\n<td>Coppe Personalizzabili e Etichettatura<\/td>\n<\/tr>\n<tr style=\"height: 13.50pt;\">\n<td style=\"height: 13.50pt;\" height=\"18\">Dimensioni della confezione<\/td>\n<td>20 \u00d7 20 \u00d7 20 cm per unit\u00e0 di spedizione<\/td>\n<\/tr>\n<tr style=\"height: 13.50pt;\">\n<td style=\"height: 13.50pt;\" height=\"18\">Resistenza alla Perdita di Liquido<\/td>\n<td>Sigillo dosatore sicuro riduce il rischio di perdita durante il trasporto<\/td>\n<\/tr>\n<\/tbody>\n<\/table>\n<h2>Studio di Caso Reale: Una Sfida di Imballaggio per un Startup Wellness<\/h2>\n<p>Una piccola marca wellness aveva precedentemente utilizzato bottiglie di vetro chiaro per la sua linea di tinture erbali. I loro prodotti erano efficaci, ma l'aspetto era piuttosto ordinario. Scelsero di personalizzare la nostra bottiglia dosatrice da 15ml opaca con il loro logo e coppe in un verde rassicurante. I clienti amavano l'aspetto premium, e le vendite delle tinture aumentarono del 30%! Hanno successivamente aggiunto una versione puramente bianca a un'altra linea di prodotti. Ora, tutta la loro linea di prodotti utilizza entrambi i materiali per creare una gerarchia visiva.<\/p>\n<h2>Suggerimenti per la personalizzazione<\/h2>\n<p>Vuoi emergere senza complicare troppo il tuo prodotto? Prova questi consigli:<\/p>\n<ul>\n<li>Usa la versione opaca per le tue formule premium e la versione bianca per l'uso quotidiano. Questo chiarr\u00e0 chiaramente la storia del tuo prodotto.<\/li>\n<li>Abbinare la tua bottiglia dosatrice da 15ml a una coperchia colorata, come un rosa tenue o nero opaco, per farla emergere sulla scatola affollata.<\/li>\n<li>Questa bottiglia dosatrice \u00e8 disponibile in una variet\u00e0 di finiture, inclusa hot stamping, stampa a seta, verniciatura, opacizzazione e decalcomaniche.<\/li>\n<\/ul>\n<p>Imballare pi\u00f9 bottiglie dosatrici di vetro in una scatola regalo \u00e8 perfetto per partner alla grande e al dettaglio. Questa bottiglia dosatrice non \u00e8 solo un contenitore; \u00e8 uno strumento pratico.<\/p>","protected":false},"excerpt":{"rendered":"<p>Bottiglia dosatrice alla grande per oli essenziali, sieri e cosmetici. Durabile, personalizzabile, ideale per ordini di massa.<\/p>","protected":false},"featured_media":5620,"comment_status":"closed","ping_status":"closed","template":"","meta":{"_acf_changed":false,"site-sidebar-layout":"default","site-content-layout":"","ast-site-content-layout":"default","site-content-style":"default","site-sidebar-style":"default","ast-global-header-display":"","ast-banner-title-visibility":"","ast-main-header-display":"","ast-hfb-above-header-display":"","ast-hfb-below-header-display":"","ast-hfb-mobile-header-display":"","site-post-title":"","ast-breadcrumbs-content":"","ast-featured-img":"","footer-sml-layout":"","ast-disable-related-posts":"","theme-transparent-header-meta":"default","adv-header-id-meta":"","stick-header-meta":"","header-above-stick-meta":"","header-main-stick-meta":"","header-below-stick-meta":"","astra-migrate-meta-layouts":"set","ast-page-background-enabled":"default","ast-page-background-meta":{"desktop":{"background-color":"var(--ast-global-color-5)","background-image":"","background-repeat":"repeat","background-position":"center center","background-size":"auto","background-attachment":"scroll","background-type":"","background-media":"","overlay-type":"","overlay-color":"","overlay-opacity":"","overlay-gradient":""},"tablet":{"background-color":"","background-image":"","background-repeat":"repeat","background-position":"center center","background-size":"auto","background-attachment":"scroll","background-type":"","background-media":"","overlay-type":"","overlay-color":"","overlay-opacity":"","overlay-gradient":""},"mobile":{"background-color":"","background-image":"","background-repeat":"repeat","background-position":"center center","background-size":"auto","background-attachment":"scroll","background-type":"","background-media":"","overlay-type":"","overlay-color":"","overlay-opacity":"","overlay-gradient":""}},"ast-content-background-meta":{"desktop":{"background-color":"var(--ast-global-color-4)","background-image":"","background-repeat":"repeat","background-position":"center center","background-size":"auto","background-attachment":"scroll","background-type":"","background-media":"","overlay-type":"","overlay-color":"","overlay-opacity":"","overlay-gradient":""},"tablet":{"background-color":"var(--ast-global-color-4)","background-image":"","background-repeat":"repeat","background-position":"center center","background-size":"auto","background-attachment":"scroll","background-type":"","background-media":"","overlay-type":"","overlay-color":"","overlay-opacity":"","overlay-gradient":""},"mobile":{"background-color":"var(--ast-global-color-4)","background-image":"","background-repeat":"repeat","background-position":"center center","background-size":"auto","background-attachment":"scroll","background-type":"","background-media":"","overlay-type":"","overlay-color":"","overlay-opacity":"","overlay-gradient":""}}},"product_brand":[],"product_cat":[59,72,62,57],"product_tag":[190,204],"class_list":{"0":"post-5616","1":"product","2":"type-product","3":"status-publish","4":"has-post-thumbnail","6":"product_cat-glass-dropper-bottles","7":"product_cat-cosmetic-packaging","8":"product_cat-cosmetic-containers","9":"product_cat-essential-oil-bottles","10":"product_tag-cosmetic-pots-with-lids","11":"product_tag-frosted-cosmetic-jars","12":"desktop-align-left","13":"tablet-align-left","14":"mobile-align-left","16":"first","17":"instock","18":"shipping-taxable","19":"product-type-simple"},"acf":[],"jetpack_sharing_enabled":true,"_links":{"self":[{"href":"https:\/\/theperfumebottles.com\/it\/wp-json\/wp\/v2\/product\/5616","targetHints":{"allow":["GET"]}}],"collection":[{"href":"https:\/\/theperfumebottles.com\/it\/wp-json\/wp\/v2\/product"}],"about":[{"href":"https:\/\/theperfumebottles.com\/it\/wp-json\/wp\/v2\/types\/product"}],"replies":[{"embeddable":true,"href":"https:\/\/theperfumebottles.com\/it\/wp-json\/wp\/v2\/comments?post=5616"}],"wp:featuredmedia":[{"embeddable":true,"href":"https:\/\/theperfumebottles.com\/it\/wp-json\/wp\/v2\/media\/5620"}],"wp:attachment":[{"href":"https:\/\/theperfumebottles.com\/it\/wp-json\/wp\/v2\/media?parent=5616"}],"wp:term":[{"taxonomy":"product_brand","embeddable":true,"href":"https:\/\/theperfumebottles.com\/it\/wp-json\/wp\/v2\/product_brand?post=5616"},{"taxonomy":"product_cat","embeddable":true,"href":"https:\/\/theperfumebottles.com\/it\/wp-json\/wp\/v2\/product_cat?post=5616"},{"taxonomy":"product_tag","embeddable":true,"href":"https:\/\/theperfumebottles.com\/it\/wp-json\/wp\/v2\/product_tag?post=5616"}],"curies":[{"name":"wp","href":"https:\/\/api.w.org\/{rel}","templated":true}]}}