{"id":6177,"date":"2025-09-08T14:09:26","date_gmt":"2025-09-08T06:09:26","guid":{"rendered":"https:\/\/theperfumebottles.com\/?post_type=product&#038;p=6177"},"modified":"2025-09-08T14:09:29","modified_gmt":"2025-09-08T06:09:29","slug":"vintage-scent-bottle-10ml-antique-small-perfume-bottles","status":"publish","type":"product","link":"https:\/\/theperfumebottles.com\/it\/prodotto\/vintage-scent-bottle-10ml-antique-small-perfume-bottles\/","title":{"rendered":"Flacone di profumo vintage da 10 ml \u2013 Piccole bottiglie di profumo antiche"},"content":{"rendered":"<p>Questo flacone di profumo vintage \u00e8 pi\u00f9 di un semplice contenitore: \u00e8 un pezzo unico. Con la sua silhouette ispirata a una mela, la cornice dorata e l&#039;incisione floreale, il design unisce l&#039;arte del vecchio mondo e la moderna bottiglia di profumo. Il flacone di profumo in vetro contiene un&#039;atmosfera dorata a forma di bulbo, avvolta da una treccia tremolante e un tappo trasparente che completa il look. Con una capacit\u00e0 di 10 ml, si adatta perfettamente come parte di una collezione, come elemento decorativo di profumi di lusso o come parte della linea di fragranze da viaggio.<\/p>\n<figure id=\"attachment_6178\" aria-describedby=\"caption-attachment-6178\" style=\"width: 500px\" class=\"wp-caption aligncenter\"><img fetchpriority=\"high\" decoding=\"async\" class=\"wp-image-6178\" src=\"https:\/\/theperfumebottles.com\/wp-content\/uploads\/2025\/09\/antique-small-perfume-bottles-1.webp\" alt=\"piccole bottiglie di profumo antiche\" width=\"500\" height=\"500\" srcset=\"https:\/\/theperfumebottles.com\/wp-content\/uploads\/2025\/09\/antique-small-perfume-bottles-1.webp 1000w, https:\/\/theperfumebottles.com\/wp-content\/uploads\/2025\/09\/antique-small-perfume-bottles-1-300x300.webp 300w, https:\/\/theperfumebottles.com\/wp-content\/uploads\/2025\/09\/antique-small-perfume-bottles-1-150x150.webp 150w, https:\/\/theperfumebottles.com\/wp-content\/uploads\/2025\/09\/antique-small-perfume-bottles-1-768x768.webp 768w, https:\/\/theperfumebottles.com\/wp-content\/uploads\/2025\/09\/antique-small-perfume-bottles-1-12x12.webp 12w, https:\/\/theperfumebottles.com\/wp-content\/uploads\/2025\/09\/antique-small-perfume-bottles-1-600x600.webp 600w, https:\/\/theperfumebottles.com\/wp-content\/uploads\/2025\/09\/antique-small-perfume-bottles-1-100x100.webp 100w\" sizes=\"(max-width: 500px) 100vw, 500px\" \/><figcaption id=\"caption-attachment-6178\" class=\"wp-caption-text\">piccole bottiglie di profumo antiche<\/figcaption><\/figure>\n<p>Se sei il proprietario di un marchio o un cliente aziendale, non hai bisogno solo di flaconi in vetro: hai bisogno di un packaging che racconti una storia. Come produttori professionisti, ti aiutiamo a realizzare flaconi personalizzati, a scegliere colori unici e a progettare tappi o atomizzatori adatti al tuo concept di fragranza. Che tu voglia un singolo campione da testare o un ordine all&#039;ingrosso, abbiamo opzioni flessibili con spedizioni affidabili in tutto il mondo.<\/p>\n<h2>Specifiche<\/h2>\n<table style=\"border-collapse: collapse; width: 361.52pt;\" border=\"0\" width=\"482\" cellspacing=\"0\" cellpadding=\"0\">\n<tbody>\n<tr style=\"height: 13.50pt;\">\n<td style=\"height: 13.50pt; width: 89.25pt;\" width=\"119\" height=\"18\">Capacit\u00e0<\/td>\n<td style=\"width: 272.25pt;\" width=\"363\">10 ml<\/td>\n<\/tr>\n<tr style=\"height: 13.50pt;\">\n<td style=\"height: 13.50pt;\" height=\"18\">Forma<\/td>\n<td>Irregolare ispirato alla mela<\/td>\n<\/tr>\n<tr style=\"height: 13.50pt;\">\n<td style=\"height: 13.50pt;\" height=\"18\">Stile<\/td>\n<td>Vintage \/ Antico<\/td>\n<\/tr>\n<tr style=\"height: 13.50pt;\">\n<td style=\"height: 13.50pt;\" height=\"18\">Materiale<\/td>\n<td>Cristallo + alluminio galvanizzato<\/td>\n<\/tr>\n<tr style=\"height: 13.50pt;\">\n<td style=\"height: 13.50pt;\" height=\"18\">Fine<\/td>\n<td>Trattamento superficiale personalizzabile<\/td>\n<\/tr>\n<tr style=\"height: 13.50pt;\">\n<td style=\"height: 13.50pt;\" height=\"18\">Collo di bottiglia<\/td>\n<td>Vite<\/td>\n<\/tr>\n<tr style=\"height: 13.50pt;\">\n<td style=\"height: 13.50pt;\" height=\"18\">berretto<\/td>\n<td>Atomizzatore a bulbo dorato + pompa<\/td>\n<\/tr>\n<tr style=\"height: 13.50pt;\">\n<td style=\"height: 13.50pt;\" height=\"18\">Misurare<\/td>\n<td>40 mm \u00d7 71 mm \/ 40 mm \u00d7 83 mm<\/td>\n<\/tr>\n<tr style=\"height: 13.50pt;\">\n<td style=\"height: 13.50pt;\" height=\"18\">Colore<\/td>\n<td>Oro (disponibili opzioni personalizzate)<\/td>\n<\/tr>\n<tr style=\"height: 13.50pt;\">\n<td style=\"height: 13.50pt;\" height=\"18\">Confezione<\/td>\n<td>Disponibile confezione personalizzata per bottiglie di profumo<\/td>\n<\/tr>\n<\/tbody>\n<\/table>\n<h2>Caso di successo<\/h2>\n<p>Un&#039;azienda di profumi europea desiderava flaconi per startup dall&#039;aspetto unico, come il suo creatore. Hanno scelto i nostri flaconi di profumo antichi, piccoli e con bulbi schiacciati rosso scuro e tappo in oro opaco. L&#039;elegante design ha trasformato la collezione di lancio in un argomento di conversazione tra i rivenditori specializzati. Nel primo trimestre, hanno stretto accordi con diversi negozi di lusso in patria e all&#039;estero e i loro ordini all&#039;ingrosso sono rapidamente raddoppiati.<\/p>\n<h2>Suggerimenti per l&#039;adattamento<\/h2>\n<p>Quando crei una fragranza, il packaging del flacone dovrebbe rifletterne la personalit\u00e0. Se la tua fragranza \u00e8 leggera e floreale, scegli colori pastello con un tappo trasparente. Per note legnose e decise, scegli toni intensi e finiture metalliche. Non esitare a ordinare un campione prima: il test ti aiuter\u00e0 a trovare la soluzione giusta prima di impegnarti nella produzione in serie. Grazie alle opzioni personalizzate flessibili, hai tutto il necessario per progettare un packaging che sia al tempo stesso lussuoso e personale.<\/p>","protected":false},"excerpt":{"rendered":"<p>Scopri le piccole bottiglie di profumo antiche da 10 ml. Eleganti bottiglie di profumo vintage con atomizzatore, confezioni personalizzate, disponibili ordini all&#039;ingrosso e all&#039;ingrosso.<\/p>","protected":false},"featured_media":6182,"comment_status":"closed","ping_status":"closed","template":"","meta":{"_acf_changed":false,"site-sidebar-layout":"default","site-content-layout":"","ast-site-content-layout":"default","site-content-style":"default","site-sidebar-style":"default","ast-global-header-display":"","ast-banner-title-visibility":"","ast-main-header-display":"","ast-hfb-above-header-display":"","ast-hfb-below-header-display":"","ast-hfb-mobile-header-display":"","site-post-title":"","ast-breadcrumbs-content":"","ast-featured-img":"","footer-sml-layout":"","ast-disable-related-posts":"","theme-transparent-header-meta":"default","adv-header-id-meta":"","stick-header-meta":"","header-above-stick-meta":"","header-main-stick-meta":"","header-below-stick-meta":"","astra-migrate-meta-layouts":"set","ast-page-background-enabled":"default","ast-page-background-meta":{"desktop":{"background-color":"var(--ast-global-color-5)","background-image":"","background-repeat":"repeat","background-position":"center center","background-size":"auto","background-attachment":"scroll","background-type":"","background-media":"","overlay-type":"","overlay-color":"","overlay-opacity":"","overlay-gradient":""},"tablet":{"background-color":"","background-image":"","background-repeat":"repeat","background-position":"center center","background-size":"auto","background-attachment":"scroll","background-type":"","background-media":"","overlay-type":"","overlay-color":"","overlay-opacity":"","overlay-gradient":""},"mobile":{"background-color":"","background-image":"","background-repeat":"repeat","background-position":"center center","background-size":"auto","background-attachment":"scroll","background-type":"","background-media":"","overlay-type":"","overlay-color":"","overlay-opacity":"","overlay-gradient":""}},"ast-content-background-meta":{"desktop":{"background-color":"var(--ast-global-color-4)","background-image":"","background-repeat":"repeat","background-position":"center center","background-size":"auto","background-attachment":"scroll","background-type":"","background-media":"","overlay-type":"","overlay-color":"","overlay-opacity":"","overlay-gradient":""},"tablet":{"background-color":"var(--ast-global-color-4)","background-image":"","background-repeat":"repeat","background-position":"center center","background-size":"auto","background-attachment":"scroll","background-type":"","background-media":"","overlay-type":"","overlay-color":"","overlay-opacity":"","overlay-gradient":""},"mobile":{"background-color":"var(--ast-global-color-4)","background-image":"","background-repeat":"repeat","background-position":"center center","background-size":"auto","background-attachment":"scroll","background-type":"","background-media":"","overlay-type":"","overlay-color":"","overlay-opacity":"","overlay-gradient":""}}},"product_brand":[],"product_cat":[72,41,73],"product_tag":[],"class_list":{"0":"post-6177","1":"product","2":"type-product","3":"status-publish","4":"has-post-thumbnail","6":"product_cat-cosmetic-packaging","7":"product_cat-perfume-bottles","8":"product_cat-vintage-perfume-bottles","9":"desktop-align-left","10":"tablet-align-left","11":"mobile-align-left","13":"first","14":"instock","15":"shipping-taxable","16":"product-type-simple"},"acf":[],"jetpack_sharing_enabled":true,"_links":{"self":[{"href":"https:\/\/theperfumebottles.com\/it\/wp-json\/wp\/v2\/product\/6177","targetHints":{"allow":["GET"]}}],"collection":[{"href":"https:\/\/theperfumebottles.com\/it\/wp-json\/wp\/v2\/product"}],"about":[{"href":"https:\/\/theperfumebottles.com\/it\/wp-json\/wp\/v2\/types\/product"}],"replies":[{"embeddable":true,"href":"https:\/\/theperfumebottles.com\/it\/wp-json\/wp\/v2\/comments?post=6177"}],"wp:featuredmedia":[{"embeddable":true,"href":"https:\/\/theperfumebottles.com\/it\/wp-json\/wp\/v2\/media\/6182"}],"wp:attachment":[{"href":"https:\/\/theperfumebottles.com\/it\/wp-json\/wp\/v2\/media?parent=6177"}],"wp:term":[{"taxonomy":"product_brand","embeddable":true,"href":"https:\/\/theperfumebottles.com\/it\/wp-json\/wp\/v2\/product_brand?post=6177"},{"taxonomy":"product_cat","embeddable":true,"href":"https:\/\/theperfumebottles.com\/it\/wp-json\/wp\/v2\/product_cat?post=6177"},{"taxonomy":"product_tag","embeddable":true,"href":"https:\/\/theperfumebottles.com\/it\/wp-json\/wp\/v2\/product_tag?post=6177"}],"curies":[{"name":"wp","href":"https:\/\/api.w.org\/{rel}","templated":true}]}}