{"id":6388,"date":"2025-09-16T10:37:07","date_gmt":"2025-09-16T02:37:07","guid":{"rendered":"https:\/\/theperfumebottles.com\/?post_type=product&#038;p=6388"},"modified":"2025-09-17T11:39:39","modified_gmt":"2025-09-17T03:39:39","slug":"bulk-white-skincare-bottle-and-cream-jars-with-diagonal-texture","status":"publish","type":"product","link":"https:\/\/theperfumebottles.com\/it\/prodotto\/bulk-white-skincare-bottle-and-cream-jars-with-diagonal-texture\/","title":{"rendered":"Flaconi e barattoli di crema per la cura della pelle alla rinfusa con texture diagonale"},"content":{"rendered":"<p>Immagina: un flacone bianco immacolato per la cura della pelle con delicati bordi diagonali. Il tappo \u00e8 tanto semplice quanto sofisticato: un sottile anello dorato ne impreziosisce il collo e un dettaglio metallico impreziosisce la parte superiore. Questo set per la cura della pelle include flaconi con tappo a pompa di diverse dimensioni e un vasetto per la crema viso.<\/p>\n<h2>Specifiche chiave<\/h2>\n<table style=\"border-collapse: collapse;margin-left: auto;margin-right: auto;width: 546.77pt\" border=\"0\" width=\"729\" cellspacing=\"0\" cellpadding=\"0\">\n<tbody>\n<tr style=\"height: 13.50pt\">\n<td class=\"et2\" style=\"height: 13.50pt;width: 117.75pt\" width=\"157\" height=\"18\">Capacit\u00e0 (ml)<\/td>\n<td class=\"et3\" style=\"width: 119.25pt\" width=\"159\">105<\/td>\n<td class=\"et3\" style=\"width: 119.25pt\" width=\"159\">40<\/td>\n<td class=\"et3\" style=\"width: 96.75pt\" width=\"129\">105<\/td>\n<td class=\"et3\" style=\"width: 93.75pt\" width=\"125\">125<\/td>\n<\/tr>\n<tr style=\"height: 13.50pt\">\n<td class=\"et2\" style=\"height: 13.50pt\" height=\"18\">Diametro del collo (mm)<\/td>\n<td class=\"et3\">51<\/td>\n<td class=\"et3\">20<\/td>\n<td class=\"et3\">20<\/td>\n<td class=\"et3\">20<\/td>\n<\/tr>\n<tr style=\"height: 13.50pt\">\n<td class=\"et2\" style=\"height: 13.50pt\" height=\"18\">Diametro (mm)<\/td>\n<td class=\"et3\">75<\/td>\n<td class=\"et3\">40<\/td>\n<td class=\"et3\">45<\/td>\n<td class=\"et3\">46<\/td>\n<\/tr>\n<tr style=\"height: 13.50pt\">\n<td class=\"et2\" style=\"height: 13.50pt\" height=\"18\">Altezza della bottiglia (mm)<\/td>\n<td class=\"et3\">56<\/td>\n<td class=\"et3\">84<\/td>\n<td class=\"et3\">125<\/td>\n<td class=\"et3\">142<\/td>\n<\/tr>\n<tr style=\"height: 13.50pt\">\n<td class=\"et2\" style=\"height: 13.50pt\" height=\"18\">Materiale<\/td>\n<td class=\"et3\" colspan=\"4\">Cristallo<\/td>\n<\/tr>\n<tr style=\"height: 13.50pt\">\n<td class=\"et2\" style=\"height: 13.50pt\" height=\"18\">Opzioni personalizzate<\/td>\n<td class=\"et3\" colspan=\"4\">Dimensioni, colore, forma della bottiglia, trattamento superficiale, tappo della bottiglia, accessori, logo<\/td>\n<\/tr>\n<tr style=\"height: 13.50pt\">\n<td class=\"et2\" style=\"height: 13.50pt\" height=\"18\">Ideale per<\/td>\n<td class=\"et3\" colspan=\"4\">Detergente, idratante, essenza, crema, set per la cura della pelle<\/td>\n<\/tr>\n<\/tbody>\n<\/table>\n<h2>Come i marchi possono conquistare spazio sugli scaffali senza un budget pubblicitario enorme<\/h2>\n<p>Una nuova linea di prodotti biologici offre solo tre prodotti: un siero, una crema da giorno e una lozione idratante. \u200bUtilizzano questi flaconi per la cura della pelle per contenere i sieri e i relativi vasetti di crema di bellezza. Nessun logo appariscente, solo un contenitore bianco pulito con lati testurizzati e dettagli dorati. Gli acquirenti al dettaglio ne sono rimasti entusiasti. Un acquirente ha commentato: &#034;Sembra costoso, ma non \u00e8 affatto pacchiano&#034;. Nel giro di quattro mesi, la linea era disponibile in due importanti catene di boutique. Il motivo? Perch\u00e9 il packaging cosmetico di alta qualit\u00e0 dura nel tempo: diventa parte dell&#039;esperienza del consumatore.<\/p>\n<h2>Come personalizzare il packaging dei cosmetici?<\/h2>\n<p>Vuoi rendere questo contenitore davvero tuo? Ecco come, senza nemmeno toccare la confezione:<\/p>\n<ul>\n<li>Regola l&#039;angolazione della venatura diagonale: linee pi\u00f9 nette creano un effetto pi\u00f9 dinamico. Linee pi\u00f9 morbide creano un effetto pi\u00f9 composto.<\/li>\n<li>Aggiungere un rivestimento interno di protezione dai raggi UV: fornisce una protezione aggiuntiva per gli ingredienti attivi instabili presenti nella lozione o nel siero.<\/li>\n<li>Personalizza il logo e gli elementi del branding: integra lo slogan nel nome del tuo marchio, nel logo e nel design della bottiglia.<\/li>\n<\/ul>\n<p>Queste opzioni di adattamento consentono di ottimizzare le prestazioni e l&#039;esperienza dall&#039;interno.<\/p>","protected":false},"excerpt":{"rendered":"<p>Eleganti flaconi bianchi per la cura della pelle e barattoli per creme di bellezza con texture diagonale e dettagli dorati, perfetti per confezioni di lusso e ordini all&#039;ingrosso.<\/p>","protected":false},"featured_media":6393,"comment_status":"closed","ping_status":"closed","template":"","meta":{"_acf_changed":false,"site-sidebar-layout":"default","site-content-layout":"","ast-site-content-layout":"default","site-content-style":"default","site-sidebar-style":"default","ast-global-header-display":"","ast-banner-title-visibility":"","ast-main-header-display":"","ast-hfb-above-header-display":"","ast-hfb-below-header-display":"","ast-hfb-mobile-header-display":"","site-post-title":"","ast-breadcrumbs-content":"","ast-featured-img":"","footer-sml-layout":"","ast-disable-related-posts":"","theme-transparent-header-meta":"default","adv-header-id-meta":"","stick-header-meta":"","header-above-stick-meta":"","header-main-stick-meta":"","header-below-stick-meta":"","astra-migrate-meta-layouts":"set","ast-page-background-enabled":"default","ast-page-background-meta":{"desktop":{"background-color":"var(--ast-global-color-5)","background-image":"","background-repeat":"repeat","background-position":"center center","background-size":"auto","background-attachment":"scroll","background-type":"","background-media":"","overlay-type":"","overlay-color":"","overlay-opacity":"","overlay-gradient":""},"tablet":{"background-color":"","background-image":"","background-repeat":"repeat","background-position":"center center","background-size":"auto","background-attachment":"scroll","background-type":"","background-media":"","overlay-type":"","overlay-color":"","overlay-opacity":"","overlay-gradient":""},"mobile":{"background-color":"","background-image":"","background-repeat":"repeat","background-position":"center center","background-size":"auto","background-attachment":"scroll","background-type":"","background-media":"","overlay-type":"","overlay-color":"","overlay-opacity":"","overlay-gradient":""}},"ast-content-background-meta":{"desktop":{"background-color":"var(--ast-global-color-4)","background-image":"","background-repeat":"repeat","background-position":"center center","background-size":"auto","background-attachment":"scroll","background-type":"","background-media":"","overlay-type":"","overlay-color":"","overlay-opacity":"","overlay-gradient":""},"tablet":{"background-color":"var(--ast-global-color-4)","background-image":"","background-repeat":"repeat","background-position":"center center","background-size":"auto","background-attachment":"scroll","background-type":"","background-media":"","overlay-type":"","overlay-color":"","overlay-opacity":"","overlay-gradient":""},"mobile":{"background-color":"var(--ast-global-color-4)","background-image":"","background-repeat":"repeat","background-position":"center center","background-size":"auto","background-attachment":"scroll","background-type":"","background-media":"","overlay-type":"","overlay-color":"","overlay-opacity":"","overlay-gradient":""}}},"product_brand":[],"product_cat":[72,236,62],"product_tag":[226,220],"class_list":{"0":"post-6388","1":"product","2":"type-product","3":"status-publish","4":"has-post-thumbnail","6":"product_cat-cosmetic-packaging","7":"product_cat-cosmetic-container-set","8":"product_cat-cosmetic-containers","9":"product_tag-clear-glass-roller-bottles","10":"product_tag-glass-roll-on-bottles","11":"desktop-align-left","12":"tablet-align-left","13":"mobile-align-left","15":"first","16":"instock","17":"shipping-taxable","18":"product-type-simple"},"acf":[],"jetpack_sharing_enabled":true,"_links":{"self":[{"href":"https:\/\/theperfumebottles.com\/it\/wp-json\/wp\/v2\/product\/6388","targetHints":{"allow":["GET"]}}],"collection":[{"href":"https:\/\/theperfumebottles.com\/it\/wp-json\/wp\/v2\/product"}],"about":[{"href":"https:\/\/theperfumebottles.com\/it\/wp-json\/wp\/v2\/types\/product"}],"replies":[{"embeddable":true,"href":"https:\/\/theperfumebottles.com\/it\/wp-json\/wp\/v2\/comments?post=6388"}],"wp:featuredmedia":[{"embeddable":true,"href":"https:\/\/theperfumebottles.com\/it\/wp-json\/wp\/v2\/media\/6393"}],"wp:attachment":[{"href":"https:\/\/theperfumebottles.com\/it\/wp-json\/wp\/v2\/media?parent=6388"}],"wp:term":[{"taxonomy":"product_brand","embeddable":true,"href":"https:\/\/theperfumebottles.com\/it\/wp-json\/wp\/v2\/product_brand?post=6388"},{"taxonomy":"product_cat","embeddable":true,"href":"https:\/\/theperfumebottles.com\/it\/wp-json\/wp\/v2\/product_cat?post=6388"},{"taxonomy":"product_tag","embeddable":true,"href":"https:\/\/theperfumebottles.com\/it\/wp-json\/wp\/v2\/product_tag?post=6388"}],"curies":[{"name":"wp","href":"https:\/\/api.w.org\/{rel}","templated":true}]}}