{"id":7026,"date":"2025-11-11T14:11:22","date_gmt":"2025-11-11T06:11:22","guid":{"rendered":"https:\/\/theperfumebottles.com\/?post_type=product&#038;p=7026"},"modified":"2025-11-11T14:23:34","modified_gmt":"2025-11-11T06:23:34","slug":"perfume-refill-bottle-bulk-order","status":"publish","type":"product","link":"https:\/\/theperfumebottles.com\/it\/prodotto\/perfume-refill-bottle-bulk-order\/","title":{"rendered":"Ricarica di profumo da 5 ml per uso quotidiano, ordine all&#039;ingrosso"},"content":{"rendered":"<p>Stai cercando un flacone di profumo che valorizzi perfettamente l&#039;aspetto del tuo marchio? Il nostro flacone di profumo refill da 5 ml \u00e8 sicuramente quello che fa per te! \u00c8 pensato per mettere la tua fragranza al centro dell&#039;attenzione e offrire al contempo un&#039;estetica piacevole e pratica ai tuoi clienti. \u00c8 difficile resistere allo stile e alla funzionalit\u00e0 che si fondono in questo prodotto di packaging.<\/p>\n<h2>Specifiche chiave<\/h2>\n<table style=\"border-collapse: collapse;width: 80%;margin-left: auto;margin-right: auto\" border=\"0\" width=\"144\" cellspacing=\"0\" cellpadding=\"0\">\n<tbody>\n<tr style=\"height: 13.50pt\">\n<td style=\"height: 13.5pt;width: 54pt;text-align: center\" width=\"72\" height=\"18\">Caratteristica<\/td>\n<td style=\"width: 54pt;text-align: center\" width=\"72\">Dettagli<\/td>\n<\/tr>\n<tr style=\"height: 13.50pt\">\n<td style=\"height: 13.5pt;text-align: center\" height=\"18\">Capacit\u00e0<\/td>\n<td style=\"text-align: center\">5 ml<\/td>\n<\/tr>\n<tr style=\"height: 13.50pt\">\n<td style=\"height: 13.5pt;text-align: center\" height=\"18\">Dimensioni<\/td>\n<td style=\"text-align: center\">1,7 * 8,1 cm<\/td>\n<\/tr>\n<tr style=\"height: 13.50pt\">\n<td style=\"height: 13.5pt;text-align: center\" height=\"18\">Materiale<\/td>\n<td style=\"text-align: center\">Alluminio con finestra in vetro trasparente<\/td>\n<\/tr>\n<tr style=\"height: 13.50pt\">\n<td style=\"height: 13.5pt;text-align: center\" height=\"18\">Opzioni di colore<\/td>\n<td style=\"text-align: center\">Blu, Verde, Rosso, Giallo, Viola<\/td>\n<\/tr>\n<tr style=\"height: 13.50pt\">\n<td style=\"height: 13.5pt;text-align: center\" height=\"18\">Ideale per<\/td>\n<td style=\"text-align: center\">Profumi, oli essenziali, spray profumati<\/td>\n<\/tr>\n<\/tbody>\n<\/table>\n<h2>Caso di successo<\/h2>\n<p>Un marchio francese di profumi ci ha contattato per personalizzare questa ricarica di profumo in alluminio per la sua linea di prodotti portatili, dotata di una finestrella trasparente per visualizzare facilmente il contenuto rimanente. La ricarica \u00e8 realizzata con un processo di anodizzazione per ottenere una variet\u00e0 di colori vivaci ed \u00e8 incisa con il logo del marchio.<\/p>\n<p>Dopo il lancio del nuovo packaging, le vendite della linea portatile del marchio sono aumentate del 38%.<\/p>\n<h2>Personalizza la tua bottiglia<\/h2>\n<ol>\n<li><strong>Scelte di materiali e capacit\u00e0:<\/strong> La combinazione di un guscio esterno in alluminio con un flacone interno in vetro o plastica crea un prodotto leggero e resistente. Sono disponibili capacit\u00e0 di 5 ml, 8 ml e 10 ml per adattarsi a diverse situazioni (viaggio, uso quotidiano, ecc.).<\/li>\n<li><strong>Progettazione dell&#039;ugello:<\/strong> \u00c8 possibile optare per un ugello a nebbia fine che pu\u00f2 essere ulteriormente perfezionato per una nebulizzazione pi\u00f9 fine; oppure scegliere semplicemente un meccanismo di bloccaggio rotante per evitare spruzzi accidentali e rendere il dispositivo pi\u00f9 portatile.<\/li>\n<li><strong>Forma e trasparenza della finestra:<\/strong> Sono disponibili finestre di visualizzazione personalizzabili in diverse forme (a striscia, ovali, a cuore, ecc.) con trasparenza variabile, per essere eleganti e utili.<\/li>\n<\/ol>","protected":false},"excerpt":{"rendered":"<p>Ricarica per profumo leggera con finestra trasparente. Ricarica perfetta per i viaggi, facile da trasportare e da ricaricare in qualsiasi momento.<\/p>","protected":false},"featured_media":7027,"comment_status":"open","ping_status":"closed","template":"","meta":{"_acf_changed":false,"site-sidebar-layout":"default","site-content-layout":"","ast-site-content-layout":"default","site-content-style":"default","site-sidebar-style":"default","ast-global-header-display":"","ast-banner-title-visibility":"","ast-main-header-display":"","ast-hfb-above-header-display":"","ast-hfb-below-header-display":"","ast-hfb-mobile-header-display":"","site-post-title":"","ast-breadcrumbs-content":"","ast-featured-img":"","footer-sml-layout":"","ast-disable-related-posts":"","theme-transparent-header-meta":"default","adv-header-id-meta":"","stick-header-meta":"","header-above-stick-meta":"","header-main-stick-meta":"","header-below-stick-meta":"","astra-migrate-meta-layouts":"set","ast-page-background-enabled":"default","ast-page-background-meta":{"desktop":{"background-color":"var(--ast-global-color-5)","background-image":"","background-repeat":"repeat","background-position":"center center","background-size":"auto","background-attachment":"scroll","background-type":"","background-media":"","overlay-type":"","overlay-color":"","overlay-opacity":"","overlay-gradient":""},"tablet":{"background-color":"","background-image":"","background-repeat":"repeat","background-position":"center center","background-size":"auto","background-attachment":"scroll","background-type":"","background-media":"","overlay-type":"","overlay-color":"","overlay-opacity":"","overlay-gradient":""},"mobile":{"background-color":"","background-image":"","background-repeat":"repeat","background-position":"center center","background-size":"auto","background-attachment":"scroll","background-type":"","background-media":"","overlay-type":"","overlay-color":"","overlay-opacity":"","overlay-gradient":""}},"ast-content-background-meta":{"desktop":{"background-color":"var(--ast-global-color-4)","background-image":"","background-repeat":"repeat","background-position":"center center","background-size":"auto","background-attachment":"scroll","background-type":"","background-media":"","overlay-type":"","overlay-color":"","overlay-opacity":"","overlay-gradient":""},"tablet":{"background-color":"var(--ast-global-color-4)","background-image":"","background-repeat":"repeat","background-position":"center center","background-size":"auto","background-attachment":"scroll","background-type":"","background-media":"","overlay-type":"","overlay-color":"","overlay-opacity":"","overlay-gradient":""},"mobile":{"background-color":"var(--ast-global-color-4)","background-image":"","background-repeat":"repeat","background-position":"center center","background-size":"auto","background-attachment":"scroll","background-type":"","background-media":"","overlay-type":"","overlay-color":"","overlay-opacity":"","overlay-gradient":""}}},"product_brand":[],"product_cat":[72,90],"product_tag":[],"class_list":{"0":"post-7026","1":"product","2":"type-product","3":"status-publish","4":"has-post-thumbnail","6":"product_cat-cosmetic-packaging","7":"product_cat-refillable-perfume-bottles","8":"desktop-align-left","9":"tablet-align-left","10":"mobile-align-left","12":"first","13":"instock","14":"shipping-taxable","15":"product-type-simple"},"acf":[],"jetpack_sharing_enabled":true,"_links":{"self":[{"href":"https:\/\/theperfumebottles.com\/it\/wp-json\/wp\/v2\/product\/7026","targetHints":{"allow":["GET"]}}],"collection":[{"href":"https:\/\/theperfumebottles.com\/it\/wp-json\/wp\/v2\/product"}],"about":[{"href":"https:\/\/theperfumebottles.com\/it\/wp-json\/wp\/v2\/types\/product"}],"replies":[{"embeddable":true,"href":"https:\/\/theperfumebottles.com\/it\/wp-json\/wp\/v2\/comments?post=7026"}],"wp:featuredmedia":[{"embeddable":true,"href":"https:\/\/theperfumebottles.com\/it\/wp-json\/wp\/v2\/media\/7027"}],"wp:attachment":[{"href":"https:\/\/theperfumebottles.com\/it\/wp-json\/wp\/v2\/media?parent=7026"}],"wp:term":[{"taxonomy":"product_brand","embeddable":true,"href":"https:\/\/theperfumebottles.com\/it\/wp-json\/wp\/v2\/product_brand?post=7026"},{"taxonomy":"product_cat","embeddable":true,"href":"https:\/\/theperfumebottles.com\/it\/wp-json\/wp\/v2\/product_cat?post=7026"},{"taxonomy":"product_tag","embeddable":true,"href":"https:\/\/theperfumebottles.com\/it\/wp-json\/wp\/v2\/product_tag?post=7026"}],"curies":[{"name":"wp","href":"https:\/\/api.w.org\/{rel}","templated":true}]}}