{"id":4018,"date":"2025-06-19T18:09:53","date_gmt":"2025-06-19T10:09:53","guid":{"rendered":"https:\/\/theperfumebottles.com\/?post_type=product&#038;p=4018"},"modified":"2025-06-19T18:09:55","modified_gmt":"2025-06-19T10:09:55","slug":"empty-amber-essential-oil-bottles-wholesale","status":"publish","type":"product","link":"https:\/\/theperfumebottles.com\/nl\/product\/empty-amber-essential-oil-bottles-wholesale\/","title":{"rendered":"50ml 100ml Amber Lege Etherische Olie Flessen Groothandel"},"content":{"rendered":"<p>Kies ons voor essenti\u00eble olie flessen wholesale! Lege essenti\u00eble olie flessen zijn gemaakt van UV-bestendig ahornglas om essenti\u00eble olie te beschermen tegen ontbinding door licht. De stijlvolle fles is geschikt voor merkverpakking en ondersteunt personalisatie. Grote aantallen worden verstrekt om uw bulk kopen behoeften te voldoen!<\/p>\n<h2>Belangrijkste specificaties<\/h2>\n<table style=\"border-collapse: collapse; margin-left: auto; margin-right: auto; width: 80%;\" border=\"0\" width=\"80%\" cellspacing=\"0\" cellpadding=\"0\">\n<tbody>\n<tr style=\"height: 13.50pt;\">\n<td style=\"height: 13.50pt; width: 122.25pt;\" width=\"163\" height=\"18\">Specificatie<\/td>\n<td style=\"width: 259.50pt;\" width=\"346\">Details<\/td>\n<\/tr>\n<tr style=\"height: 13.50pt;\">\n<td style=\"height: 13.50pt;\" height=\"18\">Materiaal<\/td>\n<td>Glas (Ahorn)<\/td>\n<\/tr>\n<tr style=\"height: 13.50pt;\">\n<td style=\"height: 13.50pt;\" height=\"18\">Capaciteitsopties<\/td>\n<td>50ml \/ 100ml<\/td>\n<\/tr>\n<tr style=\"height: 13.50pt;\">\n<td style=\"height: 13.50pt;\" height=\"18\">Doptype<\/td>\n<td>Schroefkop \/ Dropper \/ Spray<\/td>\n<\/tr>\n<tr style=\"height: 13.50pt;\">\n<td style=\"height: 13.50pt;\" height=\"18\">Flesvorm<\/td>\n<td>Cylindrisch \/ Rond \/ Vierkant (optioneel)<\/td>\n<\/tr>\n<tr style=\"height: 13.50pt;\">\n<td style=\"height: 13.50pt;\" height=\"18\">Gebruik<\/td>\n<td>Essenti\u00eble olie, parfuumoli\u00ebn, mengsels<\/td>\n<\/tr>\n<tr style=\"height: 13.50pt;\">\n<td style=\"height: 13.50pt;\" height=\"18\">Oppervlakteafwerking<\/td>\n<td>Soepel, labelvriendelijk<\/td>\n<\/tr>\n<tr style=\"height: 13.50pt;\">\n<td style=\"height: 13.50pt;\" height=\"18\">Aanpassing<\/td>\n<td>Logo drukken, kleur, kap stijl<\/td>\n<\/tr>\n<\/tbody>\n<\/table>\n<h2>Echte Case Study<\/h2>\n<p>Een van onze terugkerende klanten is een klein natuurlijk gezondheidsmerk in Australi\u00eb dat een nieuwe reeks aromatherapie spuit\u88c5\u7f6een wilde lanceren. Ze kozen onze 50ml wholesale essenti\u00eble olie flessen met aangepaste kobaltblauwe kappen en ge\u00ebmbosseerde logo's.<\/p>\n<p>Binnen zes weken nam hun verkoop met 20% toe. Ze zeiden ons, \u201cDe flessen maken onze producten gevoeliger voor premium zonder ons budget te overschrijden.\u201d<\/p>\n<p>Dat is het voordeel van slimme verpakking \u2013 en het begint allemaal met de juiste fles.\u3001<\/p>\n<h2>Suggesties voor de verpakking<\/h2>\n<p>Wil je deze fles echt je eigen maken? We begrijpen je investering in je merk, dus we bieden je uitgebreide personaliseringsservices om je te helpen de beste verpakking te cre\u00ebren en de charme van je merk te laten zien!<\/p>\n<ul>\n<li><strong>Kies je kleur:<\/strong> klassiek ahorn, toont hoogwaardig textuur. Als je een ander stijl wilt, kun je kiezen voor groen, blauw, roze en transparante afwerkingen. Elk kan je merk temperament aanvullen!<\/li>\n<li><strong>Fles kap met patroon:<\/strong> Als je vol textuur wilt, kun je kiezen voor glad metaal flessen kap; als je eenvoud en bescheidenheid zoekt, is een glimmend kunststof flessen kap een goede keuze; als je de natuurlijke en milieuvriendelijke route wilt volgen, is een milieuvriendelijk houten patroon flessen kap perfect!<\/li>\n<li><strong>Merklogo:<\/strong> Wil je je merklogo vooral opvallend maken? Screen printen, embossen, sticker labels zijn allemaal beschikbaar. Zonder welke methode ook, kan je logo stevig \"groei\u00ebn\" op de fles, waardoor mensen het meteen herkennen!<\/li>\n<\/ul>\n<h2>Samenvatting<\/h2>\n<p>Of je nu een batch kosteneffici\u00ebnte essenti\u00eble olie flessen wilt wholesale om snel je productlijn te starten, of een set \"onvergetelijke\" lege flesverpakking wilt personaliseren voor een bestaande essenti\u00eble olie serie, zijn we bereid je \"achter de schermen partner\" te zijn. Van het kiezen van de grootte tot het kiezen van het design, van materiaal suggesties tot proces aanpassingen, als je alstublieft al wat verwikkelingen of idee\u00ebn hebt, laat het ons weten \u2013 onze team is altijd klaar om je te helpen de \"ideaal vorm\" in je hoofd om te zetten in een \"surprise\" die klanten kunnen aanraken.<\/p>","protected":false},"excerpt":{"rendered":"<p>Hoogwaardige lege essenti\u00eble olie flessen beschikbaar wholesale. Ideaal voor aromatherapie, essenti\u00eble olie, en private label verpakking.<\/p>","protected":false},"featured_media":4038,"comment_status":"open","ping_status":"closed","template":"","meta":{"_acf_changed":false,"site-sidebar-layout":"default","site-content-layout":"","ast-site-content-layout":"default","site-content-style":"default","site-sidebar-style":"default","ast-global-header-display":"","ast-banner-title-visibility":"","ast-main-header-display":"","ast-hfb-above-header-display":"","ast-hfb-below-header-display":"","ast-hfb-mobile-header-display":"","site-post-title":"","ast-breadcrumbs-content":"","ast-featured-img":"","footer-sml-layout":"","ast-disable-related-posts":"","theme-transparent-header-meta":"default","adv-header-id-meta":"","stick-header-meta":"","header-above-stick-meta":"","header-main-stick-meta":"","header-below-stick-meta":"","astra-migrate-meta-layouts":"set","ast-page-background-enabled":"default","ast-page-background-meta":{"desktop":{"background-color":"var(--ast-global-color-5)","background-image":"","background-repeat":"repeat","background-position":"center center","background-size":"auto","background-attachment":"scroll","background-type":"","background-media":"","overlay-type":"","overlay-color":"","overlay-opacity":"","overlay-gradient":""},"tablet":{"background-color":"","background-image":"","background-repeat":"repeat","background-position":"center center","background-size":"auto","background-attachment":"scroll","background-type":"","background-media":"","overlay-type":"","overlay-color":"","overlay-opacity":"","overlay-gradient":""},"mobile":{"background-color":"","background-image":"","background-repeat":"repeat","background-position":"center center","background-size":"auto","background-attachment":"scroll","background-type":"","background-media":"","overlay-type":"","overlay-color":"","overlay-opacity":"","overlay-gradient":""}},"ast-content-background-meta":{"desktop":{"background-color":"var(--ast-global-color-4)","background-image":"","background-repeat":"repeat","background-position":"center center","background-size":"auto","background-attachment":"scroll","background-type":"","background-media":"","overlay-type":"","overlay-color":"","overlay-opacity":"","overlay-gradient":""},"tablet":{"background-color":"var(--ast-global-color-4)","background-image":"","background-repeat":"repeat","background-position":"center center","background-size":"auto","background-attachment":"scroll","background-type":"","background-media":"","overlay-type":"","overlay-color":"","overlay-opacity":"","overlay-gradient":""},"mobile":{"background-color":"var(--ast-global-color-4)","background-image":"","background-repeat":"repeat","background-position":"center center","background-size":"auto","background-attachment":"scroll","background-type":"","background-media":"","overlay-type":"","overlay-color":"","overlay-opacity":"","overlay-gradient":""}}},"product_brand":[],"product_cat":[57,72,62],"product_tag":[],"class_list":{"0":"post-4018","1":"product","2":"type-product","3":"status-publish","4":"has-post-thumbnail","6":"product_cat-essential-oil-bottles","7":"product_cat-cosmetic-packaging","8":"product_cat-cosmetic-containers","9":"desktop-align-left","10":"tablet-align-left","11":"mobile-align-left","13":"first","14":"instock","15":"shipping-taxable","16":"product-type-simple"},"acf":[],"jetpack_sharing_enabled":true,"_links":{"self":[{"href":"https:\/\/theperfumebottles.com\/nl\/wp-json\/wp\/v2\/product\/4018","targetHints":{"allow":["GET"]}}],"collection":[{"href":"https:\/\/theperfumebottles.com\/nl\/wp-json\/wp\/v2\/product"}],"about":[{"href":"https:\/\/theperfumebottles.com\/nl\/wp-json\/wp\/v2\/types\/product"}],"replies":[{"embeddable":true,"href":"https:\/\/theperfumebottles.com\/nl\/wp-json\/wp\/v2\/comments?post=4018"}],"wp:featuredmedia":[{"embeddable":true,"href":"https:\/\/theperfumebottles.com\/nl\/wp-json\/wp\/v2\/media\/4038"}],"wp:attachment":[{"href":"https:\/\/theperfumebottles.com\/nl\/wp-json\/wp\/v2\/media?parent=4018"}],"wp:term":[{"taxonomy":"product_brand","embeddable":true,"href":"https:\/\/theperfumebottles.com\/nl\/wp-json\/wp\/v2\/product_brand?post=4018"},{"taxonomy":"product_cat","embeddable":true,"href":"https:\/\/theperfumebottles.com\/nl\/wp-json\/wp\/v2\/product_cat?post=4018"},{"taxonomy":"product_tag","embeddable":true,"href":"https:\/\/theperfumebottles.com\/nl\/wp-json\/wp\/v2\/product_tag?post=4018"}],"curies":[{"name":"wp","href":"https:\/\/api.w.org\/{rel}","templated":true}]}}